{"id":10065,"date":"2020-06-11T15:50:25","date_gmt":"2020-06-11T13:50:25","guid":{"rendered":"https:\/\/www.maviesanstabac.lu\/deconfinement-retour-au-travail-masque-et-tabac\/"},"modified":"2021-04-30T08:56:12","modified_gmt":"2021-04-30T06:56:12","slug":"lockerung-der-kontaktbeschraenkung","status":"publish","type":"page","link":"https:\/\/maviesanstabac.lu\/de\/lockerung-der-kontaktbeschraenkung\/","title":{"rendered":"Coronavirus und Rauchen: Lockerung der Kontaktbeschr\u00e4nkungen, R\u00fcckkehr an den Arbeitsplatz, Mund-Nasen-Schutz \u2026 und rauchen?"},"content":{"rendered":"<div class=\"wpb-content-wrapper\"><p>[vc_row type=&#8221;vc_default&#8221; content_placement=&#8221;middle&#8221; margin_top=&#8221;-50&#8243; bg_type=&#8221;image&#8221; parallax_style=&#8221;vcpb-default&#8221; bg_image_new=&#8221;id^8627|url^https:\/\/www.maviesanstabac.lu\/wp-content\/uploads\/2020\/04\/slider_confinement-bon-moment-pour-arreter-de-fumer.jpg|caption^null|alt^null|title^slider_confinement-bon-moment-pour-arreter-de-fumer|description^null&#8221; bg_override=&#8221;ex-full&#8221; enable_overlay=&#8221;enable_overlay_value&#8221; overlay_pattern=&#8221;transperant&#8221; overlay_pattern_opacity=&#8221;100&#8243; overlay_pattern_size=&#8221;200&#8243; css=&#8221;.vc_custom_1591883698839{padding-top: 3% !important;padding-bottom: 0px !important;}&#8221; el_class=&#8221;internal-header&#8221;][vc_column][\/vc_column][\/vc_row][vc_row][vc_column css=&#8221;.vc_custom_1540631490734{padding-right: 40px !important;padding-left: 40px !important;}&#8221;][vc_empty_space]<div id=\"ultimate-heading-949669ded6fc0cfe0\" class=\"uvc-heading ult-adjust-bottom-margin ultimate-heading-949669ded6fc0cfe0 uvc-1540  uvc-heading-default-font-sizes\" data-hspacer=\"line_only\"  data-halign=\"center\" style=\"text-align:center\"><div class=\"uvc-main-heading ult-responsive\"  data-ultimate-target='.uvc-heading.ultimate-heading-949669ded6fc0cfe0 h2'  data-responsive-json-new='{\"font-size\":\"\",\"line-height\":\"\"}' ><h2 style=\"font-weight:bold;margin-bottom:7px;\">Lockerung der Kontaktbeschr\u00e4nkungen, R\u00fcckkehr an den Arbeitsplatz, Mund-Nasen-Schutz \u2026 und rauchen?<\/h2><\/div><div class=\"uvc-heading-spacer line_only\" style=\"margin-top:15px;margin-bottom:25px;height:3px;\"><span class=\"uvc-headings-line\" style=\"border-style:solid;border-bottom-width:3px;border-color:#f20738;width:750px;\"><\/span><\/div><\/div>[vc_empty_space][vc_column_text]<strong>Seit den Lockerungen der Ausgangs- und Kontaktbeschr\u00e4nkungen k\u00f6nnen einige von uns wieder zur Arbeit gehen \u2013 und dazu manchmal auch die \u00f6ffentlichen Verkehrsmittel nutzen. Das bedeutet auch, f\u00fcr l\u00e4ngere Zeitabschnitte auf Zigaretten zu verzichten (vor allem wegen der Pflicht, einen Mund-Nasen-Schutz zu tragen).<\/strong>[\/vc_column_text]<div id=\"ultimate-heading-609569ded6fc0d0e7\" class=\"uvc-heading ult-adjust-bottom-margin ultimate-heading-609569ded6fc0d0e7 uvc-6679 \" data-hspacer=\"line_only\"  data-halign=\"left\" style=\"text-align:left\"><div class=\"uvc-main-heading ult-responsive\"  data-ultimate-target='.uvc-heading.ultimate-heading-609569ded6fc0d0e7 h2'  data-responsive-json-new='{\"font-size\":\"desktop:22px;\",\"line-height\":\"desktop:32px;\"}' ><h2 style=\"font-weight:bold;margin-bottom:7px;\">Sie haben w\u00e4hrend des Lockdowns viel geraucht und m\u00fcssen jetzt wieder zur Arbeit?<\/h2><\/div><div class=\"uvc-heading-spacer line_only\" style=\"margin-top:15px;margin-bottom:25px;height:3px;\"><span class=\"uvc-headings-line\" style=\"border-style:solid;border-bottom-width:3px;border-color:#f20738;width:70px;\"><\/span><\/div><\/div>[vc_column_text]Nutzen Sie die R\u00fcckkehr zu Ihrem alten Rhythmus, um Ihren Tabakkonsum wieder einzuschr\u00e4nken. M\u00f6glicherweise werden Sie mit der ein oder anderen Entzugserscheinung zu k\u00e4mpfen haben, weil Ihr K\u00f6rper inzwischen an h\u00f6here Nikotinmengen gew\u00f6hnt ist. Auch die Tatsache, dass Sie Ihr \u201eheimisches Nest\u201c wieder verlassen und sich mit einer neuen, manchmal auch stressigen Situation arrangieren m\u00fcssen, kann dazu f\u00fchren, dass Sie h\u00e4ufiger Lust auf eine Zigarette haben.[\/vc_column_text]<div id=\"ultimate-heading-399169ded6fc0d1ab\" class=\"uvc-heading ult-adjust-bottom-margin ultimate-heading-399169ded6fc0d1ab uvc-6234 \" data-hspacer=\"line_only\"  data-halign=\"left\" style=\"text-align:left\"><div class=\"uvc-main-heading ult-responsive\"  data-ultimate-target='.uvc-heading.ultimate-heading-399169ded6fc0d1ab h2'  data-responsive-json-new='{\"font-size\":\"desktop:22px;\",\"line-height\":\"desktop:32px;\"}' ><h2 style=\"font-weight:bold;margin-bottom:7px;\">Sie d\u00fcrfen den Mund-Nasen-Schutz l\u00e4nger nicht absetzen?<\/h2><\/div><div class=\"uvc-heading-spacer line_only\" style=\"margin-top:15px;margin-bottom:25px;height:3px;\"><span class=\"uvc-headings-line\" style=\"border-style:solid;border-bottom-width:3px;border-color:#f20738;width:70px;\"><\/span><\/div><\/div>[vc_column_text]Wenn Sie regelm\u00e4\u00dfig einen Mund-Nasen-Schutz tragen m\u00fcssen, haben Sie seltener Gelegenheit zu rauchen. In den folgenden Situationen m\u00fcssen Sie eine Maske tragen:<\/p>\n<ul>\n<li>Dort, wo sich im \u00f6ffentlichen Raum viele Menschen aufhalten.<\/li>\n<li>Wenn es nicht m\u00f6glich ist, ausreichend Abstand zu halten (auch am Arbeitsplatz).<\/li>\n<li>In einigen Gesch\u00e4ften ist das Tragen einer Maske bei Menschen \u00fcber zw\u00f6lf Jahren dringend erw\u00fcnscht oder auch verpflichtend.<\/li>\n<li>Wer \u00f6ffentliche Verkehrsmittel nutzt, muss Mund und Nase bedecken, sobald er einen Bahnhof oder eine Haltestelle betritt. Das bedeutet, dass Sie beim Warten auf den Bus oder auf dem Bahnsteig nicht rauchen k\u00f6nnen.<\/li>\n<\/ul>\n<p>[\/vc_column_text]<div id=\"ultimate-heading-121169ded6fc0d243\" class=\"uvc-heading ult-adjust-bottom-margin ultimate-heading-121169ded6fc0d243 uvc-3976 \" data-hspacer=\"line_only\"  data-halign=\"left\" style=\"text-align:left\"><div class=\"uvc-main-heading ult-responsive\"  data-ultimate-target='.uvc-heading.ultimate-heading-121169ded6fc0d243 h2'  data-responsive-json-new='{\"font-size\":\"desktop:22px;\",\"line-height\":\"desktop:32px;\"}' ><h2 style=\"font-weight:bold;margin-bottom:7px;\">Ich habe eine Maske auf und m\u00f6chte gerne rauchen \u2026<\/h2><\/div><div class=\"uvc-heading-spacer line_only\" style=\"margin-top:15px;margin-bottom:25px;height:3px;\"><span class=\"uvc-headings-line\" style=\"border-style:solid;border-bottom-width:3px;border-color:#f20738;width:70px;\"><\/span><\/div><\/div>[vc_column_text]Dort, wo das Tragen einer Maske nicht verpflichtend ist, k\u00f6nnen Sie Ihren Mund-Nasen-Schutz so lange absetzen, wie Sie rauchen (nat\u00fcrlich nur dort, wo Rauchen auch erlaubt ist). Halten Sie sich im Umgang mit der Maske an die Hygieneregeln, denn es kann immer sein, dass die Au\u00dfenseite Ihrer Maske mit Viren kontaminiert ist. Ber\u00fccksichtigen Sie vor allem folgende Regeln:<\/p>\n<ul>\n<li>Achten Sie darauf, beim Abziehen der Maske ausschlie\u00dflich die Gummib\u00e4nder zu ber\u00fchren. Wenn Sie die Maske zum Rauchen einfach unter das Kinn ziehen, riskieren Sie eine Infektion, da die Au\u00dfenseite der Maske dann sehr nah an Ihrem Mund ist. Au\u00dferdem m\u00fcssen Sie die Au\u00dfenseite der Maske ber\u00fchren, um sie wieder aufzusetzen.<\/li>\n<li>Am besten ist es, wenn Sie immer mehrere Masken in verschlie\u00dfbaren Beuteln (z. B. Gefrierbeutel) dabeihaben. Dann k\u00f6nnen Sie jedes Mal nach dem Rauchen ein frisches Exemplar anziehen (vor dem Anfassen der Maske H\u00e4nde desinfizieren).<\/li>\n<\/ul>\n<p>Generell wird jedoch empfohlen, die Maske so selten wie m\u00f6glich zu ber\u00fchren. F\u00fcr Sie bedeutet das, dass die Abst\u00e4nde zwischen den Zigarettenpausen gr\u00f6\u00dfer werden. Am besten rauchen Sie eine Zigarette, bevor Sie zu Hause losgehen, waschen sich dann die H\u00e4nde, setzen eine saubere Maske auf und tragen diese dann so lange wie m\u00f6glich.[\/vc_column_text]<div id=\"ultimate-heading-334569ded6fc0d2de\" class=\"uvc-heading ult-adjust-bottom-margin ultimate-heading-334569ded6fc0d2de uvc-7495 \" data-hspacer=\"line_only\"  data-halign=\"left\" style=\"text-align:left\"><div class=\"uvc-main-heading ult-responsive\"  data-ultimate-target='.uvc-heading.ultimate-heading-334569ded6fc0d2de h2'  data-responsive-json-new='{\"font-size\":\"desktop:22px;\",\"line-height\":\"desktop:32px;\"}' ><h2 style=\"font-weight:bold;margin-bottom:7px;\">So verl\u00e4ngern Sie die Abst\u00e4nde zwischen den Zigaretten<\/h2><\/div><div class=\"uvc-heading-spacer line_only\" style=\"margin-top:15px;margin-bottom:25px;height:3px;\"><span class=\"uvc-headings-line\" style=\"border-style:solid;border-bottom-width:3px;border-color:#f20738;width:70px;\"><\/span><\/div><\/div>[vc_column_text]Vor allem Nikotinersatzprodukte k\u00f6nnen Ihnen helfen, \u00fcber l\u00e4ngere Zeitabschnitte hinweg ohne Zigaretten auszukommen.[\/vc_column_text][vc_empty_space]<div id=\"ultimate-heading-686169ded6fc0d36c\" class=\"uvc-heading ult-adjust-bottom-margin ultimate-heading-686169ded6fc0d36c uvc-6731 \" data-hspacer=\"line_only\"  data-halign=\"left\" style=\"text-align:left\"><div class=\"uvc-main-heading ult-responsive\"  data-ultimate-target='.uvc-heading.ultimate-heading-686169ded6fc0d36c h2'  data-responsive-json-new='{\"font-size\":\"desktop:22px;\",\"line-height\":\"desktop:32px;\"}' ><h2 style=\"font-weight:bold;margin-bottom:7px;\">Alle wichtigen Informationen:<\/h2><\/div><div class=\"uvc-heading-spacer line_only\" style=\"margin-top:15px;margin-bottom:25px;height:3px;\"><span class=\"uvc-headings-line\" style=\"border-style:solid;border-bottom-width:3px;border-color:#f20738;width:70px;\"><\/span><\/div><\/div>[vc_column_text]<\/p>\n<ul>\n<li><a href=\"https:\/\/www.maviesanstabac.lu\/sich-und-sein-umfeld-schuetzen\/\">Rauchen im Lockdown: So sch\u00fctzen Sie sich und Ihr Umfeld<\/a><\/li>\n<li><a href=\"https:\/\/www.maviesanstabac.lu\/lockdown-so-regulieren-sie-ihren-tabakkonsum\/\">Lockdown: So regulieren Sie Ihren Tabakkonsum<\/a><\/li>\n<li><a href=\"https:\/\/www.maviesanstabac.lu\/coronavirus-durch-rauch-uebertragabar\/\">Kann das Coronavirus durch Rauch \u00fcbertragen werden?<\/a><\/li>\n<\/ul>\n<p>[\/vc_column_text][vc_column_text]<em>Quelle: Wir bedanken uns bei der belgischen Krebsstiftung <a href=\"https:\/\/www.tabacstop.be\/\">Fondation belge contre le Cancer<\/a>, nach deren Vorlage dieser Text entstanden ist.<\/em>[\/vc_column_text][vc_empty_space][vc_column_text]<strong>Die Fondation Cancer kann Sie unterst\u00fctzen, beraten und begleiten,<\/strong> wenn es darum geht, mit Entzugserscheinungen fertigzuwerden oder Ihren Tabakkonsum in den Griff zu bekommen. Unser Gesundheitsexperte hilft Ihnen gerne \u2013 kostenlos. Sie erreichen ihn unter der Telefonnummer 45\u00a030\u00a0331 oder \u00fcber unser <a href=\"https:\/\/www.maviesanstabac.lu\/contact\/\">Online-Formular<\/a>.[\/vc_column_text][vc_empty_space height=&#8221;50px&#8221;][\/vc_column][\/vc_row][vc_row][vc_column][\/vc_column][\/vc_row][vc_row][vc_column][vc_empty_space height=&#8221;30px&#8221;][\/vc_column][\/vc_row]<\/p>\n<\/div>","protected":false},"excerpt":{"rendered":"<p>[vc_row type=&#8221;vc_default&#8221; content_placement=&#8221;middle&#8221; margin_top=&#8221;-50&#8243; bg_type=&#8221;image&#8221; parallax_style=&#8221;vcpb-default&#8221; bg_image_new=&#8221;id^8627|url^https:\/\/www.maviesanstabac.lu\/wp-content\/uploads\/2020\/04\/slider_confinement-bon-moment-pour-arreter-de-fumer.jpg|caption^null|alt^null|title^slider_confinement-bon-moment-pour-arreter-de-fumer|description^null&#8221; bg_override=&#8221;ex-full&#8221; enable_overlay=&#8221;enable_overlay_value&#8221; overlay_pattern=&#8221;transperant&#8221; overlay_pattern_opacity=&#8221;100&#8243; overlay_pattern_size=&#8221;200&#8243; css=&#8221;.vc_custom_1591883698839{padding-top: 3% !important;padding-bottom: 0px !important;}&#8221; el_class=&#8221;internal-header&#8221;][vc_column][\/vc_column][\/vc_row][vc_row][vc_column css=&#8221;.vc_custom_1540631490734{padding-right: 40px !important;padding-left: 40px !important;}&#8221;][vc_empty_space][vc_empty_space][vc_column_text]Seit den Lockerungen der Ausgangs- und Kontaktbeschr\u00e4nkungen k\u00f6nnen einige von uns wieder zur Arbeit gehen \u2013 und dazu manchmal auch die \u00f6ffentlichen Verkehrsmittel nutzen. Das bedeutet auch, f\u00fcr l\u00e4ngere Zeitabschnitte auf Zigaretten zu&hellip;<\/p>\n","protected":false},"author":1,"featured_media":3368,"parent":0,"menu_order":0,"comment_status":"closed","ping_status":"closed","template":"","meta":{"footnotes":""},"class_list":["post-10065","page","type-page","status-publish","has-post-thumbnail","hentry","description-off"],"yoast_head":"<!-- This site is optimized with the Yoast SEO plugin v27.0 - https:\/\/yoast.com\/product\/yoast-seo-wordpress\/ -->\n<title>Coronavirus und Rauchen: Lockerung der Kontaktbeschr\u00e4nkungen,...<\/title>\n<meta name=\"description\" content=\"Seit den Lockerungen der Ausgangs- und Kontaktbeschr\u00e4nkungen k\u00f6nnen einige von uns wieder zur Arbeit gehen \u2013 Das bedeutet auch, f\u00fcr l\u00e4ngere Zeitabschnitte auf Zigaretten zu verzichten\" \/>\n<meta name=\"robots\" content=\"index, follow, max-snippet:-1, max-image-preview:large, max-video-preview:-1\" \/>\n<link rel=\"canonical\" href=\"https:\/\/maviesanstabac.lu\/de\/lockerung-der-kontaktbeschraenkung\/\" \/>\n<meta property=\"og:locale\" content=\"de_DE\" \/>\n<meta property=\"og:type\" content=\"article\" \/>\n<meta property=\"og:title\" content=\"Coronavirus und Rauchen: Lockerung der Kontaktbeschr\u00e4nkungen,...\" \/>\n<meta property=\"og:description\" content=\"Seit den Lockerungen der Ausgangs- und Kontaktbeschr\u00e4nkungen k\u00f6nnen einige von uns wieder zur Arbeit gehen \u2013 Das bedeutet auch, f\u00fcr l\u00e4ngere Zeitabschnitte auf Zigaretten zu verzichten\" \/>\n<meta property=\"og:url\" content=\"https:\/\/maviesanstabac.lu\/de\/lockerung-der-kontaktbeschraenkung\/\" \/>\n<meta property=\"og:site_name\" content=\"ma vie sans tabac\" \/>\n<meta property=\"article:modified_time\" content=\"2021-04-30T06:56:12+00:00\" \/>\n<meta name=\"twitter:card\" content=\"summary_large_image\" \/>\n<meta name=\"twitter:image\" content=\"https:\/\/maviesanstabac.lu\/wp-content\/uploads\/2017\/06\/FondationCancer.jpg\" \/>\n<meta name=\"twitter:label1\" content=\"Gesch\u00e4tzte Lesezeit\" \/>\n\t<meta name=\"twitter:data1\" content=\"3\u00a0Minuten\" \/>\n<script type=\"application\/ld+json\" class=\"yoast-schema-graph\">{\"@context\":\"https:\/\/schema.org\",\"@graph\":[{\"@type\":\"WebPage\",\"@id\":\"https:\/\/maviesanstabac.lu\/de\/lockerung-der-kontaktbeschraenkung\/\",\"url\":\"https:\/\/maviesanstabac.lu\/de\/lockerung-der-kontaktbeschraenkung\/\",\"name\":\"Coronavirus und Rauchen: Lockerung der Kontaktbeschr\u00e4nkungen,...\",\"isPartOf\":{\"@id\":\"https:\/\/maviesanstabac.lu\/de\/#website\"},\"primaryImageOfPage\":{\"@id\":\"https:\/\/maviesanstabac.lu\/de\/lockerung-der-kontaktbeschraenkung\/#primaryimage\"},\"image\":{\"@id\":\"https:\/\/maviesanstabac.lu\/de\/lockerung-der-kontaktbeschraenkung\/#primaryimage\"},\"thumbnailUrl\":\"https:\/\/maviesanstabac.lu\/wp-content\/uploads\/2017\/06\/FondationCancer.jpg\",\"datePublished\":\"2020-06-11T13:50:25+00:00\",\"dateModified\":\"2021-04-30T06:56:12+00:00\",\"description\":\"Seit den Lockerungen der Ausgangs- und Kontaktbeschr\u00e4nkungen k\u00f6nnen einige von uns wieder zur Arbeit gehen \u2013 Das bedeutet auch, f\u00fcr l\u00e4ngere Zeitabschnitte auf Zigaretten zu verzichten\",\"breadcrumb\":{\"@id\":\"https:\/\/maviesanstabac.lu\/de\/lockerung-der-kontaktbeschraenkung\/#breadcrumb\"},\"inLanguage\":\"de\",\"potentialAction\":[{\"@type\":\"ReadAction\",\"target\":[\"https:\/\/maviesanstabac.lu\/de\/lockerung-der-kontaktbeschraenkung\/\"]}]},{\"@type\":\"ImageObject\",\"inLanguage\":\"de\",\"@id\":\"https:\/\/maviesanstabac.lu\/de\/lockerung-der-kontaktbeschraenkung\/#primaryimage\",\"url\":\"https:\/\/maviesanstabac.lu\/wp-content\/uploads\/2017\/06\/FondationCancer.jpg\",\"contentUrl\":\"https:\/\/maviesanstabac.lu\/wp-content\/uploads\/2017\/06\/FondationCancer.jpg\",\"width\":991,\"height\":1200},{\"@type\":\"BreadcrumbList\",\"@id\":\"https:\/\/maviesanstabac.lu\/de\/lockerung-der-kontaktbeschraenkung\/#breadcrumb\",\"itemListElement\":[{\"@type\":\"ListItem\",\"position\":1,\"name\":\"Accueil\",\"item\":\"https:\/\/maviesanstabac.lu\/de\/\"},{\"@type\":\"ListItem\",\"position\":2,\"name\":\"Coronavirus und Rauchen: Lockerung der Kontaktbeschr\u00e4nkungen, R\u00fcckkehr an den Arbeitsplatz, Mund-Nasen-Schutz \u2026 und rauchen?\"}]},{\"@type\":\"WebSite\",\"@id\":\"https:\/\/maviesanstabac.lu\/de\/#website\",\"url\":\"https:\/\/maviesanstabac.lu\/de\/\",\"name\":\"ma vie sans tabac\",\"description\":\"Sans tabac pour une vie plus saine\",\"potentialAction\":[{\"@type\":\"SearchAction\",\"target\":{\"@type\":\"EntryPoint\",\"urlTemplate\":\"https:\/\/maviesanstabac.lu\/de\/?s={search_term_string}\"},\"query-input\":{\"@type\":\"PropertyValueSpecification\",\"valueRequired\":true,\"valueName\":\"search_term_string\"}}],\"inLanguage\":\"de\"}]}<\/script>\n<!-- \/ Yoast SEO plugin. -->","yoast_head_json":{"title":"Coronavirus und Rauchen: Lockerung der Kontaktbeschr\u00e4nkungen,...","description":"Seit den Lockerungen der Ausgangs- und Kontaktbeschr\u00e4nkungen k\u00f6nnen einige von uns wieder zur Arbeit gehen \u2013 Das bedeutet auch, f\u00fcr l\u00e4ngere Zeitabschnitte auf Zigaretten zu verzichten","robots":{"index":"index","follow":"follow","max-snippet":"max-snippet:-1","max-image-preview":"max-image-preview:large","max-video-preview":"max-video-preview:-1"},"canonical":"https:\/\/maviesanstabac.lu\/de\/lockerung-der-kontaktbeschraenkung\/","og_locale":"de_DE","og_type":"article","og_title":"Coronavirus und Rauchen: Lockerung der Kontaktbeschr\u00e4nkungen,...","og_description":"Seit den Lockerungen der Ausgangs- und Kontaktbeschr\u00e4nkungen k\u00f6nnen einige von uns wieder zur Arbeit gehen \u2013 Das bedeutet auch, f\u00fcr l\u00e4ngere Zeitabschnitte auf Zigaretten zu verzichten","og_url":"https:\/\/maviesanstabac.lu\/de\/lockerung-der-kontaktbeschraenkung\/","og_site_name":"ma vie sans tabac","article_modified_time":"2021-04-30T06:56:12+00:00","twitter_card":"summary_large_image","twitter_image":"https:\/\/maviesanstabac.lu\/wp-content\/uploads\/2017\/06\/FondationCancer.jpg","twitter_misc":{"Gesch\u00e4tzte Lesezeit":"3\u00a0Minuten"},"schema":{"@context":"https:\/\/schema.org","@graph":[{"@type":"WebPage","@id":"https:\/\/maviesanstabac.lu\/de\/lockerung-der-kontaktbeschraenkung\/","url":"https:\/\/maviesanstabac.lu\/de\/lockerung-der-kontaktbeschraenkung\/","name":"Coronavirus und Rauchen: Lockerung der Kontaktbeschr\u00e4nkungen,...","isPartOf":{"@id":"https:\/\/maviesanstabac.lu\/de\/#website"},"primaryImageOfPage":{"@id":"https:\/\/maviesanstabac.lu\/de\/lockerung-der-kontaktbeschraenkung\/#primaryimage"},"image":{"@id":"https:\/\/maviesanstabac.lu\/de\/lockerung-der-kontaktbeschraenkung\/#primaryimage"},"thumbnailUrl":"https:\/\/maviesanstabac.lu\/wp-content\/uploads\/2017\/06\/FondationCancer.jpg","datePublished":"2020-06-11T13:50:25+00:00","dateModified":"2021-04-30T06:56:12+00:00","description":"Seit den Lockerungen der Ausgangs- und Kontaktbeschr\u00e4nkungen k\u00f6nnen einige von uns wieder zur Arbeit gehen \u2013 Das bedeutet auch, f\u00fcr l\u00e4ngere Zeitabschnitte auf Zigaretten zu verzichten","breadcrumb":{"@id":"https:\/\/maviesanstabac.lu\/de\/lockerung-der-kontaktbeschraenkung\/#breadcrumb"},"inLanguage":"de","potentialAction":[{"@type":"ReadAction","target":["https:\/\/maviesanstabac.lu\/de\/lockerung-der-kontaktbeschraenkung\/"]}]},{"@type":"ImageObject","inLanguage":"de","@id":"https:\/\/maviesanstabac.lu\/de\/lockerung-der-kontaktbeschraenkung\/#primaryimage","url":"https:\/\/maviesanstabac.lu\/wp-content\/uploads\/2017\/06\/FondationCancer.jpg","contentUrl":"https:\/\/maviesanstabac.lu\/wp-content\/uploads\/2017\/06\/FondationCancer.jpg","width":991,"height":1200},{"@type":"BreadcrumbList","@id":"https:\/\/maviesanstabac.lu\/de\/lockerung-der-kontaktbeschraenkung\/#breadcrumb","itemListElement":[{"@type":"ListItem","position":1,"name":"Accueil","item":"https:\/\/maviesanstabac.lu\/de\/"},{"@type":"ListItem","position":2,"name":"Coronavirus und Rauchen: Lockerung der Kontaktbeschr\u00e4nkungen, R\u00fcckkehr an den Arbeitsplatz, Mund-Nasen-Schutz \u2026 und rauchen?"}]},{"@type":"WebSite","@id":"https:\/\/maviesanstabac.lu\/de\/#website","url":"https:\/\/maviesanstabac.lu\/de\/","name":"ma vie sans tabac","description":"Sans tabac pour une vie plus saine","potentialAction":[{"@type":"SearchAction","target":{"@type":"EntryPoint","urlTemplate":"https:\/\/maviesanstabac.lu\/de\/?s={search_term_string}"},"query-input":{"@type":"PropertyValueSpecification","valueRequired":true,"valueName":"search_term_string"}}],"inLanguage":"de"}]}},"_links":{"self":[{"href":"https:\/\/maviesanstabac.lu\/de\/wp-json\/wp\/v2\/pages\/10065","targetHints":{"allow":["GET"]}}],"collection":[{"href":"https:\/\/maviesanstabac.lu\/de\/wp-json\/wp\/v2\/pages"}],"about":[{"href":"https:\/\/maviesanstabac.lu\/de\/wp-json\/wp\/v2\/types\/page"}],"author":[{"embeddable":true,"href":"https:\/\/maviesanstabac.lu\/de\/wp-json\/wp\/v2\/users\/1"}],"replies":[{"embeddable":true,"href":"https:\/\/maviesanstabac.lu\/de\/wp-json\/wp\/v2\/comments?post=10065"}],"version-history":[{"count":6,"href":"https:\/\/maviesanstabac.lu\/de\/wp-json\/wp\/v2\/pages\/10065\/revisions"}],"predecessor-version":[{"id":10254,"href":"https:\/\/maviesanstabac.lu\/de\/wp-json\/wp\/v2\/pages\/10065\/revisions\/10254"}],"wp:featuredmedia":[{"embeddable":true,"href":"https:\/\/maviesanstabac.lu\/de\/wp-json\/wp\/v2\/media\/3368"}],"wp:attachment":[{"href":"https:\/\/maviesanstabac.lu\/de\/wp-json\/wp\/v2\/media?parent=10065"}],"curies":[{"name":"wp","href":"https:\/\/api.w.org\/{rel}","templated":true}]}}