{"id":10077,"date":"2020-07-30T15:38:53","date_gmt":"2020-07-30T13:38:53","guid":{"rendered":"https:\/\/www.maviesanstabac.lu\/peut-on-se-proteger-du-nouveau-coronavirus-avec-de-le-nicotine\/"},"modified":"2020-10-06T12:01:50","modified_gmt":"2020-10-06T10:01:50","slug":"nikotin-gegen-coronavirus","status":"publish","type":"page","link":"https:\/\/maviesanstabac.lu\/de\/nikotin-gegen-coronavirus\/","title":{"rendered":"Coronavirus und Rauchen &#8211; Kann man sich mit Nikotin gegen das neuartige Coronavirus sch\u00fctzen?"},"content":{"rendered":"<div class=\"wpb-content-wrapper\"><p>[vc_row type=&#8221;vc_default&#8221; content_placement=&#8221;middle&#8221; margin_top=&#8221;-50&#8243; bg_type=&#8221;image&#8221; parallax_style=&#8221;vcpb-default&#8221; bg_image_new=&#8221;id^8627|url^https:\/\/www.maviesanstabac.lu\/wp-content\/uploads\/2020\/04\/slider_confinement-bon-moment-pour-arreter-de-fumer.jpg|caption^null|alt^null|title^slider_confinement-bon-moment-pour-arreter-de-fumer|description^null&#8221; bg_override=&#8221;ex-full&#8221; enable_overlay=&#8221;enable_overlay_value&#8221; overlay_pattern=&#8221;transperant&#8221; overlay_pattern_opacity=&#8221;100&#8243; overlay_pattern_size=&#8221;200&#8243; css=&#8221;.vc_custom_1591883698839{padding-top: 3% !important;padding-bottom: 0px !important;}&#8221; el_class=&#8221;internal-header&#8221;][vc_column][\/vc_column][\/vc_row][vc_row][vc_column css=&#8221;.vc_custom_1540631490734{padding-right: 40px !important;padding-left: 40px !important;}&#8221;][vc_empty_space]<div id=\"ultimate-heading-981269ea24e90633f\" class=\"uvc-heading ult-adjust-bottom-margin ultimate-heading-981269ea24e90633f uvc-3114  uvc-heading-default-font-sizes\" data-hspacer=\"line_only\"  data-halign=\"center\" style=\"text-align:center\"><div class=\"uvc-main-heading ult-responsive\"  data-ultimate-target='.uvc-heading.ultimate-heading-981269ea24e90633f h2'  data-responsive-json-new='{\"font-size\":\"\",\"line-height\":\"\"}' ><h2 style=\"font-weight:bold;margin-bottom:7px;\">Kann man sich mit Nikotin gegen das neuartige Coronavirus sch\u00fctzen?<\/h2><\/div><div class=\"uvc-heading-spacer line_only\" style=\"margin-top:15px;margin-bottom:25px;height:3px;\"><span class=\"uvc-headings-line\" style=\"border-style:solid;border-bottom-width:3px;border-color:#f20738;width:750px;\"><\/span><\/div><\/div>[vc_empty_space][vc_column_text]<strong>SARS-CoV-2 wird landl\u00e4ufig auch als \u201eneuartiges Coronavirus\u201c bezeichnet. Neu und noch reichlich unbekannt \u2026 In der Forschung beginnt man erst nach und nach zu begreifen, wie es funktioniert. Doch es braucht Zeit, um sichere Erkenntnisse zu gewinnen. Bis es so weit ist, werden zahlreiche Hypothesen aufgestellt, und einige davon werden massenhaft im Internet und den sozialen Netzwerken verbreitet. Wie zum Beispiel die, dass Tabak gegen COVID-19 sch\u00fctzen k\u00f6nnte. Im Folgenden fassen wir zusammen, was man zu dieser Frage wei\u00df und was (noch) nicht.<\/strong><\/p>\n<p>Dabei allem voran ein entscheidender Hinweis: Das, was m\u00f6glicherweise sch\u00fctzt, ist Nikotin, nicht Tabakrauch. Man muss hier deutlich zwischen dem Konsum von Tabak und Nikotin unterscheiden. Nikotin ist in Tabak enthalten, aber auch in bestimmten Liquids f\u00fcr E-Zigaretten und anderen pharmakologischen Produkten, die einem helfen k\u00f6nnen, das Rauchen aufzugeben, z. B. in Nikotinpflastern. Um zu \u00fcberpr\u00fcfen, ob Nikotin eventuell eine Schutzwirkung hat, hat ein franz\u00f6sisches Forschungsteam eine Studie initiiert, bei der COVID-19 Patienten und das zust\u00e4ndige medizinische Personal Nikotinpflaster tragen sollen.[\/vc_column_text]<div id=\"ultimate-heading-715269ea24e906471\" class=\"uvc-heading ult-adjust-bottom-margin ultimate-heading-715269ea24e906471 uvc-1793 \" data-hspacer=\"line_only\"  data-halign=\"left\" style=\"text-align:left\"><div class=\"uvc-main-heading ult-responsive\"  data-ultimate-target='.uvc-heading.ultimate-heading-715269ea24e906471 h2'  data-responsive-json-new='{\"font-size\":\"desktop:22px;\",\"line-height\":\"desktop:32px;\"}' ><h2 style=\"font-weight:bold;margin-bottom:7px;\">Das, was man wei\u00df, im \u00dcberblick:<\/h2><\/div><div class=\"uvc-heading-spacer line_only\" style=\"margin-top:15px;margin-bottom:25px;height:3px;\"><span class=\"uvc-headings-line\" style=\"border-style:solid;border-bottom-width:3px;border-color:#f20738;width:70px;\"><\/span><\/div><\/div>[vc_empty_space][vc_column_text]<\/p>\n<ol>\n<li>Ein m\u00f6glicher <strong>Schutzeffekt<\/strong> von Nikotin gegen\u00fcber COVID-19 konnte bisher noch <strong>nicht best\u00e4tigt<\/strong> werden. Sollte er bestehen, gilt es noch die Nebenwirkungen einer Nikotingabe zu ermitteln, denn Nikotin ist keinesfalls harmlos. Es ist m\u00f6glich, dass andere, weniger gesundheitssch\u00e4dliche Substanzen eine \u00e4hnliche Wirkung haben. Es wurden erst unl\u00e4ngst Forschungsprojekte in diese Richtung gestartet, und es ist noch zu fr\u00fch, um irgendwelche Schl\u00fcsse zu ziehen.<\/li>\n<li>Unl\u00e4ngst durchgef\u00fchrten Studien zufolge <strong>steigt mit dem Konsum von Tabak das Risiko <\/strong>f\u00fcr einen sehr schweren Verlauf von COVID-19.<\/li>\n<li><strong>Nikotin ist eine Droge,<\/strong> die abh\u00e4ngig macht und die man darum keinesfalls leichtfertig konsumieren sollte. Verzichten Sie darum auf die vorbeugende Einnahme von Nikotin zum Schutz vor COVID-19 (auch in Form von E-Zigaretten oder Nikotinpflastern usw.).<\/li>\n<li>Die beste Vorbeugung besteht darin, auf sein Gewicht zu achten, sich regelm\u00e4\u00dfig zu bewegen und auf gute Blutdruckwerte zu achten. Was man f\u00fcr einen guten Blutdruck tun kann? Gesund essen, Sport treiben, wenig Alkohol trinken und nicht rauchen.<\/li>\n<li><strong>Wenn man das Rauchen aufgibt, verbessern sich Lungen- und Herz-Kreislauffunktionen unmittelbar.<\/strong> Das macht Sie im Falle einer Coronainfektion widerstandf\u00e4higer. <strong>Au\u00dferdem ber\u00fchren Sie Ihr Gesicht seltener mit den H\u00e4nden, wenn Sie nicht mehr rauchen<\/strong> \u2013 und schalten damit einen wichtigen \u00dcbertragungsweg f\u00fcr das Virus aus.<\/li>\n<li>Aktuell besteht der beste Schutz gegen eine Coronainfektion in der Einhaltung der empfohlenen Verhaltensregeln (Abstand halten, H\u00e4nde waschen usw.). Und das bleibt auch so, bis ECHTE Beweise f\u00fcr die Wirksamkeit anderer Methoden vorliegen.<\/li>\n<li><strong>Wenn Sie Nikotin zu sich nehmen<\/strong> (ob als Zigarette, E-Zigarette, Nikotinersatzprodukt usw.), k\u00f6nnen Sie <strong>nicht davon ausgehen, dass Sie besser<\/strong> gegen eine Coronainfektion <strong>gesch\u00fctzt<\/strong> sind als die restliche Bev\u00f6lkerung. Halten Sie sich darum streng an die Abstands- und Hygiene-Regeln.<\/li>\n<li><strong>Rauchende <\/strong>m\u00fcssen vielmehr davon ausgehen, dass sie <strong>besonders gef\u00e4hrdet<\/strong> sind und doppelt aufmerksam sein.<\/li>\n<\/ol>\n<p>[\/vc_column_text]<div id=\"ultimate-heading-611469ea24e906548\" class=\"uvc-heading ult-adjust-bottom-margin ultimate-heading-611469ea24e906548 uvc-9297 \" data-hspacer=\"line_only\"  data-halign=\"left\" style=\"text-align:left\"><div class=\"uvc-main-heading ult-responsive\"  data-ultimate-target='.uvc-heading.ultimate-heading-611469ea24e906548 h2'  data-responsive-json-new='{\"font-size\":\"desktop:22px;\",\"line-height\":\"desktop:32px;\"}' ><h2 style=\"font-weight:bold;margin-bottom:7px;\">Warum gibt es \u00fcberhaupt Vermutungen, dass Nikotin vor Corona sch\u00fctzen k\u00f6nnte?<\/h2><\/div><div class=\"uvc-heading-spacer line_only\" style=\"margin-top:15px;margin-bottom:25px;height:3px;\"><span class=\"uvc-headings-line\" style=\"border-style:solid;border-bottom-width:3px;border-color:#f20738;width:70px;\"><\/span><\/div><\/div>[vc_empty_space][vc_column_text]Im Rahmen von zwei Studien (einer chinesischen und einer amerikanischen) wurde festgestellt, dass unter den wegen COVID-19 intensivpflichtigen Patientinnen und Patienten relativ wenige Rauchende waren. Allerdings scheinen in beiden Studien gr\u00f6\u00dfere methodische Unsch\u00e4rfen bei der Auswahl der beobachteten Personengruppen vorzuliegen. So wurde das Durchschnittsalter der Patienten und Patientinnen, gleichwohl ein Risikofaktor f\u00fcr einen schweren Verlauf von COVID-19, nicht ber\u00fccksichtigt. Dass unter den intensivpflichtigen Patientinnen und Patienten so wenige Rauchende waren, k\u00f6nnte etwa auch daran liegen, dass mit steigendem Alter immer weniger Menschen rauchen.*<\/p>\n<p>Angesichts der bemerkenswerten Ergebnisse der chinesischen und der amerikanischen Studie hat ein franz\u00f6sisches Forschungsteam den Forschungsansatz vertieft und den Tabakkonsum von weniger schweren COVID-19-F\u00e4llen unter Ber\u00fccksichtigung von Geschlecht und Alter untersucht. Auch im Rahmen der franz\u00f6sischen Studie wurde beobachtet, dass weniger Gewohnheitsrauchende unter den COVID-19-Patientinnen und -Patienten waren, als es angesichts des Anteils an Rauchenden in der franz\u00f6sischen Bev\u00f6lkerung insgesamt zu erwarten gewesen w\u00e4re. Doch Vorsicht ist geboten \u2013 es handelt sich lediglich um eine Beobachtung, ein Ursache-Wirkung-Zusammenhang besteht nicht.[\/vc_column_text]<div id=\"ultimate-heading-208969ea24e9065f3\" class=\"uvc-heading ult-adjust-bottom-margin ultimate-heading-208969ea24e9065f3 uvc-1922 \" data-hspacer=\"line_only\"  data-halign=\"left\" style=\"text-align:left\"><div class=\"uvc-main-heading ult-responsive\"  data-ultimate-target='.uvc-heading.ultimate-heading-208969ea24e9065f3 h2'  data-responsive-json-new='{\"font-size\":\"desktop:22px;\",\"line-height\":\"desktop:32px;\"}' ><h2 style=\"font-weight:bold;margin-bottom:7px;\">Studie unter Konsumenten und Konsumentinnen von E-Zigaretten zeigt gegenteilige Ergebnisse<\/h2><\/div><div class=\"uvc-heading-spacer line_only\" style=\"margin-top:15px;margin-bottom:25px;height:3px;\"><span class=\"uvc-headings-line\" style=\"border-style:solid;border-bottom-width:3px;border-color:#f20738;width:70px;\"><\/span><\/div><\/div>[vc_empty_space][vc_column_text]Zwei franz\u00f6sische Dampfer-Verb\u00e4nde (f\u00fcr Konsumenten und Konsumentinnen von E-Zigaretten) haben Anfang April eine Eil-Umfrage im Internet lanciert. Diese Datensammlung h\u00e4lt zwar wissenschaftlichen Anspr\u00fcchen nicht ganz stand, doch aus der Analyse der Antworten von 4.000 E-Zigarettenraucherinnen und -rauchern l\u00e4sst sich dennoch eine Tendenz ablesen: Einen Hinweis auf eine tats\u00e4chliche Schutzwirkung von Nikotin gegen\u00fcber COVID-19 gibt es nicht.[\/vc_column_text]<div id=\"ultimate-heading-86969ea24e9066fa\" class=\"uvc-heading ult-adjust-bottom-margin ultimate-heading-86969ea24e9066fa uvc-8550 \" data-hspacer=\"line_only\"  data-halign=\"left\" style=\"text-align:left\"><div class=\"uvc-main-heading ult-responsive\"  data-ultimate-target='.uvc-heading.ultimate-heading-86969ea24e9066fa h2'  data-responsive-json-new='{\"font-size\":\"desktop:22px;\",\"line-height\":\"desktop:32px;\"}' ><h2 style=\"font-weight:bold;margin-bottom:7px;\">Forschung ruft zur Vorsicht auf<\/h2><\/div><div class=\"uvc-heading-spacer line_only\" style=\"margin-top:15px;margin-bottom:25px;height:3px;\"><span class=\"uvc-headings-line\" style=\"border-style:solid;border-bottom-width:3px;border-color:#f20738;width:70px;\"><\/span><\/div><\/div>[vc_empty_space][vc_column_text]Zum besseren Verst\u00e4ndnis der ACE2-Rezeptoren, \u00fcber die das neuartige Coronavirus in die menschlichen Zellen gelangt, sowie dar\u00fcber, wie Nikotin auf diese Rezeptoren wirkt, sind noch weitere Studien notwendig. In Frankreich haben bereits klinische Studien begonnen. <strong>Die Forschenden raten jedoch dringend davon ab, vorbeugend Nikotin zu konsumieren<\/strong>, bevor tragf\u00e4hige Ergebnisse vorliegen, da die damit verbundenen Gesundheitsrisiken gr\u00f6\u00dfer sind als der zu erwartende Nutzen.[\/vc_column_text][vc_empty_space]<div id=\"ultimate-heading-277369ea24e9067c5\" class=\"uvc-heading ult-adjust-bottom-margin ultimate-heading-277369ea24e9067c5 uvc-4014 \" data-hspacer=\"line_only\"  data-halign=\"left\" style=\"text-align:left\"><div class=\"uvc-main-heading ult-responsive\"  data-ultimate-target='.uvc-heading.ultimate-heading-277369ea24e9067c5 h2'  data-responsive-json-new='{\"font-size\":\"desktop:22px;\",\"line-height\":\"desktop:32px;\"}' ><h2 style=\"font-weight:bold;margin-bottom:7px;\">Alle wichtigen Informationen<\/h2><\/div><div class=\"uvc-heading-spacer line_only\" style=\"margin-top:15px;margin-bottom:25px;height:3px;\"><span class=\"uvc-headings-line\" style=\"border-style:solid;border-bottom-width:3px;border-color:#f20738;width:70px;\"><\/span><\/div><\/div>[vc_column_text]<\/p>\n<ul>\n<li><a href=\"https:\/\/www.maviesanstabac.lu\/coronavirus-und-rauchen\/\">Coronavirus und Rauchen<\/a><\/li>\n<li><a href=\"https:\/\/www.maviesanstabac.lu\/lockerung-der-kontaktbeschraenkung\/\">Lockerung der Kontaktbeschr\u00e4nkungen, R\u00fcckkehr an den Arbeitsplatz, Mund-Nasen-Schutz \u2026 und rauchen?<\/a><\/li>\n<li><a href=\"https:\/\/www.maviesanstabac.lu\/sich-und-sein-umfeld-schuetzen\/\">Rauchen im Lockdown: So sch\u00fctzen Sie sich und Ihr Umfeld<\/a><\/li>\n<li><a href=\"https:\/\/www.maviesanstabac.lu\/lockdown-so-regulieren-sie-ihren-tabakkonsum\/\">Lockdown: So regulieren Sie Ihren Tabakkonsum<\/a><\/li>\n<li><a href=\"https:\/\/www.maviesanstabac.lu\/coronavirus-durch-rauch-uebertragabar\/\">Kann das Coronavirus durch Rauch \u00fcbertragen werden?<\/a><\/li>\n<li><a href=\"https:\/\/www.maviesanstabac.lu\/hoeheres-risiko-fuer-rauchende\/\">Coronavirus: H\u00f6heres Risiko f\u00fcr Rauchende?<\/a><\/li>\n<\/ul>\n<p>[\/vc_column_text][vc_column_text]<em>Quelle: Wir bedanken uns bei der belgischen Krebsstiftung <a href=\"https:\/\/www.tabacstop.be\/\">Fondation belge contre le Cancer<\/a>, nach deren Vorlage dieser Text entstanden ist.<\/em>[\/vc_column_text][vc_empty_space][vc_column_text]<strong>Sollten Sie Fragen haben, hilft unser Gesundheitsexperte Ihnen gerne \u2013 kostenlos. Sie erreichen ihn telefonisch unter der Nummer 45 30 331 oder \u00fcber unser <a href=\"https:\/\/www.maviesanstabac.lu\/contact\/\">Online-Formular<\/a>.<\/strong>[\/vc_column_text][vc_empty_space height=&#8221;50px&#8221;][\/vc_column][\/vc_row][vc_row][vc_column][\/vc_column][\/vc_row][vc_row][vc_column][vc_empty_space height=&#8221;30px&#8221;][\/vc_column][\/vc_row]<\/p>\n<\/div>","protected":false},"excerpt":{"rendered":"<p>[vc_row type=&#8221;vc_default&#8221; content_placement=&#8221;middle&#8221; margin_top=&#8221;-50&#8243; bg_type=&#8221;image&#8221; parallax_style=&#8221;vcpb-default&#8221; bg_image_new=&#8221;id^8627|url^https:\/\/www.maviesanstabac.lu\/wp-content\/uploads\/2020\/04\/slider_confinement-bon-moment-pour-arreter-de-fumer.jpg|caption^null|alt^null|title^slider_confinement-bon-moment-pour-arreter-de-fumer|description^null&#8221; bg_override=&#8221;ex-full&#8221; enable_overlay=&#8221;enable_overlay_value&#8221; overlay_pattern=&#8221;transperant&#8221; overlay_pattern_opacity=&#8221;100&#8243; overlay_pattern_size=&#8221;200&#8243; css=&#8221;.vc_custom_1591883698839{padding-top: 3% !important;padding-bottom: 0px !important;}&#8221; el_class=&#8221;internal-header&#8221;][vc_column][\/vc_column][\/vc_row][vc_row][vc_column css=&#8221;.vc_custom_1540631490734{padding-right: 40px !important;padding-left: 40px !important;}&#8221;][vc_empty_space][vc_empty_space][vc_column_text]SARS-CoV-2 wird landl\u00e4ufig auch als \u201eneuartiges Coronavirus\u201c bezeichnet. Neu und noch reichlich unbekannt \u2026 In der Forschung beginnt man erst nach und nach zu begreifen, wie es funktioniert. Doch es braucht Zeit, um&hellip;<\/p>\n","protected":false},"author":1,"featured_media":3368,"parent":0,"menu_order":0,"comment_status":"closed","ping_status":"closed","template":"","meta":{"footnotes":""},"class_list":["post-10077","page","type-page","status-publish","has-post-thumbnail","hentry","description-off"],"yoast_head":"<!-- This site is optimized with the Yoast SEO plugin v27.0 - https:\/\/yoast.com\/product\/yoast-seo-wordpress\/ -->\n<title>Kann man sich mit Nikotin gegen das neuartige Coronavirus sch\u00fctzen?<\/title>\n<meta name=\"description\" content=\"Neu und noch reichlich unbekannt \u2026 In der Forschung beginnt man erst nach und nach zu begreifen, wie es funktioniert. Doch es braucht Zeit, um sichere Erkenntnisse zu gewinnen.\" \/>\n<meta name=\"robots\" content=\"index, follow, max-snippet:-1, max-image-preview:large, max-video-preview:-1\" \/>\n<link rel=\"canonical\" href=\"https:\/\/maviesanstabac.lu\/de\/nikotin-gegen-coronavirus\/\" \/>\n<meta property=\"og:locale\" content=\"de_DE\" \/>\n<meta property=\"og:type\" content=\"article\" \/>\n<meta property=\"og:title\" content=\"Kann man sich mit Nikotin gegen das neuartige Coronavirus sch\u00fctzen?\" \/>\n<meta property=\"og:description\" content=\"Neu und noch reichlich unbekannt \u2026 In der Forschung beginnt man erst nach und nach zu begreifen, wie es funktioniert. Doch es braucht Zeit, um sichere Erkenntnisse zu gewinnen.\" \/>\n<meta property=\"og:url\" content=\"https:\/\/maviesanstabac.lu\/de\/nikotin-gegen-coronavirus\/\" \/>\n<meta property=\"og:site_name\" content=\"ma vie sans tabac\" \/>\n<meta property=\"article:modified_time\" content=\"2020-10-06T10:01:50+00:00\" \/>\n<meta name=\"twitter:card\" content=\"summary_large_image\" \/>\n<meta name=\"twitter:image\" content=\"https:\/\/maviesanstabac.lu\/wp-content\/uploads\/2017\/06\/FondationCancer.jpg\" \/>\n<meta name=\"twitter:label1\" content=\"Gesch\u00e4tzte Lesezeit\" \/>\n\t<meta name=\"twitter:data1\" content=\"7\u00a0Minuten\" \/>\n<script type=\"application\/ld+json\" class=\"yoast-schema-graph\">{\"@context\":\"https:\/\/schema.org\",\"@graph\":[{\"@type\":\"WebPage\",\"@id\":\"https:\/\/maviesanstabac.lu\/de\/nikotin-gegen-coronavirus\/\",\"url\":\"https:\/\/maviesanstabac.lu\/de\/nikotin-gegen-coronavirus\/\",\"name\":\"Kann man sich mit Nikotin gegen das neuartige Coronavirus sch\u00fctzen?\",\"isPartOf\":{\"@id\":\"https:\/\/maviesanstabac.lu\/de\/#website\"},\"primaryImageOfPage\":{\"@id\":\"https:\/\/maviesanstabac.lu\/de\/nikotin-gegen-coronavirus\/#primaryimage\"},\"image\":{\"@id\":\"https:\/\/maviesanstabac.lu\/de\/nikotin-gegen-coronavirus\/#primaryimage\"},\"thumbnailUrl\":\"https:\/\/maviesanstabac.lu\/wp-content\/uploads\/2017\/06\/FondationCancer.jpg\",\"datePublished\":\"2020-07-30T13:38:53+00:00\",\"dateModified\":\"2020-10-06T10:01:50+00:00\",\"description\":\"Neu und noch reichlich unbekannt \u2026 In der Forschung beginnt man erst nach und nach zu begreifen, wie es funktioniert. Doch es braucht Zeit, um sichere Erkenntnisse zu gewinnen.\",\"breadcrumb\":{\"@id\":\"https:\/\/maviesanstabac.lu\/de\/nikotin-gegen-coronavirus\/#breadcrumb\"},\"inLanguage\":\"de\",\"potentialAction\":[{\"@type\":\"ReadAction\",\"target\":[\"https:\/\/maviesanstabac.lu\/de\/nikotin-gegen-coronavirus\/\"]}]},{\"@type\":\"ImageObject\",\"inLanguage\":\"de\",\"@id\":\"https:\/\/maviesanstabac.lu\/de\/nikotin-gegen-coronavirus\/#primaryimage\",\"url\":\"https:\/\/maviesanstabac.lu\/wp-content\/uploads\/2017\/06\/FondationCancer.jpg\",\"contentUrl\":\"https:\/\/maviesanstabac.lu\/wp-content\/uploads\/2017\/06\/FondationCancer.jpg\",\"width\":991,\"height\":1200},{\"@type\":\"BreadcrumbList\",\"@id\":\"https:\/\/maviesanstabac.lu\/de\/nikotin-gegen-coronavirus\/#breadcrumb\",\"itemListElement\":[{\"@type\":\"ListItem\",\"position\":1,\"name\":\"Accueil\",\"item\":\"https:\/\/maviesanstabac.lu\/de\/\"},{\"@type\":\"ListItem\",\"position\":2,\"name\":\"Coronavirus und Rauchen &#8211; Kann man sich mit Nikotin gegen das neuartige Coronavirus sch\u00fctzen?\"}]},{\"@type\":\"WebSite\",\"@id\":\"https:\/\/maviesanstabac.lu\/de\/#website\",\"url\":\"https:\/\/maviesanstabac.lu\/de\/\",\"name\":\"ma vie sans tabac\",\"description\":\"Sans tabac pour une vie plus saine\",\"potentialAction\":[{\"@type\":\"SearchAction\",\"target\":{\"@type\":\"EntryPoint\",\"urlTemplate\":\"https:\/\/maviesanstabac.lu\/de\/?s={search_term_string}\"},\"query-input\":{\"@type\":\"PropertyValueSpecification\",\"valueRequired\":true,\"valueName\":\"search_term_string\"}}],\"inLanguage\":\"de\"}]}<\/script>\n<!-- \/ Yoast SEO plugin. -->","yoast_head_json":{"title":"Kann man sich mit Nikotin gegen das neuartige Coronavirus sch\u00fctzen?","description":"Neu und noch reichlich unbekannt \u2026 In der Forschung beginnt man erst nach und nach zu begreifen, wie es funktioniert. Doch es braucht Zeit, um sichere Erkenntnisse zu gewinnen.","robots":{"index":"index","follow":"follow","max-snippet":"max-snippet:-1","max-image-preview":"max-image-preview:large","max-video-preview":"max-video-preview:-1"},"canonical":"https:\/\/maviesanstabac.lu\/de\/nikotin-gegen-coronavirus\/","og_locale":"de_DE","og_type":"article","og_title":"Kann man sich mit Nikotin gegen das neuartige Coronavirus sch\u00fctzen?","og_description":"Neu und noch reichlich unbekannt \u2026 In der Forschung beginnt man erst nach und nach zu begreifen, wie es funktioniert. Doch es braucht Zeit, um sichere Erkenntnisse zu gewinnen.","og_url":"https:\/\/maviesanstabac.lu\/de\/nikotin-gegen-coronavirus\/","og_site_name":"ma vie sans tabac","article_modified_time":"2020-10-06T10:01:50+00:00","twitter_card":"summary_large_image","twitter_image":"https:\/\/maviesanstabac.lu\/wp-content\/uploads\/2017\/06\/FondationCancer.jpg","twitter_misc":{"Gesch\u00e4tzte Lesezeit":"7\u00a0Minuten"},"schema":{"@context":"https:\/\/schema.org","@graph":[{"@type":"WebPage","@id":"https:\/\/maviesanstabac.lu\/de\/nikotin-gegen-coronavirus\/","url":"https:\/\/maviesanstabac.lu\/de\/nikotin-gegen-coronavirus\/","name":"Kann man sich mit Nikotin gegen das neuartige Coronavirus sch\u00fctzen?","isPartOf":{"@id":"https:\/\/maviesanstabac.lu\/de\/#website"},"primaryImageOfPage":{"@id":"https:\/\/maviesanstabac.lu\/de\/nikotin-gegen-coronavirus\/#primaryimage"},"image":{"@id":"https:\/\/maviesanstabac.lu\/de\/nikotin-gegen-coronavirus\/#primaryimage"},"thumbnailUrl":"https:\/\/maviesanstabac.lu\/wp-content\/uploads\/2017\/06\/FondationCancer.jpg","datePublished":"2020-07-30T13:38:53+00:00","dateModified":"2020-10-06T10:01:50+00:00","description":"Neu und noch reichlich unbekannt \u2026 In der Forschung beginnt man erst nach und nach zu begreifen, wie es funktioniert. Doch es braucht Zeit, um sichere Erkenntnisse zu gewinnen.","breadcrumb":{"@id":"https:\/\/maviesanstabac.lu\/de\/nikotin-gegen-coronavirus\/#breadcrumb"},"inLanguage":"de","potentialAction":[{"@type":"ReadAction","target":["https:\/\/maviesanstabac.lu\/de\/nikotin-gegen-coronavirus\/"]}]},{"@type":"ImageObject","inLanguage":"de","@id":"https:\/\/maviesanstabac.lu\/de\/nikotin-gegen-coronavirus\/#primaryimage","url":"https:\/\/maviesanstabac.lu\/wp-content\/uploads\/2017\/06\/FondationCancer.jpg","contentUrl":"https:\/\/maviesanstabac.lu\/wp-content\/uploads\/2017\/06\/FondationCancer.jpg","width":991,"height":1200},{"@type":"BreadcrumbList","@id":"https:\/\/maviesanstabac.lu\/de\/nikotin-gegen-coronavirus\/#breadcrumb","itemListElement":[{"@type":"ListItem","position":1,"name":"Accueil","item":"https:\/\/maviesanstabac.lu\/de\/"},{"@type":"ListItem","position":2,"name":"Coronavirus und Rauchen &#8211; Kann man sich mit Nikotin gegen das neuartige Coronavirus sch\u00fctzen?"}]},{"@type":"WebSite","@id":"https:\/\/maviesanstabac.lu\/de\/#website","url":"https:\/\/maviesanstabac.lu\/de\/","name":"ma vie sans tabac","description":"Sans tabac pour une vie plus saine","potentialAction":[{"@type":"SearchAction","target":{"@type":"EntryPoint","urlTemplate":"https:\/\/maviesanstabac.lu\/de\/?s={search_term_string}"},"query-input":{"@type":"PropertyValueSpecification","valueRequired":true,"valueName":"search_term_string"}}],"inLanguage":"de"}]}},"_links":{"self":[{"href":"https:\/\/maviesanstabac.lu\/de\/wp-json\/wp\/v2\/pages\/10077","targetHints":{"allow":["GET"]}}],"collection":[{"href":"https:\/\/maviesanstabac.lu\/de\/wp-json\/wp\/v2\/pages"}],"about":[{"href":"https:\/\/maviesanstabac.lu\/de\/wp-json\/wp\/v2\/types\/page"}],"author":[{"embeddable":true,"href":"https:\/\/maviesanstabac.lu\/de\/wp-json\/wp\/v2\/users\/1"}],"replies":[{"embeddable":true,"href":"https:\/\/maviesanstabac.lu\/de\/wp-json\/wp\/v2\/comments?post=10077"}],"version-history":[{"count":7,"href":"https:\/\/maviesanstabac.lu\/de\/wp-json\/wp\/v2\/pages\/10077\/revisions"}],"predecessor-version":[{"id":10127,"href":"https:\/\/maviesanstabac.lu\/de\/wp-json\/wp\/v2\/pages\/10077\/revisions\/10127"}],"wp:featuredmedia":[{"embeddable":true,"href":"https:\/\/maviesanstabac.lu\/de\/wp-json\/wp\/v2\/media\/3368"}],"wp:attachment":[{"href":"https:\/\/maviesanstabac.lu\/de\/wp-json\/wp\/v2\/media?parent=10077"}],"curies":[{"name":"wp","href":"https:\/\/api.w.org\/{rel}","templated":true}]}}