{"id":10083,"date":"2020-07-30T14:36:57","date_gmt":"2020-07-30T12:36:57","guid":{"rendered":"https:\/\/www.maviesanstabac.lu\/la-fumee-peut-elle-transmettre-le-coroavirus\/"},"modified":"2021-04-30T08:59:48","modified_gmt":"2021-04-30T06:59:48","slug":"coronavirus-durch-rauch-uebertragabar","status":"publish","type":"page","link":"https:\/\/maviesanstabac.lu\/de\/coronavirus-durch-rauch-uebertragabar\/","title":{"rendered":"Coronavirus und Rauchen &#8211; Kann das Coronavirus durch Rauch \u00fcbertragen werden?"},"content":{"rendered":"<div class=\"wpb-content-wrapper\"><p>[vc_row type=&#8221;vc_default&#8221; content_placement=&#8221;middle&#8221; margin_top=&#8221;-50&#8243; bg_type=&#8221;image&#8221; parallax_style=&#8221;vcpb-default&#8221; bg_image_new=&#8221;id^8627|url^https:\/\/www.maviesanstabac.lu\/wp-content\/uploads\/2020\/04\/slider_confinement-bon-moment-pour-arreter-de-fumer.jpg|caption^null|alt^null|title^slider_confinement-bon-moment-pour-arreter-de-fumer|description^null&#8221; bg_override=&#8221;ex-full&#8221; enable_overlay=&#8221;enable_overlay_value&#8221; overlay_pattern=&#8221;transperant&#8221; overlay_pattern_opacity=&#8221;100&#8243; overlay_pattern_size=&#8221;200&#8243; css=&#8221;.vc_custom_1591883698839{padding-top: 3% !important;padding-bottom: 0px !important;}&#8221; el_class=&#8221;internal-header&#8221;][vc_column][\/vc_column][\/vc_row][vc_row][vc_column css=&#8221;.vc_custom_1540631490734{padding-right: 40px !important;padding-left: 40px !important;}&#8221;][vc_empty_space]<div id=\"ultimate-heading-1469f35b8b1ee2d\" class=\"uvc-heading ult-adjust-bottom-margin ultimate-heading-1469f35b8b1ee2d uvc-6616  uvc-heading-default-font-sizes\" data-hspacer=\"line_only\"  data-halign=\"center\" style=\"text-align:center\"><div class=\"uvc-main-heading ult-responsive\"  data-ultimate-target='.uvc-heading.ultimate-heading-1469f35b8b1ee2d h2'  data-responsive-json-new='{\"font-size\":\"\",\"line-height\":\"\"}' ><h2 style=\"font-weight:bold;margin-bottom:7px;\">Kann das Coronavirus durch Rauch \u00fcbertragen werden?<\/h2><\/div><div class=\"uvc-heading-spacer line_only\" style=\"margin-top:15px;margin-bottom:25px;height:3px;\"><span class=\"uvc-headings-line\" style=\"border-style:solid;border-bottom-width:3px;border-color:#f20738;width:750px;\"><\/span><\/div><\/div>[vc_empty_space][vc_column_text]Der Rauch einer Zigarette kann, f\u00fcr sich betrachtet, das Virus nicht \u00fcbertragen. Allerdings kann die Ausatemluft eines Menschen winzige Tr\u00f6pfchen enthalten, \u00fcber die das Virus \u00fcbertragen werden kann. Das Risiko einer Infektion ergibt sich also nicht durch den Zigarettenrauch, sondern durch die darin enthaltenen Tr\u00f6pfchen, weil er von dem Raucher ausgeatmet wird.<\/p>\n<p>Atmen tun wir alle. Die Ausatemluft ist lediglich besser sichtbar, wenn man raucht. Ob man raucht oder nicht \u2013 entscheidend ist es, die entsprechenden Schutzma\u00dfnahmen zu respektieren. Das bedeutet, dass man zwei Meter Abstand halten und jeden direkten Kontakt vermeiden sollte, um nicht die von einer anderen Person ausgeatmeten Tr\u00f6pfchen einzuatmen.[\/vc_column_text]<div id=\"ultimate-heading-629869f35b8b1eef4\" class=\"uvc-heading ult-adjust-bottom-margin ultimate-heading-629869f35b8b1eef4 uvc-660 \" data-hspacer=\"line_only\"  data-halign=\"left\" style=\"text-align:left\"><div class=\"uvc-main-heading ult-responsive\"  data-ultimate-target='.uvc-heading.ultimate-heading-629869f35b8b1eef4 h2'  data-responsive-json-new='{\"font-size\":\"desktop:22px;\",\"line-height\":\"desktop:32px;\"}' ><h2 style=\"font-weight:bold;margin-bottom:7px;\">Vorsicht bei Husten<\/h2><\/div><div class=\"uvc-heading-spacer line_only\" style=\"margin-top:15px;margin-bottom:25px;height:3px;\"><span class=\"uvc-headings-line\" style=\"border-style:solid;border-bottom-width:3px;border-color:#f20738;width:70px;\"><\/span><\/div><\/div>[vc_empty_space][vc_column_text]Wenn man hustet oder niest, werden die Tr\u00f6pfchen in gro\u00dfer Zahl und mit hoher Geschwindigkeit ausgesto\u00dfen und k\u00f6nnen dabei recht weit fliegen. Im Allgemeinen husten Raucher und Raucherinnen \u00f6fter. Aber auch hier ist das Problem der Husten, nicht der Rauch: Halten Sie darum grunds\u00e4tzlich reichlich Abstand von Menschen, die husten \u2013 egal, ob sie rauchen oder nicht.<\/p>\n<p>Achten Sie darauf, immer in die Armbeuge zu husten. Waschen Sie sich regelm\u00e4\u00dfig die H\u00e4nde, verwenden Sie Papiertaschent\u00fccher und schmei\u00dfen Sie diese unmittelbar nach dem Gebrauch weg.<\/p>\n<p><em>(Antworten von Dr. Goossens von der belgischen Krebsstiftung)<\/em>[\/vc_column_text][vc_empty_space]<div id=\"ultimate-heading-808369f35b8b1ef61\" class=\"uvc-heading ult-adjust-bottom-margin ultimate-heading-808369f35b8b1ef61 uvc-7621 \" data-hspacer=\"line_only\"  data-halign=\"left\" style=\"text-align:left\"><div class=\"uvc-main-heading ult-responsive\"  data-ultimate-target='.uvc-heading.ultimate-heading-808369f35b8b1ef61 h2'  data-responsive-json-new='{\"font-size\":\"desktop:22px;\",\"line-height\":\"desktop:32px;\"}' ><h2 style=\"font-weight:bold;margin-bottom:7px;\">Alle wichtigen Informationen<\/h2><\/div><div class=\"uvc-heading-spacer line_only\" style=\"margin-top:15px;margin-bottom:25px;height:3px;\"><span class=\"uvc-headings-line\" style=\"border-style:solid;border-bottom-width:3px;border-color:#f20738;width:70px;\"><\/span><\/div><\/div>[vc_column_text]<\/p>\n<ul>\n<li><a href=\"https:\/\/www.maviesanstabac.lu\/lockerung-der-kontaktbeschraenkung\/\">Lockerung der Kontaktbeschr\u00e4nkungen, R\u00fcckkehr an den Arbeitsplatz, Mund-Nasen-Schutz \u2026 und rauchen?<\/a><\/li>\n<li><a href=\"https:\/\/www.maviesanstabac.lu\/sich-und-sein-umfeld-schuetzen\/\">Rauchen im Lockdown: So sch\u00fctzen Sie sich und Ihr Umfeld<\/a><\/li>\n<li><a href=\"https:\/\/www.maviesanstabac.lu\/lockdown-so-regulieren-sie-ihren-tabakkonsum\/\">Lockdown: So regulieren Sie Ihren Tabakkonsum<\/a><\/li>\n<\/ul>\n<p>[\/vc_column_text][vc_column_text]<em>Quelle: Wir bedanken uns bei der belgischen Krebsstiftung <a href=\"https:\/\/www.tabacstop.be\/\">Fondation belge contre le Cancer<\/a>, nach deren Vorlage dieser Text entstanden ist.<\/em>[\/vc_column_text][vc_empty_space height=&#8221;50px&#8221;][\/vc_column][\/vc_row][vc_row][vc_column][\/vc_column][\/vc_row][vc_row][vc_column][vc_empty_space height=&#8221;30px&#8221;][\/vc_column][\/vc_row]<\/p>\n<\/div>","protected":false},"excerpt":{"rendered":"<p>[vc_row type=&#8221;vc_default&#8221; content_placement=&#8221;middle&#8221; margin_top=&#8221;-50&#8243; bg_type=&#8221;image&#8221; parallax_style=&#8221;vcpb-default&#8221; bg_image_new=&#8221;id^8627|url^https:\/\/www.maviesanstabac.lu\/wp-content\/uploads\/2020\/04\/slider_confinement-bon-moment-pour-arreter-de-fumer.jpg|caption^null|alt^null|title^slider_confinement-bon-moment-pour-arreter-de-fumer|description^null&#8221; bg_override=&#8221;ex-full&#8221; enable_overlay=&#8221;enable_overlay_value&#8221; overlay_pattern=&#8221;transperant&#8221; overlay_pattern_opacity=&#8221;100&#8243; overlay_pattern_size=&#8221;200&#8243; css=&#8221;.vc_custom_1591883698839{padding-top: 3% !important;padding-bottom: 0px !important;}&#8221; el_class=&#8221;internal-header&#8221;][vc_column][\/vc_column][\/vc_row][vc_row][vc_column css=&#8221;.vc_custom_1540631490734{padding-right: 40px !important;padding-left: 40px !important;}&#8221;][vc_empty_space][vc_empty_space][vc_column_text]Der Rauch einer Zigarette kann, f\u00fcr sich betrachtet, das Virus nicht \u00fcbertragen. Allerdings kann die Ausatemluft eines Menschen winzige Tr\u00f6pfchen enthalten, \u00fcber die das Virus \u00fcbertragen werden kann. Das Risiko einer Infektion ergibt&hellip;<\/p>\n","protected":false},"author":1,"featured_media":3368,"parent":0,"menu_order":0,"comment_status":"closed","ping_status":"closed","template":"","meta":{"footnotes":""},"class_list":["post-10083","page","type-page","status-publish","has-post-thumbnail","hentry","description-off"],"yoast_head":"<!-- This site is optimized with the Yoast SEO plugin v27.0 - https:\/\/yoast.com\/product\/yoast-seo-wordpress\/ -->\n<title>Coronavirus und Rauchen - Kann das Coronavirus durch Rauch \u00fcbertragen werden?<\/title>\n<meta name=\"description\" content=\"Der Rauch einer Zigarette kann, f\u00fcr sich betrachtet, das Virus nicht \u00fcbertragen. Allerdings kann die Ausatemluft eines Menschen winzige Tr\u00f6pfchen enthalten, \u00fcber die das Virus \u00fcbertragen werden kann.\" \/>\n<meta name=\"robots\" content=\"index, follow, max-snippet:-1, max-image-preview:large, max-video-preview:-1\" \/>\n<link rel=\"canonical\" href=\"https:\/\/maviesanstabac.lu\/de\/coronavirus-durch-rauch-uebertragabar\/\" \/>\n<meta property=\"og:locale\" content=\"de_DE\" \/>\n<meta property=\"og:type\" content=\"article\" \/>\n<meta property=\"og:title\" content=\"Coronavirus und Rauchen - Kann das Coronavirus durch Rauch \u00fcbertragen werden?\" \/>\n<meta property=\"og:description\" content=\"Der Rauch einer Zigarette kann, f\u00fcr sich betrachtet, das Virus nicht \u00fcbertragen. Allerdings kann die Ausatemluft eines Menschen winzige Tr\u00f6pfchen enthalten, \u00fcber die das Virus \u00fcbertragen werden kann.\" \/>\n<meta property=\"og:url\" content=\"https:\/\/maviesanstabac.lu\/de\/coronavirus-durch-rauch-uebertragabar\/\" \/>\n<meta property=\"og:site_name\" content=\"ma vie sans tabac\" \/>\n<meta property=\"article:modified_time\" content=\"2021-04-30T06:59:48+00:00\" \/>\n<meta name=\"twitter:card\" content=\"summary_large_image\" \/>\n<meta name=\"twitter:image\" content=\"https:\/\/maviesanstabac.lu\/wp-content\/uploads\/2017\/06\/FondationCancer.jpg\" \/>\n<meta name=\"twitter:label1\" content=\"Gesch\u00e4tzte Lesezeit\" \/>\n\t<meta name=\"twitter:data1\" content=\"2\u00a0Minuten\" \/>\n<script type=\"application\/ld+json\" class=\"yoast-schema-graph\">{\"@context\":\"https:\/\/schema.org\",\"@graph\":[{\"@type\":\"WebPage\",\"@id\":\"https:\/\/maviesanstabac.lu\/de\/coronavirus-durch-rauch-uebertragabar\/\",\"url\":\"https:\/\/maviesanstabac.lu\/de\/coronavirus-durch-rauch-uebertragabar\/\",\"name\":\"Coronavirus und Rauchen - Kann das Coronavirus durch Rauch \u00fcbertragen werden?\",\"isPartOf\":{\"@id\":\"https:\/\/maviesanstabac.lu\/de\/#website\"},\"primaryImageOfPage\":{\"@id\":\"https:\/\/maviesanstabac.lu\/de\/coronavirus-durch-rauch-uebertragabar\/#primaryimage\"},\"image\":{\"@id\":\"https:\/\/maviesanstabac.lu\/de\/coronavirus-durch-rauch-uebertragabar\/#primaryimage\"},\"thumbnailUrl\":\"https:\/\/maviesanstabac.lu\/wp-content\/uploads\/2017\/06\/FondationCancer.jpg\",\"datePublished\":\"2020-07-30T12:36:57+00:00\",\"dateModified\":\"2021-04-30T06:59:48+00:00\",\"description\":\"Der Rauch einer Zigarette kann, f\u00fcr sich betrachtet, das Virus nicht \u00fcbertragen. Allerdings kann die Ausatemluft eines Menschen winzige Tr\u00f6pfchen enthalten, \u00fcber die das Virus \u00fcbertragen werden kann.\",\"breadcrumb\":{\"@id\":\"https:\/\/maviesanstabac.lu\/de\/coronavirus-durch-rauch-uebertragabar\/#breadcrumb\"},\"inLanguage\":\"de\",\"potentialAction\":[{\"@type\":\"ReadAction\",\"target\":[\"https:\/\/maviesanstabac.lu\/de\/coronavirus-durch-rauch-uebertragabar\/\"]}]},{\"@type\":\"ImageObject\",\"inLanguage\":\"de\",\"@id\":\"https:\/\/maviesanstabac.lu\/de\/coronavirus-durch-rauch-uebertragabar\/#primaryimage\",\"url\":\"https:\/\/maviesanstabac.lu\/wp-content\/uploads\/2017\/06\/FondationCancer.jpg\",\"contentUrl\":\"https:\/\/maviesanstabac.lu\/wp-content\/uploads\/2017\/06\/FondationCancer.jpg\",\"width\":991,\"height\":1200},{\"@type\":\"BreadcrumbList\",\"@id\":\"https:\/\/maviesanstabac.lu\/de\/coronavirus-durch-rauch-uebertragabar\/#breadcrumb\",\"itemListElement\":[{\"@type\":\"ListItem\",\"position\":1,\"name\":\"Accueil\",\"item\":\"https:\/\/maviesanstabac.lu\/de\/\"},{\"@type\":\"ListItem\",\"position\":2,\"name\":\"Coronavirus und Rauchen &#8211; Kann das Coronavirus durch Rauch \u00fcbertragen werden?\"}]},{\"@type\":\"WebSite\",\"@id\":\"https:\/\/maviesanstabac.lu\/de\/#website\",\"url\":\"https:\/\/maviesanstabac.lu\/de\/\",\"name\":\"ma vie sans tabac\",\"description\":\"Sans tabac pour une vie plus saine\",\"potentialAction\":[{\"@type\":\"SearchAction\",\"target\":{\"@type\":\"EntryPoint\",\"urlTemplate\":\"https:\/\/maviesanstabac.lu\/de\/?s={search_term_string}\"},\"query-input\":{\"@type\":\"PropertyValueSpecification\",\"valueRequired\":true,\"valueName\":\"search_term_string\"}}],\"inLanguage\":\"de\"}]}<\/script>\n<!-- \/ Yoast SEO plugin. -->","yoast_head_json":{"title":"Coronavirus und Rauchen - Kann das Coronavirus durch Rauch \u00fcbertragen werden?","description":"Der Rauch einer Zigarette kann, f\u00fcr sich betrachtet, das Virus nicht \u00fcbertragen. Allerdings kann die Ausatemluft eines Menschen winzige Tr\u00f6pfchen enthalten, \u00fcber die das Virus \u00fcbertragen werden kann.","robots":{"index":"index","follow":"follow","max-snippet":"max-snippet:-1","max-image-preview":"max-image-preview:large","max-video-preview":"max-video-preview:-1"},"canonical":"https:\/\/maviesanstabac.lu\/de\/coronavirus-durch-rauch-uebertragabar\/","og_locale":"de_DE","og_type":"article","og_title":"Coronavirus und Rauchen - Kann das Coronavirus durch Rauch \u00fcbertragen werden?","og_description":"Der Rauch einer Zigarette kann, f\u00fcr sich betrachtet, das Virus nicht \u00fcbertragen. Allerdings kann die Ausatemluft eines Menschen winzige Tr\u00f6pfchen enthalten, \u00fcber die das Virus \u00fcbertragen werden kann.","og_url":"https:\/\/maviesanstabac.lu\/de\/coronavirus-durch-rauch-uebertragabar\/","og_site_name":"ma vie sans tabac","article_modified_time":"2021-04-30T06:59:48+00:00","twitter_card":"summary_large_image","twitter_image":"https:\/\/maviesanstabac.lu\/wp-content\/uploads\/2017\/06\/FondationCancer.jpg","twitter_misc":{"Gesch\u00e4tzte Lesezeit":"2\u00a0Minuten"},"schema":{"@context":"https:\/\/schema.org","@graph":[{"@type":"WebPage","@id":"https:\/\/maviesanstabac.lu\/de\/coronavirus-durch-rauch-uebertragabar\/","url":"https:\/\/maviesanstabac.lu\/de\/coronavirus-durch-rauch-uebertragabar\/","name":"Coronavirus und Rauchen - Kann das Coronavirus durch Rauch \u00fcbertragen werden?","isPartOf":{"@id":"https:\/\/maviesanstabac.lu\/de\/#website"},"primaryImageOfPage":{"@id":"https:\/\/maviesanstabac.lu\/de\/coronavirus-durch-rauch-uebertragabar\/#primaryimage"},"image":{"@id":"https:\/\/maviesanstabac.lu\/de\/coronavirus-durch-rauch-uebertragabar\/#primaryimage"},"thumbnailUrl":"https:\/\/maviesanstabac.lu\/wp-content\/uploads\/2017\/06\/FondationCancer.jpg","datePublished":"2020-07-30T12:36:57+00:00","dateModified":"2021-04-30T06:59:48+00:00","description":"Der Rauch einer Zigarette kann, f\u00fcr sich betrachtet, das Virus nicht \u00fcbertragen. Allerdings kann die Ausatemluft eines Menschen winzige Tr\u00f6pfchen enthalten, \u00fcber die das Virus \u00fcbertragen werden kann.","breadcrumb":{"@id":"https:\/\/maviesanstabac.lu\/de\/coronavirus-durch-rauch-uebertragabar\/#breadcrumb"},"inLanguage":"de","potentialAction":[{"@type":"ReadAction","target":["https:\/\/maviesanstabac.lu\/de\/coronavirus-durch-rauch-uebertragabar\/"]}]},{"@type":"ImageObject","inLanguage":"de","@id":"https:\/\/maviesanstabac.lu\/de\/coronavirus-durch-rauch-uebertragabar\/#primaryimage","url":"https:\/\/maviesanstabac.lu\/wp-content\/uploads\/2017\/06\/FondationCancer.jpg","contentUrl":"https:\/\/maviesanstabac.lu\/wp-content\/uploads\/2017\/06\/FondationCancer.jpg","width":991,"height":1200},{"@type":"BreadcrumbList","@id":"https:\/\/maviesanstabac.lu\/de\/coronavirus-durch-rauch-uebertragabar\/#breadcrumb","itemListElement":[{"@type":"ListItem","position":1,"name":"Accueil","item":"https:\/\/maviesanstabac.lu\/de\/"},{"@type":"ListItem","position":2,"name":"Coronavirus und Rauchen &#8211; Kann das Coronavirus durch Rauch \u00fcbertragen werden?"}]},{"@type":"WebSite","@id":"https:\/\/maviesanstabac.lu\/de\/#website","url":"https:\/\/maviesanstabac.lu\/de\/","name":"ma vie sans tabac","description":"Sans tabac pour une vie plus saine","potentialAction":[{"@type":"SearchAction","target":{"@type":"EntryPoint","urlTemplate":"https:\/\/maviesanstabac.lu\/de\/?s={search_term_string}"},"query-input":{"@type":"PropertyValueSpecification","valueRequired":true,"valueName":"search_term_string"}}],"inLanguage":"de"}]}},"_links":{"self":[{"href":"https:\/\/maviesanstabac.lu\/de\/wp-json\/wp\/v2\/pages\/10083","targetHints":{"allow":["GET"]}}],"collection":[{"href":"https:\/\/maviesanstabac.lu\/de\/wp-json\/wp\/v2\/pages"}],"about":[{"href":"https:\/\/maviesanstabac.lu\/de\/wp-json\/wp\/v2\/types\/page"}],"author":[{"embeddable":true,"href":"https:\/\/maviesanstabac.lu\/de\/wp-json\/wp\/v2\/users\/1"}],"replies":[{"embeddable":true,"href":"https:\/\/maviesanstabac.lu\/de\/wp-json\/wp\/v2\/comments?post=10083"}],"version-history":[{"count":9,"href":"https:\/\/maviesanstabac.lu\/de\/wp-json\/wp\/v2\/pages\/10083\/revisions"}],"predecessor-version":[{"id":10257,"href":"https:\/\/maviesanstabac.lu\/de\/wp-json\/wp\/v2\/pages\/10083\/revisions\/10257"}],"wp:featuredmedia":[{"embeddable":true,"href":"https:\/\/maviesanstabac.lu\/de\/wp-json\/wp\/v2\/media\/3368"}],"wp:attachment":[{"href":"https:\/\/maviesanstabac.lu\/de\/wp-json\/wp\/v2\/media?parent=10083"}],"curies":[{"name":"wp","href":"https:\/\/api.w.org\/{rel}","templated":true}]}}