{"id":10096,"date":"2020-07-30T15:48:53","date_gmt":"2020-07-30T13:48:53","guid":{"rendered":"https:\/\/www.maviesanstabac.lu\/comment-proteger-mes-proches-et-moi-meme\/"},"modified":"2021-04-30T08:57:15","modified_gmt":"2021-04-30T06:57:15","slug":"sich-und-sein-umfeld-schuetzen","status":"publish","type":"page","link":"https:\/\/maviesanstabac.lu\/de\/sich-und-sein-umfeld-schuetzen\/","title":{"rendered":"Coronavirus und Rauchen &#8211; Rauchen im Lockdown: So sch\u00fctzen Sie sich und Ihr Umfeld"},"content":{"rendered":"<div class=\"wpb-content-wrapper\"><p>[vc_row type=&#8221;vc_default&#8221; content_placement=&#8221;middle&#8221; margin_top=&#8221;-50&#8243; bg_type=&#8221;image&#8221; parallax_style=&#8221;vcpb-default&#8221; bg_image_new=&#8221;id^8627|url^https:\/\/www.maviesanstabac.lu\/wp-content\/uploads\/2020\/04\/slider_confinement-bon-moment-pour-arreter-de-fumer.jpg|caption^null|alt^null|title^slider_confinement-bon-moment-pour-arreter-de-fumer|description^null&#8221; bg_override=&#8221;ex-full&#8221; enable_overlay=&#8221;enable_overlay_value&#8221; overlay_pattern=&#8221;transperant&#8221; overlay_pattern_opacity=&#8221;100&#8243; overlay_pattern_size=&#8221;200&#8243; css=&#8221;.vc_custom_1591883698839{padding-top: 3% !important;padding-bottom: 0px !important;}&#8221; el_class=&#8221;internal-header&#8221;][vc_column][\/vc_column][\/vc_row][vc_row][vc_column css=&#8221;.vc_custom_1540631490734{padding-right: 40px !important;padding-left: 40px !important;}&#8221;][vc_empty_space]<div id=\"ultimate-heading-382169dedaedc05c8\" class=\"uvc-heading ult-adjust-bottom-margin ultimate-heading-382169dedaedc05c8 uvc-1345  uvc-heading-default-font-sizes\" data-hspacer=\"line_only\"  data-halign=\"center\" style=\"text-align:center\"><div class=\"uvc-main-heading ult-responsive\"  data-ultimate-target='.uvc-heading.ultimate-heading-382169dedaedc05c8 h2'  data-responsive-json-new='{\"font-size\":\"\",\"line-height\":\"\"}' ><h2 style=\"font-weight:bold;margin-bottom:7px;\">Rauchen im Lockdown: So sch\u00fctzen Sie sich und Ihr Umfeld<\/h2><\/div><div class=\"uvc-heading-spacer line_only\" style=\"margin-top:15px;margin-bottom:25px;height:3px;\"><span class=\"uvc-headings-line\" style=\"border-style:solid;border-bottom-width:3px;border-color:#f20738;width:750px;\"><\/span><\/div><\/div>[vc_empty_space][vc_column_text]<strong>W\u00e4hrend eines m\u00f6glichen <em>Lockdowns<\/em> passiert es schnell einmal, dass man sich in der Wohnung eine Zigarette anz\u00fcndet. Lesen Sie hier, wie Sie die Auswirkungen auf die Gesundheit Ihrer Lieben und auch Ihre eigene minimieren und ob Sie zum Rauchen auch einmal kurz vor die T\u00fcr gehen d\u00fcrfen.<\/strong><\/p>\n<p>Ihnen ist sicher bekannt, dass f\u00fcr Rauchende im Zusammenhang mit dem Coronavirus ein erh\u00f6htes Risiko f\u00fcr Komplikationen besteht. F\u00fcr Ihre Gesundheit w\u00e4re es darum nat\u00fcrlich am besten, Sie w\u00fcrden das Rauchen aufgeben. Doch leider ist es nicht so einfach, von einer Sucht loszukommen, schon gar nicht von einem Tag auf den anderen. Was man tun kann und sollte, haben wir im Folgenden kurz f\u00fcr Sie zusammengefasst.[\/vc_column_text]<div id=\"ultimate-heading-943669dedaedc0687\" class=\"uvc-heading ult-adjust-bottom-margin ultimate-heading-943669dedaedc0687 uvc-7235 \" data-hspacer=\"line_only\"  data-halign=\"left\" style=\"text-align:left\"><div class=\"uvc-main-heading ult-responsive\"  data-ultimate-target='.uvc-heading.ultimate-heading-943669dedaedc0687 h2'  data-responsive-json-new='{\"font-size\":\"desktop:22px;\",\"line-height\":\"desktop:32px;\"}' ><h2 style=\"font-weight:bold;margin-bottom:7px;\">\u201eIch schaffe es nicht aufzuh\u00f6ren, aber ich versuche weniger zu rauchen.\u201c<\/h2><\/div><div class=\"uvc-heading-spacer line_only\" style=\"margin-top:15px;margin-bottom:25px;height:3px;\"><span class=\"uvc-headings-line\" style=\"border-style:solid;border-bottom-width:3px;border-color:#f20738;width:70px;\"><\/span><\/div><\/div>[vc_empty_space][vc_column_text]<strong>Gute und schlechte Idee. <\/strong>Weniger zu rauchen ist eine gute Sache, aber achten Sie darauf, dass die Lust auf eine Zigarette in der Rauchpause nicht zu gro\u00df wird. Sonst laufen Sie n\u00e4mlich Gefahr, <strong>zum Ausgleich unbewusst fester an der n\u00e4chsten Zigarette zu ziehen.<\/strong> Dann gelangt der Rauch tiefer in Ihre Lungen, und gerade das soll ja nicht passieren.<\/p>\n<p>Es kann nat\u00fcrlich sehr motivierend sein, wenn es Ihnen gelingt, Ihren Zigarettenkonsum zu reduzieren. Sie lernen dabei etwas \u00fcber sich und Ihre F\u00e4higkeit, Versuchungen zu widerstehen. Doch wenn Sie das Rauchen wirklich aufgeben wollen, sollten Sie ein Datum festlegen, an dem endg\u00fcltig Schluss sein soll, und f\u00fcr die Entw\u00f6hnung eventuell die Unterst\u00fctzung eines Experten f\u00fcr Tabakentw\u00f6hnung in Anspruch nehmen. Auch eine medikament\u00f6se Begleitung des Entzugs ist unter Umst\u00e4nden sinnvoll.<\/p>\n<p>Es kann allerdings auch passieren, dass man im Lockdown aus Langeweile und Stress mehr raucht. F\u00fcr viele Rauchende besteht die gr\u00f6\u00dfte Herausforderung in dieser Situation wohl darin, <strong>nicht mehr zu rauchen als ohnehin schon. <\/strong>Vielleicht helfen Ihnen ja die folgenden Ratschl\u00e4ge.[\/vc_column_text]<div id=\"ultimate-heading-479869dedaedc0713\" class=\"uvc-heading ult-adjust-bottom-margin ultimate-heading-479869dedaedc0713 uvc-2590 \" data-hspacer=\"line_only\"  data-halign=\"left\" style=\"text-align:left\"><div class=\"uvc-main-heading ult-responsive\"  data-ultimate-target='.uvc-heading.ultimate-heading-479869dedaedc0713 h2'  data-responsive-json-new='{\"font-size\":\"desktop:22px;\",\"line-height\":\"desktop:32px;\"}' ><h2 style=\"font-weight:bold;margin-bottom:7px;\">\u201eIch ersetzte die ein oder andere Zigarette mit meiner E-Zigarette.\u201c<\/h2><\/div><div class=\"uvc-heading-spacer line_only\" style=\"margin-top:15px;margin-bottom:25px;height:3px;\"><span class=\"uvc-headings-line\" style=\"border-style:solid;border-bottom-width:3px;border-color:#f20738;width:70px;\"><\/span><\/div><\/div>[vc_empty_space][vc_column_text]Wenn Sie eine E-Zigarette haben, sollten Sie <strong>versuchen, m\u00f6glichst nur noch elektronisch zu rauchen,<\/strong> statt die E-Zigarette mit normalen Zigaretten zu kombinieren. E-Zigaretten sind weniger gesundheitssch\u00e4dlich als normale Zigaretten, allerdings nur dann, wenn man die E-Zigarette nicht mit normalen Zigaretten kombiniert. Wenden Sie sich an einen Gesundheitsberater oder eine Gesundheitsberaterin, um die <span style=\"font-weight: normal !msorm;\"><strong>passende Nikotindosierung<\/strong><\/span> f\u00fcr Ihre E-Zigarette zu bestimmen.[\/vc_column_text]<div id=\"ultimate-heading-168369dedaedc077f\" class=\"uvc-heading ult-adjust-bottom-margin ultimate-heading-168369dedaedc077f uvc-1501 \" data-hspacer=\"line_only\"  data-halign=\"left\" style=\"text-align:left\"><div class=\"uvc-main-heading ult-responsive\"  data-ultimate-target='.uvc-heading.ultimate-heading-168369dedaedc077f h2'  data-responsive-json-new='{\"font-size\":\"desktop:22px;\",\"line-height\":\"desktop:32px;\"}' ><h2 style=\"font-weight:bold;margin-bottom:7px;\">\u201eIch traue mich\/kann nicht mehr nach drau\u00dfen, darum muss ich jetzt drinnen rauchen.\u201c<\/h2><\/div><div class=\"uvc-heading-spacer line_only\" style=\"margin-top:15px;margin-bottom:25px;height:3px;\"><span class=\"uvc-headings-line\" style=\"border-style:solid;border-bottom-width:3px;border-color:#f20738;width:70px;\"><\/span><\/div><\/div>[vc_empty_space][vc_column_text]<strong>Stehender Rauch in der Wohnung ist extrem sch\u00e4dlich, <\/strong>besonders, wenn Sie mehrere Stunden im Qualm sitzen. Dann rauchen Sie n\u00e4mlich passiv. Auch der Rauch aus der Luft sch\u00e4digt die Schleimh\u00e4ute Ihrer Bronchien und macht Sie <span style=\"font-weight: normal !msorm;\"><strong>anf\u00e4lliger f\u00fcr bakterielle und virale Infektionen<\/strong><\/span>. Wenn Sie also nicht aufh\u00f6ren wollen zu rauchen, sollten Sie sich und Ihr Umfeld sch\u00fctzen: Wenn Sie keinen Balkon oder Garten haben, rauchen Sie am besten am offenen <strong>Fenster <\/strong>\u2013 auch wenn das nat\u00fcrlich kein absoluter Schutz f\u00fcr die Menschen ist, die mit Ihnen zusammen in einer Wohnung leben. Lassen Sie das Fenster anschlie\u00dfend noch eine Weile offen, <strong>um noch einmal gr\u00fcndlich durchzul\u00fcften.<\/strong><\/p>\n<p>Aber wenn Sie nicht krank sind, k\u00f6nnen Sie auch ab und an <strong>nach drau\u00dfen gehen,<\/strong> um zu rauchen \u2013 Sie m\u00fcssen dann lediglich die offiziellen Abstandsregeln einhalten.[\/vc_column_text]<div id=\"ultimate-heading-15869dedaedc0811\" class=\"uvc-heading ult-adjust-bottom-margin ultimate-heading-15869dedaedc0811 uvc-2491 \" data-hspacer=\"line_only\"  data-halign=\"left\" style=\"text-align:left\"><div class=\"uvc-main-heading ult-responsive\"  data-ultimate-target='.uvc-heading.ultimate-heading-15869dedaedc0811 h2'  data-responsive-json-new='{\"font-size\":\"desktop:22px;\",\"line-height\":\"desktop:32px;\"}' ><h2 style=\"font-weight:bold;margin-bottom:7px;\">\u201eWenn ich keinen Kontakt mit anderen Menschen habe, muss ich mir auch nicht andauernd die H\u00e4nde waschen.\u201c<\/h2><\/div><div class=\"uvc-heading-spacer line_only\" style=\"margin-top:15px;margin-bottom:25px;height:3px;\"><span class=\"uvc-headings-line\" style=\"border-style:solid;border-bottom-width:3px;border-color:#f20738;width:70px;\"><\/span><\/div><\/div>[vc_empty_space][vc_column_text]F\u00fcr Rauchende, auch von E-Zigaretten, ist es sehr wichtig, auf eine gute Handhygiene zu achten. Viele Krankheiten werden \u00fcbertragen, indem man einen Gegenstand mit den H\u00e4nden ber\u00fchrt und sich anschlie\u00dfend ins Gesicht fasst. F\u00fcr Rauchende ist dieses Risiko noch gr\u00f6\u00dfer, weil sie die Zigarette andauernd mit den H\u00e4nden zum Mund f\u00fchren. Waschen Sie sich darum regelm\u00e4\u00dfig die H\u00e4nde, <strong>vor allem, bevor Sie sich eine Zigarette anz\u00fcnden.<\/strong>[\/vc_column_text][vc_empty_space]<div id=\"ultimate-heading-249669dedaedc0872\" class=\"uvc-heading ult-adjust-bottom-margin ultimate-heading-249669dedaedc0872 uvc-8508 \" data-hspacer=\"line_only\"  data-halign=\"left\" style=\"text-align:left\"><div class=\"uvc-main-heading ult-responsive\"  data-ultimate-target='.uvc-heading.ultimate-heading-249669dedaedc0872 h2'  data-responsive-json-new='{\"font-size\":\"desktop:22px;\",\"line-height\":\"desktop:32px;\"}' ><h2 style=\"font-weight:bold;margin-bottom:7px;\">Alle wichtigen Informationen<\/h2><\/div><div class=\"uvc-heading-spacer line_only\" style=\"margin-top:15px;margin-bottom:25px;height:3px;\"><span class=\"uvc-headings-line\" style=\"border-style:solid;border-bottom-width:3px;border-color:#f20738;width:70px;\"><\/span><\/div><\/div>[vc_column_text]<\/p>\n<ul>\n<li><a href=\"https:\/\/www.maviesanstabac.lu\/lockerung-der-kontaktbeschraenkung\/\">Lockerung der Kontaktbeschr\u00e4nkungen, R\u00fcckkehr an den Arbeitsplatz, Mund-Nasen-Schutz \u2026 und rauchen?<\/a><\/li>\n<li><a href=\"https:\/\/www.maviesanstabac.lu\/lockdown-so-regulieren-sie-ihren-tabakkonsum\/\">Lockdown: So regulieren Sie Ihren Tabakkonsum<\/a><\/li>\n<li><a href=\"https:\/\/www.maviesanstabac.lu\/coronavirus-durch-rauch-uebertragabar\/\">Kann das Coronavirus durch Rauch \u00fcbertragen werden?<\/a><\/li>\n<\/ul>\n<p>[\/vc_column_text][vc_column_text]<em>Quelle: Wir bedanken uns bei der belgischen Krebsstiftung <a href=\"https:\/\/www.tabacstop.be\/\">Fondation belge contre le Cancer<\/a>, nach deren Vorlage dieser Text entstanden ist.<\/em>[\/vc_column_text][vc_empty_space][vc_column_text]<strong>Haben Sie noch weitere Fragen oder Anliegen rund um das Thema Tabakkonsum? Brauchen Sie Rat? Dann k\u00f6nnen Sie sich gerne telefonisch unter der 45 30\u00a0331 oder \u00fcber unser <a href=\"https:\/\/www.maviesanstabac.lu\/contact\/\">Online-Formular<\/a> an unseren Gesundheitsexperten wenden.<\/strong>[\/vc_column_text][vc_empty_space height=&#8221;50px&#8221;][\/vc_column][\/vc_row][vc_row][vc_column][\/vc_column][\/vc_row][vc_row][vc_column][vc_empty_space height=&#8221;30px&#8221;][\/vc_column][\/vc_row]<\/p>\n<\/div>","protected":false},"excerpt":{"rendered":"<p>[vc_row type=&#8221;vc_default&#8221; content_placement=&#8221;middle&#8221; margin_top=&#8221;-50&#8243; bg_type=&#8221;image&#8221; parallax_style=&#8221;vcpb-default&#8221; bg_image_new=&#8221;id^8627|url^https:\/\/www.maviesanstabac.lu\/wp-content\/uploads\/2020\/04\/slider_confinement-bon-moment-pour-arreter-de-fumer.jpg|caption^null|alt^null|title^slider_confinement-bon-moment-pour-arreter-de-fumer|description^null&#8221; bg_override=&#8221;ex-full&#8221; enable_overlay=&#8221;enable_overlay_value&#8221; overlay_pattern=&#8221;transperant&#8221; overlay_pattern_opacity=&#8221;100&#8243; overlay_pattern_size=&#8221;200&#8243; css=&#8221;.vc_custom_1591883698839{padding-top: 3% !important;padding-bottom: 0px !important;}&#8221; el_class=&#8221;internal-header&#8221;][vc_column][\/vc_column][\/vc_row][vc_row][vc_column css=&#8221;.vc_custom_1540631490734{padding-right: 40px !important;padding-left: 40px !important;}&#8221;][vc_empty_space][vc_empty_space][vc_column_text]W\u00e4hrend eines m\u00f6glichen Lockdowns passiert es schnell einmal, dass man sich in der Wohnung eine Zigarette anz\u00fcndet. Lesen Sie hier, wie Sie die Auswirkungen auf die Gesundheit Ihrer Lieben und auch Ihre eigene&hellip;<\/p>\n","protected":false},"author":1,"featured_media":3368,"parent":0,"menu_order":0,"comment_status":"closed","ping_status":"closed","template":"","meta":{"footnotes":""},"class_list":["post-10096","page","type-page","status-publish","has-post-thumbnail","hentry","description-off"],"yoast_head":"<!-- This site is optimized with the Yoast SEO plugin v27.0 - https:\/\/yoast.com\/product\/yoast-seo-wordpress\/ -->\n<title>Coronavirus und Rauchen - Sich und sein Umfeld sch\u00fctzen<\/title>\n<meta name=\"description\" content=\"W\u00e4hrend eines m\u00f6glichen Lockdowns passiert es schnell einmal, dass man sich in der Wohnung eine Zigarette anz\u00fcndet. Lesen Sie hier, wie Sie die Auswirkungen auf die Gesundheit Ihrer Lieben und auch Ihre eigene minimieren.\" \/>\n<meta name=\"robots\" content=\"index, follow, max-snippet:-1, max-image-preview:large, max-video-preview:-1\" \/>\n<link rel=\"canonical\" href=\"https:\/\/maviesanstabac.lu\/de\/sich-und-sein-umfeld-schuetzen\/\" \/>\n<meta property=\"og:locale\" content=\"de_DE\" \/>\n<meta property=\"og:type\" content=\"article\" \/>\n<meta property=\"og:title\" content=\"Coronavirus und Rauchen - Sich und sein Umfeld sch\u00fctzen\" \/>\n<meta property=\"og:description\" content=\"W\u00e4hrend eines m\u00f6glichen Lockdowns passiert es schnell einmal, dass man sich in der Wohnung eine Zigarette anz\u00fcndet. Lesen Sie hier, wie Sie die Auswirkungen auf die Gesundheit Ihrer Lieben und auch Ihre eigene minimieren.\" \/>\n<meta property=\"og:url\" content=\"https:\/\/maviesanstabac.lu\/de\/sich-und-sein-umfeld-schuetzen\/\" \/>\n<meta property=\"og:site_name\" content=\"ma vie sans tabac\" \/>\n<meta property=\"article:modified_time\" content=\"2021-04-30T06:57:15+00:00\" \/>\n<meta name=\"twitter:card\" content=\"summary_large_image\" \/>\n<meta name=\"twitter:image\" content=\"https:\/\/maviesanstabac.lu\/wp-content\/uploads\/2017\/06\/FondationCancer.jpg\" \/>\n<meta name=\"twitter:label1\" content=\"Gesch\u00e4tzte Lesezeit\" \/>\n\t<meta name=\"twitter:data1\" content=\"4\u00a0Minuten\" \/>\n<script type=\"application\/ld+json\" class=\"yoast-schema-graph\">{\"@context\":\"https:\/\/schema.org\",\"@graph\":[{\"@type\":\"WebPage\",\"@id\":\"https:\/\/maviesanstabac.lu\/de\/sich-und-sein-umfeld-schuetzen\/\",\"url\":\"https:\/\/maviesanstabac.lu\/de\/sich-und-sein-umfeld-schuetzen\/\",\"name\":\"Coronavirus und Rauchen - Sich und sein Umfeld sch\u00fctzen\",\"isPartOf\":{\"@id\":\"https:\/\/maviesanstabac.lu\/de\/#website\"},\"primaryImageOfPage\":{\"@id\":\"https:\/\/maviesanstabac.lu\/de\/sich-und-sein-umfeld-schuetzen\/#primaryimage\"},\"image\":{\"@id\":\"https:\/\/maviesanstabac.lu\/de\/sich-und-sein-umfeld-schuetzen\/#primaryimage\"},\"thumbnailUrl\":\"https:\/\/maviesanstabac.lu\/wp-content\/uploads\/2017\/06\/FondationCancer.jpg\",\"datePublished\":\"2020-07-30T13:48:53+00:00\",\"dateModified\":\"2021-04-30T06:57:15+00:00\",\"description\":\"W\u00e4hrend eines m\u00f6glichen Lockdowns passiert es schnell einmal, dass man sich in der Wohnung eine Zigarette anz\u00fcndet. Lesen Sie hier, wie Sie die Auswirkungen auf die Gesundheit Ihrer Lieben und auch Ihre eigene minimieren.\",\"breadcrumb\":{\"@id\":\"https:\/\/maviesanstabac.lu\/de\/sich-und-sein-umfeld-schuetzen\/#breadcrumb\"},\"inLanguage\":\"de\",\"potentialAction\":[{\"@type\":\"ReadAction\",\"target\":[\"https:\/\/maviesanstabac.lu\/de\/sich-und-sein-umfeld-schuetzen\/\"]}]},{\"@type\":\"ImageObject\",\"inLanguage\":\"de\",\"@id\":\"https:\/\/maviesanstabac.lu\/de\/sich-und-sein-umfeld-schuetzen\/#primaryimage\",\"url\":\"https:\/\/maviesanstabac.lu\/wp-content\/uploads\/2017\/06\/FondationCancer.jpg\",\"contentUrl\":\"https:\/\/maviesanstabac.lu\/wp-content\/uploads\/2017\/06\/FondationCancer.jpg\",\"width\":991,\"height\":1200},{\"@type\":\"BreadcrumbList\",\"@id\":\"https:\/\/maviesanstabac.lu\/de\/sich-und-sein-umfeld-schuetzen\/#breadcrumb\",\"itemListElement\":[{\"@type\":\"ListItem\",\"position\":1,\"name\":\"Accueil\",\"item\":\"https:\/\/maviesanstabac.lu\/de\/\"},{\"@type\":\"ListItem\",\"position\":2,\"name\":\"Coronavirus und Rauchen &#8211; Rauchen im Lockdown: So sch\u00fctzen Sie sich und Ihr Umfeld\"}]},{\"@type\":\"WebSite\",\"@id\":\"https:\/\/maviesanstabac.lu\/de\/#website\",\"url\":\"https:\/\/maviesanstabac.lu\/de\/\",\"name\":\"ma vie sans tabac\",\"description\":\"Sans tabac pour une vie plus saine\",\"potentialAction\":[{\"@type\":\"SearchAction\",\"target\":{\"@type\":\"EntryPoint\",\"urlTemplate\":\"https:\/\/maviesanstabac.lu\/de\/?s={search_term_string}\"},\"query-input\":{\"@type\":\"PropertyValueSpecification\",\"valueRequired\":true,\"valueName\":\"search_term_string\"}}],\"inLanguage\":\"de\"}]}<\/script>\n<!-- \/ Yoast SEO plugin. -->","yoast_head_json":{"title":"Coronavirus und Rauchen - Sich und sein Umfeld sch\u00fctzen","description":"W\u00e4hrend eines m\u00f6glichen Lockdowns passiert es schnell einmal, dass man sich in der Wohnung eine Zigarette anz\u00fcndet. Lesen Sie hier, wie Sie die Auswirkungen auf die Gesundheit Ihrer Lieben und auch Ihre eigene minimieren.","robots":{"index":"index","follow":"follow","max-snippet":"max-snippet:-1","max-image-preview":"max-image-preview:large","max-video-preview":"max-video-preview:-1"},"canonical":"https:\/\/maviesanstabac.lu\/de\/sich-und-sein-umfeld-schuetzen\/","og_locale":"de_DE","og_type":"article","og_title":"Coronavirus und Rauchen - Sich und sein Umfeld sch\u00fctzen","og_description":"W\u00e4hrend eines m\u00f6glichen Lockdowns passiert es schnell einmal, dass man sich in der Wohnung eine Zigarette anz\u00fcndet. Lesen Sie hier, wie Sie die Auswirkungen auf die Gesundheit Ihrer Lieben und auch Ihre eigene minimieren.","og_url":"https:\/\/maviesanstabac.lu\/de\/sich-und-sein-umfeld-schuetzen\/","og_site_name":"ma vie sans tabac","article_modified_time":"2021-04-30T06:57:15+00:00","twitter_card":"summary_large_image","twitter_image":"https:\/\/maviesanstabac.lu\/wp-content\/uploads\/2017\/06\/FondationCancer.jpg","twitter_misc":{"Gesch\u00e4tzte Lesezeit":"4\u00a0Minuten"},"schema":{"@context":"https:\/\/schema.org","@graph":[{"@type":"WebPage","@id":"https:\/\/maviesanstabac.lu\/de\/sich-und-sein-umfeld-schuetzen\/","url":"https:\/\/maviesanstabac.lu\/de\/sich-und-sein-umfeld-schuetzen\/","name":"Coronavirus und Rauchen - Sich und sein Umfeld sch\u00fctzen","isPartOf":{"@id":"https:\/\/maviesanstabac.lu\/de\/#website"},"primaryImageOfPage":{"@id":"https:\/\/maviesanstabac.lu\/de\/sich-und-sein-umfeld-schuetzen\/#primaryimage"},"image":{"@id":"https:\/\/maviesanstabac.lu\/de\/sich-und-sein-umfeld-schuetzen\/#primaryimage"},"thumbnailUrl":"https:\/\/maviesanstabac.lu\/wp-content\/uploads\/2017\/06\/FondationCancer.jpg","datePublished":"2020-07-30T13:48:53+00:00","dateModified":"2021-04-30T06:57:15+00:00","description":"W\u00e4hrend eines m\u00f6glichen Lockdowns passiert es schnell einmal, dass man sich in der Wohnung eine Zigarette anz\u00fcndet. Lesen Sie hier, wie Sie die Auswirkungen auf die Gesundheit Ihrer Lieben und auch Ihre eigene minimieren.","breadcrumb":{"@id":"https:\/\/maviesanstabac.lu\/de\/sich-und-sein-umfeld-schuetzen\/#breadcrumb"},"inLanguage":"de","potentialAction":[{"@type":"ReadAction","target":["https:\/\/maviesanstabac.lu\/de\/sich-und-sein-umfeld-schuetzen\/"]}]},{"@type":"ImageObject","inLanguage":"de","@id":"https:\/\/maviesanstabac.lu\/de\/sich-und-sein-umfeld-schuetzen\/#primaryimage","url":"https:\/\/maviesanstabac.lu\/wp-content\/uploads\/2017\/06\/FondationCancer.jpg","contentUrl":"https:\/\/maviesanstabac.lu\/wp-content\/uploads\/2017\/06\/FondationCancer.jpg","width":991,"height":1200},{"@type":"BreadcrumbList","@id":"https:\/\/maviesanstabac.lu\/de\/sich-und-sein-umfeld-schuetzen\/#breadcrumb","itemListElement":[{"@type":"ListItem","position":1,"name":"Accueil","item":"https:\/\/maviesanstabac.lu\/de\/"},{"@type":"ListItem","position":2,"name":"Coronavirus und Rauchen &#8211; Rauchen im Lockdown: So sch\u00fctzen Sie sich und Ihr Umfeld"}]},{"@type":"WebSite","@id":"https:\/\/maviesanstabac.lu\/de\/#website","url":"https:\/\/maviesanstabac.lu\/de\/","name":"ma vie sans tabac","description":"Sans tabac pour une vie plus saine","potentialAction":[{"@type":"SearchAction","target":{"@type":"EntryPoint","urlTemplate":"https:\/\/maviesanstabac.lu\/de\/?s={search_term_string}"},"query-input":{"@type":"PropertyValueSpecification","valueRequired":true,"valueName":"search_term_string"}}],"inLanguage":"de"}]}},"_links":{"self":[{"href":"https:\/\/maviesanstabac.lu\/de\/wp-json\/wp\/v2\/pages\/10096","targetHints":{"allow":["GET"]}}],"collection":[{"href":"https:\/\/maviesanstabac.lu\/de\/wp-json\/wp\/v2\/pages"}],"about":[{"href":"https:\/\/maviesanstabac.lu\/de\/wp-json\/wp\/v2\/types\/page"}],"author":[{"embeddable":true,"href":"https:\/\/maviesanstabac.lu\/de\/wp-json\/wp\/v2\/users\/1"}],"replies":[{"embeddable":true,"href":"https:\/\/maviesanstabac.lu\/de\/wp-json\/wp\/v2\/comments?post=10096"}],"version-history":[{"count":5,"href":"https:\/\/maviesanstabac.lu\/de\/wp-json\/wp\/v2\/pages\/10096\/revisions"}],"predecessor-version":[{"id":10255,"href":"https:\/\/maviesanstabac.lu\/de\/wp-json\/wp\/v2\/pages\/10096\/revisions\/10255"}],"wp:featuredmedia":[{"embeddable":true,"href":"https:\/\/maviesanstabac.lu\/de\/wp-json\/wp\/v2\/media\/3368"}],"wp:attachment":[{"href":"https:\/\/maviesanstabac.lu\/de\/wp-json\/wp\/v2\/media?parent=10096"}],"curies":[{"name":"wp","href":"https:\/\/api.w.org\/{rel}","templated":true}]}}