{"id":10100,"date":"2020-07-31T07:39:44","date_gmt":"2020-07-31T05:39:44","guid":{"rendered":"https:\/\/www.maviesanstabac.lu\/conseils-pour-controler-votre-consommation-de-tabac\/"},"modified":"2021-04-30T08:58:30","modified_gmt":"2021-04-30T06:58:30","slug":"lockdown-so-regulieren-sie-ihren-tabakkonsum","status":"publish","type":"page","link":"https:\/\/maviesanstabac.lu\/de\/lockdown-so-regulieren-sie-ihren-tabakkonsum\/","title":{"rendered":"Coronavirus und Rauchen &#8211; Lockdown: So regulieren Sie Ihren Tabakkonsum"},"content":{"rendered":"<div class=\"wpb-content-wrapper\"><p>[vc_row type=&#8221;vc_default&#8221; content_placement=&#8221;middle&#8221; margin_top=&#8221;-50&#8243; bg_type=&#8221;image&#8221; parallax_style=&#8221;vcpb-default&#8221; bg_image_new=&#8221;id^8627|url^https:\/\/www.maviesanstabac.lu\/wp-content\/uploads\/2020\/04\/slider_confinement-bon-moment-pour-arreter-de-fumer.jpg|caption^null|alt^null|title^slider_confinement-bon-moment-pour-arreter-de-fumer|description^null&#8221; bg_override=&#8221;ex-full&#8221; enable_overlay=&#8221;enable_overlay_value&#8221; overlay_pattern=&#8221;transperant&#8221; overlay_pattern_opacity=&#8221;100&#8243; overlay_pattern_size=&#8221;200&#8243; css=&#8221;.vc_custom_1591883698839{padding-top: 3% !important;padding-bottom: 0px !important;}&#8221; el_class=&#8221;internal-header&#8221;][vc_column][\/vc_column][\/vc_row][vc_row][vc_column css=&#8221;.vc_custom_1540631490734{padding-right: 40px !important;padding-left: 40px !important;}&#8221;][vc_empty_space]<div id=\"ultimate-heading-546569ded1c3ec669\" class=\"uvc-heading ult-adjust-bottom-margin ultimate-heading-546569ded1c3ec669 uvc-2488  uvc-heading-default-font-sizes\" data-hspacer=\"line_only\"  data-halign=\"center\" style=\"text-align:center\"><div class=\"uvc-main-heading ult-responsive\"  data-ultimate-target='.uvc-heading.ultimate-heading-546569ded1c3ec669 h2'  data-responsive-json-new='{\"font-size\":\"\",\"line-height\":\"\"}' ><h2 style=\"font-weight:bold;margin-bottom:7px;\">Lockdown: So regulieren Sie Ihren Tabakkonsum<\/h2><\/div><div class=\"uvc-heading-spacer line_only\" style=\"margin-top:15px;margin-bottom:25px;height:3px;\"><span class=\"uvc-headings-line\" style=\"border-style:solid;border-bottom-width:3px;border-color:#f20738;width:750px;\"><\/span><\/div><\/div>[vc_empty_space][vc_column_text]<strong>Zu Hause bleiben, Sozialkontakte einschr\u00e4nken, Vorr\u00e4te anlegen, damit man nicht so oft raus muss \u2026 All das kann dazu f\u00fchren, dass Sie mehr rauchen. Tappen Sie nicht in diese Falle, denn es wird Ihnen schwerfallen, Ihren Konsum sp\u00e4ter wieder einzuschr\u00e4nken. Gl\u00fccklicherweise leben wir in einer extrem vernetzen Welt, und wer Anregungen, Ideen und Austausch braucht, um sich zu besch\u00e4ftigen, findet davon im Internet reichlich. Auch die Fondation Cancer steht Ihnen gerne einmal mehr zur Seite, um diese schwierige Zeit zu \u00fcberstehen.<\/strong><\/p>\n<p>Die meisten von uns k\u00f6nnen nicht mehr arbeiten gehen oder sich ihren gewohnten Aktivit\u00e4ten widmen \u2026 und langweilen sich! Denken Sie dabei auch an Ihre Lungen, und rauchen Sie m\u00f6glichst wenig. Wenn Ihr Zigarettenkonsum w\u00e4hrend des <em>Lockdowns<\/em> steigt \u2013 zum Beispiel aus Stress oder Langeweile \u2013, wird es Ihnen sp\u00e4ter m\u00f6glicherweise schwerfallen, in Sachen Rauchen wieder k\u00fcrzer zu treten. Die Rezeptoren in Ihrem Gehirn, an die das Nikotin andockt, gew\u00f6hnen sich n\u00e4mlich schnell an die erh\u00f6hte Nikotindosis und werden darum auch weiterhin nach mehr verlangen. Darin bestehen die Mechanismen von Abh\u00e4ngigkeit und Gew\u00f6hnung.[\/vc_column_text]<div id=\"ultimate-heading-624669ded1c3ec72f\" class=\"uvc-heading ult-adjust-bottom-margin ultimate-heading-624669ded1c3ec72f uvc-9922 \" data-hspacer=\"line_only\"  data-halign=\"left\" style=\"text-align:left\"><div class=\"uvc-main-heading ult-responsive\"  data-ultimate-target='.uvc-heading.ultimate-heading-624669ded1c3ec72f h2'  data-responsive-json-new='{\"font-size\":\"desktop:22px;\",\"line-height\":\"desktop:32px;\"}' ><h2 style=\"font-weight:bold;margin-bottom:7px;\">Die folgenden Ratschl\u00e4ge helfen Ihnen vielleicht:<\/h2><\/div><div class=\"uvc-heading-spacer line_only\" style=\"margin-top:15px;margin-bottom:25px;height:3px;\"><span class=\"uvc-headings-line\" style=\"border-style:solid;border-bottom-width:3px;border-color:#f20738;width:70px;\"><\/span><\/div><\/div>[vc_empty_space][vc_column_text]<span style=\"color: #f20738;\"><strong>1. Besch\u00e4ftigen Sie Ihre H\u00e4nde anderweitig<\/strong><\/span><\/p>\n<p>Malen oder basteln Sie. Spielen Sie mit einem Gegenstand.<\/p>\n<p><span style=\"color: #f20738;\"><strong>2. Z\u00e4hlen Sie Ihre Zigaretten ab, damit Sie nicht mehr rauchen als vor dem Lockdown\u00a0<\/strong><\/span><\/p>\n<p>Versuchen Sie, zwischen Ihren Zigaretten einen bestimmten zeitlichen Abstand einzuhalten, und notieren Sie n\u00f6tigenfalls jede Zigarette, die Sie rauchen, um den \u00dcberblick zu behalten.<\/p>\n<p><span style=\"color: #f20738;\"><strong>3. Legen Sie nicht allzu gro\u00dfe Vorr\u00e4te an<\/strong><\/span><\/p>\n<p>Da man m\u00f6glichst wenig drau\u00dfen unterwegs sein soll, tendiert man dazu, gr\u00f6\u00dfere Vorr\u00e4te anzulegen. Das gilt auch f\u00fcr Zigaretten. M\u00f6glicherweise werden Sie darum bei einem Lockdown jede Menge Zigaretten im Haus haben \u2013 und umso schneller den \u00dcberblick \u00fcber Ihren Konsum verlieren. Auch wenn man aktuell nicht so viel rausgehen sollte: Kaufen Sie nicht zu viele Zigaretten auf einmal. Oder bitten Sie jemanden aus Ihrem Haushalt oder der Nachbarschaft (der nicht raucht), Ihre Zigarettenvorr\u00e4te in Verwahrung zu nehmen.<\/p>\n<p><span style=\"color: #f20738;\"><strong>4. Lenken Sie sich ab<\/strong><\/span><\/p>\n<p>Suchen Sie sich ein Hobby oder widmen sich einer Besch\u00e4ftigung, die Sie in letzter Zeit eher vernachl\u00e4ssigt haben: Zeichnen, basteln oder musizieren Sie \u2026<\/p>\n<p>Das Internet bietet reichlich M\u00f6glichkeiten, sich die Zeit zu vertreiben. Viele davon sind kostenlos. Musiker und Musikerinnen geben kostenlose Online-Konzerte, und auch Theaterst\u00fccke, virtuelle Museumsrundg\u00e4nge und B\u00fccher stehen zur Verf\u00fcgung, ohne dass Sie daf\u00fcr bezahlen m\u00fcssten. Und wer auf seine Linie achten will oder muss, findet in der virtuellen Welt auch kostenlose Sportkurse. Solidarit\u00e4t findet man allerorten.<\/p>\n<p>Die belgische Fondation Cancer hat unter dem Titel \u201eGardons le moral\u201c au\u00dferdem ein Blog mit Links zu verschiedenen Aktivit\u00e4ten und Ratschl\u00e4gen gestartet: Dort finden Sie Hinweise zu sportlichen Aktivit\u00e4ten, Wellness, Leben mit Kindern, Kochen und Kultur \u2026 Alle Vorschl\u00e4ge sind unter folgendem Link zusammengefasst: <a href=\"http:\/\/www.cancer.be\/gardons-le-moral\" target=\"_blank\" rel=\"noopener noreferrer\">www.cancer.be\/gardons-le-moral<\/a> <em>(in franz\u00f6sischer Sprache)<\/em>.<\/p>\n<p><span style=\"color: #f20738;\"><strong>5. Die Fondation Cancer anrufen<\/strong><\/span><\/p>\n<p>Sie sind antriebslos und Ihnen sind die Ideen ausgegangen? Sie machen sich Sorgen wegen Ihres Tabakkonsums und der damit verbundenen Gesundheitsrisiken? Sie haben fast keine Zigaretten mehr und wollen das ausnutzen, um mit dem Rauchen aufzuh\u00f6ren?[\/vc_column_text][vc_empty_space]<div id=\"ultimate-heading-89269ded1c3ec79a\" class=\"uvc-heading ult-adjust-bottom-margin ultimate-heading-89269ded1c3ec79a uvc-2011 \" data-hspacer=\"line_only\"  data-halign=\"left\" style=\"text-align:left\"><div class=\"uvc-main-heading ult-responsive\"  data-ultimate-target='.uvc-heading.ultimate-heading-89269ded1c3ec79a h2'  data-responsive-json-new='{\"font-size\":\"desktop:22px;\",\"line-height\":\"desktop:32px;\"}' ><h2 style=\"font-weight:bold;margin-bottom:7px;\">Alle wichtigen Informationen<\/h2><\/div><div class=\"uvc-heading-spacer line_only\" style=\"margin-top:15px;margin-bottom:25px;height:3px;\"><span class=\"uvc-headings-line\" style=\"border-style:solid;border-bottom-width:3px;border-color:#f20738;width:70px;\"><\/span><\/div><\/div>[vc_column_text]<\/p>\n<ul>\n<li><a href=\"https:\/\/www.maviesanstabac.lu\/lockerung-der-kontaktbeschraenkung\/\">Lockerung der Kontaktbeschr\u00e4nkungen, R\u00fcckkehr an den Arbeitsplatz, Mund-Nasen-Schutz \u2026 und rauchen?<\/a><\/li>\n<li><a href=\"https:\/\/www.maviesanstabac.lu\/sich-und-sein-umfeld-schuetzen\/\">Rauchen im Lockdown: So sch\u00fctzen Sie sich und Ihr Umfeld<\/a><\/li>\n<li><a href=\"https:\/\/www.maviesanstabac.lu\/coronavirus-durch-rauch-uebertragabar\/\">Kann das Coronavirus durch Rauch \u00fcbertragen werden?<\/a><\/li>\n<\/ul>\n<p>[\/vc_column_text][vc_column_text]<em>Quelle: Wir bedanken uns bei der belgischen Krebsstiftung <a href=\"https:\/\/www.tabacstop.be\/\">Fondation belge contre le Cancer<\/a>, nach deren Vorlage dieser Text entstanden ist.<\/em>[\/vc_column_text][vc_empty_space][vc_column_text]<strong>Wir sind f\u00fcr Sie da! Wenden Sie sich unter der Nummer 45\u00a030\u00a0331 an unseren Gesundheitsexperten.<\/strong>[\/vc_column_text][vc_empty_space][vc_empty_space height=&#8221;50px&#8221;][\/vc_column][\/vc_row][vc_row][vc_column][\/vc_column][\/vc_row][vc_row][vc_column][vc_empty_space height=&#8221;30px&#8221;][\/vc_column][\/vc_row]<\/p>\n<\/div>","protected":false},"excerpt":{"rendered":"<p>[vc_row type=&#8221;vc_default&#8221; content_placement=&#8221;middle&#8221; margin_top=&#8221;-50&#8243; bg_type=&#8221;image&#8221; parallax_style=&#8221;vcpb-default&#8221; bg_image_new=&#8221;id^8627|url^https:\/\/www.maviesanstabac.lu\/wp-content\/uploads\/2020\/04\/slider_confinement-bon-moment-pour-arreter-de-fumer.jpg|caption^null|alt^null|title^slider_confinement-bon-moment-pour-arreter-de-fumer|description^null&#8221; bg_override=&#8221;ex-full&#8221; enable_overlay=&#8221;enable_overlay_value&#8221; overlay_pattern=&#8221;transperant&#8221; overlay_pattern_opacity=&#8221;100&#8243; overlay_pattern_size=&#8221;200&#8243; css=&#8221;.vc_custom_1591883698839{padding-top: 3% !important;padding-bottom: 0px !important;}&#8221; el_class=&#8221;internal-header&#8221;][vc_column][\/vc_column][\/vc_row][vc_row][vc_column css=&#8221;.vc_custom_1540631490734{padding-right: 40px !important;padding-left: 40px !important;}&#8221;][vc_empty_space][vc_empty_space][vc_column_text]Zu Hause bleiben, Sozialkontakte einschr\u00e4nken, Vorr\u00e4te anlegen, damit man nicht so oft raus muss \u2026 All das kann dazu f\u00fchren, dass Sie mehr rauchen. Tappen Sie nicht in diese Falle, denn es wird&hellip;<\/p>\n","protected":false},"author":1,"featured_media":3368,"parent":0,"menu_order":0,"comment_status":"closed","ping_status":"closed","template":"","meta":{"footnotes":""},"class_list":["post-10100","page","type-page","status-publish","has-post-thumbnail","hentry","description-off"],"yoast_head":"<!-- This site is optimized with the Yoast SEO plugin v27.0 - https:\/\/yoast.com\/product\/yoast-seo-wordpress\/ -->\n<title>Coronavirus und Rauchen - Lockdown: So regulieren Sie Ihren Tabakkonsum<\/title>\n<meta name=\"description\" content=\"Zu Hause bleiben, Sozialkontakte einschr\u00e4nken, Vorr\u00e4te anlegen, damit man nicht so oft raus muss \u2026 All das kann dazu f\u00fchren, dass Sie mehr rauchen. Tappen Sie nicht in diese Falle, denn es wird Ihnen schwerfallen, Ihren Konsum sp\u00e4ter wieder einzuschr\u00e4nken.\" \/>\n<meta name=\"robots\" content=\"index, follow, max-snippet:-1, max-image-preview:large, max-video-preview:-1\" \/>\n<link rel=\"canonical\" href=\"https:\/\/maviesanstabac.lu\/de\/lockdown-so-regulieren-sie-ihren-tabakkonsum\/\" \/>\n<meta property=\"og:locale\" content=\"de_DE\" \/>\n<meta property=\"og:type\" content=\"article\" \/>\n<meta property=\"og:title\" content=\"Coronavirus und Rauchen - Lockdown: So regulieren Sie Ihren Tabakkonsum\" \/>\n<meta property=\"og:description\" content=\"Zu Hause bleiben, Sozialkontakte einschr\u00e4nken, Vorr\u00e4te anlegen, damit man nicht so oft raus muss \u2026 All das kann dazu f\u00fchren, dass Sie mehr rauchen. Tappen Sie nicht in diese Falle, denn es wird Ihnen schwerfallen, Ihren Konsum sp\u00e4ter wieder einzuschr\u00e4nken.\" \/>\n<meta property=\"og:url\" content=\"https:\/\/maviesanstabac.lu\/de\/lockdown-so-regulieren-sie-ihren-tabakkonsum\/\" \/>\n<meta property=\"og:site_name\" content=\"ma vie sans tabac\" \/>\n<meta property=\"article:modified_time\" content=\"2021-04-30T06:58:30+00:00\" \/>\n<meta name=\"twitter:card\" content=\"summary_large_image\" \/>\n<meta name=\"twitter:image\" content=\"https:\/\/maviesanstabac.lu\/wp-content\/uploads\/2017\/06\/FondationCancer.jpg\" \/>\n<meta name=\"twitter:label1\" content=\"Gesch\u00e4tzte Lesezeit\" \/>\n\t<meta name=\"twitter:data1\" content=\"3\u00a0Minuten\" \/>\n<script type=\"application\/ld+json\" class=\"yoast-schema-graph\">{\"@context\":\"https:\/\/schema.org\",\"@graph\":[{\"@type\":\"WebPage\",\"@id\":\"https:\/\/maviesanstabac.lu\/de\/lockdown-so-regulieren-sie-ihren-tabakkonsum\/\",\"url\":\"https:\/\/maviesanstabac.lu\/de\/lockdown-so-regulieren-sie-ihren-tabakkonsum\/\",\"name\":\"Coronavirus und Rauchen - Lockdown: So regulieren Sie Ihren Tabakkonsum\",\"isPartOf\":{\"@id\":\"https:\/\/maviesanstabac.lu\/de\/#website\"},\"primaryImageOfPage\":{\"@id\":\"https:\/\/maviesanstabac.lu\/de\/lockdown-so-regulieren-sie-ihren-tabakkonsum\/#primaryimage\"},\"image\":{\"@id\":\"https:\/\/maviesanstabac.lu\/de\/lockdown-so-regulieren-sie-ihren-tabakkonsum\/#primaryimage\"},\"thumbnailUrl\":\"https:\/\/maviesanstabac.lu\/wp-content\/uploads\/2017\/06\/FondationCancer.jpg\",\"datePublished\":\"2020-07-31T05:39:44+00:00\",\"dateModified\":\"2021-04-30T06:58:30+00:00\",\"description\":\"Zu Hause bleiben, Sozialkontakte einschr\u00e4nken, Vorr\u00e4te anlegen, damit man nicht so oft raus muss \u2026 All das kann dazu f\u00fchren, dass Sie mehr rauchen. Tappen Sie nicht in diese Falle, denn es wird Ihnen schwerfallen, Ihren Konsum sp\u00e4ter wieder einzuschr\u00e4nken.\",\"breadcrumb\":{\"@id\":\"https:\/\/maviesanstabac.lu\/de\/lockdown-so-regulieren-sie-ihren-tabakkonsum\/#breadcrumb\"},\"inLanguage\":\"de\",\"potentialAction\":[{\"@type\":\"ReadAction\",\"target\":[\"https:\/\/maviesanstabac.lu\/de\/lockdown-so-regulieren-sie-ihren-tabakkonsum\/\"]}]},{\"@type\":\"ImageObject\",\"inLanguage\":\"de\",\"@id\":\"https:\/\/maviesanstabac.lu\/de\/lockdown-so-regulieren-sie-ihren-tabakkonsum\/#primaryimage\",\"url\":\"https:\/\/maviesanstabac.lu\/wp-content\/uploads\/2017\/06\/FondationCancer.jpg\",\"contentUrl\":\"https:\/\/maviesanstabac.lu\/wp-content\/uploads\/2017\/06\/FondationCancer.jpg\",\"width\":991,\"height\":1200},{\"@type\":\"BreadcrumbList\",\"@id\":\"https:\/\/maviesanstabac.lu\/de\/lockdown-so-regulieren-sie-ihren-tabakkonsum\/#breadcrumb\",\"itemListElement\":[{\"@type\":\"ListItem\",\"position\":1,\"name\":\"Accueil\",\"item\":\"https:\/\/maviesanstabac.lu\/de\/\"},{\"@type\":\"ListItem\",\"position\":2,\"name\":\"Coronavirus und Rauchen &#8211; Lockdown: So regulieren Sie Ihren Tabakkonsum\"}]},{\"@type\":\"WebSite\",\"@id\":\"https:\/\/maviesanstabac.lu\/de\/#website\",\"url\":\"https:\/\/maviesanstabac.lu\/de\/\",\"name\":\"ma vie sans tabac\",\"description\":\"Sans tabac pour une vie plus saine\",\"potentialAction\":[{\"@type\":\"SearchAction\",\"target\":{\"@type\":\"EntryPoint\",\"urlTemplate\":\"https:\/\/maviesanstabac.lu\/de\/?s={search_term_string}\"},\"query-input\":{\"@type\":\"PropertyValueSpecification\",\"valueRequired\":true,\"valueName\":\"search_term_string\"}}],\"inLanguage\":\"de\"}]}<\/script>\n<!-- \/ Yoast SEO plugin. -->","yoast_head_json":{"title":"Coronavirus und Rauchen - Lockdown: So regulieren Sie Ihren Tabakkonsum","description":"Zu Hause bleiben, Sozialkontakte einschr\u00e4nken, Vorr\u00e4te anlegen, damit man nicht so oft raus muss \u2026 All das kann dazu f\u00fchren, dass Sie mehr rauchen. Tappen Sie nicht in diese Falle, denn es wird Ihnen schwerfallen, Ihren Konsum sp\u00e4ter wieder einzuschr\u00e4nken.","robots":{"index":"index","follow":"follow","max-snippet":"max-snippet:-1","max-image-preview":"max-image-preview:large","max-video-preview":"max-video-preview:-1"},"canonical":"https:\/\/maviesanstabac.lu\/de\/lockdown-so-regulieren-sie-ihren-tabakkonsum\/","og_locale":"de_DE","og_type":"article","og_title":"Coronavirus und Rauchen - Lockdown: So regulieren Sie Ihren Tabakkonsum","og_description":"Zu Hause bleiben, Sozialkontakte einschr\u00e4nken, Vorr\u00e4te anlegen, damit man nicht so oft raus muss \u2026 All das kann dazu f\u00fchren, dass Sie mehr rauchen. Tappen Sie nicht in diese Falle, denn es wird Ihnen schwerfallen, Ihren Konsum sp\u00e4ter wieder einzuschr\u00e4nken.","og_url":"https:\/\/maviesanstabac.lu\/de\/lockdown-so-regulieren-sie-ihren-tabakkonsum\/","og_site_name":"ma vie sans tabac","article_modified_time":"2021-04-30T06:58:30+00:00","twitter_card":"summary_large_image","twitter_image":"https:\/\/maviesanstabac.lu\/wp-content\/uploads\/2017\/06\/FondationCancer.jpg","twitter_misc":{"Gesch\u00e4tzte Lesezeit":"3\u00a0Minuten"},"schema":{"@context":"https:\/\/schema.org","@graph":[{"@type":"WebPage","@id":"https:\/\/maviesanstabac.lu\/de\/lockdown-so-regulieren-sie-ihren-tabakkonsum\/","url":"https:\/\/maviesanstabac.lu\/de\/lockdown-so-regulieren-sie-ihren-tabakkonsum\/","name":"Coronavirus und Rauchen - Lockdown: So regulieren Sie Ihren Tabakkonsum","isPartOf":{"@id":"https:\/\/maviesanstabac.lu\/de\/#website"},"primaryImageOfPage":{"@id":"https:\/\/maviesanstabac.lu\/de\/lockdown-so-regulieren-sie-ihren-tabakkonsum\/#primaryimage"},"image":{"@id":"https:\/\/maviesanstabac.lu\/de\/lockdown-so-regulieren-sie-ihren-tabakkonsum\/#primaryimage"},"thumbnailUrl":"https:\/\/maviesanstabac.lu\/wp-content\/uploads\/2017\/06\/FondationCancer.jpg","datePublished":"2020-07-31T05:39:44+00:00","dateModified":"2021-04-30T06:58:30+00:00","description":"Zu Hause bleiben, Sozialkontakte einschr\u00e4nken, Vorr\u00e4te anlegen, damit man nicht so oft raus muss \u2026 All das kann dazu f\u00fchren, dass Sie mehr rauchen. Tappen Sie nicht in diese Falle, denn es wird Ihnen schwerfallen, Ihren Konsum sp\u00e4ter wieder einzuschr\u00e4nken.","breadcrumb":{"@id":"https:\/\/maviesanstabac.lu\/de\/lockdown-so-regulieren-sie-ihren-tabakkonsum\/#breadcrumb"},"inLanguage":"de","potentialAction":[{"@type":"ReadAction","target":["https:\/\/maviesanstabac.lu\/de\/lockdown-so-regulieren-sie-ihren-tabakkonsum\/"]}]},{"@type":"ImageObject","inLanguage":"de","@id":"https:\/\/maviesanstabac.lu\/de\/lockdown-so-regulieren-sie-ihren-tabakkonsum\/#primaryimage","url":"https:\/\/maviesanstabac.lu\/wp-content\/uploads\/2017\/06\/FondationCancer.jpg","contentUrl":"https:\/\/maviesanstabac.lu\/wp-content\/uploads\/2017\/06\/FondationCancer.jpg","width":991,"height":1200},{"@type":"BreadcrumbList","@id":"https:\/\/maviesanstabac.lu\/de\/lockdown-so-regulieren-sie-ihren-tabakkonsum\/#breadcrumb","itemListElement":[{"@type":"ListItem","position":1,"name":"Accueil","item":"https:\/\/maviesanstabac.lu\/de\/"},{"@type":"ListItem","position":2,"name":"Coronavirus und Rauchen &#8211; Lockdown: So regulieren Sie Ihren Tabakkonsum"}]},{"@type":"WebSite","@id":"https:\/\/maviesanstabac.lu\/de\/#website","url":"https:\/\/maviesanstabac.lu\/de\/","name":"ma vie sans tabac","description":"Sans tabac pour une vie plus saine","potentialAction":[{"@type":"SearchAction","target":{"@type":"EntryPoint","urlTemplate":"https:\/\/maviesanstabac.lu\/de\/?s={search_term_string}"},"query-input":{"@type":"PropertyValueSpecification","valueRequired":true,"valueName":"search_term_string"}}],"inLanguage":"de"}]}},"_links":{"self":[{"href":"https:\/\/maviesanstabac.lu\/de\/wp-json\/wp\/v2\/pages\/10100","targetHints":{"allow":["GET"]}}],"collection":[{"href":"https:\/\/maviesanstabac.lu\/de\/wp-json\/wp\/v2\/pages"}],"about":[{"href":"https:\/\/maviesanstabac.lu\/de\/wp-json\/wp\/v2\/types\/page"}],"author":[{"embeddable":true,"href":"https:\/\/maviesanstabac.lu\/de\/wp-json\/wp\/v2\/users\/1"}],"replies":[{"embeddable":true,"href":"https:\/\/maviesanstabac.lu\/de\/wp-json\/wp\/v2\/comments?post=10100"}],"version-history":[{"count":7,"href":"https:\/\/maviesanstabac.lu\/de\/wp-json\/wp\/v2\/pages\/10100\/revisions"}],"predecessor-version":[{"id":10256,"href":"https:\/\/maviesanstabac.lu\/de\/wp-json\/wp\/v2\/pages\/10100\/revisions\/10256"}],"wp:featuredmedia":[{"embeddable":true,"href":"https:\/\/maviesanstabac.lu\/de\/wp-json\/wp\/v2\/media\/3368"}],"wp:attachment":[{"href":"https:\/\/maviesanstabac.lu\/de\/wp-json\/wp\/v2\/media?parent=10100"}],"curies":[{"name":"wp","href":"https:\/\/api.w.org\/{rel}","templated":true}]}}