{"id":10856,"date":"2022-01-19T13:27:02","date_gmt":"2022-01-19T12:27:02","guid":{"rendered":"https:\/\/www.maviesanstabac.lu\/?page_id=10856"},"modified":"2022-01-19T13:27:47","modified_gmt":"2022-01-19T12:27:47","slug":"medizinischer-haftungsausschluss","status":"publish","type":"page","link":"https:\/\/maviesanstabac.lu\/de\/medizinischer-haftungsausschluss\/","title":{"rendered":"Medizinischer Haftungsausschluss"},"content":{"rendered":"<div class=\"wpb-content-wrapper\"><p>[vc_row type=&#8221;vc_default&#8221; content_placement=&#8221;middle&#8221; margin_top=&#8221;-50&#8243; bg_type=&#8221;image&#8221; parallax_style=&#8221;vcpb-vz-jquery&#8221; bg_image_new=&#8221;id^4174|url^http:\/\/www.maviesanstabac.lu\/wp-content\/uploads\/2018\/09\/head_protection-1.jpg|caption^null|alt^null|title^head_protection|description^null&#8221; bg_image_repeat=&#8221;no-repeat&#8221; bg_override=&#8221;ex-full&#8221; enable_overlay=&#8221;enable_overlay_value&#8221; overlay_pattern=&#8221;transperant&#8221; overlay_pattern_opacity=&#8221;100&#8243; css=&#8221;.vc_custom_1540542238198{padding-top: 3% !important;padding-bottom: 0px !important;background-color: #000000 !important;}&#8221; el_class=&#8221;internal-header&#8221;][vc_column][\/vc_column][\/vc_row][vc_row type=&#8221;vc_default&#8221; margin_top=&#8221;0&#8243; margin_bottom=&#8221;-35&#8243;][vc_column offset=&#8221;vc_col-lg-12 vc_col-md-12 vc_col-xs-12&#8243; css=&#8221;.vc_custom_1540634937577{padding-right: 40px !important;padding-bottom: 50px !important;padding-left: 40px !important;}&#8221;]<div id=\"ultimate-heading-139869de266bddd71\" class=\"uvc-heading ult-adjust-bottom-margin ultimate-heading-139869de266bddd71 uvc-8093  uvc-heading-default-font-sizes\" data-hspacer=\"line_only\"  data-halign=\"center\" style=\"text-align:center\"><div class=\"uvc-main-heading ult-responsive\"  data-ultimate-target='.uvc-heading.ultimate-heading-139869de266bddd71 h2'  data-responsive-json-new='{\"font-size\":\"\",\"line-height\":\"\"}' ><h2 style=\"font-weight:bold;margin-bottom:7px;\">Medizinischer Haftungsausschluss<\/h2><\/div><div class=\"uvc-heading-spacer line_only\" style=\"margin-top:15px;margin-bottom:25px;height:3px;\"><span class=\"uvc-headings-line\" style=\"border-style:solid;border-bottom-width:3px;border-color:#f02738;width:300px;\"><\/span><\/div><\/div>[vc_row_inner][vc_column_inner][vc_column_text css=&#8221;.vc_custom_1642595212861{padding-bottom: 0px !important;}&#8221;]Die von der Fondation Cancer bereitgestellten Informationen k\u00f6nnen einen Arztbesuch oder die fachliche Beratung durch eine medizinische Fachkraft nicht ersetzen. Die dargestellten Inhalte dienen lediglich der allgemeinen Information. Konsultieren Sie bei Fragen zu Ihrem pers\u00f6nlichen Gesundheitszustand oder vor einer gesundheitsbezogenen Entscheidung unbedingt immer eine qualifizierte medizinische Fachkraft.<br \/>\nWir verwenden gr\u00f6\u00dfte Sorgfalt auf die Richtigkeit und Zuverl\u00e4ssigkeit der zur Verf\u00fcgung gestellten Informationen, dennoch \u00fcbernimmt die Fondation Cancer keine Garantie f\u00fcr die Vollst\u00e4ndigkeit und die Richtigkeit dieser Informationen.<br \/>\nDie Fondation Cancer \u00fcbernimmt keinerlei Haftung f\u00fcr die Qualit\u00e4t der Informationen oder Dienstleistungen von anderen Organisationen, die auf der Website maviesanstabac.lu genannt werden, und die Nennung bestimmter Dienstleistungen, Produkte oder Behandlungen stellt weder eine Empfehlung noch eine Bewerbung dar.[\/vc_column_text][\/vc_column_inner][\/vc_row_inner][\/vc_column][\/vc_row][vc_row][vc_column][vc_empty_space height=&#8221;64px&#8221;][\/vc_column][\/vc_row]<\/p>\n<\/div>","protected":false},"excerpt":{"rendered":"<p>[vc_row type=&#8221;vc_default&#8221; content_placement=&#8221;middle&#8221; margin_top=&#8221;-50&#8243; bg_type=&#8221;image&#8221; parallax_style=&#8221;vcpb-vz-jquery&#8221; bg_image_new=&#8221;id^4174|url^http:\/\/www.maviesanstabac.lu\/wp-content\/uploads\/2018\/09\/head_protection-1.jpg|caption^null|alt^null|title^head_protection|description^null&#8221; bg_image_repeat=&#8221;no-repeat&#8221; bg_override=&#8221;ex-full&#8221; enable_overlay=&#8221;enable_overlay_value&#8221; overlay_pattern=&#8221;transperant&#8221; overlay_pattern_opacity=&#8221;100&#8243; css=&#8221;.vc_custom_1540542238198{padding-top: 3% !important;padding-bottom: 0px !important;background-color: #000000 !important;}&#8221; el_class=&#8221;internal-header&#8221;][vc_column][\/vc_column][\/vc_row][vc_row type=&#8221;vc_default&#8221; margin_top=&#8221;0&#8243; margin_bottom=&#8221;-35&#8243;][vc_column offset=&#8221;vc_col-lg-12 vc_col-md-12 vc_col-xs-12&#8243; css=&#8221;.vc_custom_1540634937577{padding-right: 40px !important;padding-bottom: 50px !important;padding-left: 40px !important;}&#8221;][vc_row_inner][vc_column_inner][vc_column_text css=&#8221;.vc_custom_1642595212861{padding-bottom: 0px !important;}&#8221;]Die von der Fondation Cancer bereitgestellten Informationen k\u00f6nnen einen Arztbesuch oder die fachliche Beratung durch eine medizinische Fachkraft nicht ersetzen.&hellip;<\/p>\n","protected":false},"author":1,"featured_media":3368,"parent":0,"menu_order":0,"comment_status":"closed","ping_status":"closed","template":"","meta":{"footnotes":""},"class_list":["post-10856","page","type-page","status-publish","has-post-thumbnail","hentry","description-off"],"yoast_head":"<!-- This site is optimized with the Yoast SEO plugin v27.0 - https:\/\/yoast.com\/product\/yoast-seo-wordpress\/ -->\n<title>Medizinischer Haftungsausschluss - Ma vie sans tabac<\/title>\n<meta name=\"description\" content=\"Wir verpflichten uns, die Privatsph\u00e4re von Personen zu sch\u00fctzen, die uns ihre personenbezogenen Daten \u00fcbermitteln.\" \/>\n<meta name=\"robots\" content=\"index, follow, max-snippet:-1, max-image-preview:large, max-video-preview:-1\" \/>\n<link rel=\"canonical\" href=\"https:\/\/maviesanstabac.lu\/de\/medizinischer-haftungsausschluss\/\" \/>\n<meta property=\"og:locale\" content=\"de_DE\" \/>\n<meta property=\"og:type\" content=\"article\" \/>\n<meta property=\"og:title\" content=\"Medizinischer Haftungsausschluss - Ma vie sans tabac\" \/>\n<meta property=\"og:description\" content=\"Wir verpflichten uns, die Privatsph\u00e4re von Personen zu sch\u00fctzen, die uns ihre personenbezogenen Daten \u00fcbermitteln.\" \/>\n<meta property=\"og:url\" content=\"https:\/\/maviesanstabac.lu\/de\/medizinischer-haftungsausschluss\/\" \/>\n<meta property=\"og:site_name\" content=\"ma vie sans tabac\" \/>\n<meta property=\"article:modified_time\" content=\"2022-01-19T12:27:47+00:00\" \/>\n<meta property=\"og:image\" content=\"https:\/\/maviesanstabac.lu\/wp-content\/uploads\/2017\/06\/FondationCancer.jpg\" \/>\n\t<meta property=\"og:image:width\" content=\"991\" \/>\n\t<meta property=\"og:image:height\" content=\"1200\" \/>\n\t<meta property=\"og:image:type\" content=\"image\/jpeg\" \/>\n<meta name=\"twitter:card\" content=\"summary_large_image\" \/>\n<meta name=\"twitter:label1\" content=\"Gesch\u00e4tzte Lesezeit\" \/>\n\t<meta name=\"twitter:data1\" content=\"1\u00a0Minute\" \/>\n<script type=\"application\/ld+json\" class=\"yoast-schema-graph\">{\"@context\":\"https:\/\/schema.org\",\"@graph\":[{\"@type\":\"WebPage\",\"@id\":\"https:\/\/maviesanstabac.lu\/de\/medizinischer-haftungsausschluss\/\",\"url\":\"https:\/\/maviesanstabac.lu\/de\/medizinischer-haftungsausschluss\/\",\"name\":\"Medizinischer Haftungsausschluss - Ma vie sans tabac\",\"isPartOf\":{\"@id\":\"https:\/\/maviesanstabac.lu\/de\/#website\"},\"primaryImageOfPage\":{\"@id\":\"https:\/\/maviesanstabac.lu\/de\/medizinischer-haftungsausschluss\/#primaryimage\"},\"image\":{\"@id\":\"https:\/\/maviesanstabac.lu\/de\/medizinischer-haftungsausschluss\/#primaryimage\"},\"thumbnailUrl\":\"https:\/\/maviesanstabac.lu\/wp-content\/uploads\/2017\/06\/FondationCancer.jpg\",\"datePublished\":\"2022-01-19T12:27:02+00:00\",\"dateModified\":\"2022-01-19T12:27:47+00:00\",\"description\":\"Wir verpflichten uns, die Privatsph\u00e4re von Personen zu sch\u00fctzen, die uns ihre personenbezogenen Daten \u00fcbermitteln.\",\"breadcrumb\":{\"@id\":\"https:\/\/maviesanstabac.lu\/de\/medizinischer-haftungsausschluss\/#breadcrumb\"},\"inLanguage\":\"de\",\"potentialAction\":[{\"@type\":\"ReadAction\",\"target\":[\"https:\/\/maviesanstabac.lu\/de\/medizinischer-haftungsausschluss\/\"]}]},{\"@type\":\"ImageObject\",\"inLanguage\":\"de\",\"@id\":\"https:\/\/maviesanstabac.lu\/de\/medizinischer-haftungsausschluss\/#primaryimage\",\"url\":\"https:\/\/maviesanstabac.lu\/wp-content\/uploads\/2017\/06\/FondationCancer.jpg\",\"contentUrl\":\"https:\/\/maviesanstabac.lu\/wp-content\/uploads\/2017\/06\/FondationCancer.jpg\",\"width\":991,\"height\":1200},{\"@type\":\"BreadcrumbList\",\"@id\":\"https:\/\/maviesanstabac.lu\/de\/medizinischer-haftungsausschluss\/#breadcrumb\",\"itemListElement\":[{\"@type\":\"ListItem\",\"position\":1,\"name\":\"Accueil\",\"item\":\"https:\/\/maviesanstabac.lu\/de\/\"},{\"@type\":\"ListItem\",\"position\":2,\"name\":\"Medizinischer Haftungsausschluss\"}]},{\"@type\":\"WebSite\",\"@id\":\"https:\/\/maviesanstabac.lu\/de\/#website\",\"url\":\"https:\/\/maviesanstabac.lu\/de\/\",\"name\":\"ma vie sans tabac\",\"description\":\"Sans tabac pour une vie plus saine\",\"potentialAction\":[{\"@type\":\"SearchAction\",\"target\":{\"@type\":\"EntryPoint\",\"urlTemplate\":\"https:\/\/maviesanstabac.lu\/de\/?s={search_term_string}\"},\"query-input\":{\"@type\":\"PropertyValueSpecification\",\"valueRequired\":true,\"valueName\":\"search_term_string\"}}],\"inLanguage\":\"de\"}]}<\/script>\n<!-- \/ Yoast SEO plugin. -->","yoast_head_json":{"title":"Medizinischer Haftungsausschluss - Ma vie sans tabac","description":"Wir verpflichten uns, die Privatsph\u00e4re von Personen zu sch\u00fctzen, die uns ihre personenbezogenen Daten \u00fcbermitteln.","robots":{"index":"index","follow":"follow","max-snippet":"max-snippet:-1","max-image-preview":"max-image-preview:large","max-video-preview":"max-video-preview:-1"},"canonical":"https:\/\/maviesanstabac.lu\/de\/medizinischer-haftungsausschluss\/","og_locale":"de_DE","og_type":"article","og_title":"Medizinischer Haftungsausschluss - Ma vie sans tabac","og_description":"Wir verpflichten uns, die Privatsph\u00e4re von Personen zu sch\u00fctzen, die uns ihre personenbezogenen Daten \u00fcbermitteln.","og_url":"https:\/\/maviesanstabac.lu\/de\/medizinischer-haftungsausschluss\/","og_site_name":"ma vie sans tabac","article_modified_time":"2022-01-19T12:27:47+00:00","og_image":[{"width":991,"height":1200,"url":"https:\/\/maviesanstabac.lu\/wp-content\/uploads\/2017\/06\/FondationCancer.jpg","type":"image\/jpeg"}],"twitter_card":"summary_large_image","twitter_misc":{"Gesch\u00e4tzte Lesezeit":"1\u00a0Minute"},"schema":{"@context":"https:\/\/schema.org","@graph":[{"@type":"WebPage","@id":"https:\/\/maviesanstabac.lu\/de\/medizinischer-haftungsausschluss\/","url":"https:\/\/maviesanstabac.lu\/de\/medizinischer-haftungsausschluss\/","name":"Medizinischer Haftungsausschluss - Ma vie sans tabac","isPartOf":{"@id":"https:\/\/maviesanstabac.lu\/de\/#website"},"primaryImageOfPage":{"@id":"https:\/\/maviesanstabac.lu\/de\/medizinischer-haftungsausschluss\/#primaryimage"},"image":{"@id":"https:\/\/maviesanstabac.lu\/de\/medizinischer-haftungsausschluss\/#primaryimage"},"thumbnailUrl":"https:\/\/maviesanstabac.lu\/wp-content\/uploads\/2017\/06\/FondationCancer.jpg","datePublished":"2022-01-19T12:27:02+00:00","dateModified":"2022-01-19T12:27:47+00:00","description":"Wir verpflichten uns, die Privatsph\u00e4re von Personen zu sch\u00fctzen, die uns ihre personenbezogenen Daten \u00fcbermitteln.","breadcrumb":{"@id":"https:\/\/maviesanstabac.lu\/de\/medizinischer-haftungsausschluss\/#breadcrumb"},"inLanguage":"de","potentialAction":[{"@type":"ReadAction","target":["https:\/\/maviesanstabac.lu\/de\/medizinischer-haftungsausschluss\/"]}]},{"@type":"ImageObject","inLanguage":"de","@id":"https:\/\/maviesanstabac.lu\/de\/medizinischer-haftungsausschluss\/#primaryimage","url":"https:\/\/maviesanstabac.lu\/wp-content\/uploads\/2017\/06\/FondationCancer.jpg","contentUrl":"https:\/\/maviesanstabac.lu\/wp-content\/uploads\/2017\/06\/FondationCancer.jpg","width":991,"height":1200},{"@type":"BreadcrumbList","@id":"https:\/\/maviesanstabac.lu\/de\/medizinischer-haftungsausschluss\/#breadcrumb","itemListElement":[{"@type":"ListItem","position":1,"name":"Accueil","item":"https:\/\/maviesanstabac.lu\/de\/"},{"@type":"ListItem","position":2,"name":"Medizinischer Haftungsausschluss"}]},{"@type":"WebSite","@id":"https:\/\/maviesanstabac.lu\/de\/#website","url":"https:\/\/maviesanstabac.lu\/de\/","name":"ma vie sans tabac","description":"Sans tabac pour une vie plus saine","potentialAction":[{"@type":"SearchAction","target":{"@type":"EntryPoint","urlTemplate":"https:\/\/maviesanstabac.lu\/de\/?s={search_term_string}"},"query-input":{"@type":"PropertyValueSpecification","valueRequired":true,"valueName":"search_term_string"}}],"inLanguage":"de"}]}},"_links":{"self":[{"href":"https:\/\/maviesanstabac.lu\/de\/wp-json\/wp\/v2\/pages\/10856","targetHints":{"allow":["GET"]}}],"collection":[{"href":"https:\/\/maviesanstabac.lu\/de\/wp-json\/wp\/v2\/pages"}],"about":[{"href":"https:\/\/maviesanstabac.lu\/de\/wp-json\/wp\/v2\/types\/page"}],"author":[{"embeddable":true,"href":"https:\/\/maviesanstabac.lu\/de\/wp-json\/wp\/v2\/users\/1"}],"replies":[{"embeddable":true,"href":"https:\/\/maviesanstabac.lu\/de\/wp-json\/wp\/v2\/comments?post=10856"}],"version-history":[{"count":4,"href":"https:\/\/maviesanstabac.lu\/de\/wp-json\/wp\/v2\/pages\/10856\/revisions"}],"predecessor-version":[{"id":10870,"href":"https:\/\/maviesanstabac.lu\/de\/wp-json\/wp\/v2\/pages\/10856\/revisions\/10870"}],"wp:featuredmedia":[{"embeddable":true,"href":"https:\/\/maviesanstabac.lu\/de\/wp-json\/wp\/v2\/media\/3368"}],"wp:attachment":[{"href":"https:\/\/maviesanstabac.lu\/de\/wp-json\/wp\/v2\/media?parent=10856"}],"curies":[{"name":"wp","href":"https:\/\/api.w.org\/{rel}","templated":true}]}}