{"id":12183,"date":"2023-03-21T14:18:08","date_gmt":"2023-03-21T13:18:08","guid":{"rendered":"https:\/\/www.maviesanstabac.lu\/?page_id=12183"},"modified":"2023-03-22T10:07:39","modified_gmt":"2023-03-22T09:07:39","slug":"snus","status":"publish","type":"page","link":"https:\/\/maviesanstabac.lu\/de\/formen-des-tabakonsums\/snus\/","title":{"rendered":"Snus"},"content":{"rendered":"<div class=\"wpb-content-wrapper\"><p>[vc_row type=&#8221;vc_default&#8221; content_placement=&#8221;middle&#8221; margin_top=&#8221;-50&#8243; bg_type=&#8221;image&#8221; parallax_style=&#8221;vcpb-default&#8221; bg_image_new=&#8221;id^12189|url^https:\/\/www.maviesanstabac.lu\/wp-content\/uploads\/2023\/03\/banner_snus_2560x1000.png|caption^null|alt^null|title^banner_snus_2560x1000|description^null&#8221; bg_override=&#8221;ex-full&#8221; enable_overlay=&#8221;enable_overlay_value&#8221; overlay_pattern=&#8221;transperant&#8221; overlay_pattern_opacity=&#8221;100&#8243; overlay_pattern_size=&#8221;200&#8243; css=&#8221;.vc_custom_1679398645335{padding-top: 3% !important;padding-bottom: 0px !important;}&#8221; el_class=&#8221;internal-header&#8221;][vc_column][\/vc_column][\/vc_row][vc_row][vc_column css=&#8221;.vc_custom_1540631490734{padding-right: 40px !important;padding-left: 40px !important;}&#8221;]<div id=\"ultimate-heading-54769e238c249f25\" class=\"uvc-heading ult-adjust-bottom-margin ultimate-heading-54769e238c249f25 uvc-5912  uvc-heading-default-font-sizes\" data-hspacer=\"line_only\"  data-halign=\"center\" style=\"text-align:center\"><div class=\"uvc-main-heading ult-responsive\"  data-ultimate-target='.uvc-heading.ultimate-heading-54769e238c249f25 h2'  data-responsive-json-new='{\"font-size\":\"\",\"line-height\":\"\"}' ><h2 style=\"font-weight:bold;margin-bottom:7px;\">Snus<\/h2><\/div><div class=\"uvc-heading-spacer line_only\" style=\"margin-top:15px;margin-bottom:25px;height:3px;\"><span class=\"uvc-headings-line\" style=\"border-style:solid;border-bottom-width:3px;border-color:#f20738;width:300px;\"><\/span><\/div><\/div>[vc_empty_space][vc_row_inner equal_height=&#8221;yes&#8221; gap=&#8221;10&#8243;][vc_column_inner css=&#8221;.vc_custom_1540217487922{padding-top: 0px !important;padding-bottom: 0px !important;}&#8221;][vc_column_text css=&#8221;.vc_custom_1679398089708{padding-right: 0px !important;padding-bottom: 20px !important;padding-left: 0px !important;}&#8221;]<\/p>\n<div class=\"et_pb_column et_pb_column_1_2 et_pb_column_31 et_pb_css_mix_blend_mode_passthrough\">\n<div class=\"et_pb_text et_pb_module et_pb_bg_layout_light et_pb_text_align_left et_pb_text_14\">\n<div class=\"et_pb_text_inner\">\n<p>Der Verkauf von Snus ist in Luxemburg gegenw\u00e4rtig verboten.<\/p>\n<p>Beim Snus handelt es sich um ein <strong>Tabakpulver<\/strong>, welches in kleinen T\u00fctchen enthalten ist. Diese werden zwischen Zahnfleisch und Lippe platziert. Wie alle Tabakformen enth\u00e4lt Snus Nikotin, sowie zahlreiche andere chemische Substanzen, von denen viele krebserregend sind. Obwohl der Tabak nicht geraucht wird, ist Snus gesundheitssch\u00e4dlich.<\/p>\n<p>In der Tat wird bei Snus-Konsumenten ein erh\u00f6htes Risiko f\u00fcr verschiedene <strong>Krebsarten<\/strong>, insbesondere Mundkrebs, sowie f\u00fcr <strong>Gef\u00e4\u00dferkrankungen<\/strong>, festgestellt.<\/p>\n<p>Das Konsumieren von rauchlosem Tabak f\u00fchrt zur gleichen Abh\u00e4ngigkeit wie das Rauchen von Tabak, und diese stellt sich genauso schnell ein wie bei Zigaretten. Und eine <strong>Nikotinsucht<\/strong> birgt immer die Gefahr, auf Zigaretten oder andere Tabakprodukte umzusteigen. Es wird gesch\u00e4tzt, dass 20 % der Snus-Konsumenten zu t\u00e4glichen Zigarettenrauchern werden.<\/p>\n<\/div>\n<\/div>\n<\/div>\n<p>[\/vc_column_text][\/vc_column_inner][\/vc_row_inner]<div class=\"ult-spacer spacer-69e238c24a01d\" data-id=\"69e238c24a01d\" data-height=\"40\" data-height-mobile=\"20\" data-height-tab=\"20\" data-height-tab-portrait=\"20\" data-height-mobile-landscape=\"20\" style=\"clear:both;display:block;\"><\/div>[\/vc_column][\/vc_row][vc_row type=&#8221;vc_default&#8221; full_width=&#8221;stretch_row&#8221; content_placement=&#8221;middle&#8221; parallax=&#8221;content-moving&#8221; parallax_image=&#8221;12164&#8243; enable_overlay=&#8221;enable_overlay_value&#8221; overlay_color=&#8221;#f20738&#8243; overlay_pattern=&#8221;transperant&#8221; overlay_pattern_opacity=&#8221;80&#8243; multi_color_overlay=&#8221;uvc-multi-color-bg&#8221; multi_color_overlay_opacity=&#8221;60&#8243; el_class=&#8221;accent-border-color&#8221;][vc_column]<div class=\"ult-spacer spacer-69e238c24a08b\" data-id=\"69e238c24a08b\" data-height=\"100\" data-height-mobile=\"0\" data-height-tab=\"0\" data-height-tab-portrait=\"0\" data-height-mobile-landscape=\"0\" style=\"clear:both;display:block;\"><\/div>[vc_row_inner css=&#8221;.vc_custom_1679398766403{border-radius: 2px !important;}&#8221;][vc_column_inner]<div id=\"ultimate-heading-295369e238c24a119\" class=\"uvc-heading ult-adjust-bottom-margin ultimate-heading-295369e238c24a119 uvc-1380 accent-border-color text-shadow uvc-heading-default-font-sizes\" data-hspacer=\"line_only\"  data-halign=\"left\" style=\"text-align:left\"><div class=\"uvc-main-heading ult-responsive\"  data-ultimate-target='.uvc-heading.ultimate-heading-295369e238c24a119 h2'  data-responsive-json-new='{\"font-size\":\"\",\"line-height\":\"\"}' ><h2 style=\"font-weight:bold;color:#ffffff;margin-bottom:20px;\">Nicotine pouches (Nikotinbeutel)<\/h2><\/div><div class=\"uvc-heading-spacer line_only\" style=\"margin-bottom:25px;height:3px;\"><span class=\"uvc-headings-line\" style=\"border-style:solid;border-bottom-width:3px;border-color:#ccc;width:300px;\"><\/span><\/div><\/div>[vc_column_text el_class=&#8221;accent-border-color text-shadow&#8221;]<\/p>\n<p style=\"color: #ffffff;\">Vom traditionellen Snus abgeleitet, handelt es sich bei <em>nicotine pouches<\/em> um kleine T\u00fctchen, die zwischen Zahnfleisch und Lippe platziert werden.<\/p>\n<p>[\/vc_column_text]<a href=\"\/de\/formen-des-tabakonsums\/nikotinbeutel\/\" class=\"btn-shortcode dt-btn-s dt-btn default-btn-color default-btn-hover-color default-btn-bg-color default-btn-bg-hover-color\" id=\"dt-btn-1\"><span>Mehr erfahren<\/span><\/a><div class=\"ult-spacer spacer-69e238c24a2c6\" data-id=\"69e238c24a2c6\" data-height=\"40\" data-height-mobile=\"20\" data-height-tab=\"20\" data-height-tab-portrait=\"20\" data-height-mobile-landscape=\"20\" style=\"clear:both;display:block;\"><\/div>[\/vc_column_inner][\/vc_row_inner]<div class=\"ult-spacer spacer-69e238c24a315\" data-id=\"69e238c24a315\" data-height=\"40\" data-height-mobile=\"20\" data-height-tab=\"20\" data-height-tab-portrait=\"20\" data-height-mobile-landscape=\"20\" style=\"clear:both;display:block;\"><\/div>[\/vc_column][\/vc_row][vc_row][vc_column][vc_empty_space height=&#8221;30px&#8221;][\/vc_column][\/vc_row][vc_row][vc_column][vc_column_text]<\/p>\n<p>[\/vc_column_text][\/vc_column][\/vc_row]<\/p>\n<\/div>","protected":false},"excerpt":{"rendered":"<p>[vc_row type=&#8221;vc_default&#8221; content_placement=&#8221;middle&#8221; margin_top=&#8221;-50&#8243; bg_type=&#8221;image&#8221; parallax_style=&#8221;vcpb-default&#8221; bg_image_new=&#8221;id^12189|url^https:\/\/www.maviesanstabac.lu\/wp-content\/uploads\/2023\/03\/banner_snus_2560x1000.png|caption^null|alt^null|title^banner_snus_2560x1000|description^null&#8221; bg_override=&#8221;ex-full&#8221; enable_overlay=&#8221;enable_overlay_value&#8221; overlay_pattern=&#8221;transperant&#8221; overlay_pattern_opacity=&#8221;100&#8243; overlay_pattern_size=&#8221;200&#8243; css=&#8221;.vc_custom_1679398645335{padding-top: 3% !important;padding-bottom: 0px !important;}&#8221; el_class=&#8221;internal-header&#8221;][vc_column][\/vc_column][\/vc_row][vc_row][vc_column css=&#8221;.vc_custom_1540631490734{padding-right: 40px !important;padding-left: 40px !important;}&#8221;][vc_empty_space][vc_row_inner equal_height=&#8221;yes&#8221; gap=&#8221;10&#8243;][vc_column_inner css=&#8221;.vc_custom_1540217487922{padding-top: 0px !important;padding-bottom: 0px !important;}&#8221;][vc_column_text css=&#8221;.vc_custom_1679398089708{padding-right: 0px !important;padding-bottom: 20px !important;padding-left: 0px !important;}&#8221;] Der Verkauf von Snus ist in Luxemburg gegenw\u00e4rtig verboten. Beim Snus handelt es sich um ein Tabakpulver, welches&hellip;<\/p>\n","protected":false},"author":1,"featured_media":3368,"parent":8946,"menu_order":0,"comment_status":"closed","ping_status":"closed","template":"","meta":{"footnotes":""},"class_list":["post-12183","page","type-page","status-publish","has-post-thumbnail","hentry","description-off"],"yoast_head":"<!-- This site is optimized with the Yoast SEO plugin v27.0 - https:\/\/yoast.com\/product\/yoast-seo-wordpress\/ -->\n<title>Snus - Ma vie sans tabac<\/title>\n<meta name=\"description\" content=\"Beim Snus handelt es sich um ein Tabakpulver, welches in kleinen T\u00fctchen enthalten ist. Diese werden zwischen Zahnfleisch und Lippe platziert.\" \/>\n<meta name=\"robots\" content=\"index, follow, max-snippet:-1, max-image-preview:large, max-video-preview:-1\" \/>\n<link rel=\"canonical\" href=\"https:\/\/maviesanstabac.lu\/de\/formen-des-tabakonsums\/snus\/\" \/>\n<meta property=\"og:locale\" content=\"de_DE\" \/>\n<meta property=\"og:type\" content=\"article\" \/>\n<meta property=\"og:title\" content=\"Snus - Ma vie sans tabac\" \/>\n<meta property=\"og:description\" content=\"Beim Snus handelt es sich um ein Tabakpulver, welches in kleinen T\u00fctchen enthalten ist. Diese werden zwischen Zahnfleisch und Lippe platziert.\" \/>\n<meta property=\"og:url\" content=\"https:\/\/maviesanstabac.lu\/de\/formen-des-tabakonsums\/snus\/\" \/>\n<meta property=\"og:site_name\" content=\"ma vie sans tabac\" \/>\n<meta property=\"article:modified_time\" content=\"2023-03-22T09:07:39+00:00\" \/>\n<meta name=\"twitter:card\" content=\"summary_large_image\" \/>\n<meta name=\"twitter:image\" content=\"https:\/\/maviesanstabac.lu\/wp-content\/uploads\/2017\/06\/FondationCancer.jpg\" \/>\n<meta name=\"twitter:label1\" content=\"Gesch\u00e4tzte Lesezeit\" \/>\n\t<meta name=\"twitter:data1\" content=\"2\u00a0Minuten\" \/>\n<script type=\"application\/ld+json\" class=\"yoast-schema-graph\">{\"@context\":\"https:\/\/schema.org\",\"@graph\":[{\"@type\":\"WebPage\",\"@id\":\"https:\/\/maviesanstabac.lu\/de\/formen-des-tabakonsums\/snus\/\",\"url\":\"https:\/\/maviesanstabac.lu\/de\/formen-des-tabakonsums\/snus\/\",\"name\":\"Snus - Ma vie sans tabac\",\"isPartOf\":{\"@id\":\"https:\/\/maviesanstabac.lu\/de\/#website\"},\"primaryImageOfPage\":{\"@id\":\"https:\/\/maviesanstabac.lu\/de\/formen-des-tabakonsums\/snus\/#primaryimage\"},\"image\":{\"@id\":\"https:\/\/maviesanstabac.lu\/de\/formen-des-tabakonsums\/snus\/#primaryimage\"},\"thumbnailUrl\":\"https:\/\/maviesanstabac.lu\/wp-content\/uploads\/2017\/06\/FondationCancer.jpg\",\"datePublished\":\"2023-03-21T13:18:08+00:00\",\"dateModified\":\"2023-03-22T09:07:39+00:00\",\"description\":\"Beim Snus handelt es sich um ein Tabakpulver, welches in kleinen T\u00fctchen enthalten ist. Diese werden zwischen Zahnfleisch und Lippe platziert.\",\"breadcrumb\":{\"@id\":\"https:\/\/maviesanstabac.lu\/de\/formen-des-tabakonsums\/snus\/#breadcrumb\"},\"inLanguage\":\"de\",\"potentialAction\":[{\"@type\":\"ReadAction\",\"target\":[\"https:\/\/maviesanstabac.lu\/de\/formen-des-tabakonsums\/snus\/\"]}]},{\"@type\":\"ImageObject\",\"inLanguage\":\"de\",\"@id\":\"https:\/\/maviesanstabac.lu\/de\/formen-des-tabakonsums\/snus\/#primaryimage\",\"url\":\"https:\/\/maviesanstabac.lu\/wp-content\/uploads\/2017\/06\/FondationCancer.jpg\",\"contentUrl\":\"https:\/\/maviesanstabac.lu\/wp-content\/uploads\/2017\/06\/FondationCancer.jpg\",\"width\":991,\"height\":1200},{\"@type\":\"BreadcrumbList\",\"@id\":\"https:\/\/maviesanstabac.lu\/de\/formen-des-tabakonsums\/snus\/#breadcrumb\",\"itemListElement\":[{\"@type\":\"ListItem\",\"position\":1,\"name\":\"Accueil\",\"item\":\"https:\/\/maviesanstabac.lu\/de\/\"},{\"@type\":\"ListItem\",\"position\":2,\"name\":\"Formen des Tabakkonsums\",\"item\":\"https:\/\/maviesanstabac.lu\/de\/formen-des-tabakonsums\/\"},{\"@type\":\"ListItem\",\"position\":3,\"name\":\"Snus\"}]},{\"@type\":\"WebSite\",\"@id\":\"https:\/\/maviesanstabac.lu\/de\/#website\",\"url\":\"https:\/\/maviesanstabac.lu\/de\/\",\"name\":\"ma vie sans tabac\",\"description\":\"Sans tabac pour une vie plus saine\",\"potentialAction\":[{\"@type\":\"SearchAction\",\"target\":{\"@type\":\"EntryPoint\",\"urlTemplate\":\"https:\/\/maviesanstabac.lu\/de\/?s={search_term_string}\"},\"query-input\":{\"@type\":\"PropertyValueSpecification\",\"valueRequired\":true,\"valueName\":\"search_term_string\"}}],\"inLanguage\":\"de\"}]}<\/script>\n<!-- \/ Yoast SEO plugin. -->","yoast_head_json":{"title":"Snus - Ma vie sans tabac","description":"Beim Snus handelt es sich um ein Tabakpulver, welches in kleinen T\u00fctchen enthalten ist. Diese werden zwischen Zahnfleisch und Lippe platziert.","robots":{"index":"index","follow":"follow","max-snippet":"max-snippet:-1","max-image-preview":"max-image-preview:large","max-video-preview":"max-video-preview:-1"},"canonical":"https:\/\/maviesanstabac.lu\/de\/formen-des-tabakonsums\/snus\/","og_locale":"de_DE","og_type":"article","og_title":"Snus - Ma vie sans tabac","og_description":"Beim Snus handelt es sich um ein Tabakpulver, welches in kleinen T\u00fctchen enthalten ist. Diese werden zwischen Zahnfleisch und Lippe platziert.","og_url":"https:\/\/maviesanstabac.lu\/de\/formen-des-tabakonsums\/snus\/","og_site_name":"ma vie sans tabac","article_modified_time":"2023-03-22T09:07:39+00:00","twitter_card":"summary_large_image","twitter_image":"https:\/\/maviesanstabac.lu\/wp-content\/uploads\/2017\/06\/FondationCancer.jpg","twitter_misc":{"Gesch\u00e4tzte Lesezeit":"2\u00a0Minuten"},"schema":{"@context":"https:\/\/schema.org","@graph":[{"@type":"WebPage","@id":"https:\/\/maviesanstabac.lu\/de\/formen-des-tabakonsums\/snus\/","url":"https:\/\/maviesanstabac.lu\/de\/formen-des-tabakonsums\/snus\/","name":"Snus - Ma vie sans tabac","isPartOf":{"@id":"https:\/\/maviesanstabac.lu\/de\/#website"},"primaryImageOfPage":{"@id":"https:\/\/maviesanstabac.lu\/de\/formen-des-tabakonsums\/snus\/#primaryimage"},"image":{"@id":"https:\/\/maviesanstabac.lu\/de\/formen-des-tabakonsums\/snus\/#primaryimage"},"thumbnailUrl":"https:\/\/maviesanstabac.lu\/wp-content\/uploads\/2017\/06\/FondationCancer.jpg","datePublished":"2023-03-21T13:18:08+00:00","dateModified":"2023-03-22T09:07:39+00:00","description":"Beim Snus handelt es sich um ein Tabakpulver, welches in kleinen T\u00fctchen enthalten ist. Diese werden zwischen Zahnfleisch und Lippe platziert.","breadcrumb":{"@id":"https:\/\/maviesanstabac.lu\/de\/formen-des-tabakonsums\/snus\/#breadcrumb"},"inLanguage":"de","potentialAction":[{"@type":"ReadAction","target":["https:\/\/maviesanstabac.lu\/de\/formen-des-tabakonsums\/snus\/"]}]},{"@type":"ImageObject","inLanguage":"de","@id":"https:\/\/maviesanstabac.lu\/de\/formen-des-tabakonsums\/snus\/#primaryimage","url":"https:\/\/maviesanstabac.lu\/wp-content\/uploads\/2017\/06\/FondationCancer.jpg","contentUrl":"https:\/\/maviesanstabac.lu\/wp-content\/uploads\/2017\/06\/FondationCancer.jpg","width":991,"height":1200},{"@type":"BreadcrumbList","@id":"https:\/\/maviesanstabac.lu\/de\/formen-des-tabakonsums\/snus\/#breadcrumb","itemListElement":[{"@type":"ListItem","position":1,"name":"Accueil","item":"https:\/\/maviesanstabac.lu\/de\/"},{"@type":"ListItem","position":2,"name":"Formen des Tabakkonsums","item":"https:\/\/maviesanstabac.lu\/de\/formen-des-tabakonsums\/"},{"@type":"ListItem","position":3,"name":"Snus"}]},{"@type":"WebSite","@id":"https:\/\/maviesanstabac.lu\/de\/#website","url":"https:\/\/maviesanstabac.lu\/de\/","name":"ma vie sans tabac","description":"Sans tabac pour une vie plus saine","potentialAction":[{"@type":"SearchAction","target":{"@type":"EntryPoint","urlTemplate":"https:\/\/maviesanstabac.lu\/de\/?s={search_term_string}"},"query-input":{"@type":"PropertyValueSpecification","valueRequired":true,"valueName":"search_term_string"}}],"inLanguage":"de"}]}},"_links":{"self":[{"href":"https:\/\/maviesanstabac.lu\/de\/wp-json\/wp\/v2\/pages\/12183","targetHints":{"allow":["GET"]}}],"collection":[{"href":"https:\/\/maviesanstabac.lu\/de\/wp-json\/wp\/v2\/pages"}],"about":[{"href":"https:\/\/maviesanstabac.lu\/de\/wp-json\/wp\/v2\/types\/page"}],"author":[{"embeddable":true,"href":"https:\/\/maviesanstabac.lu\/de\/wp-json\/wp\/v2\/users\/1"}],"replies":[{"embeddable":true,"href":"https:\/\/maviesanstabac.lu\/de\/wp-json\/wp\/v2\/comments?post=12183"}],"version-history":[{"count":6,"href":"https:\/\/maviesanstabac.lu\/de\/wp-json\/wp\/v2\/pages\/12183\/revisions"}],"predecessor-version":[{"id":12242,"href":"https:\/\/maviesanstabac.lu\/de\/wp-json\/wp\/v2\/pages\/12183\/revisions\/12242"}],"up":[{"embeddable":true,"href":"https:\/\/maviesanstabac.lu\/de\/wp-json\/wp\/v2\/pages\/8946"}],"wp:featuredmedia":[{"embeddable":true,"href":"https:\/\/maviesanstabac.lu\/de\/wp-json\/wp\/v2\/media\/3368"}],"wp:attachment":[{"href":"https:\/\/maviesanstabac.lu\/de\/wp-json\/wp\/v2\/media?parent=12183"}],"curies":[{"name":"wp","href":"https:\/\/api.w.org\/{rel}","templated":true}]}}