{"id":8654,"date":"2019-02-08T10:05:30","date_gmt":"2019-02-08T09:05:30","guid":{"rendered":"https:\/\/www.maviesanstabac.lu\/un-employeur\/"},"modified":"2024-04-17T08:02:37","modified_gmt":"2024-04-17T06:02:37","slug":"arbeitgeber","status":"publish","type":"page","link":"https:\/\/maviesanstabac.lu\/de\/arbeitgeber\/","title":{"rendered":"\u2026 Arbeitgeber"},"content":{"rendered":"<div class=\"wpb-content-wrapper\"><p>[vc_row type=&#8221;vc_default&#8221; content_placement=&#8221;middle&#8221; margin_top=&#8221;-50&#8243; bg_type=&#8221;image&#8221; parallax_style=&#8221;vcpb-default&#8221; bg_image_new=&#8221;id^7332|url^http:\/\/www.maviesanstabac.lu\/wp-content\/uploads\/2019\/02\/head-int-entreprises.jpg|caption^null|alt^null|title^head-int-entreprises|description^null&#8221; bg_override=&#8221;ex-full&#8221; enable_overlay=&#8221;enable_overlay_value&#8221; overlay_pattern=&#8221;transperant&#8221; overlay_pattern_opacity=&#8221;100&#8243; overlay_pattern_size=&#8221;200&#8243; css=&#8221;.vc_custom_1558452610220{padding-top: 3% !important;padding-bottom: 0px !important;}&#8221; el_class=&#8221;internal-header&#8221;][vc_column][\/vc_column][\/vc_row][vc_row][vc_column css=&#8221;.vc_custom_1540631490734{padding-right: 40px !important;padding-left: 40px !important;}&#8221;]<div id=\"ultimate-heading-653169de264bea8d0\" class=\"uvc-heading ult-adjust-bottom-margin ultimate-heading-653169de264bea8d0 uvc-6888  uvc-heading-default-font-sizes\" data-hspacer=\"line_only\"  data-halign=\"center\" style=\"text-align:center\"><div class=\"uvc-main-heading ult-responsive\"  data-ultimate-target='.uvc-heading.ultimate-heading-653169de264bea8d0 h2'  data-responsive-json-new='{\"font-size\":\"\",\"line-height\":\"\"}' ><h2 style=\"font-weight:bold;margin-bottom:7px;\">\u2026 Arbeitgeber<\/h2><\/div><div class=\"uvc-heading-spacer line_only\" style=\"margin-top:15px;margin-bottom:25px;height:3px;\"><span class=\"uvc-headings-line\" style=\"border-style:solid;border-bottom-width:3px;border-color:#f20738;width:300px;\"><\/span><\/div><\/div>[vc_empty_space][vc_row_inner equal_height=&#8221;yes&#8221; gap=&#8221;10&#8243;][vc_column_inner width=&#8221;1\/2&#8243; css=&#8221;.vc_custom_1540217487922{padding-top: 0px !important;padding-bottom: 0px !important;}&#8221;]<div id=\"ultimate-heading-4269de264bea9ee\" class=\"uvc-heading ult-adjust-bottom-margin ultimate-heading-4269de264bea9ee uvc-6849 \" data-hspacer=\"line_only\"  data-halign=\"left\" style=\"text-align:left\"><div class=\"uvc-main-heading ult-responsive\"  data-ultimate-target='.uvc-heading.ultimate-heading-4269de264bea9ee h2'  data-responsive-json-new='{\"font-size\":\"desktop:22px;\",\"line-height\":\"desktop:32px;\"}' ><h2 style=\"font-weight:bold;margin-bottom:7px;\">Umgang mit Tabakkonsum im Unternehmen: kostenlose Angebote<\/h2><\/div><div class=\"uvc-heading-spacer line_only\" style=\"margin-top:15px;margin-bottom:25px;height:3px;\"><span class=\"uvc-headings-line\" style=\"border-style:solid;border-bottom-width:3px;border-color:#f20738;width:70px;\"><\/span><\/div><\/div>[vc_column_text css=&#8221;.vc_custom_1589534357977{padding-right: 0px !important;padding-bottom: 20px !important;padding-left: 0px !important;}&#8221;]<strong>Die Fondation Cancer bietet:<\/strong>[\/vc_column_text]<div class=\"standard-arrow list-divider\"><ul>\n<li>Beratungsgespr\u00e4che zum <strong>Umgang mit Tabakkonsum<\/strong> im Unternehmen und zur Implementierung einer <strong>Rauchstopp-Strategie<\/strong><\/li>\n<li>Umfrage <strong><em>Der Tabak und Sie<\/em><\/strong> unter den Mitarbeitern, um die Bed\u00fcrfnisse klar zu definieren und entsprechende Ma\u00dfnahmen zu entwickeln<\/li>\n<li>Informationsveranstaltung \u00fcber den <strong>Ausstieg aus dem Tabakkonsum<\/strong> f\u00fcr rauchende Mitarbeiter<\/li>\n<li><strong>Individuelle Beratungsgespr\u00e4che<\/strong> mit einem Tabakologen f\u00fcr die <strong>Raucher unter den<\/strong> <strong>Mitarbeitern<\/strong><\/li>\n<\/ul>\n<\/div>[\/vc_column_inner][vc_column_inner width=&#8221;1\/2&#8243; css=&#8221;.vc_custom_1540217511840{padding-top: 0px !important;padding-bottom: 0px !important;}&#8221;]<div id=\"ultimate-heading-208669de264beab40\" class=\"uvc-heading ult-adjust-bottom-margin ultimate-heading-208669de264beab40 uvc-5687 \" data-hspacer=\"line_only\"  data-halign=\"left\" style=\"text-align:left\"><div class=\"uvc-main-heading ult-responsive\"  data-ultimate-target='.uvc-heading.ultimate-heading-208669de264beab40 h2'  data-responsive-json-new='{\"font-size\":\"desktop:22px;\",\"line-height\":\"desktop:32px;\"}' ><h2 style=\"font-weight:bold;margin-bottom:7px;\">Helfen Sie Ihren Mitarbeitern, mit dem Rauchen aufzuh\u00f6ren<\/h2><\/div><div class=\"uvc-heading-spacer line_only\" style=\"margin-top:15px;margin-bottom:25px;height:3px;\"><span class=\"uvc-headings-line\" style=\"border-style:solid;border-bottom-width:3px;border-color:#f20738;width:70px;\"><\/span><\/div><\/div>[vc_column_text css=&#8221;.vc_custom_1589534542434{padding-right: 0px !important;padding-bottom: 20px !important;padding-left: 0px !important;}&#8221;]<strong>Wenn Ihre Mitarbeiter das Rauchen aufgeben, hat das viele Vorteile f\u00fcr das Unternehmen:<\/strong>[\/vc_column_text]<div class=\"standard-arrow list-divider\"><ul>\n<li>Ges\u00fcndere Mitarbeiter<\/li>\n<li>verbesserte Sicherheit am Arbeitsplatz<\/li>\n<li>positives Unternehmensbild<\/li>\n<li>besseres Verh\u00e4ltnis zwischen Rauchern und Nichtrauchern<\/li>\n<li>weniger Fehlzeiten<\/li>\n<\/ul>\n<\/div>[\/vc_column_inner][\/vc_row_inner]<div class=\"ult-spacer spacer-69de264beac5c\" data-id=\"69de264beac5c\" data-height=\"40\" data-height-mobile=\"20\" data-height-tab=\"20\" data-height-tab-portrait=\"20\" data-height-mobile-landscape=\"20\" style=\"clear:both;display:block;\"><\/div>[\/vc_column][\/vc_row][vc_row][vc_column][vc_row_inner][vc_column_inner]<div id=\"ultimate-heading-494969de264beacaf\" class=\"uvc-heading ult-adjust-bottom-margin ultimate-heading-494969de264beacaf uvc-4735 \" data-hspacer=\"line_only\"  data-halign=\"left\" style=\"text-align:left\"><div class=\"uvc-main-heading ult-responsive\"  data-ultimate-target='.uvc-heading.ultimate-heading-494969de264beacaf h2'  data-responsive-json-new='{\"font-size\":\"desktop:22px;\",\"line-height\":\"desktop:32px;\"}' ><h2 style=\"font-weight:bold;margin-bottom:7px;\">Rauchstopp mit der Fondation Cancer<\/h2><\/div><div class=\"uvc-heading-spacer line_only\" style=\"margin-top:15px;margin-bottom:25px;height:3px;\"><span class=\"uvc-headings-line\" style=\"border-style:solid;border-bottom-width:3px;border-color:#f20738;width:70px;\"><\/span><\/div><\/div>[\/vc_column_inner][\/vc_row_inner][vc_row_inner][vc_column_inner][vc_column_text]Wenn Sie Ihre Mitarbeiter dazu anregen wollen, das Rauchen aufzugeben, stellt die <a href=\"http:\/\/www.cancer.lu\/\">Fondation Cancer<\/a> Ihnen gerne kostenlos Aufkleber zur Verf\u00fcgung, die Sie an verschiedenen Orten Ihrer Wahl anbringen k\u00f6nnen. Senden Sie eine Mail an die Adresse <a href=\"mailto:prevention@cancer.lu\">prevention@cancer.lu<\/a>, um die Aufkleber zu bestellen.[\/vc_column_text][\/vc_column_inner][\/vc_row_inner][vc_row_inner][vc_column_inner width=&#8221;1\/4&#8243;][vc_single_image image=&#8221;11730&#8243; img_size=&#8221;full&#8221; onclick=&#8221;custom_link&#8221; img_link_target=&#8221;_blank&#8221; link=&#8221;https:\/\/www.maviesanstabac.lu\/wp-content\/uploads\/2019\/07\/2019043765_Fondation-Cancer_Stickers-No-Smoking-80x40_BAT-VECT.jpg&#8221;]<div class=\"standard-arrow list-divider bullet-top\"><ul>\n<li><a href=\"https:\/\/www.maviesanstabac.lu\/wp-content\/uploads\/2019\/07\/2019043765_Fondation-Cancer_Stickers-No-Smoking-80x40_BAT-VECT.jpg\">Herunterladen<\/a><\/li>\n<\/ul>\n<\/div>[\/vc_column_inner][vc_column_inner width=&#8221;1\/4&#8243;][vc_single_image image=&#8221;11732&#8243; img_size=&#8221;full&#8221; onclick=&#8221;custom_link&#8221; img_link_target=&#8221;_blank&#8221; link=&#8221;https:\/\/www.maviesanstabac.lu\/wp-content\/uploads\/2019\/07\/2019043765_Fondation-Cancer_Stickers-No-Smoking-80x40_BAT-VECT2.jpg&#8221;]<div class=\"standard-arrow list-divider bullet-top\"><ul>\n<li><a href=\"https:\/\/www.maviesanstabac.lu\/wp-content\/uploads\/2019\/07\/2019043765_Fondation-Cancer_Stickers-No-Smoking-80x40_BAT-VECT2.jpg\">Herunterladen<\/a><\/li>\n<\/ul>\n<\/div>[\/vc_column_inner][vc_column_inner width=&#8221;1\/4&#8243;][vc_single_image image=&#8221;11728&#8243; img_size=&#8221;full&#8221; onclick=&#8221;custom_link&#8221; img_link_target=&#8221;_blank&#8221; link=&#8221;https:\/\/www.maviesanstabac.lu\/wp-content\/uploads\/2019\/07\/2019043765_Fondation-Cancer_Stickers-No-Smoking-80x40_BAT-VECT4.png&#8221;]<div class=\"standard-arrow list-divider bullet-top\"><ul>\n<li><a href=\"https:\/\/www.maviesanstabac.lu\/wp-content\/uploads\/2019\/07\/2019043765_Fondation-Cancer_Stickers-No-Smoking-80x40_BAT-VECT4.png\">Herunterladen<\/a><\/li>\n<\/ul>\n<\/div>[\/vc_column_inner][vc_column_inner width=&#8221;1\/4&#8243;][vc_single_image image=&#8221;11726&#8243; img_size=&#8221;full&#8221; onclick=&#8221;custom_link&#8221; img_link_target=&#8221;_blank&#8221; link=&#8221;https:\/\/www.maviesanstabac.lu\/wp-content\/uploads\/2019\/07\/2019043765_Fondation-Cancer_Stickers-No-Smoking-80x40_BAT-VECT3.jpg&#8221;]<div class=\"standard-arrow list-divider bullet-top\"><ul>\n<li><a href=\"https:\/\/www.maviesanstabac.lu\/wp-content\/uploads\/2019\/07\/2019043765_Fondation-Cancer_Stickers-No-Smoking-80x40_BAT-VECT3.jpg\">Herunterladen<\/a><\/li>\n<\/ul>\n<\/div>[\/vc_column_inner][\/vc_row_inner][\/vc_column][\/vc_row][vc_row][vc_column][vc_row_inner][vc_column_inner][\/vc_column_inner][\/vc_row_inner][\/vc_column][\/vc_row][vc_row type=&#8221;vc_default&#8221; full_width=&#8221;stretch_row&#8221; equal_height=&#8221;yes&#8221; content_placement=&#8221;middle&#8221; bg_type=&#8221;bg_color&#8221; bg_color_value=&#8221;#eeeeee&#8221;][vc_column][vc_row_inner content_placement=&#8221;middle&#8221;][vc_column_inner width=&#8221;1\/3&#8243;][vc_single_image image=&#8221;12609&#8243; img_size=&#8221;medium&#8221; alignment=&#8221;center&#8221; style=&#8221;vc_box_circle&#8221;][\/vc_column_inner][vc_column_inner width=&#8221;1\/3&#8243;][vc_column_text css=&#8221;.vc_custom_1590498097679{padding-bottom: 0px !important;}&#8221;]<\/p>\n<h4 class=\"p1\"><span style=\"color: #f20738;\">Interessiert? Z\u00f6gern Sie nicht und lassen Sie sich von einem Experten beraten und unterst\u00fctzen.<\/span><\/h4>\n<p>[\/vc_column_text][\/vc_column_inner][vc_column_inner width=&#8221;1\/3&#8243;][vc_column_text css=&#8221;.vc_custom_1713333754093{padding-bottom: 0px !important;}&#8221;]<\/p>\n<div class=\"et_pb_team_member_description\">\n<h5 style=\"text-align: center;\">Lex Schaul<\/h5>\n<p class=\"et_pb_member_position\" style=\"text-align: center;\"><strong><span style=\"color: #cc0033;\">KOSTENLOSE BRATUNG<br \/>\n<\/span><\/strong><\/p>\n<p class=\"social_icons\" style=\"text-align: center;\"><i class=\"fas fa-envelope\"><\/i><span style=\"text-align: center;\"> <span style=\"color: #333333;\"><a style=\"color: #333333;\" href=\"mailto:prevention@cancer.lu\">prevention{AT}cancer.lu<\/a><\/span><\/span><\/p>\n<p class=\"social_icons\" style=\"text-align: center;\"><i class=\"fas fa-phone\"><\/i><span style=\"text-align: center;\"> <span style=\"color: #333333;\">(+352) 45 30 331<\/span><\/span><\/p>\n<p style=\"text-align: center;\"><em>(Unsere Beratungen zur Rauchentw\u00f6hnung stehen ausschlie\u00dflich Personen mit Wohnsitz oder Arbeitsplatz in Luxemburg zur Verf\u00fcgung. Vielen Dank f\u00fcr Ihr Verst\u00e4ndnis.)<\/em><\/p>\n<\/div>\n<p>[\/vc_column_text][\/vc_column_inner][\/vc_row_inner][\/vc_column][\/vc_row][vc_row][vc_column][vc_empty_space height=&#8221;30px&#8221;][\/vc_column][\/vc_row]<\/p>\n<\/div>","protected":false},"excerpt":{"rendered":"<p>[vc_row type=&#8221;vc_default&#8221; content_placement=&#8221;middle&#8221; margin_top=&#8221;-50&#8243; bg_type=&#8221;image&#8221; parallax_style=&#8221;vcpb-default&#8221; bg_image_new=&#8221;id^7332|url^http:\/\/www.maviesanstabac.lu\/wp-content\/uploads\/2019\/02\/head-int-entreprises.jpg|caption^null|alt^null|title^head-int-entreprises|description^null&#8221; bg_override=&#8221;ex-full&#8221; enable_overlay=&#8221;enable_overlay_value&#8221; overlay_pattern=&#8221;transperant&#8221; overlay_pattern_opacity=&#8221;100&#8243; overlay_pattern_size=&#8221;200&#8243; css=&#8221;.vc_custom_1558452610220{padding-top: 3% !important;padding-bottom: 0px !important;}&#8221; el_class=&#8221;internal-header&#8221;][vc_column][\/vc_column][\/vc_row][vc_row][vc_column css=&#8221;.vc_custom_1540631490734{padding-right: 40px !important;padding-left: 40px !important;}&#8221;][vc_empty_space][vc_row_inner equal_height=&#8221;yes&#8221; gap=&#8221;10&#8243;][vc_column_inner width=&#8221;1\/2&#8243; css=&#8221;.vc_custom_1540217487922{padding-top: 0px !important;padding-bottom: 0px !important;}&#8221;][vc_column_text css=&#8221;.vc_custom_1589534357977{padding-right: 0px !important;padding-bottom: 20px !important;padding-left: 0px !important;}&#8221;]Die Fondation Cancer bietet:[\/vc_column_text][\/vc_column_inner][vc_column_inner width=&#8221;1\/2&#8243; css=&#8221;.vc_custom_1540217511840{padding-top: 0px !important;padding-bottom: 0px !important;}&#8221;][vc_column_text css=&#8221;.vc_custom_1589534542434{padding-right: 0px !important;padding-bottom: 20px !important;padding-left: 0px !important;}&#8221;]Wenn Ihre&hellip;<\/p>\n","protected":false},"author":1,"featured_media":3368,"parent":0,"menu_order":0,"comment_status":"closed","ping_status":"closed","template":"","meta":{"footnotes":""},"class_list":["post-8654","page","type-page","status-publish","has-post-thumbnail","hentry","description-off"],"yoast_head":"<!-- This site is optimized with the Yoast SEO plugin v27.0 - https:\/\/yoast.com\/product\/yoast-seo-wordpress\/ -->\n<title>Umgang mit dem Rauchen am Arbeitsplatz - Ma vie sans tabac<\/title>\n<meta name=\"description\" content=\"Die Raucherentw\u00f6hnung hat viele Vorteile f\u00fcr Arbeitgeber. Die Fondation Cancer hat viele kostenlose Angebote f\u00fcr Unternehmen.\" \/>\n<meta name=\"robots\" content=\"index, follow, max-snippet:-1, max-image-preview:large, max-video-preview:-1\" \/>\n<link rel=\"canonical\" href=\"https:\/\/maviesanstabac.lu\/de\/arbeitgeber\/\" \/>\n<meta property=\"og:locale\" content=\"de_DE\" \/>\n<meta property=\"og:type\" content=\"article\" \/>\n<meta property=\"og:title\" content=\"Umgang mit dem Rauchen am Arbeitsplatz - Ma vie sans tabac\" \/>\n<meta property=\"og:description\" content=\"Die Raucherentw\u00f6hnung hat viele Vorteile f\u00fcr Arbeitgeber. Die Fondation Cancer hat viele kostenlose Angebote f\u00fcr Unternehmen.\" \/>\n<meta property=\"og:url\" content=\"https:\/\/maviesanstabac.lu\/de\/arbeitgeber\/\" \/>\n<meta property=\"og:site_name\" content=\"ma vie sans tabac\" \/>\n<meta property=\"article:modified_time\" content=\"2024-04-17T06:02:37+00:00\" \/>\n<meta name=\"twitter:card\" content=\"summary_large_image\" \/>\n<meta name=\"twitter:image\" content=\"https:\/\/maviesanstabac.lu\/wp-content\/uploads\/2017\/06\/FondationCancer.jpg\" \/>\n<meta name=\"twitter:label1\" content=\"Gesch\u00e4tzte Lesezeit\" \/>\n\t<meta name=\"twitter:data1\" content=\"3\u00a0Minuten\" \/>\n<script type=\"application\/ld+json\" class=\"yoast-schema-graph\">{\"@context\":\"https:\/\/schema.org\",\"@graph\":[{\"@type\":\"WebPage\",\"@id\":\"https:\/\/maviesanstabac.lu\/de\/arbeitgeber\/\",\"url\":\"https:\/\/maviesanstabac.lu\/de\/arbeitgeber\/\",\"name\":\"Umgang mit dem Rauchen am Arbeitsplatz - Ma vie sans tabac\",\"isPartOf\":{\"@id\":\"https:\/\/maviesanstabac.lu\/de\/#website\"},\"primaryImageOfPage\":{\"@id\":\"https:\/\/maviesanstabac.lu\/de\/arbeitgeber\/#primaryimage\"},\"image\":{\"@id\":\"https:\/\/maviesanstabac.lu\/de\/arbeitgeber\/#primaryimage\"},\"thumbnailUrl\":\"https:\/\/maviesanstabac.lu\/wp-content\/uploads\/2017\/06\/FondationCancer.jpg\",\"datePublished\":\"2019-02-08T09:05:30+00:00\",\"dateModified\":\"2024-04-17T06:02:37+00:00\",\"description\":\"Die Raucherentw\u00f6hnung hat viele Vorteile f\u00fcr Arbeitgeber. Die Fondation Cancer hat viele kostenlose Angebote f\u00fcr Unternehmen.\",\"breadcrumb\":{\"@id\":\"https:\/\/maviesanstabac.lu\/de\/arbeitgeber\/#breadcrumb\"},\"inLanguage\":\"de\",\"potentialAction\":[{\"@type\":\"ReadAction\",\"target\":[\"https:\/\/maviesanstabac.lu\/de\/arbeitgeber\/\"]}]},{\"@type\":\"ImageObject\",\"inLanguage\":\"de\",\"@id\":\"https:\/\/maviesanstabac.lu\/de\/arbeitgeber\/#primaryimage\",\"url\":\"https:\/\/maviesanstabac.lu\/wp-content\/uploads\/2017\/06\/FondationCancer.jpg\",\"contentUrl\":\"https:\/\/maviesanstabac.lu\/wp-content\/uploads\/2017\/06\/FondationCancer.jpg\",\"width\":991,\"height\":1200},{\"@type\":\"BreadcrumbList\",\"@id\":\"https:\/\/maviesanstabac.lu\/de\/arbeitgeber\/#breadcrumb\",\"itemListElement\":[{\"@type\":\"ListItem\",\"position\":1,\"name\":\"Accueil\",\"item\":\"https:\/\/maviesanstabac.lu\/de\/\"},{\"@type\":\"ListItem\",\"position\":2,\"name\":\"\u2026 Arbeitgeber\"}]},{\"@type\":\"WebSite\",\"@id\":\"https:\/\/maviesanstabac.lu\/de\/#website\",\"url\":\"https:\/\/maviesanstabac.lu\/de\/\",\"name\":\"ma vie sans tabac\",\"description\":\"Sans tabac pour une vie plus saine\",\"potentialAction\":[{\"@type\":\"SearchAction\",\"target\":{\"@type\":\"EntryPoint\",\"urlTemplate\":\"https:\/\/maviesanstabac.lu\/de\/?s={search_term_string}\"},\"query-input\":{\"@type\":\"PropertyValueSpecification\",\"valueRequired\":true,\"valueName\":\"search_term_string\"}}],\"inLanguage\":\"de\"}]}<\/script>\n<!-- \/ Yoast SEO plugin. -->","yoast_head_json":{"title":"Umgang mit dem Rauchen am Arbeitsplatz - Ma vie sans tabac","description":"Die Raucherentw\u00f6hnung hat viele Vorteile f\u00fcr Arbeitgeber. Die Fondation Cancer hat viele kostenlose Angebote f\u00fcr Unternehmen.","robots":{"index":"index","follow":"follow","max-snippet":"max-snippet:-1","max-image-preview":"max-image-preview:large","max-video-preview":"max-video-preview:-1"},"canonical":"https:\/\/maviesanstabac.lu\/de\/arbeitgeber\/","og_locale":"de_DE","og_type":"article","og_title":"Umgang mit dem Rauchen am Arbeitsplatz - Ma vie sans tabac","og_description":"Die Raucherentw\u00f6hnung hat viele Vorteile f\u00fcr Arbeitgeber. Die Fondation Cancer hat viele kostenlose Angebote f\u00fcr Unternehmen.","og_url":"https:\/\/maviesanstabac.lu\/de\/arbeitgeber\/","og_site_name":"ma vie sans tabac","article_modified_time":"2024-04-17T06:02:37+00:00","twitter_card":"summary_large_image","twitter_image":"https:\/\/maviesanstabac.lu\/wp-content\/uploads\/2017\/06\/FondationCancer.jpg","twitter_misc":{"Gesch\u00e4tzte Lesezeit":"3\u00a0Minuten"},"schema":{"@context":"https:\/\/schema.org","@graph":[{"@type":"WebPage","@id":"https:\/\/maviesanstabac.lu\/de\/arbeitgeber\/","url":"https:\/\/maviesanstabac.lu\/de\/arbeitgeber\/","name":"Umgang mit dem Rauchen am Arbeitsplatz - Ma vie sans tabac","isPartOf":{"@id":"https:\/\/maviesanstabac.lu\/de\/#website"},"primaryImageOfPage":{"@id":"https:\/\/maviesanstabac.lu\/de\/arbeitgeber\/#primaryimage"},"image":{"@id":"https:\/\/maviesanstabac.lu\/de\/arbeitgeber\/#primaryimage"},"thumbnailUrl":"https:\/\/maviesanstabac.lu\/wp-content\/uploads\/2017\/06\/FondationCancer.jpg","datePublished":"2019-02-08T09:05:30+00:00","dateModified":"2024-04-17T06:02:37+00:00","description":"Die Raucherentw\u00f6hnung hat viele Vorteile f\u00fcr Arbeitgeber. Die Fondation Cancer hat viele kostenlose Angebote f\u00fcr Unternehmen.","breadcrumb":{"@id":"https:\/\/maviesanstabac.lu\/de\/arbeitgeber\/#breadcrumb"},"inLanguage":"de","potentialAction":[{"@type":"ReadAction","target":["https:\/\/maviesanstabac.lu\/de\/arbeitgeber\/"]}]},{"@type":"ImageObject","inLanguage":"de","@id":"https:\/\/maviesanstabac.lu\/de\/arbeitgeber\/#primaryimage","url":"https:\/\/maviesanstabac.lu\/wp-content\/uploads\/2017\/06\/FondationCancer.jpg","contentUrl":"https:\/\/maviesanstabac.lu\/wp-content\/uploads\/2017\/06\/FondationCancer.jpg","width":991,"height":1200},{"@type":"BreadcrumbList","@id":"https:\/\/maviesanstabac.lu\/de\/arbeitgeber\/#breadcrumb","itemListElement":[{"@type":"ListItem","position":1,"name":"Accueil","item":"https:\/\/maviesanstabac.lu\/de\/"},{"@type":"ListItem","position":2,"name":"\u2026 Arbeitgeber"}]},{"@type":"WebSite","@id":"https:\/\/maviesanstabac.lu\/de\/#website","url":"https:\/\/maviesanstabac.lu\/de\/","name":"ma vie sans tabac","description":"Sans tabac pour une vie plus saine","potentialAction":[{"@type":"SearchAction","target":{"@type":"EntryPoint","urlTemplate":"https:\/\/maviesanstabac.lu\/de\/?s={search_term_string}"},"query-input":{"@type":"PropertyValueSpecification","valueRequired":true,"valueName":"search_term_string"}}],"inLanguage":"de"}]}},"_links":{"self":[{"href":"https:\/\/maviesanstabac.lu\/de\/wp-json\/wp\/v2\/pages\/8654","targetHints":{"allow":["GET"]}}],"collection":[{"href":"https:\/\/maviesanstabac.lu\/de\/wp-json\/wp\/v2\/pages"}],"about":[{"href":"https:\/\/maviesanstabac.lu\/de\/wp-json\/wp\/v2\/types\/page"}],"author":[{"embeddable":true,"href":"https:\/\/maviesanstabac.lu\/de\/wp-json\/wp\/v2\/users\/1"}],"replies":[{"embeddable":true,"href":"https:\/\/maviesanstabac.lu\/de\/wp-json\/wp\/v2\/comments?post=8654"}],"version-history":[{"count":14,"href":"https:\/\/maviesanstabac.lu\/de\/wp-json\/wp\/v2\/pages\/8654\/revisions"}],"predecessor-version":[{"id":12778,"href":"https:\/\/maviesanstabac.lu\/de\/wp-json\/wp\/v2\/pages\/8654\/revisions\/12778"}],"wp:featuredmedia":[{"embeddable":true,"href":"https:\/\/maviesanstabac.lu\/de\/wp-json\/wp\/v2\/media\/3368"}],"wp:attachment":[{"href":"https:\/\/maviesanstabac.lu\/de\/wp-json\/wp\/v2\/media?parent=8654"}],"curies":[{"name":"wp","href":"https:\/\/api.w.org\/{rel}","templated":true}]}}