{"id":8722,"date":"2019-01-26T10:59:31","date_gmt":"2019-01-26T09:59:31","guid":{"rendered":"https:\/\/www.maviesanstabac.lu\/ich-finde-die-passende-methode\/le-soutien-comportemental\/"},"modified":"2023-12-13T08:08:02","modified_gmt":"2023-12-13T07:08:02","slug":"verhaltenstherapeutische-begleitung","status":"publish","type":"page","link":"https:\/\/maviesanstabac.lu\/de\/ich-finde-die-passende-methode\/verhaltenstherapeutische-begleitung\/","title":{"rendered":"Verhaltenstherapeutische Begleitung"},"content":{"rendered":"<div class=\"wpb-content-wrapper\"><p>[vc_row type=&#8221;vc_default&#8221; content_placement=&#8221;middle&#8221; margin_top=&#8221;-50&#8243; bg_type=&#8221;image&#8221; parallax_style=&#8221;vcpb-default&#8221; bg_image_new=&#8221;id^8021|url^http:\/\/www.maviesanstabac.lu\/wp-content\/uploads\/2019\/05\/head_int_je-me-lance_soutien-psychocomportemental.jpg|caption^null|alt^null|title^head_int_je-me-lance_soutien-psychocomportemental|description^null&#8221; bg_override=&#8221;ex-full&#8221; enable_overlay=&#8221;enable_overlay_value&#8221; overlay_pattern=&#8221;transperant&#8221; overlay_pattern_opacity=&#8221;100&#8243; overlay_pattern_size=&#8221;200&#8243; css=&#8221;.vc_custom_1557837679161{padding-top: 3% !important;padding-bottom: 0px !important;}&#8221; el_class=&#8221;internal-header&#8221;][vc_column][\/vc_column][\/vc_row][vc_row][vc_column css=&#8221;.vc_custom_1540631490734{padding-right: 40px !important;padding-left: 40px !important;}&#8221;]<div id=\"ultimate-heading-249669de28be9ba4d\" class=\"uvc-heading ult-adjust-bottom-margin ultimate-heading-249669de28be9ba4d uvc-2791 \" data-hspacer=\"line_only\"  data-halign=\"center\" style=\"text-align:center\"><div class=\"uvc-main-heading ult-responsive\"  data-ultimate-target='.uvc-heading.ultimate-heading-249669de28be9ba4d h2'  data-responsive-json-new='{\"font-size\":\"mobile:24px;\",\"line-height\":\"\"}' ><h2 style=\"font-weight:bold;margin-bottom:7px;\">Verhaltenstherapeutische Begleitung<\/h2><\/div><div class=\"uvc-heading-spacer line_only\" style=\"margin-top:15px;margin-bottom:25px;height:3px;\"><span class=\"uvc-headings-line\" style=\"border-style:solid;border-bottom-width:3px;border-color:#f20738;width:300px;\"><\/span><\/div><\/div>[vc_empty_space][vc_row_inner equal_height=&#8221;yes&#8221; gap=&#8221;10&#8243;][vc_column_inner width=&#8221;1\/2&#8243; css=&#8221;.vc_custom_1540217487922{padding-top: 0px !important;padding-bottom: 0px !important;}&#8221;][vc_column_text css=&#8221;.vc_custom_1590575990354{padding-right: 0px !important;padding-bottom: 20px !important;padding-left: 0px !important;}&#8221;]Ein Tabakologe hilft Ihnen, die passenden Methoden f\u00fcr Ihren Rauchstopp zu finden. Er ber\u00e4t sie hinsichtlich der Dosierung von Nikotinersatzpr\u00e4paraten und erarbeitet gemeinsam mit Ihnen <strong>Strategien zur \u00dcberwindung<\/strong> Ihrer <a href=\"https:\/\/www.maviesanstabac.lu\/de\/wie-stark-ist-meine-psychische-abhaengigkeit\/\"><strong>psychischen Abh\u00e4ngigkeit<\/strong><\/a>. Damit bietet er Ihnen eine verhaltenstherapeutische Unterst\u00fctzung.[\/vc_column_text][vc_message style=&#8221;square&#8221; message_box_color=&#8221;danger&#8221; icon_fontawesome=&#8221;&#8221;]Mit dem Einsatz von <a href=\"https:\/\/www.maviesanstabac.lu\/de\/ich-finde-die-passende-methode\/nikotinersatztherapien\/\"><strong>Nikotinersatztherapien<\/strong><\/a> oder <a href=\"https:\/\/www.maviesanstabac.lu\/de\/ich-finde-die-passende-methode\/medikamente\/\"><strong>Medikamenten<\/strong><\/a> in Kombination mit einer verhaltenstherapeutischen Begleitung <strong>vervierfachen<\/strong> sich die Chancen auf eine erfolgreiche Tabakentw\u00f6hnung.[\/vc_message]<div class=\"ult-spacer spacer-69de28be9bc34\" data-id=\"69de28be9bc34\" data-height=\"40\" data-height-mobile=\"20\" data-height-tab=\"20\" data-height-tab-portrait=\"20\" data-height-mobile-landscape=\"20\" style=\"clear:both;display:block;\"><\/div>[\/vc_column_inner][vc_column_inner width=&#8221;1\/2&#8243; css=&#8221;.vc_custom_1540217511840{padding-top: 0px !important;padding-bottom: 0px !important;}&#8221;][vc_single_image image=&#8221;11601&#8243; img_size=&#8221;full&#8221; alignment=&#8221;center&#8221; image_hovers=&#8221;false&#8221;][\/vc_column_inner][\/vc_row_inner]<div id=\"ultimate-heading-587169de28be9bcc8\" class=\"uvc-heading ult-adjust-bottom-margin ultimate-heading-587169de28be9bcc8 uvc-3679 \" data-hspacer=\"line_only\"  data-halign=\"left\" style=\"text-align:left\"><div class=\"uvc-main-heading ult-responsive\"  data-ultimate-target='.uvc-heading.ultimate-heading-587169de28be9bcc8 h2'  data-responsive-json-new='{\"font-size\":\"desktop:22px;\",\"line-height\":\"desktop:32px;\"}' ><h2 style=\"font-weight:bold;margin-bottom:7px;\">Mit diesen Methoden arbeiten Tabakologen<\/h2><\/div><div class=\"uvc-heading-spacer line_only\" style=\"margin-top:15px;margin-bottom:25px;height:3px;\"><span class=\"uvc-headings-line\" style=\"border-style:solid;border-bottom-width:3px;border-color:#f20738;width:70px;\"><\/span><\/div><\/div>[vc_row_inner equal_height=&#8221;yes&#8221; gap=&#8221;10&#8243;][vc_column_inner width=&#8221;1\/2&#8243; css=&#8221;.vc_custom_1540217487922{padding-top: 0px !important;padding-bottom: 0px !important;}&#8221;][vc_column_text css=&#8221;.vc_custom_1589202738749{padding-right: 0px !important;padding-bottom: 20px !important;padding-left: 0px !important;}&#8221;]Bei ihren Gespr\u00e4chen wenden die Berater anerkannte Methoden der Raucherentw\u00f6hnung wie die motivierende Gespr\u00e4chsf\u00fchrung und kognitive Verhaltenstherapien an, die Ihnen helfen sollen, Ihr Verhalten zu \u00e4ndern und bestimmte Denkmuster zu durchbrechen. Im Gespr\u00e4ch und durch \u00dcbungen lernen Sie, Ihr Rauchverhalten zu beobachten und zu verstehen, mit welchen Situationen und Befindlichkeiten bestimmte Zigaretten verbunden sind. Sind Sie Gewohnheitsraucher, ist Rauchen f\u00fcr Sie in bestimmten Situationen ein Reflex, zum Beispiel wenn Sie gestresst, \u00e4ngstlich oder auch entspannt sind? Gemeinsam mit Ihnen erarbeitet der Tabakologe die passenden Antworten.[\/vc_column_text][\/vc_column_inner][vc_column_inner width=&#8221;1\/2&#8243; css=&#8221;.vc_custom_1540217511840{padding-top: 0px !important;padding-bottom: 0px !important;}&#8221;][vc_column_text css=&#8221;.vc_custom_1589202770890{padding-right: 0px !important;padding-bottom: 20px !important;padding-left: 0px !important;}&#8221;]Sie\/Er zeigt Ihnen Strategien auf, mit denen Sie dem Verlangen nach einer Zigarette begegnen k\u00f6nnen <strong>(Vermeidungs- und Ausweichstrategien).<\/strong><\/p>\n<p>Durch eine verhaltenstherapeutische Begleitung k\u00f6nnen sich die Chancen auf eine erfolgreiche Tabakentw\u00f6hnung verdoppeln.<\/p>\n<p>[\/vc_column_text][\/vc_column_inner][\/vc_row_inner]<div id=\"ultimate-heading-988169de28be9bdb6\" class=\"uvc-heading ult-adjust-bottom-margin ultimate-heading-988169de28be9bdb6 uvc-9999 \" data-hspacer=\"line_only\"  data-halign=\"left\" style=\"text-align:left\"><div class=\"uvc-main-heading ult-responsive\"  data-ultimate-target='.uvc-heading.ultimate-heading-988169de28be9bdb6 h2'  data-responsive-json-new='{\"font-size\":\"desktop:22px;\",\"line-height\":\"desktop:32px;\"}' ><h2 style=\"font-weight:bold;margin-bottom:7px;\">Erfahrunsbericht (auf Franz\u00f6sisch)<\/h2><\/div><div class=\"uvc-heading-spacer line_only\" style=\"margin-top:15px;margin-bottom:25px;height:3px;\"><span class=\"uvc-headings-line\" style=\"border-style:solid;border-bottom-width:3px;border-color:#f20738;width:70px;\"><\/span><\/div><\/div><div class=\"ult-spacer spacer-69de28be9be57\" data-id=\"69de28be9be57\" data-height=\"20\" data-height-mobile=\"20\" data-height-tab=\"20\" data-height-tab-portrait=\"20\" data-height-mobile-landscape=\"20\" style=\"clear:both;display:block;\"><\/div><div id=\"ultimate-video-328969de28be9bee4\" class=\"ult-video  vc_custom_1566205094575 ult-adjust-bottom-margin ultimate-video-328969de28be9bee4 ultv-9095 \"><div class=\"ultv-video ultv-aspect-ratio-16_9 ultv-subscribe-responsive-none\" data-videotype=\"uv_iframe\">\n\t\t\t\t\t\t<div class=\"ultv-video__outer-wrap\" data-autoplay=\"0\" data-device=\"false\"  data-iconbg=\"#3A3A3A\" data-overcolor=\"\" data-defaultbg=\"#1f1f1e\" data-defaultplay=\"defaulticon\"><div class=\"ultv-video__play\" data-src=\"https:\/\/www.youtube.com\/embed\/KYVL91r214s?rel=0&#038;start&#038;end&#038;controls=1&#038;mute=0&#038;modestbranding=1&#038;autoplay=1\">\n\t\t\t\t\t\t\t\t<img decoding=\"async\" class=\"ultv-video__thumb\" src=\"https:\/\/i.ytimg.com\/vi\/KYVL91r214s\/maxresdefault.jpg\"\/>\n\t\t\t\t\t\t\t\t<div class=\"ultv-video__play-icon  ultv-animation-none\" style=\"width:75px\"><svg height=\"100%\" version=\"1.1\" viewBox=\"0 0 68 48\" width=\"100%\"><path class=\"ultv-youtube-icon-bg\" d=\"m .66,37.62 c 0,0 .66,4.70 2.70,6.77 2.58,2.71 5.98,2.63 7.49,2.91 5.43,.52 23.10,.68 23.12,.68 .00,-1.3e-5 14.29,-0.02 23.81,-0.71 1.32,-0.15 4.22,-0.17 6.81,-2.89 2.03,-2.07 2.70,-6.77 2.70,-6.77 0,0 .67,-5.52 .67,-11.04 l 0,-5.17 c 0,-5.52 -0.67,-11.04 -0.67,-11.04 0,0 -0.66,-4.70 -2.70,-6.77 C 62.03,.86 59.13,.84 57.80,.69 48.28,0 34.00,0 34.00,0 33.97,0 19.69,0 10.18,.69 8.85,.84 5.95,.86 3.36,3.58 1.32,5.65 .66,10.35 .66,10.35 c 0,0 -0.55,4.50 -0.66,9.45 l 0,8.36 c .10,4.94 .66,9.45 .66,9.45 z\" fill=\"#1f1f1e\" ><\/path><path d=\"m 26.96,13.67 18.37,9.62 -18.37,9.55 -0.00,-19.17 z\" fill=\"#fff\"><\/path><path d=\"M 45.02,23.46 45.32,23.28 26.96,13.67 43.32,22.34 45.02,23.46 z\" fill=\"#ccc\"><\/path><\/svg><\/div> <\/div> <\/div><\/div><\/div><div class=\"ult-spacer spacer-69de28be9c001\" data-id=\"69de28be9c001\" data-height=\"60\" data-height-mobile=\"20\" data-height-tab=\"20\" data-height-tab-portrait=\"20\" data-height-mobile-landscape=\"20\" style=\"clear:both;display:block;\"><\/div>[\/vc_column][\/vc_row][vc_row type=&#8221;vc_default&#8221; full_width=&#8221;stretch_row&#8221; equal_height=&#8221;yes&#8221; content_placement=&#8221;middle&#8221; bg_type=&#8221;bg_color&#8221; bg_color_value=&#8221;#eeeeee&#8221;][vc_column][vc_row_inner content_placement=&#8221;middle&#8221;][vc_column_inner width=&#8221;1\/3&#8243;][vc_single_image image=&#8221;12609&#8243; img_size=&#8221;medium&#8221; alignment=&#8221;center&#8221; style=&#8221;vc_box_circle&#8221;][\/vc_column_inner][vc_column_inner width=&#8221;1\/3&#8243;][vc_column_text css=&#8221;.vc_custom_1590751770898{padding-bottom: 0px !important;}&#8221;]<\/p>\n<h4 class=\"p1\"><span style=\"color: #f20738;\">\u201eMit der Unterst\u00fctzung eines Gesundheitsexperten k\u00f6nnen sich die Chancen auf eine erfolgreiche Tabakentw\u00f6hnung verdoppeln.\u201d<br \/>\n<\/span><\/h4>\n<p>[\/vc_column_text][\/vc_column_inner][vc_column_inner width=&#8221;1\/3&#8243;][vc_column_text css=&#8221;.vc_custom_1702451257648{padding-bottom: 0px !important;}&#8221;]<\/p>\n<div class=\"et_pb_team_member_description\">\n<h5 style=\"text-align: center;\">Lex Schaul<\/h5>\n<p class=\"et_pb_member_position\" style=\"text-align: center;\"><strong><span style=\"color: #cc0033;\">KOSTENLOSE BERATUNG<br \/>\n<\/span><\/strong><\/p>\n<p class=\"social_icons\" style=\"text-align: center;\"><i class=\"fas fa-envelope\"><\/i><span style=\"text-align: center;\"> <span style=\"color: #333333;\"><a style=\"color: #333333;\" href=\"mailto:prevention@cancer.lu\">prevention{AT}cancer.lu<\/a><\/span><\/span><\/p>\n<p class=\"social_icons\" style=\"text-align: center;\"><i class=\"fas fa-phone\"><\/i><span style=\"text-align: center;\"> <span style=\"color: #333333;\">(+352) 45 30 331<\/span><\/span><\/p>\n<\/div>\n<p>[\/vc_column_text][\/vc_column_inner][\/vc_row_inner][\/vc_column][\/vc_row][vc_row type=&#8221;vc_default&#8221; full_width=&#8221;stretch_row&#8221; content_placement=&#8221;middle&#8221; parallax=&#8221;content-moving&#8221; parallax_image=&#8221;7078&#8243; enable_overlay=&#8221;enable_overlay_value&#8221; overlay_color=&#8221;#f20738&#8243; overlay_pattern=&#8221;transperant&#8221; overlay_pattern_opacity=&#8221;80&#8243; multi_color_overlay=&#8221;uvc-multi-color-bg&#8221; multi_color_overlay_opacity=&#8221;60&#8243; el_class=&#8221;accent-border-color&#8221; css=&#8221;.vc_custom_1566206875318{margin-top: 0px !important;margin-right: 0px !important;margin-bottom: 0px !important;margin-left: 0px !important;}&#8221;][vc_column]<div class=\"ult-spacer spacer-69de28be9c085\" data-id=\"69de28be9c085\" data-height=\"100\" data-height-mobile=\"0\" data-height-tab=\"0\" data-height-tab-portrait=\"0\" data-height-mobile-landscape=\"0\" style=\"clear:both;display:block;\"><\/div>[vc_row_inner css=&#8221;.vc_custom_1538554528820{border-radius: 2px !important;}&#8221;][vc_column_inner]<div id=\"ultimate-heading-363469de28be9c100\" class=\"uvc-heading ult-adjust-bottom-margin ultimate-heading-363469de28be9c100 uvc-2683 accent-border-color uvc-heading-default-font-sizes\" data-hspacer=\"line_only\"  data-halign=\"left\" style=\"text-align:left\"><div class=\"uvc-main-heading ult-responsive\"  data-ultimate-target='.uvc-heading.ultimate-heading-363469de28be9c100 h2'  data-responsive-json-new='{\"font-size\":\"\",\"line-height\":\"\"}' ><h2 style=\"font-weight:bold;color:#ffffff;margin-bottom:20px;\">E-coaching<\/h2><\/div><div class=\"uvc-heading-spacer line_only\" style=\"margin-bottom:25px;height:3px;\"><span class=\"uvc-headings-line\" style=\"border-style:solid;border-bottom-width:3px;border-color:#ccc;width:300px;\"><\/span><\/div><\/div>[vc_column_text]<span style=\"color: #ffffff;\"><strong>Es gibt auch Smartphone-Apps und Online-Angebote, die Sie bei Ihrem Nichtraucher-Projekt unterst\u00fctzen.<\/strong><\/span>[\/vc_column_text]<a href=\"https:\/\/www.maviesanstabac.lu\/de\/ich-finde-die-passende-methode\/e-coaching\/\" class=\"btn-shortcode dt-btn-s dt-btn default-btn-color default-btn-hover-color default-btn-bg-color default-btn-bg-hover-color\" id=\"dt-btn-1\"><span>Mehr<\/span><\/a><div class=\"ult-spacer spacer-69de28be9c262\" data-id=\"69de28be9c262\" data-height=\"40\" data-height-mobile=\"20\" data-height-tab=\"20\" data-height-tab-portrait=\"20\" data-height-mobile-landscape=\"20\" style=\"clear:both;display:block;\"><\/div>[\/vc_column_inner][\/vc_row_inner]<div class=\"ult-spacer spacer-69de28be9c2a3\" data-id=\"69de28be9c2a3\" data-height=\"40\" data-height-mobile=\"20\" data-height-tab=\"20\" data-height-tab-portrait=\"20\" data-height-mobile-landscape=\"20\" style=\"clear:both;display:block;\"><\/div>[\/vc_column][\/vc_row][vc_row][vc_column][vc_empty_space height=&#8221;30px&#8221;][\/vc_column][\/vc_row]<\/p>\n<\/div>","protected":false},"excerpt":{"rendered":"<p>[vc_row type=&#8221;vc_default&#8221; content_placement=&#8221;middle&#8221; margin_top=&#8221;-50&#8243; bg_type=&#8221;image&#8221; parallax_style=&#8221;vcpb-default&#8221; bg_image_new=&#8221;id^8021|url^http:\/\/www.maviesanstabac.lu\/wp-content\/uploads\/2019\/05\/head_int_je-me-lance_soutien-psychocomportemental.jpg|caption^null|alt^null|title^head_int_je-me-lance_soutien-psychocomportemental|description^null&#8221; bg_override=&#8221;ex-full&#8221; enable_overlay=&#8221;enable_overlay_value&#8221; overlay_pattern=&#8221;transperant&#8221; overlay_pattern_opacity=&#8221;100&#8243; overlay_pattern_size=&#8221;200&#8243; css=&#8221;.vc_custom_1557837679161{padding-top: 3% !important;padding-bottom: 0px !important;}&#8221; el_class=&#8221;internal-header&#8221;][vc_column][\/vc_column][\/vc_row][vc_row][vc_column css=&#8221;.vc_custom_1540631490734{padding-right: 40px !important;padding-left: 40px !important;}&#8221;][vc_empty_space][vc_row_inner equal_height=&#8221;yes&#8221; gap=&#8221;10&#8243;][vc_column_inner width=&#8221;1\/2&#8243; css=&#8221;.vc_custom_1540217487922{padding-top: 0px !important;padding-bottom: 0px !important;}&#8221;][vc_column_text css=&#8221;.vc_custom_1590575990354{padding-right: 0px !important;padding-bottom: 20px !important;padding-left: 0px !important;}&#8221;]Ein Tabakologe hilft Ihnen, die passenden Methoden f\u00fcr Ihren Rauchstopp zu finden. Er ber\u00e4t sie hinsichtlich der Dosierung&hellip;<\/p>\n","protected":false},"author":1,"featured_media":3368,"parent":8697,"menu_order":0,"comment_status":"closed","ping_status":"closed","template":"","meta":{"footnotes":""},"class_list":["post-8722","page","type-page","status-publish","has-post-thumbnail","hentry","description-off"],"yoast_head":"<!-- This site is optimized with the Yoast SEO plugin v27.0 - https:\/\/yoast.com\/product\/yoast-seo-wordpress\/ -->\n<title>Verhaltenstherapeutische Begleitung - Ma vie sans tabac<\/title>\n<meta name=\"description\" content=\"Ein Tabakologe hilft Ihnen, die passenden Methoden f\u00fcr Ihren Rauchstopp zu finden.\" \/>\n<meta name=\"robots\" content=\"index, follow, max-snippet:-1, max-image-preview:large, max-video-preview:-1\" \/>\n<link rel=\"canonical\" href=\"https:\/\/maviesanstabac.lu\/de\/ich-finde-die-passende-methode\/verhaltenstherapeutische-begleitung\/\" \/>\n<meta property=\"og:locale\" content=\"de_DE\" \/>\n<meta property=\"og:type\" content=\"article\" \/>\n<meta property=\"og:title\" content=\"Verhaltenstherapeutische Begleitung - Ma vie sans tabac\" \/>\n<meta property=\"og:description\" content=\"Ein Tabakologe hilft Ihnen, die passenden Methoden f\u00fcr Ihren Rauchstopp zu finden.\" \/>\n<meta property=\"og:url\" content=\"https:\/\/maviesanstabac.lu\/de\/ich-finde-die-passende-methode\/verhaltenstherapeutische-begleitung\/\" \/>\n<meta property=\"og:site_name\" content=\"ma vie sans tabac\" \/>\n<meta property=\"article:modified_time\" content=\"2023-12-13T07:08:02+00:00\" \/>\n<meta name=\"twitter:card\" content=\"summary_large_image\" \/>\n<meta name=\"twitter:image\" content=\"https:\/\/maviesanstabac.lu\/wp-content\/uploads\/2017\/06\/FondationCancer.jpg\" \/>\n<meta name=\"twitter:label1\" content=\"Gesch\u00e4tzte Lesezeit\" \/>\n\t<meta name=\"twitter:data1\" content=\"3\u00a0Minuten\" \/>\n<script type=\"application\/ld+json\" class=\"yoast-schema-graph\">{\"@context\":\"https:\/\/schema.org\",\"@graph\":[{\"@type\":\"WebPage\",\"@id\":\"https:\/\/maviesanstabac.lu\/de\/ich-finde-die-passende-methode\/verhaltenstherapeutische-begleitung\/\",\"url\":\"https:\/\/maviesanstabac.lu\/de\/ich-finde-die-passende-methode\/verhaltenstherapeutische-begleitung\/\",\"name\":\"Verhaltenstherapeutische Begleitung - Ma vie sans tabac\",\"isPartOf\":{\"@id\":\"https:\/\/maviesanstabac.lu\/de\/#website\"},\"primaryImageOfPage\":{\"@id\":\"https:\/\/maviesanstabac.lu\/de\/ich-finde-die-passende-methode\/verhaltenstherapeutische-begleitung\/#primaryimage\"},\"image\":{\"@id\":\"https:\/\/maviesanstabac.lu\/de\/ich-finde-die-passende-methode\/verhaltenstherapeutische-begleitung\/#primaryimage\"},\"thumbnailUrl\":\"https:\/\/maviesanstabac.lu\/wp-content\/uploads\/2017\/06\/FondationCancer.jpg\",\"datePublished\":\"2019-01-26T09:59:31+00:00\",\"dateModified\":\"2023-12-13T07:08:02+00:00\",\"description\":\"Ein Tabakologe hilft Ihnen, die passenden Methoden f\u00fcr Ihren Rauchstopp zu finden.\",\"breadcrumb\":{\"@id\":\"https:\/\/maviesanstabac.lu\/de\/ich-finde-die-passende-methode\/verhaltenstherapeutische-begleitung\/#breadcrumb\"},\"inLanguage\":\"de\",\"potentialAction\":[{\"@type\":\"ReadAction\",\"target\":[\"https:\/\/maviesanstabac.lu\/de\/ich-finde-die-passende-methode\/verhaltenstherapeutische-begleitung\/\"]}]},{\"@type\":\"ImageObject\",\"inLanguage\":\"de\",\"@id\":\"https:\/\/maviesanstabac.lu\/de\/ich-finde-die-passende-methode\/verhaltenstherapeutische-begleitung\/#primaryimage\",\"url\":\"https:\/\/maviesanstabac.lu\/wp-content\/uploads\/2017\/06\/FondationCancer.jpg\",\"contentUrl\":\"https:\/\/maviesanstabac.lu\/wp-content\/uploads\/2017\/06\/FondationCancer.jpg\",\"width\":991,\"height\":1200},{\"@type\":\"BreadcrumbList\",\"@id\":\"https:\/\/maviesanstabac.lu\/de\/ich-finde-die-passende-methode\/verhaltenstherapeutische-begleitung\/#breadcrumb\",\"itemListElement\":[{\"@type\":\"ListItem\",\"position\":1,\"name\":\"Accueil\",\"item\":\"https:\/\/maviesanstabac.lu\/de\/\"},{\"@type\":\"ListItem\",\"position\":2,\"name\":\"Ich finde die passende Methode\",\"item\":\"https:\/\/maviesanstabac.lu\/de\/ich-finde-die-passende-methode\/\"},{\"@type\":\"ListItem\",\"position\":3,\"name\":\"Verhaltenstherapeutische Begleitung\"}]},{\"@type\":\"WebSite\",\"@id\":\"https:\/\/maviesanstabac.lu\/de\/#website\",\"url\":\"https:\/\/maviesanstabac.lu\/de\/\",\"name\":\"ma vie sans tabac\",\"description\":\"Sans tabac pour une vie plus saine\",\"potentialAction\":[{\"@type\":\"SearchAction\",\"target\":{\"@type\":\"EntryPoint\",\"urlTemplate\":\"https:\/\/maviesanstabac.lu\/de\/?s={search_term_string}\"},\"query-input\":{\"@type\":\"PropertyValueSpecification\",\"valueRequired\":true,\"valueName\":\"search_term_string\"}}],\"inLanguage\":\"de\"}]}<\/script>\n<!-- \/ Yoast SEO plugin. -->","yoast_head_json":{"title":"Verhaltenstherapeutische Begleitung - Ma vie sans tabac","description":"Ein Tabakologe hilft Ihnen, die passenden Methoden f\u00fcr Ihren Rauchstopp zu finden.","robots":{"index":"index","follow":"follow","max-snippet":"max-snippet:-1","max-image-preview":"max-image-preview:large","max-video-preview":"max-video-preview:-1"},"canonical":"https:\/\/maviesanstabac.lu\/de\/ich-finde-die-passende-methode\/verhaltenstherapeutische-begleitung\/","og_locale":"de_DE","og_type":"article","og_title":"Verhaltenstherapeutische Begleitung - Ma vie sans tabac","og_description":"Ein Tabakologe hilft Ihnen, die passenden Methoden f\u00fcr Ihren Rauchstopp zu finden.","og_url":"https:\/\/maviesanstabac.lu\/de\/ich-finde-die-passende-methode\/verhaltenstherapeutische-begleitung\/","og_site_name":"ma vie sans tabac","article_modified_time":"2023-12-13T07:08:02+00:00","twitter_card":"summary_large_image","twitter_image":"https:\/\/maviesanstabac.lu\/wp-content\/uploads\/2017\/06\/FondationCancer.jpg","twitter_misc":{"Gesch\u00e4tzte Lesezeit":"3\u00a0Minuten"},"schema":{"@context":"https:\/\/schema.org","@graph":[{"@type":"WebPage","@id":"https:\/\/maviesanstabac.lu\/de\/ich-finde-die-passende-methode\/verhaltenstherapeutische-begleitung\/","url":"https:\/\/maviesanstabac.lu\/de\/ich-finde-die-passende-methode\/verhaltenstherapeutische-begleitung\/","name":"Verhaltenstherapeutische Begleitung - Ma vie sans tabac","isPartOf":{"@id":"https:\/\/maviesanstabac.lu\/de\/#website"},"primaryImageOfPage":{"@id":"https:\/\/maviesanstabac.lu\/de\/ich-finde-die-passende-methode\/verhaltenstherapeutische-begleitung\/#primaryimage"},"image":{"@id":"https:\/\/maviesanstabac.lu\/de\/ich-finde-die-passende-methode\/verhaltenstherapeutische-begleitung\/#primaryimage"},"thumbnailUrl":"https:\/\/maviesanstabac.lu\/wp-content\/uploads\/2017\/06\/FondationCancer.jpg","datePublished":"2019-01-26T09:59:31+00:00","dateModified":"2023-12-13T07:08:02+00:00","description":"Ein Tabakologe hilft Ihnen, die passenden Methoden f\u00fcr Ihren Rauchstopp zu finden.","breadcrumb":{"@id":"https:\/\/maviesanstabac.lu\/de\/ich-finde-die-passende-methode\/verhaltenstherapeutische-begleitung\/#breadcrumb"},"inLanguage":"de","potentialAction":[{"@type":"ReadAction","target":["https:\/\/maviesanstabac.lu\/de\/ich-finde-die-passende-methode\/verhaltenstherapeutische-begleitung\/"]}]},{"@type":"ImageObject","inLanguage":"de","@id":"https:\/\/maviesanstabac.lu\/de\/ich-finde-die-passende-methode\/verhaltenstherapeutische-begleitung\/#primaryimage","url":"https:\/\/maviesanstabac.lu\/wp-content\/uploads\/2017\/06\/FondationCancer.jpg","contentUrl":"https:\/\/maviesanstabac.lu\/wp-content\/uploads\/2017\/06\/FondationCancer.jpg","width":991,"height":1200},{"@type":"BreadcrumbList","@id":"https:\/\/maviesanstabac.lu\/de\/ich-finde-die-passende-methode\/verhaltenstherapeutische-begleitung\/#breadcrumb","itemListElement":[{"@type":"ListItem","position":1,"name":"Accueil","item":"https:\/\/maviesanstabac.lu\/de\/"},{"@type":"ListItem","position":2,"name":"Ich finde die passende Methode","item":"https:\/\/maviesanstabac.lu\/de\/ich-finde-die-passende-methode\/"},{"@type":"ListItem","position":3,"name":"Verhaltenstherapeutische Begleitung"}]},{"@type":"WebSite","@id":"https:\/\/maviesanstabac.lu\/de\/#website","url":"https:\/\/maviesanstabac.lu\/de\/","name":"ma vie sans tabac","description":"Sans tabac pour une vie plus saine","potentialAction":[{"@type":"SearchAction","target":{"@type":"EntryPoint","urlTemplate":"https:\/\/maviesanstabac.lu\/de\/?s={search_term_string}"},"query-input":{"@type":"PropertyValueSpecification","valueRequired":true,"valueName":"search_term_string"}}],"inLanguage":"de"}]}},"_links":{"self":[{"href":"https:\/\/maviesanstabac.lu\/de\/wp-json\/wp\/v2\/pages\/8722","targetHints":{"allow":["GET"]}}],"collection":[{"href":"https:\/\/maviesanstabac.lu\/de\/wp-json\/wp\/v2\/pages"}],"about":[{"href":"https:\/\/maviesanstabac.lu\/de\/wp-json\/wp\/v2\/types\/page"}],"author":[{"embeddable":true,"href":"https:\/\/maviesanstabac.lu\/de\/wp-json\/wp\/v2\/users\/1"}],"replies":[{"embeddable":true,"href":"https:\/\/maviesanstabac.lu\/de\/wp-json\/wp\/v2\/comments?post=8722"}],"version-history":[{"count":23,"href":"https:\/\/maviesanstabac.lu\/de\/wp-json\/wp\/v2\/pages\/8722\/revisions"}],"predecessor-version":[{"id":12697,"href":"https:\/\/maviesanstabac.lu\/de\/wp-json\/wp\/v2\/pages\/8722\/revisions\/12697"}],"up":[{"embeddable":true,"href":"https:\/\/maviesanstabac.lu\/de\/wp-json\/wp\/v2\/pages\/8697"}],"wp:featuredmedia":[{"embeddable":true,"href":"https:\/\/maviesanstabac.lu\/de\/wp-json\/wp\/v2\/media\/3368"}],"wp:attachment":[{"href":"https:\/\/maviesanstabac.lu\/de\/wp-json\/wp\/v2\/media?parent=8722"}],"curies":[{"name":"wp","href":"https:\/\/api.w.org\/{rel}","templated":true}]}}