{"id":8742,"date":"2019-01-25T19:07:36","date_gmt":"2019-01-25T18:07:36","guid":{"rendered":"https:\/\/www.maviesanstabac.lu\/ich-finde-die-passende-methode\/les-methodes-complementaires\/"},"modified":"2021-07-26T10:46:17","modified_gmt":"2021-07-26T08:46:17","slug":"ergaenzende-methoden","status":"publish","type":"page","link":"https:\/\/maviesanstabac.lu\/de\/ich-finde-die-passende-methode\/ergaenzende-methoden\/","title":{"rendered":"Erg\u00e4nzende Methoden"},"content":{"rendered":"<div class=\"wpb-content-wrapper\"><p>[vc_row type=&#8221;vc_default&#8221; content_placement=&#8221;middle&#8221; margin_top=&#8221;-50&#8243; bg_type=&#8221;image&#8221; parallax_style=&#8221;vcpb-default&#8221; bg_image_new=&#8221;id^6893|url^http:\/\/www.maviesanstabac.lu\/wp-content\/uploads\/2019\/01\/header_internal-methodes-complementaires.jpg|caption^null|alt^null|title^header_internal-methodes-complementaires|description^null&#8221; bg_override=&#8221;ex-full&#8221; enable_overlay=&#8221;enable_overlay_value&#8221; overlay_pattern=&#8221;transperant&#8221; overlay_pattern_opacity=&#8221;100&#8243; overlay_pattern_size=&#8221;200&#8243; css=&#8221;.vc_custom_1548439306483{padding-top: 3% !important;padding-bottom: 0px !important;}&#8221; el_class=&#8221;internal-header&#8221;][vc_column][\/vc_column][\/vc_row][vc_row][vc_column css=&#8221;.vc_custom_1540631490734{padding-right: 40px !important;padding-left: 40px !important;}&#8221;]<div id=\"ultimate-heading-365469de28e5d8a0b\" class=\"uvc-heading ult-adjust-bottom-margin ultimate-heading-365469de28e5d8a0b uvc-2046  uvc-heading-default-font-sizes\" data-hspacer=\"line_only\"  data-halign=\"center\" style=\"text-align:center\"><div class=\"uvc-main-heading ult-responsive\"  data-ultimate-target='.uvc-heading.ultimate-heading-365469de28e5d8a0b h2'  data-responsive-json-new='{\"font-size\":\"\",\"line-height\":\"\"}' ><h2 style=\"font-weight:bold;margin-bottom:7px;\">Erg\u00e4nzende Methoden<\/h2><\/div><div class=\"uvc-heading-spacer line_only\" style=\"margin-top:15px;margin-bottom:25px;height:3px;\"><span class=\"uvc-headings-line\" style=\"border-style:solid;border-bottom-width:3px;border-color:#f20738;width:300px;\"><\/span><\/div><\/div>[vc_empty_space][vc_row_inner equal_height=&#8221;yes&#8221; gap=&#8221;10&#8243;][vc_column_inner css=&#8221;.vc_custom_1540217487922{padding-top: 0px !important;padding-bottom: 0px !important;}&#8221;][vc_column_text css=&#8221;.vc_custom_1589263189352{padding-right: 0px !important;padding-bottom: 20px !important;padding-left: 0px !important;}&#8221;]Die wichtigsten Methoden f\u00fcr die Raucherentw\u00f6hnung sind Nikotinersatztherapien, Medikamente und verhaltenstherapeutische Ma\u00dfnahmen. Dar\u00fcber hinaus k\u00f6nnen Ihnen erg\u00e4nzend noch weitere Methoden helfen, Ihre Abh\u00e4ngigkeit zu \u00fcberwinden und das Verlangen nach Zigaretten einzud\u00e4mmen.[\/vc_column_text][\/vc_column_inner][\/vc_row_inner][vc_row_inner][vc_column_inner width=&#8221;1\/2&#8243;][vc_single_image image=&#8221;7410&#8243; img_size=&#8221;100*100&#8243; style=&#8221;vc_box_circle&#8221;]<div id=\"ultimate-heading-477469de28e5d8b07\" class=\"uvc-heading ult-adjust-bottom-margin ultimate-heading-477469de28e5d8b07 uvc-1105 \" data-hspacer=\"line_only\"  data-halign=\"left\" style=\"text-align:left\"><div class=\"uvc-main-heading ult-responsive\"  data-ultimate-target='.uvc-heading.ultimate-heading-477469de28e5d8b07 h2'  data-responsive-json-new='{\"font-size\":\"desktop:22px;\",\"line-height\":\"desktop:32px;\"}' ><h2 style=\"font-weight:bold;margin-bottom:7px;\">Entspannungstherapie<\/h2><\/div><div class=\"uvc-heading-spacer line_only\" style=\"margin-top:15px;margin-bottom:25px;height:3px;\"><span class=\"uvc-headings-line\" style=\"border-style:solid;border-bottom-width:3px;border-color:#f20738;width:120px;\"><\/span><\/div><\/div>[vc_empty_space][vc_column_text]<strong>F\u00fcr viele Raucher bedeutet eine Zigarette vor allem Entspannung.<\/strong> Wenn man aufh\u00f6ren m\u00f6chte zu rauchen, kann es darum sinnvoll sein, sich als Ersatz f\u00fcr die Zigarette alternative Entspannungsstrategien zu suchen.<\/p>\n<p>Techniken wie die <em>progressive Muskelentspannung (PME) nach Jacobsen<\/em> oder <em>autogenes Training (AT) nach Schultz<\/em> k\u00f6nnen Ihr Allgemeinbefinden verbessern und so Stress mindern und dazu beitragen, einen R\u00fcckfall zu verhindern.<\/p>\n<p><strong><div class=\"show_more\"><p class=\"wpsm-show\" style=\"color: #cc0000; font-size: 100%; text-align: left;\"> Weiterlesen<\/p><div class=\"wpsm-content\">\u00a0<\/strong><\/p>\n<p>Das Prinzip der <strong><em>progressiven Muskelentspannung<\/em><\/strong> beruht auf der An- und Entspannung der verschiedenen Muskelgruppen des K\u00f6rpers vom Kopf bis zu den Zehen. Dazu wird eine Muskelgruppe zun\u00e4chst zehn Sekunden lang angespannt und anschlie\u00dfend mindestens 30 Sekunden entspannt. Dabei sp\u00fcrt man den unterschiedlichen Empfindungen nach, die durch die angespannten\/ entspannten Muskeln verursacht werden. Die Muskelentspannung f\u00fchrt zu einer allgemeinen Entspannung von K\u00f6rper und Geist.<\/p>\n<p><strong><em>Autogenes Training<\/em><\/strong> basiert auf Autosuggestion. Der Begr\u00fcnder der Technik, der Psychiater Johannes Heinrich Schultz, beobachtete, dass entspannte Menschen h\u00e4ufig eine gewisse Schwere und W\u00e4rme in den Gliedern und im Bauch versp\u00fcren, ruhig und tief atmen und einen regelm\u00e4\u00dfigen Herzschlag haben. Durch die Autosuggestion dieser Entspannungseffekte (Schwere, W\u00e4rme, ruhige, tiefe Atmung, regelm\u00e4\u00dfiger Herzschlag, Bauchw\u00e4rme, Stirnk\u00fchle) gelangt der Organismus tats\u00e4chlich in einen Zustand der Entspannung.<\/p>\n<p>Es kann den Rauchstopp sehr erleichtern, wenn man lernt, sich zu entspannen. Dabei ist die Technik nicht entscheidend. Wichtig ist es, sie regelm\u00e4\u00dfig anzuwenden, um voll und ganz in den Genuss ihrer wohltuenden Wirkung zu kommen und die Entzugserscheinungen besser auszuhalten.<\/p>\n<p><strong> <p class=\"wpsm-hide\" style=\"color: #cc0000; font-size: 100%; text-align: left;\"> <\/strong><strong>Schlie\u00dfen<\/strong><strong><\/p><\/div><\/div><\/strong>[\/vc_column_text][\/vc_column_inner][vc_column_inner width=&#8221;1\/2&#8243;][vc_single_image image=&#8221;7396&#8243; img_size=&#8221;100*100&#8243; style=&#8221;vc_box_circle&#8221;]<div id=\"ultimate-heading-339769de28e5d8c1e\" class=\"uvc-heading ult-adjust-bottom-margin ultimate-heading-339769de28e5d8c1e uvc-4419 \" data-hspacer=\"line_only\"  data-halign=\"left\" style=\"text-align:left\"><div class=\"uvc-main-heading ult-responsive\"  data-ultimate-target='.uvc-heading.ultimate-heading-339769de28e5d8c1e h2'  data-responsive-json-new='{\"font-size\":\"desktop:22px;\",\"line-height\":\"desktop:32px;\"}' ><h2 style=\"font-weight:bold;margin-bottom:7px;\">Achtsamkeits\u00fcbungen<\/h2><\/div><div class=\"uvc-heading-spacer line_only\" style=\"margin-top:15px;margin-bottom:25px;height:3px;\"><span class=\"uvc-headings-line\" style=\"border-style:solid;border-bottom-width:3px;border-color:#f20738;width:200px;\"><\/span><\/div><\/div>[vc_empty_space][vc_column_text]<strong>Der Vorsatz, mit dem Rauchen aufzuh\u00f6ren, kann sich ganz schnell in Rauch aufl\u00f6sen, wenn man nicht wei\u00df, wie man mit dem Verlangen nach einer Zigarette, Langeweile, Emotionen oder Stress umgehen soll. <\/strong>In diesen schwierigen Situationen k\u00f6nnen regelm\u00e4\u00dfig praktizierte Achtsamkeits\u00fcbungen sehr n\u00fctzlich sein, denn sie tragen dazu bei, unangenehme Empfindungen zu mindern. Achtsamkeits\u00fcbungen helfen einem, aus einer Situation herauszutreten und sich sein \u2013 h\u00e4ufig automatisiertes \u2013 Suchtverhalten bewusst zu machen. Sie machen es leichter, den Standpunkt des au\u00dfenstehenden Beobachtes einzunehmen und automatisierte Verhaltensweisen zu durchbrechen. So kann man besser begreifen, was genau passiert, wenn man Verlangen nach einer Zigarette versp\u00fcrt.<\/p>\n<p><strong><div class=\"show_more\"><p class=\"wpsm-show\" style=\"color: #cc0000; font-size: 100%; text-align: left;\"> Weiterlesen<\/p><div class=\"wpsm-content\">\u00a0<\/strong><\/p>\n<p>Achtsamkeits\u00fcbungen sind unter Umst\u00e4nden hilfreich, um den Teufelskreis der Sucht zu durchbrechen, indem man seinen Gedanken, seinem K\u00f6rper und seiner Atmung Aufmerksamkeit schenkt, um das Verlangen nach einer Zigarette zu mindern. Man widmet sich dem \u201eHier und Jetzt\u201c, erkennt die Versuchungen, reflektiert sie, um bewusster handeln zu k\u00f6nnen und die richtige Entscheidung zu treffen.<\/p>\n<p><strong>So k\u00f6nnten Sie zum Beispiel als Ersatz f\u00fcr eine Zigarette eine dreimin\u00fctige Atem\u00fcbung einlegen. <\/strong>Machen Sie eine Pause und konzentrieren Sie sich drei Minuten lang ganz auf Ihre Atmung. Achten Sie darauf, wie Ihr K\u00f6rper sich im Rhythmus des Ein- und Ausatmens bewegt. Wenn es Ihnen n\u00fctzlich erscheint, k\u00f6nnen Sie Ihre Atemz\u00fcge auch z\u00e4hlen. Stellen Sie sich das Verlangen nach einer Zigarette wie eine Welle vor, die ganz von alleine kommt und geht. Sie m\u00fcssen gar nichts tun, es verschwindet von alleine.<\/p>\n<p>Eine weitere einfache Achtsamkeits\u00fcbung, die bei akutem Verlangen nach einer Zigarette hilft, hei\u00dft \u201e3 \u2013 2 \u2013 1\u201c. Richten Sie Ihre Aufmerksamkeit auf Ihre Au\u00dfenwelt und z\u00e4hlen Sie drei Dinge auf, die Sie sehen, drei Dinge, die Sie h\u00f6ren, drei Dinge, die Sie sp\u00fcren, dann zwei Dinge, die Sie sehen, zwei Dinge, die Sie h\u00f6ren und zwei Dinge, die Sie sp\u00fcren und so weiter \u2026<\/p>\n<p><strong> <p class=\"wpsm-hide\" style=\"color: #cc0000; font-size: 100%; text-align: left;\"> <\/strong><strong>Schlie\u00dfen<\/strong><strong><\/p><\/div><\/div><\/strong>[\/vc_column_text][\/vc_column_inner][\/vc_row_inner][vc_row_inner][vc_column_inner width=&#8221;1\/2&#8243;][\/vc_column_inner][vc_column_inner width=&#8221;1\/2&#8243;][\/vc_column_inner][\/vc_row_inner][vc_row_inner][vc_column_inner width=&#8221;1\/2&#8243;][\/vc_column_inner][vc_column_inner width=&#8221;1\/2&#8243;][\/vc_column_inner][\/vc_row_inner]<div id=\"ultimate-heading-616969de28e5d8cf3\" class=\"uvc-heading ult-adjust-bottom-margin ultimate-heading-616969de28e5d8cf3 uvc-7997 \" data-hspacer=\"line_only\"  data-halign=\"left\" style=\"text-align:left\"><div class=\"uvc-main-heading ult-responsive\"  data-ultimate-target='.uvc-heading.ultimate-heading-616969de28e5d8cf3 h2'  data-responsive-json-new='{\"font-size\":\"desktop:22px;\",\"line-height\":\"desktop:32px;\"}' ><h2 style=\"font-weight:bold;margin-bottom:7px;\">Weitere erg\u00e4nzende Methoden<\/h2><\/div><div class=\"uvc-heading-spacer line_only\" style=\"margin-top:15px;margin-bottom:25px;height:3px;\"><span class=\"uvc-headings-line\" style=\"border-style:solid;border-bottom-width:3px;border-color:#f20738;width:200px;\"><\/span><\/div><\/div>[vc_row_inner equal_height=&#8221;yes&#8221; gap=&#8221;10&#8243; css=&#8221;.vc_custom_1553686752983{padding-top: 20px !important;padding-right: 20px !important;padding-bottom: 20px !important;padding-left: 20px !important;}&#8221;][vc_column_inner width=&#8221;1\/5&#8243; css=&#8221;.vc_custom_1563973594951{padding-top: 0px !important;padding-bottom: 0px !important;}&#8221;][\/vc_column_inner][vc_column_inner width=&#8221;1\/5&#8243; css=&#8221;.vc_custom_1553687225992{padding-top: 0px !important;padding-bottom: 0px !important;background-color: rgba(177,177,177,0.15) !important;*background-color: rgb(177,177,177) !important;}&#8221;][vc_empty_space][vc_single_image image=&#8221;7411&#8243; alignment=&#8221;center&#8221; style=&#8221;vc_box_circle&#8221;][vc_column_text css=&#8221;.vc_custom_1589264043010{padding-right: 0px !important;padding-bottom: 20px !important;padding-left: 0px !important;}&#8221;]<\/p>\n<h4 style=\"text-align: center;\"><strong>Sport<br \/>\n<\/strong><\/h4>\n<p>[\/vc_column_text][\/vc_column_inner][vc_column_inner width=&#8221;1\/5&#8243; css=&#8221;.vc_custom_1553687231021{padding-top: 0px !important;padding-bottom: 0px !important;background-color: rgba(177,177,177,0.15) !important;*background-color: rgb(177,177,177) !important;}&#8221;][vc_empty_space][vc_single_image image=&#8221;7412&#8243; alignment=&#8221;center&#8221; style=&#8221;vc_box_circle&#8221;][vc_column_text css=&#8221;.vc_custom_1589264052766{padding-right: 0px !important;padding-bottom: 20px !important;padding-left: 0px !important;}&#8221;]<\/p>\n<h4 style=\"text-align: center;\">Yoga<\/h4>\n<p>[\/vc_column_text][\/vc_column_inner][vc_column_inner width=&#8221;1\/5&#8243; css=&#8221;.vc_custom_1553687235883{padding-top: 0px !important;padding-bottom: 0px !important;background-color: rgba(177,177,177,0.15) !important;*background-color: rgb(177,177,177) !important;}&#8221;][vc_empty_space][vc_single_image image=&#8221;7409&#8243; alignment=&#8221;center&#8221; style=&#8221;vc_box_circle&#8221;][vc_column_text css=&#8221;.vc_custom_1589264062141{padding-right: 0px !important;padding-bottom: 20px !important;padding-left: 0px !important;}&#8221;]<\/p>\n<h4 style=\"text-align: center;\">Meditation<\/h4>\n<p>[\/vc_column_text][\/vc_column_inner][vc_column_inner width=&#8221;1\/5&#8243; css=&#8221;.vc_custom_1563973601815{padding-top: 0px !important;padding-bottom: 0px !important;}&#8221;][\/vc_column_inner][\/vc_row_inner]<div class=\"ult-spacer spacer-69de28e5d8d60\" data-id=\"69de28e5d8d60\" data-height=\"80\" data-height-mobile=\"20\" data-height-tab=\"20\" data-height-tab-portrait=\"20\" data-height-mobile-landscape=\"20\" style=\"clear:both;display:block;\"><\/div>[\/vc_column][\/vc_row][vc_row type=&#8221;vc_default&#8221; full_width=&#8221;stretch_row&#8221; content_placement=&#8221;middle&#8221; parallax=&#8221;content-moving&#8221; parallax_image=&#8221;7020&#8243; enable_overlay=&#8221;enable_overlay_value&#8221; overlay_color=&#8221;#f20738&#8243; overlay_pattern=&#8221;transperant&#8221; overlay_pattern_opacity=&#8221;80&#8243; multi_color_overlay=&#8221;uvc-multi-color-bg&#8221; multi_color_overlay_opacity=&#8221;60&#8243; el_class=&#8221;accent-border-color&#8221;][vc_column]<div class=\"ult-spacer spacer-69de28e5d8dad\" data-id=\"69de28e5d8dad\" data-height=\"100\" data-height-mobile=\"0\" data-height-tab=\"0\" data-height-tab-portrait=\"0\" data-height-mobile-landscape=\"0\" style=\"clear:both;display:block;\"><\/div>[vc_row_inner css=&#8221;.vc_custom_1538554528820{border-radius: 2px !important;}&#8221;][vc_column_inner]<div id=\"ultimate-heading-946269de28e5d8e0a\" class=\"uvc-heading ult-adjust-bottom-margin ultimate-heading-946269de28e5d8e0a uvc-9308 accent-border-color uvc-heading-default-font-sizes\" data-hspacer=\"line_only\"  data-halign=\"left\" style=\"text-align:left\"><div class=\"uvc-main-heading ult-responsive\"  data-ultimate-target='.uvc-heading.ultimate-heading-946269de28e5d8e0a h2'  data-responsive-json-new='{\"font-size\":\"\",\"line-height\":\"\"}' ><h2 style=\"font-weight:bold;color:#ffffff;margin-bottom:20px;\">E-Zigaretten<\/h2><\/div><div class=\"uvc-heading-spacer line_only\" style=\"margin-bottom:25px;height:3px;\"><span class=\"uvc-headings-line\" style=\"border-style:solid;border-bottom-width:3px;border-color:#ccc;width:300px;\"><\/span><\/div><\/div>[vc_column_text]<strong><span style=\"color: #ffffff;\">Es ist besser, mithilfe von E-Zigaretten aufzuh\u00f6ren, als weiterzurauchen.<\/span><\/strong>[\/vc_column_text]<a href=\"https:\/\/www.maviesanstabac.lu\/de\/ich-finde-die-passende-methode\/e-zigaretten\/\" class=\"btn-shortcode dt-btn-s dt-btn default-btn-color default-btn-hover-color default-btn-bg-color default-btn-bg-hover-color\" id=\"dt-btn-1\"><span>Mehr<\/span><\/a><div class=\"ult-spacer spacer-69de28e5d8ef3\" data-id=\"69de28e5d8ef3\" data-height=\"40\" data-height-mobile=\"20\" data-height-tab=\"20\" data-height-tab-portrait=\"20\" data-height-mobile-landscape=\"20\" style=\"clear:both;display:block;\"><\/div>[\/vc_column_inner][\/vc_row_inner]<div class=\"ult-spacer spacer-69de28e5d8f1f\" data-id=\"69de28e5d8f1f\" data-height=\"40\" data-height-mobile=\"20\" data-height-tab=\"20\" data-height-tab-portrait=\"20\" data-height-mobile-landscape=\"20\" style=\"clear:both;display:block;\"><\/div>[\/vc_column][\/vc_row][vc_row][vc_column][vc_empty_space height=&#8221;30px&#8221;][\/vc_column][\/vc_row]<\/p>\n<\/div>","protected":false},"excerpt":{"rendered":"<p>[vc_row type=&#8221;vc_default&#8221; content_placement=&#8221;middle&#8221; margin_top=&#8221;-50&#8243; bg_type=&#8221;image&#8221; parallax_style=&#8221;vcpb-default&#8221; bg_image_new=&#8221;id^6893|url^http:\/\/www.maviesanstabac.lu\/wp-content\/uploads\/2019\/01\/header_internal-methodes-complementaires.jpg|caption^null|alt^null|title^header_internal-methodes-complementaires|description^null&#8221; bg_override=&#8221;ex-full&#8221; enable_overlay=&#8221;enable_overlay_value&#8221; overlay_pattern=&#8221;transperant&#8221; overlay_pattern_opacity=&#8221;100&#8243; overlay_pattern_size=&#8221;200&#8243; css=&#8221;.vc_custom_1548439306483{padding-top: 3% !important;padding-bottom: 0px !important;}&#8221; el_class=&#8221;internal-header&#8221;][vc_column][\/vc_column][\/vc_row][vc_row][vc_column css=&#8221;.vc_custom_1540631490734{padding-right: 40px !important;padding-left: 40px !important;}&#8221;][vc_empty_space][vc_row_inner equal_height=&#8221;yes&#8221; gap=&#8221;10&#8243;][vc_column_inner css=&#8221;.vc_custom_1540217487922{padding-top: 0px !important;padding-bottom: 0px !important;}&#8221;][vc_column_text css=&#8221;.vc_custom_1589263189352{padding-right: 0px !important;padding-bottom: 20px !important;padding-left: 0px !important;}&#8221;]Die wichtigsten Methoden f\u00fcr die Raucherentw\u00f6hnung sind Nikotinersatztherapien, Medikamente und verhaltenstherapeutische Ma\u00dfnahmen. Dar\u00fcber hinaus k\u00f6nnen Ihnen erg\u00e4nzend noch weitere&hellip;<\/p>\n","protected":false},"author":1,"featured_media":3368,"parent":8697,"menu_order":0,"comment_status":"closed","ping_status":"closed","template":"","meta":{"footnotes":""},"class_list":["post-8742","page","type-page","status-publish","has-post-thumbnail","hentry","description-off"],"yoast_head":"<!-- This site is optimized with the Yoast SEO plugin v27.0 - https:\/\/yoast.com\/product\/yoast-seo-wordpress\/ -->\n<title>Erg\u00e4nzende Methoden - Ma vie sans tabac<\/title>\n<meta name=\"description\" content=\"Die wichtigsten Methoden f\u00fcr die Raucherentw\u00f6hnung sind Nikotinersatztherapien, Medikamente und verhaltenstherapeutische Ma\u00dfnahmen.\" \/>\n<meta name=\"robots\" content=\"index, follow, max-snippet:-1, max-image-preview:large, max-video-preview:-1\" \/>\n<link rel=\"canonical\" href=\"https:\/\/maviesanstabac.lu\/de\/ich-finde-die-passende-methode\/ergaenzende-methoden\/\" \/>\n<meta property=\"og:locale\" content=\"de_DE\" \/>\n<meta property=\"og:type\" content=\"article\" \/>\n<meta property=\"og:title\" content=\"Erg\u00e4nzende Methoden - Ma vie sans tabac\" \/>\n<meta property=\"og:description\" content=\"Die wichtigsten Methoden f\u00fcr die Raucherentw\u00f6hnung sind Nikotinersatztherapien, Medikamente und verhaltenstherapeutische Ma\u00dfnahmen.\" \/>\n<meta property=\"og:url\" content=\"https:\/\/maviesanstabac.lu\/de\/ich-finde-die-passende-methode\/ergaenzende-methoden\/\" \/>\n<meta property=\"og:site_name\" content=\"ma vie sans tabac\" \/>\n<meta property=\"article:modified_time\" content=\"2021-07-26T08:46:17+00:00\" \/>\n<meta name=\"twitter:card\" content=\"summary_large_image\" \/>\n<meta name=\"twitter:image\" content=\"https:\/\/maviesanstabac.lu\/wp-content\/uploads\/2017\/06\/FondationCancer.jpg\" \/>\n<meta name=\"twitter:label1\" content=\"Gesch\u00e4tzte Lesezeit\" \/>\n\t<meta name=\"twitter:data1\" content=\"4\u00a0Minuten\" \/>\n<script type=\"application\/ld+json\" class=\"yoast-schema-graph\">{\"@context\":\"https:\/\/schema.org\",\"@graph\":[{\"@type\":\"WebPage\",\"@id\":\"https:\/\/maviesanstabac.lu\/de\/ich-finde-die-passende-methode\/ergaenzende-methoden\/\",\"url\":\"https:\/\/maviesanstabac.lu\/de\/ich-finde-die-passende-methode\/ergaenzende-methoden\/\",\"name\":\"Erg\u00e4nzende Methoden - Ma vie sans tabac\",\"isPartOf\":{\"@id\":\"https:\/\/maviesanstabac.lu\/de\/#website\"},\"primaryImageOfPage\":{\"@id\":\"https:\/\/maviesanstabac.lu\/de\/ich-finde-die-passende-methode\/ergaenzende-methoden\/#primaryimage\"},\"image\":{\"@id\":\"https:\/\/maviesanstabac.lu\/de\/ich-finde-die-passende-methode\/ergaenzende-methoden\/#primaryimage\"},\"thumbnailUrl\":\"https:\/\/maviesanstabac.lu\/wp-content\/uploads\/2017\/06\/FondationCancer.jpg\",\"datePublished\":\"2019-01-25T18:07:36+00:00\",\"dateModified\":\"2021-07-26T08:46:17+00:00\",\"description\":\"Die wichtigsten Methoden f\u00fcr die Raucherentw\u00f6hnung sind Nikotinersatztherapien, Medikamente und verhaltenstherapeutische Ma\u00dfnahmen.\",\"breadcrumb\":{\"@id\":\"https:\/\/maviesanstabac.lu\/de\/ich-finde-die-passende-methode\/ergaenzende-methoden\/#breadcrumb\"},\"inLanguage\":\"de\",\"potentialAction\":[{\"@type\":\"ReadAction\",\"target\":[\"https:\/\/maviesanstabac.lu\/de\/ich-finde-die-passende-methode\/ergaenzende-methoden\/\"]}]},{\"@type\":\"ImageObject\",\"inLanguage\":\"de\",\"@id\":\"https:\/\/maviesanstabac.lu\/de\/ich-finde-die-passende-methode\/ergaenzende-methoden\/#primaryimage\",\"url\":\"https:\/\/maviesanstabac.lu\/wp-content\/uploads\/2017\/06\/FondationCancer.jpg\",\"contentUrl\":\"https:\/\/maviesanstabac.lu\/wp-content\/uploads\/2017\/06\/FondationCancer.jpg\",\"width\":991,\"height\":1200},{\"@type\":\"BreadcrumbList\",\"@id\":\"https:\/\/maviesanstabac.lu\/de\/ich-finde-die-passende-methode\/ergaenzende-methoden\/#breadcrumb\",\"itemListElement\":[{\"@type\":\"ListItem\",\"position\":1,\"name\":\"Accueil\",\"item\":\"https:\/\/maviesanstabac.lu\/de\/\"},{\"@type\":\"ListItem\",\"position\":2,\"name\":\"Ich finde die passende Methode\",\"item\":\"https:\/\/maviesanstabac.lu\/de\/ich-finde-die-passende-methode\/\"},{\"@type\":\"ListItem\",\"position\":3,\"name\":\"Erg\u00e4nzende Methoden\"}]},{\"@type\":\"WebSite\",\"@id\":\"https:\/\/maviesanstabac.lu\/de\/#website\",\"url\":\"https:\/\/maviesanstabac.lu\/de\/\",\"name\":\"ma vie sans tabac\",\"description\":\"Sans tabac pour une vie plus saine\",\"potentialAction\":[{\"@type\":\"SearchAction\",\"target\":{\"@type\":\"EntryPoint\",\"urlTemplate\":\"https:\/\/maviesanstabac.lu\/de\/?s={search_term_string}\"},\"query-input\":{\"@type\":\"PropertyValueSpecification\",\"valueRequired\":true,\"valueName\":\"search_term_string\"}}],\"inLanguage\":\"de\"}]}<\/script>\n<!-- \/ Yoast SEO plugin. -->","yoast_head_json":{"title":"Erg\u00e4nzende Methoden - Ma vie sans tabac","description":"Die wichtigsten Methoden f\u00fcr die Raucherentw\u00f6hnung sind Nikotinersatztherapien, Medikamente und verhaltenstherapeutische Ma\u00dfnahmen.","robots":{"index":"index","follow":"follow","max-snippet":"max-snippet:-1","max-image-preview":"max-image-preview:large","max-video-preview":"max-video-preview:-1"},"canonical":"https:\/\/maviesanstabac.lu\/de\/ich-finde-die-passende-methode\/ergaenzende-methoden\/","og_locale":"de_DE","og_type":"article","og_title":"Erg\u00e4nzende Methoden - Ma vie sans tabac","og_description":"Die wichtigsten Methoden f\u00fcr die Raucherentw\u00f6hnung sind Nikotinersatztherapien, Medikamente und verhaltenstherapeutische Ma\u00dfnahmen.","og_url":"https:\/\/maviesanstabac.lu\/de\/ich-finde-die-passende-methode\/ergaenzende-methoden\/","og_site_name":"ma vie sans tabac","article_modified_time":"2021-07-26T08:46:17+00:00","twitter_card":"summary_large_image","twitter_image":"https:\/\/maviesanstabac.lu\/wp-content\/uploads\/2017\/06\/FondationCancer.jpg","twitter_misc":{"Gesch\u00e4tzte Lesezeit":"4\u00a0Minuten"},"schema":{"@context":"https:\/\/schema.org","@graph":[{"@type":"WebPage","@id":"https:\/\/maviesanstabac.lu\/de\/ich-finde-die-passende-methode\/ergaenzende-methoden\/","url":"https:\/\/maviesanstabac.lu\/de\/ich-finde-die-passende-methode\/ergaenzende-methoden\/","name":"Erg\u00e4nzende Methoden - Ma vie sans tabac","isPartOf":{"@id":"https:\/\/maviesanstabac.lu\/de\/#website"},"primaryImageOfPage":{"@id":"https:\/\/maviesanstabac.lu\/de\/ich-finde-die-passende-methode\/ergaenzende-methoden\/#primaryimage"},"image":{"@id":"https:\/\/maviesanstabac.lu\/de\/ich-finde-die-passende-methode\/ergaenzende-methoden\/#primaryimage"},"thumbnailUrl":"https:\/\/maviesanstabac.lu\/wp-content\/uploads\/2017\/06\/FondationCancer.jpg","datePublished":"2019-01-25T18:07:36+00:00","dateModified":"2021-07-26T08:46:17+00:00","description":"Die wichtigsten Methoden f\u00fcr die Raucherentw\u00f6hnung sind Nikotinersatztherapien, Medikamente und verhaltenstherapeutische Ma\u00dfnahmen.","breadcrumb":{"@id":"https:\/\/maviesanstabac.lu\/de\/ich-finde-die-passende-methode\/ergaenzende-methoden\/#breadcrumb"},"inLanguage":"de","potentialAction":[{"@type":"ReadAction","target":["https:\/\/maviesanstabac.lu\/de\/ich-finde-die-passende-methode\/ergaenzende-methoden\/"]}]},{"@type":"ImageObject","inLanguage":"de","@id":"https:\/\/maviesanstabac.lu\/de\/ich-finde-die-passende-methode\/ergaenzende-methoden\/#primaryimage","url":"https:\/\/maviesanstabac.lu\/wp-content\/uploads\/2017\/06\/FondationCancer.jpg","contentUrl":"https:\/\/maviesanstabac.lu\/wp-content\/uploads\/2017\/06\/FondationCancer.jpg","width":991,"height":1200},{"@type":"BreadcrumbList","@id":"https:\/\/maviesanstabac.lu\/de\/ich-finde-die-passende-methode\/ergaenzende-methoden\/#breadcrumb","itemListElement":[{"@type":"ListItem","position":1,"name":"Accueil","item":"https:\/\/maviesanstabac.lu\/de\/"},{"@type":"ListItem","position":2,"name":"Ich finde die passende Methode","item":"https:\/\/maviesanstabac.lu\/de\/ich-finde-die-passende-methode\/"},{"@type":"ListItem","position":3,"name":"Erg\u00e4nzende Methoden"}]},{"@type":"WebSite","@id":"https:\/\/maviesanstabac.lu\/de\/#website","url":"https:\/\/maviesanstabac.lu\/de\/","name":"ma vie sans tabac","description":"Sans tabac pour une vie plus saine","potentialAction":[{"@type":"SearchAction","target":{"@type":"EntryPoint","urlTemplate":"https:\/\/maviesanstabac.lu\/de\/?s={search_term_string}"},"query-input":{"@type":"PropertyValueSpecification","valueRequired":true,"valueName":"search_term_string"}}],"inLanguage":"de"}]}},"_links":{"self":[{"href":"https:\/\/maviesanstabac.lu\/de\/wp-json\/wp\/v2\/pages\/8742","targetHints":{"allow":["GET"]}}],"collection":[{"href":"https:\/\/maviesanstabac.lu\/de\/wp-json\/wp\/v2\/pages"}],"about":[{"href":"https:\/\/maviesanstabac.lu\/de\/wp-json\/wp\/v2\/types\/page"}],"author":[{"embeddable":true,"href":"https:\/\/maviesanstabac.lu\/de\/wp-json\/wp\/v2\/users\/1"}],"replies":[{"embeddable":true,"href":"https:\/\/maviesanstabac.lu\/de\/wp-json\/wp\/v2\/comments?post=8742"}],"version-history":[{"count":6,"href":"https:\/\/maviesanstabac.lu\/de\/wp-json\/wp\/v2\/pages\/8742\/revisions"}],"predecessor-version":[{"id":10495,"href":"https:\/\/maviesanstabac.lu\/de\/wp-json\/wp\/v2\/pages\/8742\/revisions\/10495"}],"up":[{"embeddable":true,"href":"https:\/\/maviesanstabac.lu\/de\/wp-json\/wp\/v2\/pages\/8697"}],"wp:featuredmedia":[{"embeddable":true,"href":"https:\/\/maviesanstabac.lu\/de\/wp-json\/wp\/v2\/media\/3368"}],"wp:attachment":[{"href":"https:\/\/maviesanstabac.lu\/de\/wp-json\/wp\/v2\/media?parent=8742"}],"curies":[{"name":"wp","href":"https:\/\/api.w.org\/{rel}","templated":true}]}}