{"id":8758,"date":"2019-01-25T19:11:59","date_gmt":"2019-01-25T18:11:59","guid":{"rendered":"https:\/\/www.maviesanstabac.lu\/ich-finde-die-passende-methode\/les-methodes-alternatives\/"},"modified":"2020-07-29T12:24:30","modified_gmt":"2020-07-29T10:24:30","slug":"alternative-methoden","status":"publish","type":"page","link":"https:\/\/maviesanstabac.lu\/de\/ich-finde-die-passende-methode\/alternative-methoden\/","title":{"rendered":"Alternative Methoden"},"content":{"rendered":"<div class=\"wpb-content-wrapper\"><p>[vc_row type=&#8221;vc_default&#8221; content_placement=&#8221;middle&#8221; margin_top=&#8221;-50&#8243; bg_type=&#8221;image&#8221; parallax_style=&#8221;vcpb-default&#8221; bg_image_new=&#8221;id^6828|url^http:\/\/www.maviesanstabac.lu\/wp-content\/uploads\/2019\/01\/methodes-alternatives-BG-prepare.jpg|caption^null|alt^null|title^methodes-alternatives-BG-prepare|description^null&#8221; bg_override=&#8221;ex-full&#8221; enable_overlay=&#8221;enable_overlay_value&#8221; overlay_pattern=&#8221;transperant&#8221; overlay_pattern_opacity=&#8221;100&#8243; overlay_pattern_size=&#8221;200&#8243; css=&#8221;.vc_custom_1548494579009{padding-top: 3% !important;padding-bottom: 0px !important;}&#8221; el_class=&#8221;internal-header&#8221;][vc_column][\/vc_column][\/vc_row][vc_row][vc_column css=&#8221;.vc_custom_1540631490734{padding-right: 40px !important;padding-left: 40px !important;}&#8221;]<div id=\"ultimate-heading-382269de264cef857\" class=\"uvc-heading ult-adjust-bottom-margin ultimate-heading-382269de264cef857 uvc-3441  uvc-heading-default-font-sizes\" data-hspacer=\"line_only\"  data-halign=\"center\" style=\"text-align:center\"><div class=\"uvc-main-heading ult-responsive\"  data-ultimate-target='.uvc-heading.ultimate-heading-382269de264cef857 h2'  data-responsive-json-new='{\"font-size\":\"\",\"line-height\":\"\"}' ><h2 style=\"font-weight:bold;margin-bottom:7px;\">Alternative Methoden<\/h2><\/div><div class=\"uvc-heading-spacer line_only\" style=\"margin-top:15px;margin-bottom:25px;height:3px;\"><span class=\"uvc-headings-line\" style=\"border-style:solid;border-bottom-width:3px;border-color:#f20738;width:300px;\"><\/span><\/div><\/div>[vc_empty_space][vc_row_inner equal_height=&#8221;yes&#8221; gap=&#8221;10&#8243;][vc_column_inner width=&#8221;1\/2&#8243; css=&#8221;.vc_custom_1540217487922{padding-top: 0px !important;padding-bottom: 0px !important;}&#8221;][vc_column_text css=&#8221;.vc_custom_1589266209198{padding-right: 0px !important;padding-bottom: 20px !important;padding-left: 0px !important;}&#8221;]Neben den anerkannten Methoden zur Tabakentw\u00f6hnung gibt es auch alternative Konzepte. Wenn Sie es mit Hypnose, Akupunktur, Hom\u00f6opathie, Mesotherapie oder Laser probieren wollen, sollten Sie bedenken, dass es keinen wissenschaftlichen Nachweis f\u00fcr die Wirksamkeit dieser Therapien gibt.[\/vc_column_text]<div id=\"highlight-box-wrap-4812\"  data-ultimate-target='#highlight-box-wrap-4812'  data-responsive-json-new='{\"font-size\":\"desktop:16px;\",\"line-height\":\"\"}'  class=\"ultimate-call-to-action ult-adjust-bottom-margin  ctaction-text-center ult-responsive\" style=\"font-family:Open Sans;font-weight:600;color:#ffffff;background:#eeeeee;padding-top:40px;padding-bottom:40px;padding-left:40px;padding-right:40px;\"  data-background=\"#eeeeee\"  data-override=\"0\" ><div class=\"ultimate-ctaction-icon ctaction-icon-right-push\"><div class=\"ult-just-icon-wrapper  \"><div class=\"align-icon\" style=\"text-align:center;\">\n<div class=\"aio-icon none \"  style=\"color:#ffffff;font-size:32px;display:inline-block;\">\n\t<i class=\"Defaults-exclamation-triangle warning\"><\/i>\n<\/div><\/div><\/div><\/div><div class=\"uvc-ctaction-data uvc-ctaction-data-right-push ult-responsive\"><span style=\"color: #000000;\"><strong>Achtung: H\u00fcten Sie sich vor Methoden, die jeder wissenschaftlichen Grundlage entbehren, h\u00e4ufig sehr teuer und bisweilen sogar betr\u00fcgerisch sind.<\/strong><\/span><\/div><\/div>[\/vc_column_inner][vc_column_inner width=&#8221;1\/2&#8243; css=&#8221;.vc_custom_1540217511840{padding-top: 0px !important;padding-bottom: 0px !important;}&#8221;][vc_single_image image=&#8221;8759&#8243; img_size=&#8221;full&#8221; alignment=&#8221;center&#8221; image_hovers=&#8221;false&#8221;][\/vc_column_inner][\/vc_row_inner]<div class=\"ult-spacer spacer-69de264cefa77\" data-id=\"69de264cefa77\" data-height=\"40\" data-height-mobile=\"20\" data-height-tab=\"20\" data-height-tab-portrait=\"20\" data-height-mobile-landscape=\"20\" style=\"clear:both;display:block;\"><\/div>[\/vc_column][\/vc_row][vc_row type=&#8221;vc_default&#8221; full_width=&#8221;stretch_row&#8221; content_placement=&#8221;middle&#8221; parallax=&#8221;content-moving&#8221; parallax_image=&#8221;7005&#8243; enable_overlay=&#8221;enable_overlay_value&#8221; overlay_color=&#8221;#f20738&#8243; overlay_pattern=&#8221;transperant&#8221; overlay_pattern_opacity=&#8221;80&#8243; multi_color_overlay=&#8221;uvc-multi-color-bg&#8221; multi_color_overlay_opacity=&#8221;60&#8243; el_class=&#8221;accent-border-color&#8221;][vc_column]<div class=\"ult-spacer spacer-69de264cefaa5\" data-id=\"69de264cefaa5\" data-height=\"100\" data-height-mobile=\"0\" data-height-tab=\"0\" data-height-tab-portrait=\"0\" data-height-mobile-landscape=\"0\" style=\"clear:both;display:block;\"><\/div>[vc_row_inner css=&#8221;.vc_custom_1538554528820{border-radius: 2px !important;}&#8221;][vc_column_inner]<div id=\"ultimate-heading-923669de264cefb02\" class=\"uvc-heading ult-adjust-bottom-margin ultimate-heading-923669de264cefb02 uvc-6071 accent-border-color uvc-heading-default-font-sizes\" data-hspacer=\"line_only\"  data-halign=\"left\" style=\"text-align:left\"><div class=\"uvc-main-heading ult-responsive\"  data-ultimate-target='.uvc-heading.ultimate-heading-923669de264cefb02 h2'  data-responsive-json-new='{\"font-size\":\"\",\"line-height\":\"\"}' ><h2 style=\"font-weight:bold;color:#ffffff;margin-bottom:20px;\">Ich lege los<\/h2><\/div><div class=\"uvc-heading-spacer line_only\" style=\"margin-bottom:25px;height:3px;\"><span class=\"uvc-headings-line\" style=\"border-style:solid;border-bottom-width:3px;border-color:#ccc;width:300px;\"><\/span><\/div><\/div>[vc_column_text]<span style=\"color: #ffffff;\"><strong>Ich mache einen Plan.<\/strong><\/span>[\/vc_column_text]<a href=\"https:\/\/www.maviesanstabac.lu\/de\/mein-aktionsplan\/\" class=\"btn-shortcode dt-btn-s dt-btn default-btn-color default-btn-hover-color default-btn-bg-color default-btn-bg-hover-color\" id=\"dt-btn-1\"><span>Mehr<\/span><\/a><div class=\"ult-spacer spacer-69de264cefbed\" data-id=\"69de264cefbed\" data-height=\"40\" data-height-mobile=\"20\" data-height-tab=\"20\" data-height-tab-portrait=\"20\" data-height-mobile-landscape=\"20\" style=\"clear:both;display:block;\"><\/div>[\/vc_column_inner][\/vc_row_inner]<div class=\"ult-spacer spacer-69de264cefc13\" data-id=\"69de264cefc13\" data-height=\"40\" data-height-mobile=\"20\" data-height-tab=\"20\" data-height-tab-portrait=\"20\" data-height-mobile-landscape=\"20\" style=\"clear:both;display:block;\"><\/div>[\/vc_column][\/vc_row][vc_row][vc_column][vc_empty_space height=&#8221;30px&#8221;][\/vc_column][\/vc_row]<\/p>\n<\/div>","protected":false},"excerpt":{"rendered":"<p>[vc_row type=&#8221;vc_default&#8221; content_placement=&#8221;middle&#8221; margin_top=&#8221;-50&#8243; bg_type=&#8221;image&#8221; parallax_style=&#8221;vcpb-default&#8221; bg_image_new=&#8221;id^6828|url^http:\/\/www.maviesanstabac.lu\/wp-content\/uploads\/2019\/01\/methodes-alternatives-BG-prepare.jpg|caption^null|alt^null|title^methodes-alternatives-BG-prepare|description^null&#8221; bg_override=&#8221;ex-full&#8221; enable_overlay=&#8221;enable_overlay_value&#8221; overlay_pattern=&#8221;transperant&#8221; overlay_pattern_opacity=&#8221;100&#8243; overlay_pattern_size=&#8221;200&#8243; css=&#8221;.vc_custom_1548494579009{padding-top: 3% !important;padding-bottom: 0px !important;}&#8221; el_class=&#8221;internal-header&#8221;][vc_column][\/vc_column][\/vc_row][vc_row][vc_column css=&#8221;.vc_custom_1540631490734{padding-right: 40px !important;padding-left: 40px !important;}&#8221;][vc_empty_space][vc_row_inner equal_height=&#8221;yes&#8221; gap=&#8221;10&#8243;][vc_column_inner width=&#8221;1\/2&#8243; css=&#8221;.vc_custom_1540217487922{padding-top: 0px !important;padding-bottom: 0px !important;}&#8221;][vc_column_text css=&#8221;.vc_custom_1589266209198{padding-right: 0px !important;padding-bottom: 20px !important;padding-left: 0px !important;}&#8221;]Neben den anerkannten Methoden zur Tabakentw\u00f6hnung gibt es auch alternative Konzepte. Wenn Sie es mit Hypnose, Akupunktur, Hom\u00f6opathie,&hellip;<\/p>\n","protected":false},"author":1,"featured_media":3368,"parent":8697,"menu_order":0,"comment_status":"closed","ping_status":"closed","template":"","meta":{"footnotes":""},"class_list":["post-8758","page","type-page","status-publish","has-post-thumbnail","hentry","description-off"],"yoast_head":"<!-- This site is optimized with the Yoast SEO plugin v27.0 - https:\/\/yoast.com\/product\/yoast-seo-wordpress\/ -->\n<title>Alternative Methoden - Ma vie sans tabac<\/title>\n<meta name=\"description\" content=\"Neben den anerkannten Methoden zur Tabakentw\u00f6hnung gibt es auch alternative Konzepte.\" \/>\n<meta name=\"robots\" content=\"index, follow, max-snippet:-1, max-image-preview:large, max-video-preview:-1\" \/>\n<link rel=\"canonical\" href=\"https:\/\/maviesanstabac.lu\/de\/ich-finde-die-passende-methode\/alternative-methoden\/\" \/>\n<meta property=\"og:locale\" content=\"de_DE\" \/>\n<meta property=\"og:type\" content=\"article\" \/>\n<meta property=\"og:title\" content=\"Alternative Methoden - Ma vie sans tabac\" \/>\n<meta property=\"og:description\" content=\"Neben den anerkannten Methoden zur Tabakentw\u00f6hnung gibt es auch alternative Konzepte.\" \/>\n<meta property=\"og:url\" content=\"https:\/\/maviesanstabac.lu\/de\/ich-finde-die-passende-methode\/alternative-methoden\/\" \/>\n<meta property=\"og:site_name\" content=\"ma vie sans tabac\" \/>\n<meta property=\"article:modified_time\" content=\"2020-07-29T10:24:30+00:00\" \/>\n<meta name=\"twitter:card\" content=\"summary_large_image\" \/>\n<meta name=\"twitter:image\" content=\"https:\/\/maviesanstabac.lu\/wp-content\/uploads\/2017\/06\/FondationCancer.jpg\" \/>\n<meta name=\"twitter:label1\" content=\"Gesch\u00e4tzte Lesezeit\" \/>\n\t<meta name=\"twitter:data1\" content=\"3\u00a0Minuten\" \/>\n<script type=\"application\/ld+json\" class=\"yoast-schema-graph\">{\"@context\":\"https:\/\/schema.org\",\"@graph\":[{\"@type\":\"WebPage\",\"@id\":\"https:\/\/maviesanstabac.lu\/de\/ich-finde-die-passende-methode\/alternative-methoden\/\",\"url\":\"https:\/\/maviesanstabac.lu\/de\/ich-finde-die-passende-methode\/alternative-methoden\/\",\"name\":\"Alternative Methoden - Ma vie sans tabac\",\"isPartOf\":{\"@id\":\"https:\/\/maviesanstabac.lu\/de\/#website\"},\"primaryImageOfPage\":{\"@id\":\"https:\/\/maviesanstabac.lu\/de\/ich-finde-die-passende-methode\/alternative-methoden\/#primaryimage\"},\"image\":{\"@id\":\"https:\/\/maviesanstabac.lu\/de\/ich-finde-die-passende-methode\/alternative-methoden\/#primaryimage\"},\"thumbnailUrl\":\"https:\/\/maviesanstabac.lu\/wp-content\/uploads\/2017\/06\/FondationCancer.jpg\",\"datePublished\":\"2019-01-25T18:11:59+00:00\",\"dateModified\":\"2020-07-29T10:24:30+00:00\",\"description\":\"Neben den anerkannten Methoden zur Tabakentw\u00f6hnung gibt es auch alternative Konzepte.\",\"breadcrumb\":{\"@id\":\"https:\/\/maviesanstabac.lu\/de\/ich-finde-die-passende-methode\/alternative-methoden\/#breadcrumb\"},\"inLanguage\":\"de\",\"potentialAction\":[{\"@type\":\"ReadAction\",\"target\":[\"https:\/\/maviesanstabac.lu\/de\/ich-finde-die-passende-methode\/alternative-methoden\/\"]}]},{\"@type\":\"ImageObject\",\"inLanguage\":\"de\",\"@id\":\"https:\/\/maviesanstabac.lu\/de\/ich-finde-die-passende-methode\/alternative-methoden\/#primaryimage\",\"url\":\"https:\/\/maviesanstabac.lu\/wp-content\/uploads\/2017\/06\/FondationCancer.jpg\",\"contentUrl\":\"https:\/\/maviesanstabac.lu\/wp-content\/uploads\/2017\/06\/FondationCancer.jpg\",\"width\":991,\"height\":1200},{\"@type\":\"BreadcrumbList\",\"@id\":\"https:\/\/maviesanstabac.lu\/de\/ich-finde-die-passende-methode\/alternative-methoden\/#breadcrumb\",\"itemListElement\":[{\"@type\":\"ListItem\",\"position\":1,\"name\":\"Accueil\",\"item\":\"https:\/\/maviesanstabac.lu\/de\/\"},{\"@type\":\"ListItem\",\"position\":2,\"name\":\"Ich finde die passende Methode\",\"item\":\"https:\/\/maviesanstabac.lu\/de\/ich-finde-die-passende-methode\/\"},{\"@type\":\"ListItem\",\"position\":3,\"name\":\"Alternative Methoden\"}]},{\"@type\":\"WebSite\",\"@id\":\"https:\/\/maviesanstabac.lu\/de\/#website\",\"url\":\"https:\/\/maviesanstabac.lu\/de\/\",\"name\":\"ma vie sans tabac\",\"description\":\"Sans tabac pour une vie plus saine\",\"potentialAction\":[{\"@type\":\"SearchAction\",\"target\":{\"@type\":\"EntryPoint\",\"urlTemplate\":\"https:\/\/maviesanstabac.lu\/de\/?s={search_term_string}\"},\"query-input\":{\"@type\":\"PropertyValueSpecification\",\"valueRequired\":true,\"valueName\":\"search_term_string\"}}],\"inLanguage\":\"de\"}]}<\/script>\n<!-- \/ Yoast SEO plugin. -->","yoast_head_json":{"title":"Alternative Methoden - Ma vie sans tabac","description":"Neben den anerkannten Methoden zur Tabakentw\u00f6hnung gibt es auch alternative Konzepte.","robots":{"index":"index","follow":"follow","max-snippet":"max-snippet:-1","max-image-preview":"max-image-preview:large","max-video-preview":"max-video-preview:-1"},"canonical":"https:\/\/maviesanstabac.lu\/de\/ich-finde-die-passende-methode\/alternative-methoden\/","og_locale":"de_DE","og_type":"article","og_title":"Alternative Methoden - Ma vie sans tabac","og_description":"Neben den anerkannten Methoden zur Tabakentw\u00f6hnung gibt es auch alternative Konzepte.","og_url":"https:\/\/maviesanstabac.lu\/de\/ich-finde-die-passende-methode\/alternative-methoden\/","og_site_name":"ma vie sans tabac","article_modified_time":"2020-07-29T10:24:30+00:00","twitter_card":"summary_large_image","twitter_image":"https:\/\/maviesanstabac.lu\/wp-content\/uploads\/2017\/06\/FondationCancer.jpg","twitter_misc":{"Gesch\u00e4tzte Lesezeit":"3\u00a0Minuten"},"schema":{"@context":"https:\/\/schema.org","@graph":[{"@type":"WebPage","@id":"https:\/\/maviesanstabac.lu\/de\/ich-finde-die-passende-methode\/alternative-methoden\/","url":"https:\/\/maviesanstabac.lu\/de\/ich-finde-die-passende-methode\/alternative-methoden\/","name":"Alternative Methoden - Ma vie sans tabac","isPartOf":{"@id":"https:\/\/maviesanstabac.lu\/de\/#website"},"primaryImageOfPage":{"@id":"https:\/\/maviesanstabac.lu\/de\/ich-finde-die-passende-methode\/alternative-methoden\/#primaryimage"},"image":{"@id":"https:\/\/maviesanstabac.lu\/de\/ich-finde-die-passende-methode\/alternative-methoden\/#primaryimage"},"thumbnailUrl":"https:\/\/maviesanstabac.lu\/wp-content\/uploads\/2017\/06\/FondationCancer.jpg","datePublished":"2019-01-25T18:11:59+00:00","dateModified":"2020-07-29T10:24:30+00:00","description":"Neben den anerkannten Methoden zur Tabakentw\u00f6hnung gibt es auch alternative Konzepte.","breadcrumb":{"@id":"https:\/\/maviesanstabac.lu\/de\/ich-finde-die-passende-methode\/alternative-methoden\/#breadcrumb"},"inLanguage":"de","potentialAction":[{"@type":"ReadAction","target":["https:\/\/maviesanstabac.lu\/de\/ich-finde-die-passende-methode\/alternative-methoden\/"]}]},{"@type":"ImageObject","inLanguage":"de","@id":"https:\/\/maviesanstabac.lu\/de\/ich-finde-die-passende-methode\/alternative-methoden\/#primaryimage","url":"https:\/\/maviesanstabac.lu\/wp-content\/uploads\/2017\/06\/FondationCancer.jpg","contentUrl":"https:\/\/maviesanstabac.lu\/wp-content\/uploads\/2017\/06\/FondationCancer.jpg","width":991,"height":1200},{"@type":"BreadcrumbList","@id":"https:\/\/maviesanstabac.lu\/de\/ich-finde-die-passende-methode\/alternative-methoden\/#breadcrumb","itemListElement":[{"@type":"ListItem","position":1,"name":"Accueil","item":"https:\/\/maviesanstabac.lu\/de\/"},{"@type":"ListItem","position":2,"name":"Ich finde die passende Methode","item":"https:\/\/maviesanstabac.lu\/de\/ich-finde-die-passende-methode\/"},{"@type":"ListItem","position":3,"name":"Alternative Methoden"}]},{"@type":"WebSite","@id":"https:\/\/maviesanstabac.lu\/de\/#website","url":"https:\/\/maviesanstabac.lu\/de\/","name":"ma vie sans tabac","description":"Sans tabac pour une vie plus saine","potentialAction":[{"@type":"SearchAction","target":{"@type":"EntryPoint","urlTemplate":"https:\/\/maviesanstabac.lu\/de\/?s={search_term_string}"},"query-input":{"@type":"PropertyValueSpecification","valueRequired":true,"valueName":"search_term_string"}}],"inLanguage":"de"}]}},"_links":{"self":[{"href":"https:\/\/maviesanstabac.lu\/de\/wp-json\/wp\/v2\/pages\/8758","targetHints":{"allow":["GET"]}}],"collection":[{"href":"https:\/\/maviesanstabac.lu\/de\/wp-json\/wp\/v2\/pages"}],"about":[{"href":"https:\/\/maviesanstabac.lu\/de\/wp-json\/wp\/v2\/types\/page"}],"author":[{"embeddable":true,"href":"https:\/\/maviesanstabac.lu\/de\/wp-json\/wp\/v2\/users\/1"}],"replies":[{"embeddable":true,"href":"https:\/\/maviesanstabac.lu\/de\/wp-json\/wp\/v2\/comments?post=8758"}],"version-history":[{"count":6,"href":"https:\/\/maviesanstabac.lu\/de\/wp-json\/wp\/v2\/pages\/8758\/revisions"}],"predecessor-version":[{"id":9435,"href":"https:\/\/maviesanstabac.lu\/de\/wp-json\/wp\/v2\/pages\/8758\/revisions\/9435"}],"up":[{"embeddable":true,"href":"https:\/\/maviesanstabac.lu\/de\/wp-json\/wp\/v2\/pages\/8697"}],"wp:featuredmedia":[{"embeddable":true,"href":"https:\/\/maviesanstabac.lu\/de\/wp-json\/wp\/v2\/media\/3368"}],"wp:attachment":[{"href":"https:\/\/maviesanstabac.lu\/de\/wp-json\/wp\/v2\/media?parent=8758"}],"curies":[{"name":"wp","href":"https:\/\/api.w.org\/{rel}","templated":true}]}}