{"id":8808,"date":"2019-01-26T18:49:44","date_gmt":"2019-01-26T17:49:44","guid":{"rendered":"https:\/\/www.maviesanstabac.lu\/je-me-facilite-la-vie\/"},"modified":"2020-07-02T09:27:44","modified_gmt":"2020-07-02T07:27:44","slug":"ich-mache-mir-das-leben-leichter","status":"publish","type":"page","link":"https:\/\/maviesanstabac.lu\/de\/ich-mache-mir-das-leben-leichter\/","title":{"rendered":"Ich mache mir das Leben leichter"},"content":{"rendered":"<div class=\"wpb-content-wrapper\"><p>[vc_row type=&#8221;vc_default&#8221; content_placement=&#8221;middle&#8221; margin_top=&#8221;-50&#8243; bg_type=&#8221;image&#8221; parallax_style=&#8221;vcpb-default&#8221; bg_image_new=&#8221;id^7702|url^http:\/\/www.maviesanstabac.lu\/wp-content\/uploads\/2019\/03\/head-int-facilite-la-vie2.jpg|caption^null|alt^null|title^head-int-facilite-la-vie2|description^null&#8221; bg_override=&#8221;ex-full&#8221; enable_overlay=&#8221;enable_overlay_value&#8221; overlay_pattern=&#8221;transperant&#8221; overlay_pattern_opacity=&#8221;100&#8243; overlay_pattern_size=&#8221;200&#8243; css=&#8221;.vc_custom_1553086309672{padding-top: 3% !important;padding-bottom: 0px !important;}&#8221; el_class=&#8221;internal-header&#8221;][vc_column][\/vc_column][\/vc_row][vc_row][vc_column css=&#8221;.vc_custom_1540631490734{padding-right: 40px !important;padding-left: 40px !important;}&#8221;]<div id=\"ultimate-heading-92869de25e703815\" class=\"uvc-heading ult-adjust-bottom-margin ultimate-heading-92869de25e703815 uvc-2752  uvc-heading-default-font-sizes\" data-hspacer=\"line_only\"  data-halign=\"center\" style=\"text-align:center\"><div class=\"uvc-main-heading ult-responsive\"  data-ultimate-target='.uvc-heading.ultimate-heading-92869de25e703815 h2'  data-responsive-json-new='{\"font-size\":\"\",\"line-height\":\"\"}' ><h2 style=\"font-weight:bold;margin-bottom:7px;\">Ich mache mir das Leben leichter<\/h2><\/div><div class=\"uvc-heading-spacer line_only\" style=\"margin-top:15px;margin-bottom:25px;height:3px;\"><span class=\"uvc-headings-line\" style=\"border-style:solid;border-bottom-width:3px;border-color:#f20738;width:300px;\"><\/span><\/div><\/div>[vc_empty_space][vc_row_inner equal_height=&#8221;yes&#8221; gap=&#8221;10&#8243;][vc_column_inner width=&#8221;1\/2&#8243; css=&#8221;.vc_custom_1540217487922{padding-top: 0px !important;padding-bottom: 0px !important;}&#8221;][vc_column_text css=&#8221;.vc_custom_1589353757190{padding-right: 0px !important;padding-bottom: 20px !important;padding-left: 0px !important;}&#8221;]Versuchen Sie, <strong>mehr zu schlafen und fr\u00fcher ins Bett zu gehen. <\/strong>Das tut Ihnen und Ihren Nerven gut.<strong>\u00a0<\/strong><\/p>\n<p><strong>Meiden Sie Orte, an denen gefeiert wird, und gehen Sie Rauchern einige Wochen lang aus dem Weg.<\/strong> Zu gro\u00df ist die Versuchung zu rauchen.<\/p>\n<p><strong>Wachmacher wie Kaffee, Tee und Cola sowie alkoholische Getr\u00e4nke<\/strong> sind w\u00e4hrend des Entzugs echte Stolpersteine. Als Raucher g\u00f6nnt man sich zu diesen Getr\u00e4nken gerne eine Zigarette, sie schreien geradezu nach einer Zigarette. Au\u00dferdem machen diese Getr\u00e4nke Sie unter Umst\u00e4nden noch ruheloser, verzichten Sie darum lieber eine Weile lang darauf.[\/vc_column_text][\/vc_column_inner][vc_column_inner width=&#8221;1\/2&#8243; css=&#8221;.vc_custom_1540217511840{padding-top: 0px !important;padding-bottom: 0px !important;}&#8221;][vc_single_image image=&#8221;8811&#8243; img_size=&#8221;full&#8221; alignment=&#8221;center&#8221; image_hovers=&#8221;false&#8221;][\/vc_column_inner][\/vc_row_inner][vc_column_text css=&#8221;.vc_custom_1589353837223{padding-right: 0px !important;padding-bottom: 20px !important;padding-left: 0px !important;}&#8221;]Als Raucher haben Sie vermutlich den ein oder anderen <strong>kleinen Hunger<\/strong> mit einer Zigarette gestillt. <strong>Sorgen Sie nun daf\u00fcr, dass Sie immer ein paar kalorienarme Snacks<\/strong> <em>(M\u00f6hren, Paprika, Speisequark mit 20% Fett, Naturjoghurt)<\/em> <strong>im Vorrat haben<\/strong>, mit denen Sie eventuelle Hungerattacken \u00fcberstehen.[\/vc_column_text]<div class=\"ult-spacer spacer-69de25e7038c6\" data-id=\"69de25e7038c6\" data-height=\"40\" data-height-mobile=\"20\" data-height-tab=\"20\" data-height-tab-portrait=\"20\" data-height-mobile-landscape=\"20\" style=\"clear:both;display:block;\"><\/div>[vc_column_text css=&#8221;.vc_custom_1590752289881{padding-right: 0px !important;padding-bottom: 20px !important;padding-left: 0px !important;}&#8221;]<\/p>\n<h4 class=\"p1\"><span style=\"color: #f20738;\">\u201eIch wollte den Kontakt zu meinen rauchenden freunden nicht abbrechen, aber es ist echt schwer, wenn man unter Leuten ist, die rauchen. Ich habe meinen Rauchstopp extra in den Winter gelegt, denn ich wusste, dass es im Sommer mit den ganzen Veranstaltungen und Ferien noch schwerer werden w\u00fcrde.\u201d<br \/>\n<\/span><\/h4>\n<p><strong>Nelly<\/strong>[\/vc_column_text][\/vc_column][\/vc_row][vc_row type=&#8221;vc_default&#8221; full_width=&#8221;stretch_row&#8221; content_placement=&#8221;middle&#8221; parallax=&#8221;content-moving&#8221; parallax_image=&#8221;7465&#8243; enable_overlay=&#8221;enable_overlay_value&#8221; overlay_color=&#8221;#f20738&#8243; overlay_pattern=&#8221;transperant&#8221; overlay_pattern_opacity=&#8221;80&#8243; multi_color_overlay=&#8221;uvc-multi-color-bg&#8221; multi_color_overlay_opacity=&#8221;60&#8243; el_class=&#8221;accent-border-color&#8221;][vc_column]<div class=\"ult-spacer spacer-69de25e7038f6\" data-id=\"69de25e7038f6\" data-height=\"100\" data-height-mobile=\"0\" data-height-tab=\"0\" data-height-tab-portrait=\"0\" data-height-mobile-landscape=\"0\" style=\"clear:both;display:block;\"><\/div>[vc_row_inner css=&#8221;.vc_custom_1538554528820{border-radius: 2px !important;}&#8221;][vc_column_inner]<div id=\"ultimate-heading-354069de25e70393c\" class=\"uvc-heading ult-adjust-bottom-margin ultimate-heading-354069de25e70393c uvc-3653 accent-border-color uvc-heading-default-font-sizes\" data-hspacer=\"line_only\"  data-halign=\"left\" style=\"text-align:left\"><div class=\"uvc-main-heading ult-responsive\"  data-ultimate-target='.uvc-heading.ultimate-heading-354069de25e70393c h2'  data-responsive-json-new='{\"font-size\":\"\",\"line-height\":\"\"}' ><h2 style=\"font-weight:bold;color:#ffffff;margin-bottom:20px;\">Ich informiere<\/h2><\/div><div class=\"uvc-heading-spacer line_only\" style=\"margin-bottom:25px;height:3px;\"><span class=\"uvc-headings-line\" style=\"border-style:solid;border-bottom-width:3px;border-color:#ccc;width:300px;\"><\/span><\/div><\/div>[vc_column_text]<span style=\"color: #ffffff;\"><strong>Es ist nicht einfach, aufzuh\u00f6ren zu rauchen. Was spricht also dagegen, sein Umfeld mit in das Projekt einzubeziehen?<\/strong><\/span>[\/vc_column_text]<a href=\"https:\/\/www.maviesanstabac.lu\/de\/ich-informiere\/\" class=\"btn-shortcode dt-btn-s dt-btn default-btn-color default-btn-hover-color default-btn-bg-color default-btn-bg-hover-color\" id=\"dt-btn-1\"><span>Mehr<\/span><\/a><div class=\"ult-spacer spacer-69de25e703a07\" data-id=\"69de25e703a07\" data-height=\"40\" data-height-mobile=\"20\" data-height-tab=\"20\" data-height-tab-portrait=\"20\" data-height-mobile-landscape=\"20\" style=\"clear:both;display:block;\"><\/div>[\/vc_column_inner][\/vc_row_inner]<div class=\"ult-spacer spacer-69de25e703a2d\" data-id=\"69de25e703a2d\" data-height=\"40\" data-height-mobile=\"20\" data-height-tab=\"20\" data-height-tab-portrait=\"20\" data-height-mobile-landscape=\"20\" style=\"clear:both;display:block;\"><\/div>[\/vc_column][\/vc_row][vc_row][vc_column][vc_empty_space height=&#8221;30px&#8221;][\/vc_column][\/vc_row]<\/p>\n<\/div>","protected":false},"excerpt":{"rendered":"<p>[vc_row type=&#8221;vc_default&#8221; content_placement=&#8221;middle&#8221; margin_top=&#8221;-50&#8243; bg_type=&#8221;image&#8221; parallax_style=&#8221;vcpb-default&#8221; bg_image_new=&#8221;id^7702|url^http:\/\/www.maviesanstabac.lu\/wp-content\/uploads\/2019\/03\/head-int-facilite-la-vie2.jpg|caption^null|alt^null|title^head-int-facilite-la-vie2|description^null&#8221; bg_override=&#8221;ex-full&#8221; enable_overlay=&#8221;enable_overlay_value&#8221; overlay_pattern=&#8221;transperant&#8221; overlay_pattern_opacity=&#8221;100&#8243; overlay_pattern_size=&#8221;200&#8243; css=&#8221;.vc_custom_1553086309672{padding-top: 3% !important;padding-bottom: 0px !important;}&#8221; el_class=&#8221;internal-header&#8221;][vc_column][\/vc_column][\/vc_row][vc_row][vc_column css=&#8221;.vc_custom_1540631490734{padding-right: 40px !important;padding-left: 40px !important;}&#8221;][vc_empty_space][vc_row_inner equal_height=&#8221;yes&#8221; gap=&#8221;10&#8243;][vc_column_inner width=&#8221;1\/2&#8243; css=&#8221;.vc_custom_1540217487922{padding-top: 0px !important;padding-bottom: 0px !important;}&#8221;][vc_column_text css=&#8221;.vc_custom_1589353757190{padding-right: 0px !important;padding-bottom: 20px !important;padding-left: 0px !important;}&#8221;]Versuchen Sie, mehr zu schlafen und fr\u00fcher ins Bett zu gehen. Das tut Ihnen und Ihren Nerven gut.\u00a0&hellip;<\/p>\n","protected":false},"author":1,"featured_media":3368,"parent":0,"menu_order":0,"comment_status":"closed","ping_status":"closed","template":"","meta":{"footnotes":""},"class_list":["post-8808","page","type-page","status-publish","has-post-thumbnail","hentry","description-off"],"yoast_head":"<!-- This site is optimized with the Yoast SEO plugin v27.0 - https:\/\/yoast.com\/product\/yoast-seo-wordpress\/ -->\n<title>Ich mache mir das Leben leichter - Ma vie sans tabac<\/title>\n<meta name=\"description\" content=\"Informieren Sie Ihre Familie und Freunde \u00fcber Ihre Bem\u00fchungen, mit dem Rauchen aufzuh\u00f6ren, ihre Hilfe wird von unsch\u00e4tzbarem Wert sein, um Ihnen bei der Bew\u00e4ltigung Ihrer Herausforderung zu helfen.\" \/>\n<meta name=\"robots\" content=\"index, follow, max-snippet:-1, max-image-preview:large, max-video-preview:-1\" \/>\n<link rel=\"canonical\" href=\"https:\/\/maviesanstabac.lu\/de\/ich-mache-mir-das-leben-leichter\/\" \/>\n<meta property=\"og:locale\" content=\"de_DE\" \/>\n<meta property=\"og:type\" content=\"article\" \/>\n<meta property=\"og:title\" content=\"Ich mache mir das Leben leichter - Ma vie sans tabac\" \/>\n<meta property=\"og:description\" content=\"Informieren Sie Ihre Familie und Freunde \u00fcber Ihre Bem\u00fchungen, mit dem Rauchen aufzuh\u00f6ren, ihre Hilfe wird von unsch\u00e4tzbarem Wert sein, um Ihnen bei der Bew\u00e4ltigung Ihrer Herausforderung zu helfen.\" \/>\n<meta property=\"og:url\" content=\"https:\/\/maviesanstabac.lu\/de\/ich-mache-mir-das-leben-leichter\/\" \/>\n<meta property=\"og:site_name\" content=\"ma vie sans tabac\" \/>\n<meta property=\"article:modified_time\" content=\"2020-07-02T07:27:44+00:00\" \/>\n<meta name=\"twitter:card\" content=\"summary_large_image\" \/>\n<meta name=\"twitter:image\" content=\"https:\/\/maviesanstabac.lu\/wp-content\/uploads\/2017\/06\/FondationCancer.jpg\" \/>\n<meta name=\"twitter:label1\" content=\"Gesch\u00e4tzte Lesezeit\" \/>\n\t<meta name=\"twitter:data1\" content=\"3\u00a0Minuten\" \/>\n<script type=\"application\/ld+json\" class=\"yoast-schema-graph\">{\"@context\":\"https:\/\/schema.org\",\"@graph\":[{\"@type\":\"WebPage\",\"@id\":\"https:\/\/maviesanstabac.lu\/de\/ich-mache-mir-das-leben-leichter\/\",\"url\":\"https:\/\/maviesanstabac.lu\/de\/ich-mache-mir-das-leben-leichter\/\",\"name\":\"Ich mache mir das Leben leichter - Ma vie sans tabac\",\"isPartOf\":{\"@id\":\"https:\/\/maviesanstabac.lu\/de\/#website\"},\"primaryImageOfPage\":{\"@id\":\"https:\/\/maviesanstabac.lu\/de\/ich-mache-mir-das-leben-leichter\/#primaryimage\"},\"image\":{\"@id\":\"https:\/\/maviesanstabac.lu\/de\/ich-mache-mir-das-leben-leichter\/#primaryimage\"},\"thumbnailUrl\":\"https:\/\/maviesanstabac.lu\/wp-content\/uploads\/2017\/06\/FondationCancer.jpg\",\"datePublished\":\"2019-01-26T17:49:44+00:00\",\"dateModified\":\"2020-07-02T07:27:44+00:00\",\"description\":\"Informieren Sie Ihre Familie und Freunde \u00fcber Ihre Bem\u00fchungen, mit dem Rauchen aufzuh\u00f6ren, ihre Hilfe wird von unsch\u00e4tzbarem Wert sein, um Ihnen bei der Bew\u00e4ltigung Ihrer Herausforderung zu helfen.\",\"breadcrumb\":{\"@id\":\"https:\/\/maviesanstabac.lu\/de\/ich-mache-mir-das-leben-leichter\/#breadcrumb\"},\"inLanguage\":\"de\",\"potentialAction\":[{\"@type\":\"ReadAction\",\"target\":[\"https:\/\/maviesanstabac.lu\/de\/ich-mache-mir-das-leben-leichter\/\"]}]},{\"@type\":\"ImageObject\",\"inLanguage\":\"de\",\"@id\":\"https:\/\/maviesanstabac.lu\/de\/ich-mache-mir-das-leben-leichter\/#primaryimage\",\"url\":\"https:\/\/maviesanstabac.lu\/wp-content\/uploads\/2017\/06\/FondationCancer.jpg\",\"contentUrl\":\"https:\/\/maviesanstabac.lu\/wp-content\/uploads\/2017\/06\/FondationCancer.jpg\",\"width\":991,\"height\":1200},{\"@type\":\"BreadcrumbList\",\"@id\":\"https:\/\/maviesanstabac.lu\/de\/ich-mache-mir-das-leben-leichter\/#breadcrumb\",\"itemListElement\":[{\"@type\":\"ListItem\",\"position\":1,\"name\":\"Accueil\",\"item\":\"https:\/\/maviesanstabac.lu\/de\/\"},{\"@type\":\"ListItem\",\"position\":2,\"name\":\"Ich mache mir das Leben leichter\"}]},{\"@type\":\"WebSite\",\"@id\":\"https:\/\/maviesanstabac.lu\/de\/#website\",\"url\":\"https:\/\/maviesanstabac.lu\/de\/\",\"name\":\"ma vie sans tabac\",\"description\":\"Sans tabac pour une vie plus saine\",\"potentialAction\":[{\"@type\":\"SearchAction\",\"target\":{\"@type\":\"EntryPoint\",\"urlTemplate\":\"https:\/\/maviesanstabac.lu\/de\/?s={search_term_string}\"},\"query-input\":{\"@type\":\"PropertyValueSpecification\",\"valueRequired\":true,\"valueName\":\"search_term_string\"}}],\"inLanguage\":\"de\"}]}<\/script>\n<!-- \/ Yoast SEO plugin. -->","yoast_head_json":{"title":"Ich mache mir das Leben leichter - Ma vie sans tabac","description":"Informieren Sie Ihre Familie und Freunde \u00fcber Ihre Bem\u00fchungen, mit dem Rauchen aufzuh\u00f6ren, ihre Hilfe wird von unsch\u00e4tzbarem Wert sein, um Ihnen bei der Bew\u00e4ltigung Ihrer Herausforderung zu helfen.","robots":{"index":"index","follow":"follow","max-snippet":"max-snippet:-1","max-image-preview":"max-image-preview:large","max-video-preview":"max-video-preview:-1"},"canonical":"https:\/\/maviesanstabac.lu\/de\/ich-mache-mir-das-leben-leichter\/","og_locale":"de_DE","og_type":"article","og_title":"Ich mache mir das Leben leichter - Ma vie sans tabac","og_description":"Informieren Sie Ihre Familie und Freunde \u00fcber Ihre Bem\u00fchungen, mit dem Rauchen aufzuh\u00f6ren, ihre Hilfe wird von unsch\u00e4tzbarem Wert sein, um Ihnen bei der Bew\u00e4ltigung Ihrer Herausforderung zu helfen.","og_url":"https:\/\/maviesanstabac.lu\/de\/ich-mache-mir-das-leben-leichter\/","og_site_name":"ma vie sans tabac","article_modified_time":"2020-07-02T07:27:44+00:00","twitter_card":"summary_large_image","twitter_image":"https:\/\/maviesanstabac.lu\/wp-content\/uploads\/2017\/06\/FondationCancer.jpg","twitter_misc":{"Gesch\u00e4tzte Lesezeit":"3\u00a0Minuten"},"schema":{"@context":"https:\/\/schema.org","@graph":[{"@type":"WebPage","@id":"https:\/\/maviesanstabac.lu\/de\/ich-mache-mir-das-leben-leichter\/","url":"https:\/\/maviesanstabac.lu\/de\/ich-mache-mir-das-leben-leichter\/","name":"Ich mache mir das Leben leichter - Ma vie sans tabac","isPartOf":{"@id":"https:\/\/maviesanstabac.lu\/de\/#website"},"primaryImageOfPage":{"@id":"https:\/\/maviesanstabac.lu\/de\/ich-mache-mir-das-leben-leichter\/#primaryimage"},"image":{"@id":"https:\/\/maviesanstabac.lu\/de\/ich-mache-mir-das-leben-leichter\/#primaryimage"},"thumbnailUrl":"https:\/\/maviesanstabac.lu\/wp-content\/uploads\/2017\/06\/FondationCancer.jpg","datePublished":"2019-01-26T17:49:44+00:00","dateModified":"2020-07-02T07:27:44+00:00","description":"Informieren Sie Ihre Familie und Freunde \u00fcber Ihre Bem\u00fchungen, mit dem Rauchen aufzuh\u00f6ren, ihre Hilfe wird von unsch\u00e4tzbarem Wert sein, um Ihnen bei der Bew\u00e4ltigung Ihrer Herausforderung zu helfen.","breadcrumb":{"@id":"https:\/\/maviesanstabac.lu\/de\/ich-mache-mir-das-leben-leichter\/#breadcrumb"},"inLanguage":"de","potentialAction":[{"@type":"ReadAction","target":["https:\/\/maviesanstabac.lu\/de\/ich-mache-mir-das-leben-leichter\/"]}]},{"@type":"ImageObject","inLanguage":"de","@id":"https:\/\/maviesanstabac.lu\/de\/ich-mache-mir-das-leben-leichter\/#primaryimage","url":"https:\/\/maviesanstabac.lu\/wp-content\/uploads\/2017\/06\/FondationCancer.jpg","contentUrl":"https:\/\/maviesanstabac.lu\/wp-content\/uploads\/2017\/06\/FondationCancer.jpg","width":991,"height":1200},{"@type":"BreadcrumbList","@id":"https:\/\/maviesanstabac.lu\/de\/ich-mache-mir-das-leben-leichter\/#breadcrumb","itemListElement":[{"@type":"ListItem","position":1,"name":"Accueil","item":"https:\/\/maviesanstabac.lu\/de\/"},{"@type":"ListItem","position":2,"name":"Ich mache mir das Leben leichter"}]},{"@type":"WebSite","@id":"https:\/\/maviesanstabac.lu\/de\/#website","url":"https:\/\/maviesanstabac.lu\/de\/","name":"ma vie sans tabac","description":"Sans tabac pour une vie plus saine","potentialAction":[{"@type":"SearchAction","target":{"@type":"EntryPoint","urlTemplate":"https:\/\/maviesanstabac.lu\/de\/?s={search_term_string}"},"query-input":{"@type":"PropertyValueSpecification","valueRequired":true,"valueName":"search_term_string"}}],"inLanguage":"de"}]}},"_links":{"self":[{"href":"https:\/\/maviesanstabac.lu\/de\/wp-json\/wp\/v2\/pages\/8808","targetHints":{"allow":["GET"]}}],"collection":[{"href":"https:\/\/maviesanstabac.lu\/de\/wp-json\/wp\/v2\/pages"}],"about":[{"href":"https:\/\/maviesanstabac.lu\/de\/wp-json\/wp\/v2\/types\/page"}],"author":[{"embeddable":true,"href":"https:\/\/maviesanstabac.lu\/de\/wp-json\/wp\/v2\/users\/1"}],"replies":[{"embeddable":true,"href":"https:\/\/maviesanstabac.lu\/de\/wp-json\/wp\/v2\/comments?post=8808"}],"version-history":[{"count":8,"href":"https:\/\/maviesanstabac.lu\/de\/wp-json\/wp\/v2\/pages\/8808\/revisions"}],"predecessor-version":[{"id":9244,"href":"https:\/\/maviesanstabac.lu\/de\/wp-json\/wp\/v2\/pages\/8808\/revisions\/9244"}],"wp:featuredmedia":[{"embeddable":true,"href":"https:\/\/maviesanstabac.lu\/de\/wp-json\/wp\/v2\/media\/3368"}],"wp:attachment":[{"href":"https:\/\/maviesanstabac.lu\/de\/wp-json\/wp\/v2\/media?parent=8808"}],"curies":[{"name":"wp","href":"https:\/\/api.w.org\/{rel}","templated":true}]}}