{"id":8817,"date":"2019-02-27T13:14:54","date_gmt":"2019-02-27T12:14:54","guid":{"rendered":"https:\/\/www.maviesanstabac.lu\/jinforme\/"},"modified":"2020-07-02T09:31:31","modified_gmt":"2020-07-02T07:31:31","slug":"ich-informiere","status":"publish","type":"page","link":"https:\/\/maviesanstabac.lu\/de\/ich-informiere\/","title":{"rendered":"Ich informiere &#8230;"},"content":{"rendered":"<div class=\"wpb-content-wrapper\"><p>[vc_row type=&#8221;vc_default&#8221; content_placement=&#8221;middle&#8221; margin_top=&#8221;-50&#8243; bg_type=&#8221;image&#8221; parallax_style=&#8221;vcpb-default&#8221; bg_image_new=&#8221;id^7927|url^http:\/\/www.maviesanstabac.lu\/wp-content\/uploads\/2019\/05\/head_int_je-me-lance_j-informe.jpg|caption^null|alt^null|title^head_int_je-me-lance_j-informe|description^null&#8221; bg_override=&#8221;ex-full&#8221; enable_overlay=&#8221;enable_overlay_value&#8221; overlay_pattern=&#8221;transperant&#8221; overlay_pattern_opacity=&#8221;100&#8243; overlay_pattern_size=&#8221;200&#8243; css=&#8221;.vc_custom_1557756845823{padding-top: 3% !important;padding-bottom: 0px !important;}&#8221; el_class=&#8221;internal-header&#8221;][vc_column][\/vc_column][\/vc_row][vc_row][vc_column css=&#8221;.vc_custom_1540631490734{padding-right: 40px !important;padding-left: 40px !important;}&#8221;]<div id=\"ultimate-heading-239569de266d3875d\" class=\"uvc-heading ult-adjust-bottom-margin ultimate-heading-239569de266d3875d uvc-60  uvc-heading-default-font-sizes\" data-hspacer=\"line_only\"  data-halign=\"center\" style=\"text-align:center\"><div class=\"uvc-main-heading ult-responsive\"  data-ultimate-target='.uvc-heading.ultimate-heading-239569de266d3875d h2'  data-responsive-json-new='{\"font-size\":\"\",\"line-height\":\"\"}' ><h2 style=\"font-weight:bold;margin-bottom:7px;\">Ich informiere ...<\/h2><\/div><div class=\"uvc-heading-spacer line_only\" style=\"margin-top:15px;margin-bottom:25px;height:3px;\"><span class=\"uvc-headings-line\" style=\"border-style:solid;border-bottom-width:3px;border-color:#f20738;width:300px;\"><\/span><\/div><\/div>[vc_empty_space][vc_row_inner equal_height=&#8221;yes&#8221; gap=&#8221;10&#8243;][vc_column_inner width=&#8221;1\/2&#8243; css=&#8221;.vc_custom_1540217487922{padding-top: 0px !important;padding-bottom: 0px !important;}&#8221;]<div id=\"ultimate-heading-397269de266d38886\" class=\"uvc-heading ult-adjust-bottom-margin ultimate-heading-397269de266d38886 uvc-7329 \" data-hspacer=\"line_only\"  data-halign=\"left\" style=\"text-align:left\"><div class=\"uvc-main-heading ult-responsive\"  data-ultimate-target='.uvc-heading.ultimate-heading-397269de266d38886 h2'  data-responsive-json-new='{\"font-size\":\"desktop:22px;\",\"line-height\":\"desktop:32px;\"}' ><h2 style=\"font-weight:bold;color:#000000;margin-bottom:7px;\">\u2026 mein Umfeld<\/h2><\/div><div class=\"uvc-heading-spacer line_only\" style=\"margin-top:15px;margin-bottom:25px;height:3px;\"><span class=\"uvc-headings-line\" style=\"border-style:solid;border-bottom-width:3px;border-color:#f20738;width:70px;\"><\/span><\/div><\/div>[vc_column_text css=&#8221;.vc_custom_1589354303058{padding-right: 0px !important;padding-bottom: 20px !important;padding-left: 0px !important;}&#8221;]Es ist nicht einfach, aufzuh\u00f6ren zu rauchen. Was spricht also dagegen,<strong> sein Umfeld mit in das Projekt einzubeziehen?<\/strong> So sichern Sie sich wertvolle Unterst\u00fctzung.<\/p>\n<p>W\u00e4hrend der eine nur ein bisschen Verst\u00e4ndnis braucht, um unglaublich motiviert zu sein, ben\u00f6tigt der andere aktive Unterst\u00fctzung. Erkl\u00e4ren Sie Ihrem Umfeld darum ganz genau, was Sie von ihm erwarten. Und \u00e4u\u00dfern Sie eindeutig, was Sie nicht wollen.<\/p>\n<p>Dann wissen Freunde und Familie, wie sie reagieren sollen, wenn Sie zum Beispiel anrufen, weil Sie pl\u00f6tzlich riesige Lust auf eine Zigarette haben. Und sie verstehen auch, warum es Ihnen zurzeit lieber ist, dass sie auf eine Tasse Tee oder ein Glas Saft bei Ihnen vorbeikommen, als mit ihnen ein Bier trinken zu gehen.<\/p>\n<p><strong>Bitten Sie Ihr Umfeld au\u00dferdem, in Ihrer Gegenwart nicht zu rauchen.<\/strong><\/p>\n<p class=\"p1\"><strong><span class=\"s1\">\u00a0<\/span><\/strong><\/p>\n<p>[\/vc_column_text][\/vc_column_inner][vc_column_inner width=&#8221;1\/2&#8243; css=&#8221;.vc_custom_1540217511840{padding-top: 0px !important;padding-bottom: 0px !important;}&#8221;][vc_single_image image=&#8221;8820&#8243; img_size=&#8221;full&#8221; alignment=&#8221;center&#8221; image_hovers=&#8221;false&#8221;][vc_column_text css=&#8221;.vc_custom_1589354327251{padding-right: 0px !important;padding-bottom: 20px !important;padding-left: 0px !important;}&#8221;]<strong>Zusammen aufh\u00f6ren: Ich suche mir <em>Quit Buddy<\/em><\/strong><\/p>\n<p>Falls jemand in Ihrem Umfeld auch aufh\u00f6ren will zu rauchen: Zu zweit k\u00f6nnen Sie sich gegenseitig motivieren. Versuchen Sie, Freunde oder Familienmitglieder f\u00fcr den Rauchstopp zu gewinnen. Oder machen Sie das Projekt zu einem gemeinsamen Projekt mit Ihrem Lebensgef\u00e4hrten.[\/vc_column_text][\/vc_column_inner][\/vc_row_inner][vc_row_inner equal_height=&#8221;yes&#8221; gap=&#8221;10&#8243;][vc_column_inner width=&#8221;1\/2&#8243; css=&#8221;.vc_custom_1540217487922{padding-top: 0px !important;padding-bottom: 0px !important;}&#8221;][vc_single_image image=&#8221;7467&#8243; img_size=&#8221;full&#8221; alignment=&#8221;center&#8221; image_hovers=&#8221;false&#8221;][\/vc_column_inner][vc_column_inner width=&#8221;1\/2&#8243; css=&#8221;.vc_custom_1540217511840{padding-top: 0px !important;padding-bottom: 0px !important;}&#8221;]<div id=\"ultimate-heading-444269de266d3891d\" class=\"uvc-heading ult-adjust-bottom-margin ultimate-heading-444269de266d3891d uvc-2347 \" data-hspacer=\"line_only\"  data-halign=\"left\" style=\"text-align:left\"><div class=\"uvc-main-heading ult-responsive\"  data-ultimate-target='.uvc-heading.ultimate-heading-444269de266d3891d h2'  data-responsive-json-new='{\"font-size\":\"desktop:22px;\",\"line-height\":\"desktop:32px;\"}' ><h2 style=\"font-weight:bold;color:#000000;margin-bottom:7px;\">... meinen Arzt<\/h2><\/div><div class=\"uvc-heading-spacer line_only\" style=\"margin-top:15px;margin-bottom:25px;height:3px;\"><span class=\"uvc-headings-line\" style=\"border-style:solid;border-bottom-width:3px;border-color:#f20738;width:70px;\"><\/span><\/div><\/div>[vc_column_text css=&#8221;.vc_custom_1589354398330{padding-right: 0px !important;padding-bottom: 20px !important;padding-left: 0px !important;}&#8221;]Wenn Sie aufh\u00f6ren zu rauchen, m\u00fcssen m\u00f6glicherweise einige Medikamente neu eingestellt werden, zum Beispiel Theophyllin, Insulin, Olanzapin und Clozapin. Sprechen Sie darum mit Ihrem Arzt \u00fcber die Raucherentw\u00f6hnung.[\/vc_column_text][\/vc_column_inner][\/vc_row_inner][vc_message style=&#8221;square&#8221; message_box_color=&#8221;danger&#8221; icon_fontawesome=&#8221;&#8221;]<\/p>\n<p style=\"text-align: center;\"><strong>Gemeinsam ist man motivierter und h\u00e4lt besser durch.<\/strong><\/p>\n<p>[\/vc_message]<div class=\"ult-spacer spacer-69de266d3898d\" data-id=\"69de266d3898d\" data-height=\"40\" data-height-mobile=\"20\" data-height-tab=\"20\" data-height-tab-portrait=\"20\" data-height-mobile-landscape=\"20\" style=\"clear:both;display:block;\"><\/div>[\/vc_column][\/vc_row][vc_row type=&#8221;vc_default&#8221; full_width=&#8221;stretch_row&#8221; content_placement=&#8221;middle&#8221; parallax=&#8221;content-moving&#8221; parallax_image=&#8221;7929&#8243; enable_overlay=&#8221;enable_overlay_value&#8221; overlay_color=&#8221;#f20738&#8243; overlay_pattern=&#8221;transperant&#8221; overlay_pattern_opacity=&#8221;80&#8243; multi_color_overlay=&#8221;uvc-multi-color-bg&#8221; multi_color_overlay_opacity=&#8221;60&#8243; el_class=&#8221;accent-border-color&#8221;][vc_column]<div class=\"ult-spacer spacer-69de266d389bf\" data-id=\"69de266d389bf\" data-height=\"100\" data-height-mobile=\"0\" data-height-tab=\"0\" data-height-tab-portrait=\"0\" data-height-mobile-landscape=\"0\" style=\"clear:both;display:block;\"><\/div>[vc_row_inner css=&#8221;.vc_custom_1538554528820{border-radius: 2px !important;}&#8221;][vc_column_inner]<div id=\"ultimate-heading-118869de266d38a17\" class=\"uvc-heading ult-adjust-bottom-margin ultimate-heading-118869de266d38a17 uvc-1590 accent-border-color uvc-heading-default-font-sizes\" data-hspacer=\"line_only\"  data-halign=\"left\" style=\"text-align:left\"><div class=\"uvc-main-heading ult-responsive\"  data-ultimate-target='.uvc-heading.ultimate-heading-118869de266d38a17 h2'  data-responsive-json-new='{\"font-size\":\"\",\"line-height\":\"\"}' ><h2 style=\"font-weight:bold;color:#ffffff;margin-bottom:20px;\">So werde ich mit Schwierigkeiten fertig<\/h2><\/div><div class=\"uvc-heading-spacer line_only\" style=\"margin-bottom:25px;height:3px;\"><span class=\"uvc-headings-line\" style=\"border-style:solid;border-bottom-width:3px;border-color:#ccc;width:300px;\"><\/span><\/div><\/div>[vc_column_text]<span style=\"color: #ffffff;\"><strong>Planen Sie Aktivit\u00e4ten und gedankliche Ablenkung f\u00fcr die Augenblicke, in denen Sie Verlangen nach einer Zigarette haben.<\/strong><\/span>[\/vc_column_text]<a href=\"https:\/\/www.maviesanstabac.lu\/de\/ich-kontrolliere-das-verlangen\/\" class=\"btn-shortcode dt-btn-s dt-btn default-btn-color default-btn-hover-color default-btn-bg-color default-btn-bg-hover-color\" id=\"dt-btn-1\"><span>Mehr<\/span><\/a><div class=\"ult-spacer spacer-69de266d38ae5\" data-id=\"69de266d38ae5\" data-height=\"40\" data-height-mobile=\"20\" data-height-tab=\"20\" data-height-tab-portrait=\"20\" data-height-mobile-landscape=\"20\" style=\"clear:both;display:block;\"><\/div>[\/vc_column_inner][\/vc_row_inner]<div class=\"ult-spacer spacer-69de266d38b0d\" data-id=\"69de266d38b0d\" data-height=\"40\" data-height-mobile=\"0\" data-height-tab=\"0\" data-height-tab-portrait=\"0\" data-height-mobile-landscape=\"0\" style=\"clear:both;display:block;\"><\/div>[\/vc_column][\/vc_row][vc_row][vc_column][vc_empty_space height=&#8221;30px&#8221;][\/vc_column][\/vc_row]<\/p>\n<\/div>","protected":false},"excerpt":{"rendered":"<p>[vc_row type=&#8221;vc_default&#8221; content_placement=&#8221;middle&#8221; margin_top=&#8221;-50&#8243; bg_type=&#8221;image&#8221; parallax_style=&#8221;vcpb-default&#8221; bg_image_new=&#8221;id^7927|url^http:\/\/www.maviesanstabac.lu\/wp-content\/uploads\/2019\/05\/head_int_je-me-lance_j-informe.jpg|caption^null|alt^null|title^head_int_je-me-lance_j-informe|description^null&#8221; bg_override=&#8221;ex-full&#8221; enable_overlay=&#8221;enable_overlay_value&#8221; overlay_pattern=&#8221;transperant&#8221; overlay_pattern_opacity=&#8221;100&#8243; overlay_pattern_size=&#8221;200&#8243; css=&#8221;.vc_custom_1557756845823{padding-top: 3% !important;padding-bottom: 0px !important;}&#8221; el_class=&#8221;internal-header&#8221;][vc_column][\/vc_column][\/vc_row][vc_row][vc_column css=&#8221;.vc_custom_1540631490734{padding-right: 40px !important;padding-left: 40px !important;}&#8221;][vc_empty_space][vc_row_inner equal_height=&#8221;yes&#8221; gap=&#8221;10&#8243;][vc_column_inner width=&#8221;1\/2&#8243; css=&#8221;.vc_custom_1540217487922{padding-top: 0px !important;padding-bottom: 0px !important;}&#8221;][vc_column_text css=&#8221;.vc_custom_1589354303058{padding-right: 0px !important;padding-bottom: 20px !important;padding-left: 0px !important;}&#8221;]Es ist nicht einfach, aufzuh\u00f6ren zu rauchen. Was spricht also dagegen, sein Umfeld mit in das Projekt einzubeziehen?&hellip;<\/p>\n","protected":false},"author":1,"featured_media":3368,"parent":0,"menu_order":0,"comment_status":"closed","ping_status":"closed","template":"","meta":{"footnotes":""},"class_list":["post-8817","page","type-page","status-publish","has-post-thumbnail","hentry","description-off"],"yoast_head":"<!-- This site is optimized with the Yoast SEO plugin v27.0 - https:\/\/yoast.com\/product\/yoast-seo-wordpress\/ -->\n<title>Ich informiere mein Umfeld - Ma vie sans tabac<\/title>\n<meta name=\"description\" content=\"Indem Sie die Menschen in Ihrer Umgebung in Ihre Entscheidung einbeziehen, k\u00f6nnten Sie von wertvoller Hilfe profitieren. Es ist auch wichtig, Ihren Arzt zu informieren.\" \/>\n<meta name=\"robots\" content=\"index, follow, max-snippet:-1, max-image-preview:large, max-video-preview:-1\" \/>\n<link rel=\"canonical\" href=\"https:\/\/maviesanstabac.lu\/de\/ich-informiere\/\" \/>\n<meta property=\"og:locale\" content=\"de_DE\" \/>\n<meta property=\"og:type\" content=\"article\" \/>\n<meta property=\"og:title\" content=\"Ich informiere mein Umfeld - Ma vie sans tabac\" \/>\n<meta property=\"og:description\" content=\"Indem Sie die Menschen in Ihrer Umgebung in Ihre Entscheidung einbeziehen, k\u00f6nnten Sie von wertvoller Hilfe profitieren. Es ist auch wichtig, Ihren Arzt zu informieren.\" \/>\n<meta property=\"og:url\" content=\"https:\/\/maviesanstabac.lu\/de\/ich-informiere\/\" \/>\n<meta property=\"og:site_name\" content=\"ma vie sans tabac\" \/>\n<meta property=\"article:modified_time\" content=\"2020-07-02T07:31:31+00:00\" \/>\n<meta name=\"twitter:card\" content=\"summary_large_image\" \/>\n<meta name=\"twitter:image\" content=\"https:\/\/maviesanstabac.lu\/wp-content\/uploads\/2017\/06\/FondationCancer.jpg\" \/>\n<meta name=\"twitter:label1\" content=\"Gesch\u00e4tzte Lesezeit\" \/>\n\t<meta name=\"twitter:data1\" content=\"4\u00a0Minuten\" \/>\n<script type=\"application\/ld+json\" class=\"yoast-schema-graph\">{\"@context\":\"https:\/\/schema.org\",\"@graph\":[{\"@type\":\"WebPage\",\"@id\":\"https:\/\/maviesanstabac.lu\/de\/ich-informiere\/\",\"url\":\"https:\/\/maviesanstabac.lu\/de\/ich-informiere\/\",\"name\":\"Ich informiere mein Umfeld - Ma vie sans tabac\",\"isPartOf\":{\"@id\":\"https:\/\/maviesanstabac.lu\/de\/#website\"},\"primaryImageOfPage\":{\"@id\":\"https:\/\/maviesanstabac.lu\/de\/ich-informiere\/#primaryimage\"},\"image\":{\"@id\":\"https:\/\/maviesanstabac.lu\/de\/ich-informiere\/#primaryimage\"},\"thumbnailUrl\":\"https:\/\/maviesanstabac.lu\/wp-content\/uploads\/2017\/06\/FondationCancer.jpg\",\"datePublished\":\"2019-02-27T12:14:54+00:00\",\"dateModified\":\"2020-07-02T07:31:31+00:00\",\"description\":\"Indem Sie die Menschen in Ihrer Umgebung in Ihre Entscheidung einbeziehen, k\u00f6nnten Sie von wertvoller Hilfe profitieren. Es ist auch wichtig, Ihren Arzt zu informieren.\",\"breadcrumb\":{\"@id\":\"https:\/\/maviesanstabac.lu\/de\/ich-informiere\/#breadcrumb\"},\"inLanguage\":\"de\",\"potentialAction\":[{\"@type\":\"ReadAction\",\"target\":[\"https:\/\/maviesanstabac.lu\/de\/ich-informiere\/\"]}]},{\"@type\":\"ImageObject\",\"inLanguage\":\"de\",\"@id\":\"https:\/\/maviesanstabac.lu\/de\/ich-informiere\/#primaryimage\",\"url\":\"https:\/\/maviesanstabac.lu\/wp-content\/uploads\/2017\/06\/FondationCancer.jpg\",\"contentUrl\":\"https:\/\/maviesanstabac.lu\/wp-content\/uploads\/2017\/06\/FondationCancer.jpg\",\"width\":991,\"height\":1200},{\"@type\":\"BreadcrumbList\",\"@id\":\"https:\/\/maviesanstabac.lu\/de\/ich-informiere\/#breadcrumb\",\"itemListElement\":[{\"@type\":\"ListItem\",\"position\":1,\"name\":\"Accueil\",\"item\":\"https:\/\/maviesanstabac.lu\/de\/\"},{\"@type\":\"ListItem\",\"position\":2,\"name\":\"Ich informiere &#8230;\"}]},{\"@type\":\"WebSite\",\"@id\":\"https:\/\/maviesanstabac.lu\/de\/#website\",\"url\":\"https:\/\/maviesanstabac.lu\/de\/\",\"name\":\"ma vie sans tabac\",\"description\":\"Sans tabac pour une vie plus saine\",\"potentialAction\":[{\"@type\":\"SearchAction\",\"target\":{\"@type\":\"EntryPoint\",\"urlTemplate\":\"https:\/\/maviesanstabac.lu\/de\/?s={search_term_string}\"},\"query-input\":{\"@type\":\"PropertyValueSpecification\",\"valueRequired\":true,\"valueName\":\"search_term_string\"}}],\"inLanguage\":\"de\"}]}<\/script>\n<!-- \/ Yoast SEO plugin. -->","yoast_head_json":{"title":"Ich informiere mein Umfeld - Ma vie sans tabac","description":"Indem Sie die Menschen in Ihrer Umgebung in Ihre Entscheidung einbeziehen, k\u00f6nnten Sie von wertvoller Hilfe profitieren. Es ist auch wichtig, Ihren Arzt zu informieren.","robots":{"index":"index","follow":"follow","max-snippet":"max-snippet:-1","max-image-preview":"max-image-preview:large","max-video-preview":"max-video-preview:-1"},"canonical":"https:\/\/maviesanstabac.lu\/de\/ich-informiere\/","og_locale":"de_DE","og_type":"article","og_title":"Ich informiere mein Umfeld - Ma vie sans tabac","og_description":"Indem Sie die Menschen in Ihrer Umgebung in Ihre Entscheidung einbeziehen, k\u00f6nnten Sie von wertvoller Hilfe profitieren. Es ist auch wichtig, Ihren Arzt zu informieren.","og_url":"https:\/\/maviesanstabac.lu\/de\/ich-informiere\/","og_site_name":"ma vie sans tabac","article_modified_time":"2020-07-02T07:31:31+00:00","twitter_card":"summary_large_image","twitter_image":"https:\/\/maviesanstabac.lu\/wp-content\/uploads\/2017\/06\/FondationCancer.jpg","twitter_misc":{"Gesch\u00e4tzte Lesezeit":"4\u00a0Minuten"},"schema":{"@context":"https:\/\/schema.org","@graph":[{"@type":"WebPage","@id":"https:\/\/maviesanstabac.lu\/de\/ich-informiere\/","url":"https:\/\/maviesanstabac.lu\/de\/ich-informiere\/","name":"Ich informiere mein Umfeld - Ma vie sans tabac","isPartOf":{"@id":"https:\/\/maviesanstabac.lu\/de\/#website"},"primaryImageOfPage":{"@id":"https:\/\/maviesanstabac.lu\/de\/ich-informiere\/#primaryimage"},"image":{"@id":"https:\/\/maviesanstabac.lu\/de\/ich-informiere\/#primaryimage"},"thumbnailUrl":"https:\/\/maviesanstabac.lu\/wp-content\/uploads\/2017\/06\/FondationCancer.jpg","datePublished":"2019-02-27T12:14:54+00:00","dateModified":"2020-07-02T07:31:31+00:00","description":"Indem Sie die Menschen in Ihrer Umgebung in Ihre Entscheidung einbeziehen, k\u00f6nnten Sie von wertvoller Hilfe profitieren. Es ist auch wichtig, Ihren Arzt zu informieren.","breadcrumb":{"@id":"https:\/\/maviesanstabac.lu\/de\/ich-informiere\/#breadcrumb"},"inLanguage":"de","potentialAction":[{"@type":"ReadAction","target":["https:\/\/maviesanstabac.lu\/de\/ich-informiere\/"]}]},{"@type":"ImageObject","inLanguage":"de","@id":"https:\/\/maviesanstabac.lu\/de\/ich-informiere\/#primaryimage","url":"https:\/\/maviesanstabac.lu\/wp-content\/uploads\/2017\/06\/FondationCancer.jpg","contentUrl":"https:\/\/maviesanstabac.lu\/wp-content\/uploads\/2017\/06\/FondationCancer.jpg","width":991,"height":1200},{"@type":"BreadcrumbList","@id":"https:\/\/maviesanstabac.lu\/de\/ich-informiere\/#breadcrumb","itemListElement":[{"@type":"ListItem","position":1,"name":"Accueil","item":"https:\/\/maviesanstabac.lu\/de\/"},{"@type":"ListItem","position":2,"name":"Ich informiere &#8230;"}]},{"@type":"WebSite","@id":"https:\/\/maviesanstabac.lu\/de\/#website","url":"https:\/\/maviesanstabac.lu\/de\/","name":"ma vie sans tabac","description":"Sans tabac pour une vie plus saine","potentialAction":[{"@type":"SearchAction","target":{"@type":"EntryPoint","urlTemplate":"https:\/\/maviesanstabac.lu\/de\/?s={search_term_string}"},"query-input":{"@type":"PropertyValueSpecification","valueRequired":true,"valueName":"search_term_string"}}],"inLanguage":"de"}]}},"_links":{"self":[{"href":"https:\/\/maviesanstabac.lu\/de\/wp-json\/wp\/v2\/pages\/8817","targetHints":{"allow":["GET"]}}],"collection":[{"href":"https:\/\/maviesanstabac.lu\/de\/wp-json\/wp\/v2\/pages"}],"about":[{"href":"https:\/\/maviesanstabac.lu\/de\/wp-json\/wp\/v2\/types\/page"}],"author":[{"embeddable":true,"href":"https:\/\/maviesanstabac.lu\/de\/wp-json\/wp\/v2\/users\/1"}],"replies":[{"embeddable":true,"href":"https:\/\/maviesanstabac.lu\/de\/wp-json\/wp\/v2\/comments?post=8817"}],"version-history":[{"count":5,"href":"https:\/\/maviesanstabac.lu\/de\/wp-json\/wp\/v2\/pages\/8817\/revisions"}],"predecessor-version":[{"id":8868,"href":"https:\/\/maviesanstabac.lu\/de\/wp-json\/wp\/v2\/pages\/8817\/revisions\/8868"}],"wp:featuredmedia":[{"embeddable":true,"href":"https:\/\/maviesanstabac.lu\/de\/wp-json\/wp\/v2\/media\/3368"}],"wp:attachment":[{"href":"https:\/\/maviesanstabac.lu\/de\/wp-json\/wp\/v2\/media?parent=8817"}],"curies":[{"name":"wp","href":"https:\/\/api.w.org\/{rel}","templated":true}]}}