{"id":8851,"date":"2019-02-27T12:08:19","date_gmt":"2019-02-27T11:08:19","guid":{"rendered":"https:\/\/www.maviesanstabac.lu\/jai-peur-de-lechec\/"},"modified":"2024-04-17T07:50:25","modified_gmt":"2024-04-17T05:50:25","slug":"ich-habe-angst-zu-scheitern","status":"publish","type":"page","link":"https:\/\/maviesanstabac.lu\/de\/ich-habe-angst-zu-scheitern\/","title":{"rendered":"Ich habe Angst zu scheitern"},"content":{"rendered":"<div class=\"wpb-content-wrapper\"><p>[vc_row type=&#8221;vc_default&#8221; content_placement=&#8221;middle&#8221; margin_top=&#8221;-50&#8243; bg_type=&#8221;image&#8221; parallax_style=&#8221;vcpb-default&#8221; bg_image_new=&#8221;id^8080|url^http:\/\/www.maviesanstabac.lu\/wp-content\/uploads\/2019\/05\/head_int_je-gere-les-difficultes_j-ai-peur-de-lechec-3.jpg|caption^null|alt^null|title^head_int_je-gere-les-difficultes_j-ai-peur-de-lechec-3|description^null&#8221; bg_override=&#8221;ex-full&#8221; enable_overlay=&#8221;enable_overlay_value&#8221; overlay_pattern=&#8221;transperant&#8221; overlay_pattern_opacity=&#8221;100&#8243; overlay_pattern_size=&#8221;200&#8243; css=&#8221;.vc_custom_1557926521563{padding-top: 3% !important;padding-bottom: 0px !important;}&#8221; el_class=&#8221;internal-header&#8221;][vc_column][\/vc_column][\/vc_row][vc_row][vc_column css=&#8221;.vc_custom_1540631490734{padding-right: 40px !important;padding-left: 40px !important;}&#8221;]<div id=\"ultimate-heading-364369de269218672\" class=\"uvc-heading ult-adjust-bottom-margin ultimate-heading-364369de269218672 uvc-9218  uvc-heading-default-font-sizes\" data-hspacer=\"line_only\"  data-halign=\"center\" style=\"text-align:center\"><div class=\"uvc-main-heading ult-responsive\"  data-ultimate-target='.uvc-heading.ultimate-heading-364369de269218672 h2'  data-responsive-json-new='{\"font-size\":\"\",\"line-height\":\"\"}' ><h2 style=\"font-weight:bold;margin-bottom:7px;\">Ich habe Angst zu scheitern<\/h2><\/div><div class=\"uvc-heading-spacer line_only\" style=\"margin-top:15px;margin-bottom:25px;height:3px;\"><span class=\"uvc-headings-line\" style=\"border-style:solid;border-bottom-width:3px;border-color:#f20738;width:300px;\"><\/span><\/div><\/div>[vc_empty_space][vc_row_inner equal_height=&#8221;yes&#8221; content_placement=&#8221;middle&#8221; gap=&#8221;10&#8243;][vc_column_inner width=&#8221;1\/2&#8243; css=&#8221;.vc_custom_1540217487922{padding-top: 0px !important;padding-bottom: 0px !important;}&#8221;][vc_column_text css=&#8221;.vc_custom_1589359816301{padding-right: 0px !important;padding-bottom: 20px !important;padding-left: 0px !important;}&#8221;]Wenn Sie aufh\u00f6ren zu rauchen, bedeutet das m\u00f6glicherweise tiefgreifende Ver\u00e4nderungen in Ihrem Alltag \u2013 da ist es nicht verwunderlich, dass Sie Respekt vor diesem Schritt haben. Ihre Angst, es nicht zu schaffen, r\u00fchrt vielleicht daher, dass Sie bei einem fr\u00fcheren Rauchstopp gescheitert sind.<\/p>\n<p>Sie m\u00fcssen sich immer vor Augen f\u00fchren, dass <strong>eine \u2013 wie auch immer geartete \u2013 Niederlage das Ergebnis einer Erfahrung ist, die viel Mut erfordert.<\/strong> Das wird h\u00e4ufig nicht ausreichend gew\u00fcrdigt. Eigentlich sollte man das Scheitern als das betrachten, was es ist, n\u00e4mlich eine Etappe auf dem schwierigen Weg in die Freiheit.<\/p>\n<p>Au\u00dferdem kann man aus vergangenen Niederlagen lernen: Beim n\u00e4chsten Mal sind Sie besser vorbereitet. Analysieren Sie Ihre gescheiterten Versuche und lernen Sie daraus, um es beim n\u00e4chsten Mal besser zu machen.<\/p>\n<p><strong>Und verlieren Sie vor allem nicht den Mut: Im Durchschnitt schaffen Raucher es erst im f\u00fcnften Versuch, definitiv mit dem Rauchen aufzuh\u00f6ren.<\/strong>[\/vc_column_text][\/vc_column_inner][vc_column_inner width=&#8221;1\/2&#8243; css=&#8221;.vc_custom_1540217511840{padding-top: 0px !important;padding-bottom: 0px !important;}&#8221;][vc_single_image image=&#8221;8854&#8243; img_size=&#8221;full&#8221; alignment=&#8221;center&#8221; image_hovers=&#8221;false&#8221;][\/vc_column_inner][\/vc_row_inner]<div class=\"ult-spacer spacer-69de269218764\" data-id=\"69de269218764\" data-height=\"40\" data-height-mobile=\"20\" data-height-tab=\"20\" data-height-tab-portrait=\"20\" data-height-mobile-landscape=\"20\" style=\"clear:both;display:block;\"><\/div>[\/vc_column][\/vc_row][vc_row type=&#8221;vc_default&#8221; full_width=&#8221;stretch_row&#8221; equal_height=&#8221;yes&#8221; content_placement=&#8221;middle&#8221; bg_type=&#8221;bg_color&#8221; bg_color_value=&#8221;#eeeeee&#8221;][vc_column][vc_row_inner content_placement=&#8221;middle&#8221;][vc_column_inner width=&#8221;1\/3&#8243;][vc_single_image image=&#8221;12609&#8243; img_size=&#8221;medium&#8221; alignment=&#8221;center&#8221; style=&#8221;vc_box_circle&#8221;][\/vc_column_inner][vc_column_inner width=&#8221;1\/3&#8243;][vc_column_text css=&#8221;.vc_custom_1589360180823{padding-bottom: 0px !important;}&#8221;]<\/p>\n<h4 class=\"p1\"><span style=\"color: #f20738;\">Haben Sie keine Scheu, sich an unseren Nichtraucher-Service <em>Tabac-Stop <\/em>zu wenden.<\/span><\/h4>\n<p>[\/vc_column_text][\/vc_column_inner][vc_column_inner width=&#8221;1\/3&#8243;][vc_column_text css=&#8221;.vc_custom_1713333021677{padding-bottom: 0px !important;}&#8221;]<\/p>\n<div class=\"et_pb_team_member_description\">\n<h5 style=\"text-align: center;\">Lex Schaul<\/h5>\n<p class=\"et_pb_member_position\" style=\"text-align: center;\"><strong><span style=\"color: #cc0033;\">KOSTENLOSE BERATUNG<br \/>\n<\/span><\/strong><\/p>\n<p class=\"social_icons\" style=\"text-align: center;\"><i class=\"fas fa-envelope\"><\/i><span style=\"text-align: center;\"> <span style=\"color: #333333;\"><a style=\"color: #333333;\" href=\"mailto:prevention@cancer.lu\">prevention{AT}cancer.lu<\/a><\/span><\/span><\/p>\n<p class=\"social_icons\" style=\"text-align: center;\"><i class=\"fas fa-phone\"><\/i><span style=\"text-align: center;\"> <span style=\"color: #333333;\">(+352) 45 30 331<\/span><\/span><\/p>\n<p style=\"text-align: center;\"><em>(Unsere Beratungen zur Rauchentw\u00f6hnung stehen ausschlie\u00dflich Personen mit Wohnsitz oder Arbeitsplatz in Luxemburg zur Verf\u00fcgung. Vielen Dank f\u00fcr Ihr Verst\u00e4ndnis.)<\/em><\/p>\n<\/div>\n<p>[\/vc_column_text][\/vc_column_inner][\/vc_row_inner][\/vc_column][\/vc_row][vc_row type=&#8221;vc_default&#8221; full_width=&#8221;stretch_row&#8221; content_placement=&#8221;middle&#8221; parallax=&#8221;content-moving&#8221; parallax_image=&#8221;8863&#8243;][vc_column]<div class=\"ult-spacer spacer-69de2692187b2\" data-id=\"69de2692187b2\" data-height=\"100\" data-height-mobile=\"100\" data-height-tab=\"100\" data-height-tab-portrait=\"\" data-height-mobile-landscape=\"\" style=\"clear:both;display:block;\"><\/div>[vc_row_inner][vc_column_inner]<div id=\"ultimate-heading-289969de269218825\" class=\"uvc-heading ult-adjust-bottom-margin ultimate-heading-289969de269218825 uvc-8545 accent-border-color text-shadow uvc-heading-default-font-sizes\" data-hspacer=\"line_only\"  data-halign=\"left\" style=\"text-align:left\"><div class=\"uvc-main-heading ult-responsive\"  data-ultimate-target='.uvc-heading.ultimate-heading-289969de269218825 h2'  data-responsive-json-new='{\"font-size\":\"\",\"line-height\":\"\"}' ><h2 style=\"font-weight:bold;color:#ffffff;margin-bottom:20px;\">Ich bin schwach geworden<\/h2><\/div><div class=\"uvc-heading-spacer line_only\" style=\"margin-bottom:25px;height:3px;\"><span class=\"uvc-headings-line\" style=\"border-style:solid;border-bottom-width:3px;border-color:#f20738;width:300px;\"><\/span><\/div><\/div>[\/vc_column_inner][\/vc_row_inner][vc_column_text el_class=&#8221;accent-border-color text-shadow&#8221;]<strong><span style=\"color: #ffffff;\">Keine Panik, das kann passieren! Hier finden Sie Ratschl\u00e4ge, wie Sie weiterhin mit dem Rauchen aufh\u00f6ren k\u00f6nnen.<\/span><\/strong>[\/vc_column_text]<style type=\"text\/css\" data-type=\"the7_shortcodes-inline-css\">#default-btn-70ad9560528c670a125f3395beb6e88d.ico-right-side > i {\n  margin-right: 0px;\n  margin-left: 8px;\n}\n#default-btn-70ad9560528c670a125f3395beb6e88d > i {\n  margin-right: 8px;\n}<\/style><a href=\"https:\/\/www.maviesanstabac.lu\/de\/ich-bin-schwach-geworden\/\" class=\"default-btn-shortcode dt-btn dt-btn-s link-hover-off btn-inline-left \" id=\"default-btn-70ad9560528c670a125f3395beb6e88d\"><span>Mehr<\/span><\/a><div class=\"ult-spacer spacer-69de269218aaf\" data-id=\"69de269218aaf\" data-height=\"40\" data-height-mobile=\"40\" data-height-tab=\"40\" data-height-tab-portrait=\"\" data-height-mobile-landscape=\"\" style=\"clear:both;display:block;\"><\/div>[\/vc_column][\/vc_row][vc_row][vc_column][vc_empty_space height=&#8221;30px&#8221;][\/vc_column][\/vc_row]<\/p>\n<\/div>","protected":false},"excerpt":{"rendered":"<p>[vc_row type=&#8221;vc_default&#8221; content_placement=&#8221;middle&#8221; margin_top=&#8221;-50&#8243; bg_type=&#8221;image&#8221; parallax_style=&#8221;vcpb-default&#8221; bg_image_new=&#8221;id^8080|url^http:\/\/www.maviesanstabac.lu\/wp-content\/uploads\/2019\/05\/head_int_je-gere-les-difficultes_j-ai-peur-de-lechec-3.jpg|caption^null|alt^null|title^head_int_je-gere-les-difficultes_j-ai-peur-de-lechec-3|description^null&#8221; bg_override=&#8221;ex-full&#8221; enable_overlay=&#8221;enable_overlay_value&#8221; overlay_pattern=&#8221;transperant&#8221; overlay_pattern_opacity=&#8221;100&#8243; overlay_pattern_size=&#8221;200&#8243; css=&#8221;.vc_custom_1557926521563{padding-top: 3% !important;padding-bottom: 0px !important;}&#8221; el_class=&#8221;internal-header&#8221;][vc_column][\/vc_column][\/vc_row][vc_row][vc_column css=&#8221;.vc_custom_1540631490734{padding-right: 40px !important;padding-left: 40px !important;}&#8221;][vc_empty_space][vc_row_inner equal_height=&#8221;yes&#8221; content_placement=&#8221;middle&#8221; gap=&#8221;10&#8243;][vc_column_inner width=&#8221;1\/2&#8243; css=&#8221;.vc_custom_1540217487922{padding-top: 0px !important;padding-bottom: 0px !important;}&#8221;][vc_column_text css=&#8221;.vc_custom_1589359816301{padding-right: 0px !important;padding-bottom: 20px !important;padding-left: 0px !important;}&#8221;]Wenn Sie aufh\u00f6ren zu rauchen, bedeutet das m\u00f6glicherweise tiefgreifende Ver\u00e4nderungen in Ihrem Alltag \u2013 da ist es&hellip;<\/p>\n","protected":false},"author":1,"featured_media":3368,"parent":0,"menu_order":0,"comment_status":"closed","ping_status":"closed","template":"","meta":{"footnotes":""},"class_list":["post-8851","page","type-page","status-publish","has-post-thumbnail","hentry","description-off"],"yoast_head":"<!-- This site is optimized with the Yoast SEO plugin v27.0 - https:\/\/yoast.com\/product\/yoast-seo-wordpress\/ -->\n<title>Ich habe Angst zu scheitern - Ma vie sans tabac<\/title>\n<meta name=\"description\" content=\"Mit dem Rauchen aufzuh\u00f6ren bedeutet eine Ver\u00e4nderung in Ihrem t\u00e4glichen Leben. Ein Raucher braucht unter Umst\u00e4nden mehrere Versuche, um endg\u00fcltig aufzuh\u00f6ren.\" \/>\n<meta name=\"robots\" content=\"index, follow, max-snippet:-1, max-image-preview:large, max-video-preview:-1\" \/>\n<link rel=\"canonical\" href=\"https:\/\/maviesanstabac.lu\/de\/ich-habe-angst-zu-scheitern\/\" \/>\n<meta property=\"og:locale\" content=\"de_DE\" \/>\n<meta property=\"og:type\" content=\"article\" \/>\n<meta property=\"og:title\" content=\"Ich habe Angst zu scheitern - Ma vie sans tabac\" \/>\n<meta property=\"og:description\" content=\"Mit dem Rauchen aufzuh\u00f6ren bedeutet eine Ver\u00e4nderung in Ihrem t\u00e4glichen Leben. Ein Raucher braucht unter Umst\u00e4nden mehrere Versuche, um endg\u00fcltig aufzuh\u00f6ren.\" \/>\n<meta property=\"og:url\" content=\"https:\/\/maviesanstabac.lu\/de\/ich-habe-angst-zu-scheitern\/\" \/>\n<meta property=\"og:site_name\" content=\"ma vie sans tabac\" \/>\n<meta property=\"article:modified_time\" content=\"2024-04-17T05:50:25+00:00\" \/>\n<meta name=\"twitter:card\" content=\"summary_large_image\" \/>\n<meta name=\"twitter:image\" content=\"https:\/\/maviesanstabac.lu\/wp-content\/uploads\/2017\/06\/FondationCancer.jpg\" \/>\n<meta name=\"twitter:label1\" content=\"Gesch\u00e4tzte Lesezeit\" \/>\n\t<meta name=\"twitter:data1\" content=\"3\u00a0Minuten\" \/>\n<script type=\"application\/ld+json\" class=\"yoast-schema-graph\">{\"@context\":\"https:\/\/schema.org\",\"@graph\":[{\"@type\":\"WebPage\",\"@id\":\"https:\/\/maviesanstabac.lu\/de\/ich-habe-angst-zu-scheitern\/\",\"url\":\"https:\/\/maviesanstabac.lu\/de\/ich-habe-angst-zu-scheitern\/\",\"name\":\"Ich habe Angst zu scheitern - Ma vie sans tabac\",\"isPartOf\":{\"@id\":\"https:\/\/maviesanstabac.lu\/de\/#website\"},\"primaryImageOfPage\":{\"@id\":\"https:\/\/maviesanstabac.lu\/de\/ich-habe-angst-zu-scheitern\/#primaryimage\"},\"image\":{\"@id\":\"https:\/\/maviesanstabac.lu\/de\/ich-habe-angst-zu-scheitern\/#primaryimage\"},\"thumbnailUrl\":\"https:\/\/maviesanstabac.lu\/wp-content\/uploads\/2017\/06\/FondationCancer.jpg\",\"datePublished\":\"2019-02-27T11:08:19+00:00\",\"dateModified\":\"2024-04-17T05:50:25+00:00\",\"description\":\"Mit dem Rauchen aufzuh\u00f6ren bedeutet eine Ver\u00e4nderung in Ihrem t\u00e4glichen Leben. Ein Raucher braucht unter Umst\u00e4nden mehrere Versuche, um endg\u00fcltig aufzuh\u00f6ren.\",\"breadcrumb\":{\"@id\":\"https:\/\/maviesanstabac.lu\/de\/ich-habe-angst-zu-scheitern\/#breadcrumb\"},\"inLanguage\":\"de\",\"potentialAction\":[{\"@type\":\"ReadAction\",\"target\":[\"https:\/\/maviesanstabac.lu\/de\/ich-habe-angst-zu-scheitern\/\"]}]},{\"@type\":\"ImageObject\",\"inLanguage\":\"de\",\"@id\":\"https:\/\/maviesanstabac.lu\/de\/ich-habe-angst-zu-scheitern\/#primaryimage\",\"url\":\"https:\/\/maviesanstabac.lu\/wp-content\/uploads\/2017\/06\/FondationCancer.jpg\",\"contentUrl\":\"https:\/\/maviesanstabac.lu\/wp-content\/uploads\/2017\/06\/FondationCancer.jpg\",\"width\":991,\"height\":1200},{\"@type\":\"BreadcrumbList\",\"@id\":\"https:\/\/maviesanstabac.lu\/de\/ich-habe-angst-zu-scheitern\/#breadcrumb\",\"itemListElement\":[{\"@type\":\"ListItem\",\"position\":1,\"name\":\"Accueil\",\"item\":\"https:\/\/maviesanstabac.lu\/de\/\"},{\"@type\":\"ListItem\",\"position\":2,\"name\":\"Ich habe Angst zu scheitern\"}]},{\"@type\":\"WebSite\",\"@id\":\"https:\/\/maviesanstabac.lu\/de\/#website\",\"url\":\"https:\/\/maviesanstabac.lu\/de\/\",\"name\":\"ma vie sans tabac\",\"description\":\"Sans tabac pour une vie plus saine\",\"potentialAction\":[{\"@type\":\"SearchAction\",\"target\":{\"@type\":\"EntryPoint\",\"urlTemplate\":\"https:\/\/maviesanstabac.lu\/de\/?s={search_term_string}\"},\"query-input\":{\"@type\":\"PropertyValueSpecification\",\"valueRequired\":true,\"valueName\":\"search_term_string\"}}],\"inLanguage\":\"de\"}]}<\/script>\n<!-- \/ Yoast SEO plugin. -->","yoast_head_json":{"title":"Ich habe Angst zu scheitern - Ma vie sans tabac","description":"Mit dem Rauchen aufzuh\u00f6ren bedeutet eine Ver\u00e4nderung in Ihrem t\u00e4glichen Leben. Ein Raucher braucht unter Umst\u00e4nden mehrere Versuche, um endg\u00fcltig aufzuh\u00f6ren.","robots":{"index":"index","follow":"follow","max-snippet":"max-snippet:-1","max-image-preview":"max-image-preview:large","max-video-preview":"max-video-preview:-1"},"canonical":"https:\/\/maviesanstabac.lu\/de\/ich-habe-angst-zu-scheitern\/","og_locale":"de_DE","og_type":"article","og_title":"Ich habe Angst zu scheitern - Ma vie sans tabac","og_description":"Mit dem Rauchen aufzuh\u00f6ren bedeutet eine Ver\u00e4nderung in Ihrem t\u00e4glichen Leben. Ein Raucher braucht unter Umst\u00e4nden mehrere Versuche, um endg\u00fcltig aufzuh\u00f6ren.","og_url":"https:\/\/maviesanstabac.lu\/de\/ich-habe-angst-zu-scheitern\/","og_site_name":"ma vie sans tabac","article_modified_time":"2024-04-17T05:50:25+00:00","twitter_card":"summary_large_image","twitter_image":"https:\/\/maviesanstabac.lu\/wp-content\/uploads\/2017\/06\/FondationCancer.jpg","twitter_misc":{"Gesch\u00e4tzte Lesezeit":"3\u00a0Minuten"},"schema":{"@context":"https:\/\/schema.org","@graph":[{"@type":"WebPage","@id":"https:\/\/maviesanstabac.lu\/de\/ich-habe-angst-zu-scheitern\/","url":"https:\/\/maviesanstabac.lu\/de\/ich-habe-angst-zu-scheitern\/","name":"Ich habe Angst zu scheitern - Ma vie sans tabac","isPartOf":{"@id":"https:\/\/maviesanstabac.lu\/de\/#website"},"primaryImageOfPage":{"@id":"https:\/\/maviesanstabac.lu\/de\/ich-habe-angst-zu-scheitern\/#primaryimage"},"image":{"@id":"https:\/\/maviesanstabac.lu\/de\/ich-habe-angst-zu-scheitern\/#primaryimage"},"thumbnailUrl":"https:\/\/maviesanstabac.lu\/wp-content\/uploads\/2017\/06\/FondationCancer.jpg","datePublished":"2019-02-27T11:08:19+00:00","dateModified":"2024-04-17T05:50:25+00:00","description":"Mit dem Rauchen aufzuh\u00f6ren bedeutet eine Ver\u00e4nderung in Ihrem t\u00e4glichen Leben. Ein Raucher braucht unter Umst\u00e4nden mehrere Versuche, um endg\u00fcltig aufzuh\u00f6ren.","breadcrumb":{"@id":"https:\/\/maviesanstabac.lu\/de\/ich-habe-angst-zu-scheitern\/#breadcrumb"},"inLanguage":"de","potentialAction":[{"@type":"ReadAction","target":["https:\/\/maviesanstabac.lu\/de\/ich-habe-angst-zu-scheitern\/"]}]},{"@type":"ImageObject","inLanguage":"de","@id":"https:\/\/maviesanstabac.lu\/de\/ich-habe-angst-zu-scheitern\/#primaryimage","url":"https:\/\/maviesanstabac.lu\/wp-content\/uploads\/2017\/06\/FondationCancer.jpg","contentUrl":"https:\/\/maviesanstabac.lu\/wp-content\/uploads\/2017\/06\/FondationCancer.jpg","width":991,"height":1200},{"@type":"BreadcrumbList","@id":"https:\/\/maviesanstabac.lu\/de\/ich-habe-angst-zu-scheitern\/#breadcrumb","itemListElement":[{"@type":"ListItem","position":1,"name":"Accueil","item":"https:\/\/maviesanstabac.lu\/de\/"},{"@type":"ListItem","position":2,"name":"Ich habe Angst zu scheitern"}]},{"@type":"WebSite","@id":"https:\/\/maviesanstabac.lu\/de\/#website","url":"https:\/\/maviesanstabac.lu\/de\/","name":"ma vie sans tabac","description":"Sans tabac pour une vie plus saine","potentialAction":[{"@type":"SearchAction","target":{"@type":"EntryPoint","urlTemplate":"https:\/\/maviesanstabac.lu\/de\/?s={search_term_string}"},"query-input":{"@type":"PropertyValueSpecification","valueRequired":true,"valueName":"search_term_string"}}],"inLanguage":"de"}]}},"_links":{"self":[{"href":"https:\/\/maviesanstabac.lu\/de\/wp-json\/wp\/v2\/pages\/8851","targetHints":{"allow":["GET"]}}],"collection":[{"href":"https:\/\/maviesanstabac.lu\/de\/wp-json\/wp\/v2\/pages"}],"about":[{"href":"https:\/\/maviesanstabac.lu\/de\/wp-json\/wp\/v2\/types\/page"}],"author":[{"embeddable":true,"href":"https:\/\/maviesanstabac.lu\/de\/wp-json\/wp\/v2\/users\/1"}],"replies":[{"embeddable":true,"href":"https:\/\/maviesanstabac.lu\/de\/wp-json\/wp\/v2\/comments?post=8851"}],"version-history":[{"count":14,"href":"https:\/\/maviesanstabac.lu\/de\/wp-json\/wp\/v2\/pages\/8851\/revisions"}],"predecessor-version":[{"id":12769,"href":"https:\/\/maviesanstabac.lu\/de\/wp-json\/wp\/v2\/pages\/8851\/revisions\/12769"}],"wp:featuredmedia":[{"embeddable":true,"href":"https:\/\/maviesanstabac.lu\/de\/wp-json\/wp\/v2\/media\/3368"}],"wp:attachment":[{"href":"https:\/\/maviesanstabac.lu\/de\/wp-json\/wp\/v2\/media?parent=8851"}],"curies":[{"name":"wp","href":"https:\/\/api.w.org\/{rel}","templated":true}]}}