{"id":8860,"date":"2019-02-07T12:27:30","date_gmt":"2019-02-07T11:27:30","guid":{"rendered":"https:\/\/www.maviesanstabac.lu\/jai-craque\/"},"modified":"2024-04-17T07:53:43","modified_gmt":"2024-04-17T05:53:43","slug":"ich-bin-schwach-geworden","status":"publish","type":"page","link":"https:\/\/maviesanstabac.lu\/de\/ich-bin-schwach-geworden\/","title":{"rendered":"Ich bin schwach geworden"},"content":{"rendered":"<div class=\"wpb-content-wrapper\"><p>[vc_row type=&#8221;vc_default&#8221; content_placement=&#8221;middle&#8221; margin_top=&#8221;-50&#8243; bg_type=&#8221;image&#8221; parallax_style=&#8221;vcpb-default&#8221; bg_image_new=&#8221;id^7934|url^http:\/\/www.maviesanstabac.lu\/wp-content\/uploads\/2019\/05\/head_int_je-gere-les-difficultes-jai-craque.jpg|caption^null|alt^null|title^head_int_je-gere-les-difficultes-j&#8217;ai-craque|description^null&#8221; bg_override=&#8221;ex-full&#8221; enable_overlay=&#8221;enable_overlay_value&#8221; overlay_pattern=&#8221;transperant&#8221; overlay_pattern_opacity=&#8221;100&#8243; overlay_pattern_size=&#8221;200&#8243; css=&#8221;.vc_custom_1557757041218{padding-top: 3% !important;padding-bottom: 0px !important;}&#8221; el_class=&#8221;internal-header&#8221;][vc_column][\/vc_column][\/vc_row][vc_row][vc_column css=&#8221;.vc_custom_1540631490734{padding-right: 40px !important;padding-left: 40px !important;}&#8221;]<div id=\"ultimate-heading-235469eb1bf065d2e\" class=\"uvc-heading ult-adjust-bottom-margin ultimate-heading-235469eb1bf065d2e uvc-6734  uvc-heading-default-font-sizes\" data-hspacer=\"line_only\"  data-halign=\"center\" style=\"text-align:center\"><div class=\"uvc-main-heading ult-responsive\"  data-ultimate-target='.uvc-heading.ultimate-heading-235469eb1bf065d2e h2'  data-responsive-json-new='{\"font-size\":\"\",\"line-height\":\"\"}' ><h2 style=\"font-weight:bold;margin-bottom:7px;\">Ich bin schwach geworden<\/h2><\/div><div class=\"uvc-heading-spacer line_only\" style=\"margin-top:15px;margin-bottom:25px;height:3px;\"><span class=\"uvc-headings-line\" style=\"border-style:solid;border-bottom-width:3px;border-color:#f20738;width:300px;\"><\/span><\/div><\/div>[vc_empty_space][vc_row_inner equal_height=&#8221;yes&#8221; gap=&#8221;10&#8243;][vc_column_inner width=&#8221;1\/2&#8243; css=&#8221;.vc_custom_1540217487922{padding-top: 0px !important;padding-bottom: 0px !important;}&#8221;][vc_column_text css=&#8221;.vc_custom_1589360657809{padding-right: 0px !important;padding-bottom: 20px !important;padding-left: 0px !important;}&#8221;]W\u00e4hrend der Entw\u00f6hnung kann es trotz aller Motivation vorkommen, dass Sie schwach werden und eine oder mehrere Zigaretten rauchen.<\/p>\n<p>Der erste Gedanke ist dann: \u201eIch habe wieder geraucht, das war\u2019s! Und Ihr Selbstvertrauen ist dahin.&#8221;<\/p>\n<p><strong>Wer wankt, ist noch nicht gescheitert.<\/strong><\/p>\n<p>Sie sollten unbedingt zwischen einem R\u00fcckfall, der bedeutet, dass Sie wieder t\u00e4glich und genauso viel rauchen wie fr\u00fcher, und einem Fehltritt (oder \u201eUnfall\u201c) unterscheiden. Ein Fehltritt kann bei der Entw\u00f6hnung gelegentlich vorkommen, er bedeutet aber nicht, dass Ihr Nichtraucher-Projekt gescheitert ist.<\/p>\n<p>Ob Fehltritt oder R\u00fcckfall \u2013 Schuldgef\u00fchle sind auf jeden Fall fehl am Platz. Dass Sie eine oder mehrere Zigaretten geraucht haben, hei\u00dft nicht, dass Sie nicht in der Lage sind, aufzuh\u00f6ren zu rauchen, sondern dass Sie nicht gut vorbereitet waren oder nicht passend auf eine schwierige Situation reagiert haben.<\/p>\n<p>Sie haben mehrere Tage oder Monate ohne Zigaretten geschafft.<strong> Das beweist, dass Sie auf jeden Fall in der Lage sind, ohne Zigaretten zu leben!<\/strong>[\/vc_column_text][\/vc_column_inner][vc_column_inner width=&#8221;1\/2&#8243; css=&#8221;.vc_custom_1540217511840{padding-top: 0px !important;padding-bottom: 0px !important;}&#8221;][vc_single_image image=&#8221;8864&#8243; img_size=&#8221;full&#8221; alignment=&#8221;center&#8221; image_hovers=&#8221;false&#8221;][\/vc_column_inner][\/vc_row_inner][vc_row_inner equal_height=&#8221;yes&#8221; gap=&#8221;10&#8243;][vc_column_inner css=&#8221;.vc_custom_1540217487922{padding-top: 0px !important;padding-bottom: 0px !important;}&#8221;][vc_column_text]<\/p>\n<h4>Machen Sie sich immer wieder klar, dass die Tabakentw\u00f6hnung ein <strong>echter Lernprozess<\/strong> ist: So wie ein Kind, das laufen lernt, manchmal st\u00fcrzt, wieder aufsteht, irgendwann sein Gleichgewicht findet und schlie\u00dflich alleine laufen kann, braucht auch ein Raucher Zeit, um zu begreifen, was ihn schwach werden l\u00e4sst und \u00a0was er tun muss, damit das nicht mehr passiert und er am Ende sein Gleichgewicht findet.<\/h4>\n<p>[\/vc_column_text][\/vc_column_inner][\/vc_row_inner]<div class=\"ult-spacer spacer-69eb1bf065e0e\" data-id=\"69eb1bf065e0e\" data-height=\"40\" data-height-mobile=\"20\" data-height-tab=\"20\" data-height-tab-portrait=\"20\" data-height-mobile-landscape=\"20\" style=\"clear:both;display:block;\"><\/div>[\/vc_column][\/vc_row][vc_row][vc_column css=&#8221;.vc_custom_1540631490734{padding-right: 40px !important;padding-left: 40px !important;}&#8221;][vc_row_inner equal_height=&#8221;yes&#8221; gap=&#8221;10&#8243;][vc_column_inner width=&#8221;1\/2&#8243; css=&#8221;.vc_custom_1540217487922{padding-top: 0px !important;padding-bottom: 0px !important;}&#8221;]<div id=\"ultimate-heading-640269eb1bf065e69\" class=\"uvc-heading ult-adjust-bottom-margin ultimate-heading-640269eb1bf065e69 uvc-5945 \" data-hspacer=\"line_only\"  data-halign=\"left\" style=\"text-align:left\"><div class=\"uvc-main-heading ult-responsive\"  data-ultimate-target='.uvc-heading.ultimate-heading-640269eb1bf065e69 h2'  data-responsive-json-new='{\"font-size\":\"desktop:22px;\",\"line-height\":\"desktop:32px;\"}' ><h2 style=\"font-weight:bold;margin-bottom:7px;\">Wenn Sie in dieser Situation sind<\/h2><\/div><div class=\"uvc-heading-spacer line_only\" style=\"margin-top:15px;margin-bottom:25px;height:3px;\"><span class=\"uvc-headings-line\" style=\"border-style:solid;border-bottom-width:3px;border-color:#f20738;width:70px;\"><\/span><\/div><\/div><div class=\"standard-arrow list-divider\"><ul>\n<li>Machen Sie so bald wie m\u00f6glich mit der Tabakentw\u00f6hnung weiter.<\/li>\n<li>Falls Sie eine Nikotinersatztherapie machen oder Medikamente nehmen, sollten Sie die Therapie auf keinen Fall unterbrechen.<\/li>\n<li>Lassen Sie sich nicht entmutigen! Denken Sie lieber daran, welche positiven Auswirkungen der Rauchstopp bis jetzt schon f\u00fcr Sie hatte.<\/li>\n<li>Rufen Sie sich ins Ged\u00e4chtnis, aus welchen Gr\u00fcnden Sie beschlossen haben, das Rauchen aufzugeben.<\/li>\n<li>Bitte Sie jemanden aus Ihrem Umfeld um Unterst\u00fctzung.<\/li>\n<li>Vereinbaren Sie m\u00f6glichst bald einen Termin mit Ihrem Arzt oder Tabakologen.<\/li>\n<\/ul>\n<\/div>[\/vc_column_inner][vc_column_inner width=&#8221;1\/2&#8243; css=&#8221;.vc_custom_1540217511840{padding-top: 0px !important;padding-bottom: 0px !important;}&#8221;]<div id=\"ultimate-heading-542469eb1bf065fe6\" class=\"uvc-heading ult-adjust-bottom-margin ultimate-heading-542469eb1bf065fe6 uvc-5954 \" data-hspacer=\"line_only\"  data-halign=\"left\" style=\"text-align:left\"><div class=\"uvc-main-heading ult-responsive\"  data-ultimate-target='.uvc-heading.ultimate-heading-542469eb1bf065fe6 h2'  data-responsive-json-new='{\"font-size\":\"desktop:22px;\",\"line-height\":\"desktop:32px;\"}' ><h2 style=\"font-weight:bold;margin-bottom:7px;\">Halten Sie durch!<\/h2><\/div><div class=\"uvc-heading-spacer line_only\" style=\"margin-top:15px;margin-bottom:25px;height:3px;\"><span class=\"uvc-headings-line\" style=\"border-style:solid;border-bottom-width:3px;border-color:#f20738;width:70px;\"><\/span><\/div><\/div>[vc_column_text css=&#8221;.vc_custom_1589360903917{padding-right: 0px !important;padding-bottom: 20px !important;padding-left: 0px !important;}&#8221;]Sie sollten unbedingt analysieren, warum Sie wieder geraucht haben. Die meisten Raucher werden schwach, wenn sie in Gesellschaft anderer Raucher sind, Alkohol trinken oder in schlechter Stimmung sind (etwa deprimiert, \u00e4ngstlich oder gestresst). In diesen schwierigen Situationen m\u00fcssen Sie durchhalten. Meiden Sie selbst den kleinsten Zug an einer Zigarette.<\/p>\n<p><strong>Einen R\u00fcckfall verhindern<\/strong><\/p>\n<p>Notieren Sie auf einer Liste alle m\u00f6glichen Gr\u00fcnde f\u00fcr einen R\u00fcckfall. Finden Sie f\u00fcr jeden einzelnen Grund eine L\u00f6sung, die Sie ebenfalls aufschreiben. Auf diesem Weg wird Ihnen klar, was zu einem R\u00fcckfall f\u00fchren kann, und gleichzeitig er\u00f6ffnen sich Ihnen alternative Strategien f\u00fcr den Umgang mit derartigen Situationen.[\/vc_column_text][\/vc_column_inner][\/vc_row_inner][\/vc_column][\/vc_row][vc_row type=&#8221;vc_default&#8221; full_width=&#8221;stretch_row&#8221; equal_height=&#8221;yes&#8221; content_placement=&#8221;middle&#8221; bg_type=&#8221;bg_color&#8221; bg_color_value=&#8221;#eeeeee&#8221;][vc_column][vc_row_inner content_placement=&#8221;middle&#8221;][vc_column_inner width=&#8221;1\/3&#8243;][vc_single_image image=&#8221;12609&#8243; img_size=&#8221;medium&#8221; alignment=&#8221;center&#8221; style=&#8221;vc_box_circle&#8221;][\/vc_column_inner][vc_column_inner width=&#8221;1\/3&#8243;][vc_column_text css=&#8221;.vc_custom_1629964035373{padding-bottom: 0px !important;}&#8221;]<\/p>\n<h4 class=\"p1\"><span style=\"color: #f20738;\">Sind Sie schwach geworden? Kontaktieren Sie mich wenn Sie dar\u00fcber sprechen m\u00f6chten.<\/span><\/h4>\n<p>[\/vc_column_text][\/vc_column_inner][vc_column_inner width=&#8221;1\/3&#8243;][vc_column_text css=&#8221;.vc_custom_1713333220114{padding-bottom: 0px !important;}&#8221;]<\/p>\n<div class=\"et_pb_team_member_description\">\n<h5 style=\"text-align: center;\">Lex Schaul<\/h5>\n<p class=\"et_pb_member_position\" style=\"text-align: center;\"><strong><span style=\"color: #cc0033;\">KOSTENLOSE BERATUNG<br \/>\n<\/span><\/strong><\/p>\n<p class=\"social_icons\" style=\"text-align: center;\"><i class=\"fas fa-envelope\"><\/i><span style=\"text-align: center;\"> <span style=\"color: #333333;\"><a style=\"color: #333333;\" href=\"mailto:prevention@cancer.lu\">prevention{AT}cancer.lu<\/a><\/span><\/span><\/p>\n<p class=\"social_icons\" style=\"text-align: center;\"><i class=\"fas fa-phone\"><\/i><span style=\"text-align: center;\"> <span style=\"color: #333333;\">(+352) 45 30 331<\/span><\/span><\/p>\n<p style=\"text-align: center;\"><em>(Unsere Beratungen zur Rauchentw\u00f6hnung stehen ausschlie\u00dflich Personen mit Wohnsitz <\/em><br \/>\n<em>oder Arbeitsplatz in Luxemburg zur Verf\u00fcgung. Vielen Dank f\u00fcr Ihr Verst\u00e4ndnis.)<\/em><\/p>\n<\/div>\n<p>[\/vc_column_text][\/vc_column_inner][\/vc_row_inner][\/vc_column][\/vc_row][vc_row type=&#8221;vc_default&#8221; full_width=&#8221;stretch_row&#8221; content_placement=&#8221;middle&#8221; parallax=&#8221;content-moving&#8221; parallax_image=&#8221;8829&#8243;][vc_column]<div class=\"ult-spacer spacer-69eb1bf06605f\" data-id=\"69eb1bf06605f\" data-height=\"100\" data-height-mobile=\"100\" data-height-tab=\"100\" data-height-tab-portrait=\"\" data-height-mobile-landscape=\"\" style=\"clear:both;display:block;\"><\/div>[vc_row_inner][vc_column_inner]<div class=\"ult-spacer spacer-69eb1bf0660af\" data-id=\"69eb1bf0660af\" data-height=\"10\" data-height-mobile=\"10\" data-height-tab=\"10\" data-height-tab-portrait=\"\" data-height-mobile-landscape=\"\" style=\"clear:both;display:block;\"><\/div>[\/vc_column_inner][\/vc_row_inner]<div id=\"ultimate-heading-140169eb1bf0660f7\" class=\"uvc-heading ult-adjust-bottom-margin ultimate-heading-140169eb1bf0660f7 uvc-8638 accent-border-color text-shadow uvc-heading-default-font-sizes\" data-hspacer=\"line_only\"  data-halign=\"left\" style=\"text-align:left\"><div class=\"uvc-main-heading ult-responsive\"  data-ultimate-target='.uvc-heading.ultimate-heading-140169eb1bf0660f7 h2'  data-responsive-json-new='{\"font-size\":\"\",\"line-height\":\"\"}' ><h2 style=\"font-weight:bold;color:#ffffff;margin-bottom:20px;\">Mein Umgang mit Entzugserscheinungen<\/h2><\/div><div class=\"uvc-heading-spacer line_only\" style=\"margin-bottom:25px;height:3px;\"><span class=\"uvc-headings-line\" style=\"border-style:solid;border-bottom-width:3px;border-color:#f20738;width:300px;\"><\/span><\/div><\/div>[vc_column_text]<span style=\"color: #ffffff;\"><strong>Im Folgenden geht es um m\u00f6gliche Entzugserscheinungen und Strategien zu deren Bew\u00e4ltigung.<\/strong><\/span>[\/vc_column_text]<style type=\"text\/css\" data-type=\"the7_shortcodes-inline-css\">#default-btn-baea16fbc24ca10f8cbe80a1a52ad161.ico-right-side > i {\n  margin-right: 0px;\n  margin-left: 8px;\n}\n#default-btn-baea16fbc24ca10f8cbe80a1a52ad161 > i {\n  margin-right: 8px;\n}<\/style><a href=\"https:\/\/www.maviesanstabac.lu\/de\/mein-umgang-mit-entzugserscheinungen\/\" class=\"default-btn-shortcode dt-btn dt-btn-s link-hover-off btn-inline-left \" id=\"default-btn-baea16fbc24ca10f8cbe80a1a52ad161\"><span>Mehr<\/span><\/a><div class=\"ult-spacer spacer-69eb1bf0662e5\" data-id=\"69eb1bf0662e5\" data-height=\"40\" data-height-mobile=\"40\" data-height-tab=\"40\" data-height-tab-portrait=\"\" data-height-mobile-landscape=\"\" style=\"clear:both;display:block;\"><\/div>[\/vc_column][\/vc_row][vc_row][vc_column][vc_empty_space][\/vc_column][\/vc_row]<\/p>\n<\/div>","protected":false},"excerpt":{"rendered":"<p>[vc_row type=&#8221;vc_default&#8221; content_placement=&#8221;middle&#8221; margin_top=&#8221;-50&#8243; bg_type=&#8221;image&#8221; parallax_style=&#8221;vcpb-default&#8221; bg_image_new=&#8221;id^7934|url^http:\/\/www.maviesanstabac.lu\/wp-content\/uploads\/2019\/05\/head_int_je-gere-les-difficultes-jai-craque.jpg|caption^null|alt^null|title^head_int_je-gere-les-difficultes-j&#8217;ai-craque|description^null&#8221; bg_override=&#8221;ex-full&#8221; enable_overlay=&#8221;enable_overlay_value&#8221; overlay_pattern=&#8221;transperant&#8221; overlay_pattern_opacity=&#8221;100&#8243; overlay_pattern_size=&#8221;200&#8243; css=&#8221;.vc_custom_1557757041218{padding-top: 3% !important;padding-bottom: 0px !important;}&#8221; el_class=&#8221;internal-header&#8221;][vc_column][\/vc_column][\/vc_row][vc_row][vc_column css=&#8221;.vc_custom_1540631490734{padding-right: 40px !important;padding-left: 40px !important;}&#8221;][vc_empty_space][vc_row_inner equal_height=&#8221;yes&#8221; gap=&#8221;10&#8243;][vc_column_inner width=&#8221;1\/2&#8243; css=&#8221;.vc_custom_1540217487922{padding-top: 0px !important;padding-bottom: 0px !important;}&#8221;][vc_column_text css=&#8221;.vc_custom_1589360657809{padding-right: 0px !important;padding-bottom: 20px !important;padding-left: 0px !important;}&#8221;]W\u00e4hrend der Entw\u00f6hnung kann es trotz aller Motivation vorkommen, dass Sie schwach werden und eine oder mehrere Zigaretten&hellip;<\/p>\n","protected":false},"author":1,"featured_media":3368,"parent":0,"menu_order":0,"comment_status":"closed","ping_status":"closed","template":"","meta":{"footnotes":""},"class_list":["post-8860","page","type-page","status-publish","has-post-thumbnail","hentry","description-off"],"yoast_head":"<!-- This site is optimized with the Yoast SEO plugin v27.0 - https:\/\/yoast.com\/product\/yoast-seo-wordpress\/ -->\n<title>Ich bin schwach geworden und habe eine oder mehrere Zigaretten geraucht<\/title>\n<meta name=\"description\" content=\"Es kommt vor, dass Sie trotz starker Motivation, schwach werden und eine Zigarette rauchen. Verlieren Sie nicht den Glauben an sich: Wer wankt, ist noch nicht gescheitert.\" \/>\n<meta name=\"robots\" content=\"index, follow, max-snippet:-1, max-image-preview:large, max-video-preview:-1\" \/>\n<link rel=\"canonical\" href=\"https:\/\/maviesanstabac.lu\/de\/ich-bin-schwach-geworden\/\" \/>\n<meta property=\"og:locale\" content=\"de_DE\" \/>\n<meta property=\"og:type\" content=\"article\" \/>\n<meta property=\"og:title\" content=\"Ich bin schwach geworden und habe eine oder mehrere Zigaretten geraucht\" \/>\n<meta property=\"og:description\" content=\"Es kommt vor, dass Sie trotz starker Motivation, schwach werden und eine Zigarette rauchen. Verlieren Sie nicht den Glauben an sich: Wer wankt, ist noch nicht gescheitert.\" \/>\n<meta property=\"og:url\" content=\"https:\/\/maviesanstabac.lu\/de\/ich-bin-schwach-geworden\/\" \/>\n<meta property=\"og:site_name\" content=\"ma vie sans tabac\" \/>\n<meta property=\"article:modified_time\" content=\"2024-04-17T05:53:43+00:00\" \/>\n<meta name=\"twitter:card\" content=\"summary_large_image\" \/>\n<meta name=\"twitter:image\" content=\"https:\/\/maviesanstabac.lu\/wp-content\/uploads\/2017\/06\/FondationCancer.jpg\" \/>\n<meta name=\"twitter:label1\" content=\"Gesch\u00e4tzte Lesezeit\" \/>\n\t<meta name=\"twitter:data1\" content=\"4\u00a0Minuten\" \/>\n<script type=\"application\/ld+json\" class=\"yoast-schema-graph\">{\"@context\":\"https:\/\/schema.org\",\"@graph\":[{\"@type\":\"WebPage\",\"@id\":\"https:\/\/maviesanstabac.lu\/de\/ich-bin-schwach-geworden\/\",\"url\":\"https:\/\/maviesanstabac.lu\/de\/ich-bin-schwach-geworden\/\",\"name\":\"Ich bin schwach geworden und habe eine oder mehrere Zigaretten geraucht\",\"isPartOf\":{\"@id\":\"https:\/\/maviesanstabac.lu\/de\/#website\"},\"primaryImageOfPage\":{\"@id\":\"https:\/\/maviesanstabac.lu\/de\/ich-bin-schwach-geworden\/#primaryimage\"},\"image\":{\"@id\":\"https:\/\/maviesanstabac.lu\/de\/ich-bin-schwach-geworden\/#primaryimage\"},\"thumbnailUrl\":\"https:\/\/maviesanstabac.lu\/wp-content\/uploads\/2017\/06\/FondationCancer.jpg\",\"datePublished\":\"2019-02-07T11:27:30+00:00\",\"dateModified\":\"2024-04-17T05:53:43+00:00\",\"description\":\"Es kommt vor, dass Sie trotz starker Motivation, schwach werden und eine Zigarette rauchen. Verlieren Sie nicht den Glauben an sich: Wer wankt, ist noch nicht gescheitert.\",\"breadcrumb\":{\"@id\":\"https:\/\/maviesanstabac.lu\/de\/ich-bin-schwach-geworden\/#breadcrumb\"},\"inLanguage\":\"de\",\"potentialAction\":[{\"@type\":\"ReadAction\",\"target\":[\"https:\/\/maviesanstabac.lu\/de\/ich-bin-schwach-geworden\/\"]}]},{\"@type\":\"ImageObject\",\"inLanguage\":\"de\",\"@id\":\"https:\/\/maviesanstabac.lu\/de\/ich-bin-schwach-geworden\/#primaryimage\",\"url\":\"https:\/\/maviesanstabac.lu\/wp-content\/uploads\/2017\/06\/FondationCancer.jpg\",\"contentUrl\":\"https:\/\/maviesanstabac.lu\/wp-content\/uploads\/2017\/06\/FondationCancer.jpg\",\"width\":991,\"height\":1200},{\"@type\":\"BreadcrumbList\",\"@id\":\"https:\/\/maviesanstabac.lu\/de\/ich-bin-schwach-geworden\/#breadcrumb\",\"itemListElement\":[{\"@type\":\"ListItem\",\"position\":1,\"name\":\"Accueil\",\"item\":\"https:\/\/maviesanstabac.lu\/de\/\"},{\"@type\":\"ListItem\",\"position\":2,\"name\":\"Ich bin schwach geworden\"}]},{\"@type\":\"WebSite\",\"@id\":\"https:\/\/maviesanstabac.lu\/de\/#website\",\"url\":\"https:\/\/maviesanstabac.lu\/de\/\",\"name\":\"ma vie sans tabac\",\"description\":\"Sans tabac pour une vie plus saine\",\"potentialAction\":[{\"@type\":\"SearchAction\",\"target\":{\"@type\":\"EntryPoint\",\"urlTemplate\":\"https:\/\/maviesanstabac.lu\/de\/?s={search_term_string}\"},\"query-input\":{\"@type\":\"PropertyValueSpecification\",\"valueRequired\":true,\"valueName\":\"search_term_string\"}}],\"inLanguage\":\"de\"}]}<\/script>\n<!-- \/ Yoast SEO plugin. -->","yoast_head_json":{"title":"Ich bin schwach geworden und habe eine oder mehrere Zigaretten geraucht","description":"Es kommt vor, dass Sie trotz starker Motivation, schwach werden und eine Zigarette rauchen. Verlieren Sie nicht den Glauben an sich: Wer wankt, ist noch nicht gescheitert.","robots":{"index":"index","follow":"follow","max-snippet":"max-snippet:-1","max-image-preview":"max-image-preview:large","max-video-preview":"max-video-preview:-1"},"canonical":"https:\/\/maviesanstabac.lu\/de\/ich-bin-schwach-geworden\/","og_locale":"de_DE","og_type":"article","og_title":"Ich bin schwach geworden und habe eine oder mehrere Zigaretten geraucht","og_description":"Es kommt vor, dass Sie trotz starker Motivation, schwach werden und eine Zigarette rauchen. Verlieren Sie nicht den Glauben an sich: Wer wankt, ist noch nicht gescheitert.","og_url":"https:\/\/maviesanstabac.lu\/de\/ich-bin-schwach-geworden\/","og_site_name":"ma vie sans tabac","article_modified_time":"2024-04-17T05:53:43+00:00","twitter_card":"summary_large_image","twitter_image":"https:\/\/maviesanstabac.lu\/wp-content\/uploads\/2017\/06\/FondationCancer.jpg","twitter_misc":{"Gesch\u00e4tzte Lesezeit":"4\u00a0Minuten"},"schema":{"@context":"https:\/\/schema.org","@graph":[{"@type":"WebPage","@id":"https:\/\/maviesanstabac.lu\/de\/ich-bin-schwach-geworden\/","url":"https:\/\/maviesanstabac.lu\/de\/ich-bin-schwach-geworden\/","name":"Ich bin schwach geworden und habe eine oder mehrere Zigaretten geraucht","isPartOf":{"@id":"https:\/\/maviesanstabac.lu\/de\/#website"},"primaryImageOfPage":{"@id":"https:\/\/maviesanstabac.lu\/de\/ich-bin-schwach-geworden\/#primaryimage"},"image":{"@id":"https:\/\/maviesanstabac.lu\/de\/ich-bin-schwach-geworden\/#primaryimage"},"thumbnailUrl":"https:\/\/maviesanstabac.lu\/wp-content\/uploads\/2017\/06\/FondationCancer.jpg","datePublished":"2019-02-07T11:27:30+00:00","dateModified":"2024-04-17T05:53:43+00:00","description":"Es kommt vor, dass Sie trotz starker Motivation, schwach werden und eine Zigarette rauchen. Verlieren Sie nicht den Glauben an sich: Wer wankt, ist noch nicht gescheitert.","breadcrumb":{"@id":"https:\/\/maviesanstabac.lu\/de\/ich-bin-schwach-geworden\/#breadcrumb"},"inLanguage":"de","potentialAction":[{"@type":"ReadAction","target":["https:\/\/maviesanstabac.lu\/de\/ich-bin-schwach-geworden\/"]}]},{"@type":"ImageObject","inLanguage":"de","@id":"https:\/\/maviesanstabac.lu\/de\/ich-bin-schwach-geworden\/#primaryimage","url":"https:\/\/maviesanstabac.lu\/wp-content\/uploads\/2017\/06\/FondationCancer.jpg","contentUrl":"https:\/\/maviesanstabac.lu\/wp-content\/uploads\/2017\/06\/FondationCancer.jpg","width":991,"height":1200},{"@type":"BreadcrumbList","@id":"https:\/\/maviesanstabac.lu\/de\/ich-bin-schwach-geworden\/#breadcrumb","itemListElement":[{"@type":"ListItem","position":1,"name":"Accueil","item":"https:\/\/maviesanstabac.lu\/de\/"},{"@type":"ListItem","position":2,"name":"Ich bin schwach geworden"}]},{"@type":"WebSite","@id":"https:\/\/maviesanstabac.lu\/de\/#website","url":"https:\/\/maviesanstabac.lu\/de\/","name":"ma vie sans tabac","description":"Sans tabac pour une vie plus saine","potentialAction":[{"@type":"SearchAction","target":{"@type":"EntryPoint","urlTemplate":"https:\/\/maviesanstabac.lu\/de\/?s={search_term_string}"},"query-input":{"@type":"PropertyValueSpecification","valueRequired":true,"valueName":"search_term_string"}}],"inLanguage":"de"}]}},"_links":{"self":[{"href":"https:\/\/maviesanstabac.lu\/de\/wp-json\/wp\/v2\/pages\/8860","targetHints":{"allow":["GET"]}}],"collection":[{"href":"https:\/\/maviesanstabac.lu\/de\/wp-json\/wp\/v2\/pages"}],"about":[{"href":"https:\/\/maviesanstabac.lu\/de\/wp-json\/wp\/v2\/types\/page"}],"author":[{"embeddable":true,"href":"https:\/\/maviesanstabac.lu\/de\/wp-json\/wp\/v2\/users\/1"}],"replies":[{"embeddable":true,"href":"https:\/\/maviesanstabac.lu\/de\/wp-json\/wp\/v2\/comments?post=8860"}],"version-history":[{"count":21,"href":"https:\/\/maviesanstabac.lu\/de\/wp-json\/wp\/v2\/pages\/8860\/revisions"}],"predecessor-version":[{"id":12771,"href":"https:\/\/maviesanstabac.lu\/de\/wp-json\/wp\/v2\/pages\/8860\/revisions\/12771"}],"wp:featuredmedia":[{"embeddable":true,"href":"https:\/\/maviesanstabac.lu\/de\/wp-json\/wp\/v2\/media\/3368"}],"wp:attachment":[{"href":"https:\/\/maviesanstabac.lu\/de\/wp-json\/wp\/v2\/media?parent=8860"}],"curies":[{"name":"wp","href":"https:\/\/api.w.org\/{rel}","templated":true}]}}