{"id":8922,"date":"2019-02-06T12:45:08","date_gmt":"2019-02-06T11:45:08","guid":{"rendered":"https:\/\/www.maviesanstabac.lu\/le-tabagisme-actif\/"},"modified":"2023-03-20T15:14:46","modified_gmt":"2023-03-20T14:14:46","slug":"die-schaedlichen-auswirkungen-des-tabakkonsums","status":"publish","type":"page","link":"https:\/\/maviesanstabac.lu\/de\/die-schaedlichen-auswirkungen-des-tabakkonsums\/","title":{"rendered":"Die sch\u00e4dlichen Auswirkungen des Tabakkonsums"},"content":{"rendered":"<div class=\"wpb-content-wrapper\"><p>[vc_row type=&#8221;vc_default&#8221; content_placement=&#8221;middle&#8221; margin_top=&#8221;-50&#8243; bg_type=&#8221;image&#8221; parallax_style=&#8221;vcpb-default&#8221; bg_image_new=&#8221;id^7943|url^http:\/\/www.maviesanstabac.lu\/wp-content\/uploads\/2019\/05\/head_int_mefaits-tabagisme_tabagisme-actif.jpg|caption^null|alt^null|title^head_int_mefaits-tabagisme_tabagisme-actif|description^null&#8221; bg_override=&#8221;ex-full&#8221; enable_overlay=&#8221;enable_overlay_value&#8221; overlay_pattern=&#8221;transperant&#8221; overlay_pattern_opacity=&#8221;100&#8243; overlay_pattern_size=&#8221;200&#8243; css=&#8221;.vc_custom_1557757309658{padding-top: 3% !important;padding-bottom: 0px !important;}&#8221; el_class=&#8221;internal-header&#8221;][vc_column][\/vc_column][\/vc_row][vc_row][vc_column css=&#8221;.vc_custom_1540631490734{padding-right: 40px !important;padding-left: 40px !important;}&#8221;]<div id=\"ultimate-heading-519269de27c048b8f\" class=\"uvc-heading ult-adjust-bottom-margin ultimate-heading-519269de27c048b8f uvc-8974  uvc-heading-default-font-sizes\" data-hspacer=\"line_only\"  data-halign=\"center\" style=\"text-align:center\"><div class=\"uvc-main-heading ult-responsive\"  data-ultimate-target='.uvc-heading.ultimate-heading-519269de27c048b8f h2'  data-responsive-json-new='{\"font-size\":\"\",\"line-height\":\"\"}' ><h2 style=\"font-weight:bold;margin-bottom:7px;\">Die sch\u00e4dlichen Auswirkungen des aktiven Tabakkonsums<\/h2><\/div><div class=\"uvc-heading-spacer line_only\" style=\"margin-top:15px;margin-bottom:25px;height:3px;\"><span class=\"uvc-headings-line\" style=\"border-style:solid;border-bottom-width:3px;border-color:#f20738;width:300px;\"><\/span><\/div><\/div>[vc_empty_space][vc_row_inner equal_height=&#8221;yes&#8221; gap=&#8221;10&#8243;][vc_column_inner width=&#8221;1\/2&#8243; css=&#8221;.vc_custom_1540217487922{padding-top: 0px !important;padding-bottom: 0px !important;}&#8221;][vc_column_text css=&#8221;.vc_custom_1679321682998{padding-right: 0px !important;padding-bottom: 20px !important;padding-left: 0px !important;}&#8221;]<\/p>\n<div class=\"et_pb_column et_pb_column_1_2 et_pb_column_3 et_pb_css_mix_blend_mode_passthrough\">\n<div class=\"et_pb_text et_pb_module et_pb_bg_layout_light et_pb_text_align_left et_pb_text_0\">\n<div class=\"et_pb_text_inner\">\n<p>J\u00e4hrlich sterben sieben Millionen Menschen weltweit an den Folgen des Tabakkonsums, und die H\u00e4lfte aller gegenw\u00e4rtigen Raucher wird vorzeitig an einer durch ihren Tabakkonsum bedingten Krankheit sterben. Mehr als 7 Millionen von ihnen sind aktuelle oder ehemalige Raucher, und etwa 1,2 Millionen sind Nichtraucher, die unfreiwillig dem Rauch ausgesetzt sind. Zigarettenrauch enth\u00e4lt 7.000 chemische Substanzen, von denen \u00fcber 70 krebserregend sind. Der Rauch ist also extrem sch\u00e4dlich f\u00fcr den Raucher.<\/p>\n<p>Eine von drei Krebserkrankungen ist eine Folge von Tabakkonsum, und von zehn Lungenkrebsf\u00e4llen sind mindestens acht auf Tabakkonsum zur\u00fcckzuf\u00fchren. Viele Raucher sterben au\u00dferdem an Herzkreislauferkrankungen (Herzinfarkt, Schlaganfall).<\/p>\n<div class=\"et_pb_column et_pb_column_1_2 et_pb_column_4 et_pb_css_mix_blend_mode_passthrough et-last-child\">\n<div class=\"et_pb_text et_pb_module et_pb_bg_layout_light et_pb_text_align_left et_pb_text_1\">\n<div class=\"et_pb_text_inner\"><\/div>\n<\/div>\n<\/div>\n<\/div>\n<\/div>\n<\/div>\n<p>[\/vc_column_text][\/vc_column_inner][vc_column_inner width=&#8221;1\/2&#8243; css=&#8221;.vc_custom_1540217511840{padding-top: 0px !important;padding-bottom: 0px !important;}&#8221;][vc_single_image image=&#8221;11465&#8243; img_size=&#8221;full&#8221; alignment=&#8221;center&#8221; image_hovers=&#8221;false&#8221;][\/vc_column_inner][\/vc_row_inner]<div class=\"ult-spacer spacer-69de27c048c53\" data-id=\"69de27c048c53\" data-height=\"40\" data-height-mobile=\"20\" data-height-tab=\"20\" data-height-tab-portrait=\"20\" data-height-mobile-landscape=\"20\" style=\"clear:both;display:block;\"><\/div><div id=\"ultimate-heading-571769de27c048cb9\" class=\"uvc-heading ult-adjust-bottom-margin ultimate-heading-571769de27c048cb9 uvc-5103 \" data-hspacer=\"line_only\"  data-halign=\"left\" style=\"text-align:left\"><div class=\"uvc-main-heading ult-responsive\"  data-ultimate-target='.uvc-heading.ultimate-heading-571769de27c048cb9 h2'  data-responsive-json-new='{\"font-size\":\"desktop:22px;\",\"line-height\":\"desktop:32px;\"}' ><h2 style=\"font-weight:bold;margin-bottom:7px;\">Die sch\u00e4dlichen Auswirkungen des Tabakkonsums auf den menschlichen K\u00f6rper<\/h2><\/div><div class=\"uvc-heading-spacer line_only\" style=\"margin-top:15px;margin-bottom:25px;height:3px;\"><span class=\"uvc-headings-line\" style=\"border-style:solid;border-bottom-width:3px;border-color:#f20738;width:300px;\"><\/span><\/div><\/div>[vc_empty_space][vc_column_text css=&#8221;.vc_custom_1590391620601{padding-right: 0px !important;padding-bottom: 20px !important;padding-left: 0px !important;}&#8221;]Tabakkonsum verursacht Krankheiten und funktionelle St\u00f6rungen in nahezu allen Organen. Informieren Sie sich \u00fcber die sch\u00e4dlichen Auswirkungen des Rauchens, indem Sie mit der Maus \u00fcber die Zahlen oder die verschiedenen Organe fahren.[\/vc_column_text][vc_empty_space][vc_row_inner][vc_column_inner width=&#8221;2\/3&#8243;][vc_column_text]<\/p>\n<p style=\"text-align: center;\"><div id=\"image-map-pro-705\"><\/div>\n<p>[\/vc_column_text][\/vc_column_inner][vc_column_inner width=&#8221;1\/3&#8243;]<div id=\"ultimate-heading-168469de27c04903c\" class=\"uvc-heading ult-adjust-bottom-margin ultimate-heading-168469de27c04903c uvc-3687 \" data-hspacer=\"line_only\"  data-halign=\"left\" style=\"text-align:left\"><div class=\"uvc-main-heading ult-responsive\"  data-ultimate-target='.uvc-heading.ultimate-heading-168469de27c04903c h2'  data-responsive-json-new='{\"font-size\":\"desktop:18px;\",\"line-height\":\"desktop:26px;\"}' ><h2 style=\"font-weight:bold;margin-bottom:7px;\">Immunsystem<\/h2><\/div><div class=\"uvc-heading-spacer line_only\" style=\"margin-top:15px;margin-bottom:25px;height:3px;\"><span class=\"uvc-headings-line\" style=\"border-style:solid;border-bottom-width:3px;border-color:#f20738;width:300px;\"><\/span><\/div><\/div>[vc_column_text css=&#8221;.vc_custom_1590392147488{padding-right: 0px !important;padding-bottom: 20px !important;padding-left: 0px !important;}&#8221;]<\/p>\n<div class=\"et_pb_column et_pb_column_1_2 et_pb_column_3 et_pb_css_mix_blend_mode_passthrough\">\n<div class=\"et_pb_text et_pb_module et_pb_bg_layout_light et_pb_text_align_left et_pb_text_0\">\n<div class=\"et_pb_text_inner\">\n<ul>\n<li class=\"p1\">beeintr\u00e4chtigte Widerstandskraft gegen Infektionen<\/li>\n<li class=\"p1\">eventuell erh\u00f6htes Allergierisiko<\/li>\n<\/ul>\n<\/div>\n<\/div>\n<\/div>\n<p>[\/vc_column_text]<div id=\"ultimate-heading-49169de27c0490b3\" class=\"uvc-heading ult-adjust-bottom-margin ultimate-heading-49169de27c0490b3 uvc-410 \" data-hspacer=\"line_only\"  data-halign=\"left\" style=\"text-align:left\"><div class=\"uvc-main-heading ult-responsive\"  data-ultimate-target='.uvc-heading.ultimate-heading-49169de27c0490b3 h2'  data-responsive-json-new='{\"font-size\":\"desktop:18px;\",\"line-height\":\"desktop:26px;\"}' ><h2 style=\"font-weight:bold;margin-bottom:7px;\">Weitere<\/h2><\/div><div class=\"uvc-heading-spacer line_only\" style=\"margin-top:15px;margin-bottom:25px;height:3px;\"><span class=\"uvc-headings-line\" style=\"border-style:solid;border-bottom-width:3px;border-color:#f20738;width:300px;\"><\/span><\/div><\/div>[vc_column_text css=&#8221;.vc_custom_1590392193106{padding-right: 0px !important;padding-bottom: 20px !important;padding-left: 0px !important;}&#8221;]<\/p>\n<div class=\"et_pb_column et_pb_column_1_2 et_pb_column_3 et_pb_css_mix_blend_mode_passthrough\">\n<div class=\"et_pb_text et_pb_module et_pb_bg_layout_light et_pb_text_align_left et_pb_text_0\">\n<div class=\"et_pb_text_inner\">\n<ul>\n<li class=\"p1\">\n<p class=\"p1\">Diabetes<\/p>\n<\/li>\n<li class=\"p1\">\n<p class=\"p1\">pl\u00f6tzlicher Tot<\/p>\n<\/li>\n<\/ul>\n<\/div>\n<\/div>\n<\/div>\n<p>[\/vc_column_text][vc_column_text css=&#8221;.vc_custom_1590392307236{padding-right: 0px !important;padding-bottom: 20px !important;padding-left: 0px !important;}&#8221;]Die Exposition gegen\u00fcber Tabakrauch oder aktives Rauchen verursachen die Verdickung der Arterienw\u00e4nde (ein fr\u00fches Stadium der Arteriosklerose) schon ab einem Alter von 16 Jahren.[\/vc_column_text]<a href=\"https:\/\/www.maviesanstabac.lu\/download\/mefaits-du-tabagisme-de\/\" class=\"btn-shortcode dt-btn-s dt-btn default-btn-color default-btn-hover-color default-btn-bg-color default-btn-bg-hover-color\" id=\"dt-btn-1\"><span>Druckversion herunterladen<\/span><\/a>[\/vc_column_inner][\/vc_row_inner][\/vc_column][\/vc_row][vc_row type=&#8221;vc_default&#8221; full_width=&#8221;stretch_row&#8221; content_placement=&#8221;middle&#8221; parallax=&#8221;content-moving&#8221; parallax_image=&#8221;7946&#8243; enable_overlay=&#8221;enable_overlay_value&#8221; overlay_color=&#8221;#f20738&#8243; overlay_pattern=&#8221;transperant&#8221; overlay_pattern_opacity=&#8221;80&#8243; multi_color_overlay=&#8221;uvc-multi-color-bg&#8221; multi_color_overlay_opacity=&#8221;60&#8243; el_class=&#8221;accent-border-color&#8221;][vc_column]<div class=\"ult-spacer spacer-69de27c0491a3\" data-id=\"69de27c0491a3\" data-height=\"100\" data-height-mobile=\"0\" data-height-tab=\"0\" data-height-tab-portrait=\"0\" data-height-mobile-landscape=\"0\" style=\"clear:both;display:block;\"><\/div><div id=\"ultimate-heading-222569de27c04921f\" class=\"uvc-heading ult-adjust-bottom-margin ultimate-heading-222569de27c04921f uvc-3138 accent-border-color text-shadow uvc-heading-default-font-sizes\" data-hspacer=\"line_only\"  data-halign=\"left\" style=\"text-align:left\"><div class=\"uvc-main-heading ult-responsive\"  data-ultimate-target='.uvc-heading.ultimate-heading-222569de27c04921f h2'  data-responsive-json-new='{\"font-size\":\"\",\"line-height\":\"\"}' ><h2 style=\"font-weight:bold;color:#ffffff;margin-bottom:20px;\">Passivrauchen<\/h2><\/div><div class=\"uvc-heading-spacer line_only\" style=\"margin-bottom:25px;height:3px;\"><span class=\"uvc-headings-line\" style=\"border-style:solid;border-bottom-width:3px;border-color:#ccc;width:300px;\"><\/span><\/div><\/div>[vc_row_inner css=&#8221;.vc_custom_1538554528820{border-radius: 2px !important;}&#8221;][vc_column_inner][vc_column_text el_class=&#8221;text-shadow&#8221;]<span style=\"color: #ffffff;\"><strong>Der Rauch schadet auch Nichtrauchern, die den in der Luft verteilten Zigarettenrauch einatmen.<\/strong><\/span>[\/vc_column_text]<a href=\"https:\/\/www.maviesanstabac.lu\/de\/die-schaedlichen-auswirkungen-des-passivrauchens\/\" class=\"btn-shortcode dt-btn-s dt-btn default-btn-color default-btn-hover-color default-btn-bg-color default-btn-bg-hover-color\" id=\"dt-btn-2\"><span>Mehr<\/span><\/a><div class=\"ult-spacer spacer-69de27c0492c5\" data-id=\"69de27c0492c5\" data-height=\"40\" data-height-mobile=\"20\" data-height-tab=\"20\" data-height-tab-portrait=\"20\" data-height-mobile-landscape=\"20\" style=\"clear:both;display:block;\"><\/div>[\/vc_column_inner][\/vc_row_inner]<div class=\"ult-spacer spacer-69de27c0492eb\" data-id=\"69de27c0492eb\" data-height=\"40\" data-height-mobile=\"20\" data-height-tab=\"20\" data-height-tab-portrait=\"20\" data-height-mobile-landscape=\"20\" style=\"clear:both;display:block;\"><\/div>[\/vc_column][\/vc_row][vc_row][vc_column][vc_empty_space height=&#8221;30px&#8221;][\/vc_column][\/vc_row]<\/p>\n<\/div>","protected":false},"excerpt":{"rendered":"<p>[vc_row type=&#8221;vc_default&#8221; content_placement=&#8221;middle&#8221; margin_top=&#8221;-50&#8243; bg_type=&#8221;image&#8221; parallax_style=&#8221;vcpb-default&#8221; bg_image_new=&#8221;id^7943|url^http:\/\/www.maviesanstabac.lu\/wp-content\/uploads\/2019\/05\/head_int_mefaits-tabagisme_tabagisme-actif.jpg|caption^null|alt^null|title^head_int_mefaits-tabagisme_tabagisme-actif|description^null&#8221; bg_override=&#8221;ex-full&#8221; enable_overlay=&#8221;enable_overlay_value&#8221; overlay_pattern=&#8221;transperant&#8221; overlay_pattern_opacity=&#8221;100&#8243; overlay_pattern_size=&#8221;200&#8243; css=&#8221;.vc_custom_1557757309658{padding-top: 3% !important;padding-bottom: 0px !important;}&#8221; el_class=&#8221;internal-header&#8221;][vc_column][\/vc_column][\/vc_row][vc_row][vc_column css=&#8221;.vc_custom_1540631490734{padding-right: 40px !important;padding-left: 40px !important;}&#8221;][vc_empty_space][vc_row_inner equal_height=&#8221;yes&#8221; gap=&#8221;10&#8243;][vc_column_inner width=&#8221;1\/2&#8243; css=&#8221;.vc_custom_1540217487922{padding-top: 0px !important;padding-bottom: 0px !important;}&#8221;][vc_column_text css=&#8221;.vc_custom_1679321682998{padding-right: 0px !important;padding-bottom: 20px !important;padding-left: 0px !important;}&#8221;] J\u00e4hrlich sterben sieben Millionen Menschen weltweit an den Folgen des Tabakkonsums, und die H\u00e4lfte aller gegenw\u00e4rtigen Raucher&hellip;<\/p>\n","protected":false},"author":1,"featured_media":3368,"parent":0,"menu_order":0,"comment_status":"closed","ping_status":"closed","template":"","meta":{"footnotes":""},"class_list":["post-8922","page","type-page","status-publish","has-post-thumbnail","hentry","description-off"],"yoast_head":"<!-- This site is optimized with the Yoast SEO plugin v27.0 - https:\/\/yoast.com\/product\/yoast-seo-wordpress\/ -->\n<title>Die sch\u00e4dlichen Auswirkungen des Tabakkonsums<\/title>\n<meta name=\"description\" content=\"Rauchen kann Krankheiten und Funktionsst\u00f6rungen in allen Organen verursachen. Machen Sie sich mit dieser interaktiven Grafik die Risiken bewusst.\" \/>\n<meta name=\"robots\" content=\"index, follow, max-snippet:-1, max-image-preview:large, max-video-preview:-1\" \/>\n<link rel=\"canonical\" href=\"https:\/\/maviesanstabac.lu\/de\/die-schaedlichen-auswirkungen-des-tabakkonsums\/\" \/>\n<meta property=\"og:locale\" content=\"de_DE\" \/>\n<meta property=\"og:type\" content=\"article\" \/>\n<meta property=\"og:title\" content=\"Die sch\u00e4dlichen Auswirkungen des Tabakkonsums\" \/>\n<meta property=\"og:description\" content=\"Rauchen kann Krankheiten und Funktionsst\u00f6rungen in allen Organen verursachen. Machen Sie sich mit dieser interaktiven Grafik die Risiken bewusst.\" \/>\n<meta property=\"og:url\" content=\"https:\/\/maviesanstabac.lu\/de\/die-schaedlichen-auswirkungen-des-tabakkonsums\/\" \/>\n<meta property=\"og:site_name\" content=\"ma vie sans tabac\" \/>\n<meta property=\"article:modified_time\" content=\"2023-03-20T14:14:46+00:00\" \/>\n<meta name=\"twitter:card\" content=\"summary_large_image\" \/>\n<meta name=\"twitter:image\" content=\"https:\/\/maviesanstabac.lu\/wp-content\/uploads\/2017\/06\/FondationCancer.jpg\" \/>\n<meta name=\"twitter:label1\" content=\"Gesch\u00e4tzte Lesezeit\" \/>\n\t<meta name=\"twitter:data1\" content=\"2\u00a0Minuten\" \/>\n<script type=\"application\/ld+json\" class=\"yoast-schema-graph\">{\"@context\":\"https:\/\/schema.org\",\"@graph\":[{\"@type\":\"WebPage\",\"@id\":\"https:\/\/maviesanstabac.lu\/de\/die-schaedlichen-auswirkungen-des-tabakkonsums\/\",\"url\":\"https:\/\/maviesanstabac.lu\/de\/die-schaedlichen-auswirkungen-des-tabakkonsums\/\",\"name\":\"Die sch\u00e4dlichen Auswirkungen des Tabakkonsums\",\"isPartOf\":{\"@id\":\"https:\/\/maviesanstabac.lu\/de\/#website\"},\"primaryImageOfPage\":{\"@id\":\"https:\/\/maviesanstabac.lu\/de\/die-schaedlichen-auswirkungen-des-tabakkonsums\/#primaryimage\"},\"image\":{\"@id\":\"https:\/\/maviesanstabac.lu\/de\/die-schaedlichen-auswirkungen-des-tabakkonsums\/#primaryimage\"},\"thumbnailUrl\":\"https:\/\/maviesanstabac.lu\/wp-content\/uploads\/2017\/06\/FondationCancer.jpg\",\"datePublished\":\"2019-02-06T11:45:08+00:00\",\"dateModified\":\"2023-03-20T14:14:46+00:00\",\"description\":\"Rauchen kann Krankheiten und Funktionsst\u00f6rungen in allen Organen verursachen. Machen Sie sich mit dieser interaktiven Grafik die Risiken bewusst.\",\"breadcrumb\":{\"@id\":\"https:\/\/maviesanstabac.lu\/de\/die-schaedlichen-auswirkungen-des-tabakkonsums\/#breadcrumb\"},\"inLanguage\":\"de\",\"potentialAction\":[{\"@type\":\"ReadAction\",\"target\":[\"https:\/\/maviesanstabac.lu\/de\/die-schaedlichen-auswirkungen-des-tabakkonsums\/\"]}]},{\"@type\":\"ImageObject\",\"inLanguage\":\"de\",\"@id\":\"https:\/\/maviesanstabac.lu\/de\/die-schaedlichen-auswirkungen-des-tabakkonsums\/#primaryimage\",\"url\":\"https:\/\/maviesanstabac.lu\/wp-content\/uploads\/2017\/06\/FondationCancer.jpg\",\"contentUrl\":\"https:\/\/maviesanstabac.lu\/wp-content\/uploads\/2017\/06\/FondationCancer.jpg\",\"width\":991,\"height\":1200},{\"@type\":\"BreadcrumbList\",\"@id\":\"https:\/\/maviesanstabac.lu\/de\/die-schaedlichen-auswirkungen-des-tabakkonsums\/#breadcrumb\",\"itemListElement\":[{\"@type\":\"ListItem\",\"position\":1,\"name\":\"Accueil\",\"item\":\"https:\/\/maviesanstabac.lu\/de\/\"},{\"@type\":\"ListItem\",\"position\":2,\"name\":\"Die sch\u00e4dlichen Auswirkungen des Tabakkonsums\"}]},{\"@type\":\"WebSite\",\"@id\":\"https:\/\/maviesanstabac.lu\/de\/#website\",\"url\":\"https:\/\/maviesanstabac.lu\/de\/\",\"name\":\"ma vie sans tabac\",\"description\":\"Sans tabac pour une vie plus saine\",\"potentialAction\":[{\"@type\":\"SearchAction\",\"target\":{\"@type\":\"EntryPoint\",\"urlTemplate\":\"https:\/\/maviesanstabac.lu\/de\/?s={search_term_string}\"},\"query-input\":{\"@type\":\"PropertyValueSpecification\",\"valueRequired\":true,\"valueName\":\"search_term_string\"}}],\"inLanguage\":\"de\"}]}<\/script>\n<!-- \/ Yoast SEO plugin. -->","yoast_head_json":{"title":"Die sch\u00e4dlichen Auswirkungen des Tabakkonsums","description":"Rauchen kann Krankheiten und Funktionsst\u00f6rungen in allen Organen verursachen. Machen Sie sich mit dieser interaktiven Grafik die Risiken bewusst.","robots":{"index":"index","follow":"follow","max-snippet":"max-snippet:-1","max-image-preview":"max-image-preview:large","max-video-preview":"max-video-preview:-1"},"canonical":"https:\/\/maviesanstabac.lu\/de\/die-schaedlichen-auswirkungen-des-tabakkonsums\/","og_locale":"de_DE","og_type":"article","og_title":"Die sch\u00e4dlichen Auswirkungen des Tabakkonsums","og_description":"Rauchen kann Krankheiten und Funktionsst\u00f6rungen in allen Organen verursachen. Machen Sie sich mit dieser interaktiven Grafik die Risiken bewusst.","og_url":"https:\/\/maviesanstabac.lu\/de\/die-schaedlichen-auswirkungen-des-tabakkonsums\/","og_site_name":"ma vie sans tabac","article_modified_time":"2023-03-20T14:14:46+00:00","twitter_card":"summary_large_image","twitter_image":"https:\/\/maviesanstabac.lu\/wp-content\/uploads\/2017\/06\/FondationCancer.jpg","twitter_misc":{"Gesch\u00e4tzte Lesezeit":"2\u00a0Minuten"},"schema":{"@context":"https:\/\/schema.org","@graph":[{"@type":"WebPage","@id":"https:\/\/maviesanstabac.lu\/de\/die-schaedlichen-auswirkungen-des-tabakkonsums\/","url":"https:\/\/maviesanstabac.lu\/de\/die-schaedlichen-auswirkungen-des-tabakkonsums\/","name":"Die sch\u00e4dlichen Auswirkungen des Tabakkonsums","isPartOf":{"@id":"https:\/\/maviesanstabac.lu\/de\/#website"},"primaryImageOfPage":{"@id":"https:\/\/maviesanstabac.lu\/de\/die-schaedlichen-auswirkungen-des-tabakkonsums\/#primaryimage"},"image":{"@id":"https:\/\/maviesanstabac.lu\/de\/die-schaedlichen-auswirkungen-des-tabakkonsums\/#primaryimage"},"thumbnailUrl":"https:\/\/maviesanstabac.lu\/wp-content\/uploads\/2017\/06\/FondationCancer.jpg","datePublished":"2019-02-06T11:45:08+00:00","dateModified":"2023-03-20T14:14:46+00:00","description":"Rauchen kann Krankheiten und Funktionsst\u00f6rungen in allen Organen verursachen. Machen Sie sich mit dieser interaktiven Grafik die Risiken bewusst.","breadcrumb":{"@id":"https:\/\/maviesanstabac.lu\/de\/die-schaedlichen-auswirkungen-des-tabakkonsums\/#breadcrumb"},"inLanguage":"de","potentialAction":[{"@type":"ReadAction","target":["https:\/\/maviesanstabac.lu\/de\/die-schaedlichen-auswirkungen-des-tabakkonsums\/"]}]},{"@type":"ImageObject","inLanguage":"de","@id":"https:\/\/maviesanstabac.lu\/de\/die-schaedlichen-auswirkungen-des-tabakkonsums\/#primaryimage","url":"https:\/\/maviesanstabac.lu\/wp-content\/uploads\/2017\/06\/FondationCancer.jpg","contentUrl":"https:\/\/maviesanstabac.lu\/wp-content\/uploads\/2017\/06\/FondationCancer.jpg","width":991,"height":1200},{"@type":"BreadcrumbList","@id":"https:\/\/maviesanstabac.lu\/de\/die-schaedlichen-auswirkungen-des-tabakkonsums\/#breadcrumb","itemListElement":[{"@type":"ListItem","position":1,"name":"Accueil","item":"https:\/\/maviesanstabac.lu\/de\/"},{"@type":"ListItem","position":2,"name":"Die sch\u00e4dlichen Auswirkungen des Tabakkonsums"}]},{"@type":"WebSite","@id":"https:\/\/maviesanstabac.lu\/de\/#website","url":"https:\/\/maviesanstabac.lu\/de\/","name":"ma vie sans tabac","description":"Sans tabac pour une vie plus saine","potentialAction":[{"@type":"SearchAction","target":{"@type":"EntryPoint","urlTemplate":"https:\/\/maviesanstabac.lu\/de\/?s={search_term_string}"},"query-input":{"@type":"PropertyValueSpecification","valueRequired":true,"valueName":"search_term_string"}}],"inLanguage":"de"}]}},"_links":{"self":[{"href":"https:\/\/maviesanstabac.lu\/de\/wp-json\/wp\/v2\/pages\/8922","targetHints":{"allow":["GET"]}}],"collection":[{"href":"https:\/\/maviesanstabac.lu\/de\/wp-json\/wp\/v2\/pages"}],"about":[{"href":"https:\/\/maviesanstabac.lu\/de\/wp-json\/wp\/v2\/types\/page"}],"author":[{"embeddable":true,"href":"https:\/\/maviesanstabac.lu\/de\/wp-json\/wp\/v2\/users\/1"}],"replies":[{"embeddable":true,"href":"https:\/\/maviesanstabac.lu\/de\/wp-json\/wp\/v2\/comments?post=8922"}],"version-history":[{"count":15,"href":"https:\/\/maviesanstabac.lu\/de\/wp-json\/wp\/v2\/pages\/8922\/revisions"}],"predecessor-version":[{"id":12138,"href":"https:\/\/maviesanstabac.lu\/de\/wp-json\/wp\/v2\/pages\/8922\/revisions\/12138"}],"wp:featuredmedia":[{"embeddable":true,"href":"https:\/\/maviesanstabac.lu\/de\/wp-json\/wp\/v2\/media\/3368"}],"wp:attachment":[{"href":"https:\/\/maviesanstabac.lu\/de\/wp-json\/wp\/v2\/media?parent=8922"}],"curies":[{"name":"wp","href":"https:\/\/api.w.org\/{rel}","templated":true}]}}