{"id":8939,"date":"2019-02-06T14:48:43","date_gmt":"2019-02-06T13:48:43","guid":{"rendered":"https:\/\/www.maviesanstabac.lu\/le-tabagisme-passif\/"},"modified":"2023-03-20T15:17:23","modified_gmt":"2023-03-20T14:17:23","slug":"die-schaedlichen-auswirkungen-des-passivrauchens","status":"publish","type":"page","link":"https:\/\/maviesanstabac.lu\/de\/die-schaedlichen-auswirkungen-des-passivrauchens\/","title":{"rendered":"Die sch\u00e4dlichen Auswirkungen des Passivrauchens"},"content":{"rendered":"<div class=\"wpb-content-wrapper\"><p>[vc_row type=&#8221;vc_default&#8221; content_placement=&#8221;middle&#8221; margin_top=&#8221;-50&#8243; bg_type=&#8221;image&#8221; parallax_style=&#8221;vcpb-default&#8221; bg_image_new=&#8221;id^7946|url^http:\/\/www.maviesanstabac.lu\/wp-content\/uploads\/2019\/05\/head_int_mefaits-tabac_tabagisme-passif.jpg|caption^null|alt^null|title^head_int_mefaits-tabac_tabagisme-passif|description^null&#8221; bg_override=&#8221;ex-full&#8221; enable_overlay=&#8221;enable_overlay_value&#8221; overlay_pattern=&#8221;transperant&#8221; overlay_pattern_opacity=&#8221;100&#8243; overlay_pattern_size=&#8221;200&#8243; css=&#8221;.vc_custom_1557757348981{padding-top: 3% !important;padding-bottom: 0px !important;}&#8221; el_class=&#8221;internal-header&#8221;][vc_column][\/vc_column][\/vc_row][vc_row][vc_column css=&#8221;.vc_custom_1540631490734{padding-right: 40px !important;padding-left: 40px !important;}&#8221;]<div id=\"ultimate-heading-869de28bf80221\" class=\"uvc-heading ult-adjust-bottom-margin ultimate-heading-869de28bf80221 uvc-4909  uvc-heading-default-font-sizes\" data-hspacer=\"line_only\"  data-halign=\"center\" style=\"text-align:center\"><div class=\"uvc-main-heading ult-responsive\"  data-ultimate-target='.uvc-heading.ultimate-heading-869de28bf80221 h2'  data-responsive-json-new='{\"font-size\":\"\",\"line-height\":\"\"}' ><h2 style=\"font-weight:bold;margin-bottom:7px;\">Die sch\u00e4dlichen Auswirkungen des Passivrauchens<\/h2><\/div><div class=\"uvc-heading-spacer line_only\" style=\"margin-top:15px;margin-bottom:25px;height:3px;\"><span class=\"uvc-headings-line\" style=\"border-style:solid;border-bottom-width:3px;border-color:#f20738;width:300px;\"><\/span><\/div><\/div>[vc_empty_space][vc_row_inner equal_height=&#8221;yes&#8221; gap=&#8221;10&#8243;][vc_column_inner width=&#8221;1\/2&#8243; css=&#8221;.vc_custom_1540217487922{padding-top: 0px !important;padding-bottom: 0px !important;}&#8221;][vc_column_text css=&#8221;.vc_custom_1679321839784{padding-right: 0px !important;padding-bottom: 20px !important;padding-left: 0px !important;}&#8221;]Unter Passivrauchen versteht man das unfreiwillige Inhalieren von Zigarettenrauch von einem oder mehreren Rauchern. Tabakrauch enth\u00e4lt 7.000 chemische Substanzen, von denen viele reizend und giftig und \u00fcber 70 krebserregend sind. Der Rauch ist also nicht nur extrem sch\u00e4dlich f\u00fcr den Raucher, sondern auch f\u00fcr den Nichtraucher, der den in der Luft verteilten Rauch einatmet.[\/vc_column_text][\/vc_column_inner][vc_column_inner width=&#8221;1\/2&#8243; css=&#8221;.vc_custom_1540217511840{padding-top: 0px !important;padding-bottom: 0px !important;}&#8221;][vc_single_image image=&#8221;11463&#8243; img_size=&#8221;full&#8221; alignment=&#8221;center&#8221; image_hovers=&#8221;false&#8221;][\/vc_column_inner][\/vc_row_inner]<div class=\"ult-spacer spacer-69de28bf8031c\" data-id=\"69de28bf8031c\" data-height=\"40\" data-height-mobile=\"20\" data-height-tab=\"20\" data-height-tab-portrait=\"20\" data-height-mobile-landscape=\"20\" style=\"clear:both;display:block;\"><\/div>[vc_row_inner equal_height=&#8221;yes&#8221; gap=&#8221;10&#8243;][vc_column_inner width=&#8221;1\/2&#8243; css=&#8221;.vc_custom_1540217487922{padding-top: 0px !important;padding-bottom: 0px !important;}&#8221;]<div class=\"ult-just-icon-wrapper  \"><div class=\"align-icon\" style=\"text-align:left;\">\n<div class=\"aio-icon-img  uavc-circle \" style=\"font-size:48px;background:#f20738;display:inline-block;\" >\n\t<img decoding=\"async\" class=\"img-icon\" alt=\"null\" src=\"https:\/\/maviesanstabac.lu\/wp-content\/uploads\/2019\/03\/child.png\"\/>\n<\/div><\/div><\/div><div id=\"ultimate-heading-426169de28bf808e2\" class=\"uvc-heading ult-adjust-bottom-margin ultimate-heading-426169de28bf808e2 uvc-8181 \" data-hspacer=\"line_only\"  data-halign=\"left\" style=\"text-align:left\"><div class=\"uvc-main-heading ult-responsive\"  data-ultimate-target='.uvc-heading.ultimate-heading-426169de28bf808e2 h2'  data-responsive-json-new='{\"font-size\":\"desktop:22px;\",\"line-height\":\"desktop:32px;\"}' ><h2 style=\"font-weight:bold;margin-bottom:7px;\">Beim Kind<\/h2><\/div><div class=\"uvc-heading-spacer line_only\" style=\"margin-top:15px;margin-bottom:25px;height:3px;\"><span class=\"uvc-headings-line\" style=\"border-style:solid;border-bottom-width:3px;border-color:#f20738;width:300px;\"><\/span><\/div><\/div>[vc_column_text css=&#8221;.vc_custom_1590392628863{padding-right: 0px !important;padding-bottom: 20px !important;padding-left: 0px !important;}&#8221;]Passivrauchen birgt auch Risiken f\u00fcr Kinder und Ungeborene. Wenn eine schwangere Frau dem Rauch anderer ausgesetzt ist, hat das denselben Effekt, als w\u00fcrde sie selbst leicht rauchen: die im Rauch enthaltenen chemischen Stoffe gehen in das Blut der Mutter und das des ungeborenen Kindes \u00fcber.[\/vc_column_text]<div class=\"standard-arrow list-divider\"><p><strong>Diese Krankheiten kann das Passivrauchen beim Kind ausl\u00f6sen:<\/strong><\/p>\n<ul>\n<li>Verst\u00e4rktes Auftreten von Erk\u00e4ltungen und Ohrentz\u00fcndungen<\/li>\n<li>Reizung von Augen, Nase und Rachen<\/li>\n<li>Erh\u00f6htes Risiko von Asthmaanf\u00e4llen<\/li>\n<li>Erh\u00f6htes Risiko von Entz\u00fcndungen der Atemwege, etwa Lungenentz\u00fcndung und Bronchitis<\/li>\n<\/ul>\n<\/div>[vc_empty_space]<div class=\"ult-just-icon-wrapper  \"><div class=\"align-icon\" style=\"text-align:left;\">\n<div class=\"aio-icon-img  uavc-circle \" style=\"font-size:48px;background:#f20738;display:inline-block;\" >\n\t<img decoding=\"async\" class=\"img-icon\" alt=\"null\" src=\"https:\/\/maviesanstabac.lu\/wp-content\/uploads\/2019\/02\/foetus.png\"\/>\n<\/div><\/div><\/div><div id=\"ultimate-heading-466869de28bf80f4b\" class=\"uvc-heading ult-adjust-bottom-margin ultimate-heading-466869de28bf80f4b uvc-584 \" data-hspacer=\"line_only\"  data-halign=\"left\" style=\"text-align:left\"><div class=\"uvc-main-heading ult-responsive\"  data-ultimate-target='.uvc-heading.ultimate-heading-466869de28bf80f4b h2'  data-responsive-json-new='{\"font-size\":\"desktop:22px;\",\"line-height\":\"desktop:32px;\"}' ><h2 style=\"font-weight:bold;margin-bottom:7px;\">Beim S\u00e4ugling und beim Ungeborenen<\/h2><\/div><div class=\"uvc-heading-spacer line_only\" style=\"margin-top:15px;margin-bottom:25px;height:3px;\"><span class=\"uvc-headings-line\" style=\"border-style:solid;border-bottom-width:3px;border-color:#f20738;width:300px;\"><\/span><\/div><\/div><div class=\"standard-arrow list-divider\"><ul>\n<li>Erh\u00f6htes Risiko f\u00fcr den pl\u00f6tzlichen Kindstod<\/li>\n<li>Geringeres Geburtsgewicht<\/li>\n<\/ul>\n<\/div>[\/vc_column_inner][vc_column_inner width=&#8221;1\/2&#8243; css=&#8221;.vc_custom_1540217511840{padding-top: 0px !important;padding-bottom: 0px !important;}&#8221;]<div class=\"ult-just-icon-wrapper  \"><div class=\"align-icon\" style=\"text-align:left;\">\n<div class=\"aio-icon-img  uavc-circle \" style=\"font-size:48px;background:#f20738;display:inline-block;\" >\n\t<img decoding=\"async\" class=\"img-icon\" alt=\"null\" src=\"https:\/\/maviesanstabac.lu\/wp-content\/uploads\/2019\/03\/adult.png\"\/>\n<\/div><\/div><\/div><div id=\"ultimate-heading-90669de28bf8157e\" class=\"uvc-heading ult-adjust-bottom-margin ultimate-heading-90669de28bf8157e uvc-5781 \" data-hspacer=\"line_only\"  data-halign=\"left\" style=\"text-align:left\"><div class=\"uvc-main-heading ult-responsive\"  data-ultimate-target='.uvc-heading.ultimate-heading-90669de28bf8157e h2'  data-responsive-json-new='{\"font-size\":\"desktop:22px;\",\"line-height\":\"desktop:32px;\"}' ><h2 style=\"font-weight:bold;margin-bottom:7px;\">Beim Erwachsenen<\/h2><\/div><div class=\"uvc-heading-spacer line_only\" style=\"margin-top:15px;margin-bottom:25px;height:3px;\"><span class=\"uvc-headings-line\" style=\"border-style:solid;border-bottom-width:3px;border-color:#f20738;width:300px;\"><\/span><\/div><\/div>[vc_column_text css=&#8221;.vc_custom_1590392960652{padding-right: 0px !important;padding-bottom: 20px !important;padding-left: 0px !important;}&#8221;]Passivrauchen beim Erwachsenen verst\u00e4rkt bestehende Krankheiten und f\u00fchrt zu neuen. Die Risiken m\u00f6gen zwar niedriger sein als bei einem aktiven Raucher, doch auch Passivrauchen hat fassbare Folgen f\u00fcr die Gesundheit. Au\u00dferdem steigen die Risiken mit Dauer und Intensit\u00e4t der Exposition an.[\/vc_column_text]<div class=\"standard-arrow list-divider\"><p><strong>Diese Krankheiten kann das Passivrauchen beim Erwachsenen ausl\u00f6sen:<\/strong><\/p>\n<ul>\n<li>Lungenkrebs<\/li>\n<li>Nasennebenh\u00f6hlenkrebs<\/li>\n<li>Schlaganfall<\/li>\n<li>Herzinfarkt<\/li>\n<li>Asthma<\/li>\n<\/ul>\n<\/div>[\/vc_column_inner][\/vc_row_inner]<div class=\"ult-spacer spacer-69de28bf816c3\" data-id=\"69de28bf816c3\" data-height=\"80\" data-height-mobile=\"20\" data-height-tab=\"20\" data-height-tab-portrait=\"20\" data-height-mobile-landscape=\"20\" style=\"clear:both;display:block;\"><\/div>[\/vc_column][\/vc_row][vc_row type=&#8221;vc_default&#8221; full_width=&#8221;stretch_row&#8221; content_placement=&#8221;middle&#8221; parallax=&#8221;content-moving&#8221; parallax_image=&#8221;7166&#8243; enable_overlay=&#8221;enable_overlay_value&#8221; overlay_color=&#8221;#f20738&#8243; overlay_pattern=&#8221;transperant&#8221; overlay_pattern_opacity=&#8221;80&#8243; multi_color_overlay=&#8221;uvc-multi-color-bg&#8221; multi_color_overlay_opacity=&#8221;60&#8243; el_class=&#8221;accent-border-color&#8221;][vc_column]<div class=\"ult-spacer spacer-69de28bf81703\" data-id=\"69de28bf81703\" data-height=\"100\" data-height-mobile=\"0\" data-height-tab=\"0\" data-height-tab-portrait=\"0\" data-height-mobile-landscape=\"0\" style=\"clear:both;display:block;\"><\/div>[vc_row_inner css=&#8221;.vc_custom_1538554528820{border-radius: 2px !important;}&#8221;][vc_column_inner]<div id=\"ultimate-heading-161869de28bf8174e\" class=\"uvc-heading ult-adjust-bottom-margin ultimate-heading-161869de28bf8174e uvc-6718 accent-border-color uvc-heading-default-font-sizes\" data-hspacer=\"line_only\"  data-halign=\"left\" style=\"text-align:left\"><div class=\"uvc-main-heading ult-responsive\"  data-ultimate-target='.uvc-heading.ultimate-heading-161869de28bf8174e h2'  data-responsive-json-new='{\"font-size\":\"\",\"line-height\":\"\"}' ><h2 style=\"font-weight:bold;color:#ffffff;margin-bottom:20px;\">Formen des Tabakkonsum<\/h2><\/div><div class=\"uvc-heading-spacer line_only\" style=\"margin-bottom:25px;height:3px;\"><span class=\"uvc-headings-line\" style=\"border-style:solid;border-bottom-width:3px;border-color:#ccc;width:300px;\"><\/span><\/div><\/div>[vc_column_text]<span style=\"color: #ffffff;\"><strong>Informieren Sie sich \u00fcber die verschiedenen Formen des Tabakkonsums.<\/strong><\/span>[\/vc_column_text]<a href=\"https:\/\/www.maviesanstabac.lu\/de\/formen-des-tabakonsums\/\" class=\"btn-shortcode dt-btn-s dt-btn default-btn-color default-btn-hover-color default-btn-bg-color default-btn-bg-hover-color\" id=\"dt-btn-1\"><span>Mehr<\/span><\/a><div class=\"ult-spacer spacer-69de28bf81863\" data-id=\"69de28bf81863\" data-height=\"40\" data-height-mobile=\"20\" data-height-tab=\"20\" data-height-tab-portrait=\"20\" data-height-mobile-landscape=\"20\" style=\"clear:both;display:block;\"><\/div>[\/vc_column_inner][\/vc_row_inner]<div class=\"ult-spacer spacer-69de28bf818ae\" data-id=\"69de28bf818ae\" data-height=\"40\" data-height-mobile=\"20\" data-height-tab=\"20\" data-height-tab-portrait=\"20\" data-height-mobile-landscape=\"20\" style=\"clear:both;display:block;\"><\/div>[\/vc_column][\/vc_row][vc_row][vc_column][vc_empty_space height=&#8221;30px&#8221;][\/vc_column][\/vc_row]<\/p>\n<\/div>","protected":false},"excerpt":{"rendered":"<p>[vc_row type=&#8221;vc_default&#8221; content_placement=&#8221;middle&#8221; margin_top=&#8221;-50&#8243; bg_type=&#8221;image&#8221; parallax_style=&#8221;vcpb-default&#8221; bg_image_new=&#8221;id^7946|url^http:\/\/www.maviesanstabac.lu\/wp-content\/uploads\/2019\/05\/head_int_mefaits-tabac_tabagisme-passif.jpg|caption^null|alt^null|title^head_int_mefaits-tabac_tabagisme-passif|description^null&#8221; bg_override=&#8221;ex-full&#8221; enable_overlay=&#8221;enable_overlay_value&#8221; overlay_pattern=&#8221;transperant&#8221; overlay_pattern_opacity=&#8221;100&#8243; overlay_pattern_size=&#8221;200&#8243; css=&#8221;.vc_custom_1557757348981{padding-top: 3% !important;padding-bottom: 0px !important;}&#8221; el_class=&#8221;internal-header&#8221;][vc_column][\/vc_column][\/vc_row][vc_row][vc_column css=&#8221;.vc_custom_1540631490734{padding-right: 40px !important;padding-left: 40px !important;}&#8221;][vc_empty_space][vc_row_inner equal_height=&#8221;yes&#8221; gap=&#8221;10&#8243;][vc_column_inner width=&#8221;1\/2&#8243; css=&#8221;.vc_custom_1540217487922{padding-top: 0px !important;padding-bottom: 0px !important;}&#8221;][vc_column_text css=&#8221;.vc_custom_1679321839784{padding-right: 0px !important;padding-bottom: 20px !important;padding-left: 0px !important;}&#8221;]Unter Passivrauchen versteht man das unfreiwillige Inhalieren von Zigarettenrauch von einem oder mehreren Rauchern. Tabakrauch enth\u00e4lt 7.000 chemische&hellip;<\/p>\n","protected":false},"author":1,"featured_media":3368,"parent":0,"menu_order":0,"comment_status":"closed","ping_status":"closed","template":"","meta":{"footnotes":""},"class_list":["post-8939","page","type-page","status-publish","has-post-thumbnail","hentry","description-off"],"yoast_head":"<!-- This site is optimized with the Yoast SEO plugin v27.0 - https:\/\/yoast.com\/product\/yoast-seo-wordpress\/ -->\n<title>Die sch\u00e4dlichen Auswirkungen des Passivrauchens<\/title>\n<meta name=\"description\" content=\"Durch die Mutter k\u00f6nnen Erwachsene, Kinder, aber auch Kleinkinder, Opfer des Passivrauchens werden und verschiedene Pathologien entwickeln.\" \/>\n<meta name=\"robots\" content=\"index, follow, max-snippet:-1, max-image-preview:large, max-video-preview:-1\" \/>\n<link rel=\"canonical\" href=\"https:\/\/maviesanstabac.lu\/de\/die-schaedlichen-auswirkungen-des-passivrauchens\/\" \/>\n<meta property=\"og:locale\" content=\"de_DE\" \/>\n<meta property=\"og:type\" content=\"article\" \/>\n<meta property=\"og:title\" content=\"Die sch\u00e4dlichen Auswirkungen des Passivrauchens\" \/>\n<meta property=\"og:description\" content=\"Durch die Mutter k\u00f6nnen Erwachsene, Kinder, aber auch Kleinkinder, Opfer des Passivrauchens werden und verschiedene Pathologien entwickeln.\" \/>\n<meta property=\"og:url\" content=\"https:\/\/maviesanstabac.lu\/de\/die-schaedlichen-auswirkungen-des-passivrauchens\/\" \/>\n<meta property=\"og:site_name\" content=\"ma vie sans tabac\" \/>\n<meta property=\"article:modified_time\" content=\"2023-03-20T14:17:23+00:00\" \/>\n<meta name=\"twitter:card\" content=\"summary_large_image\" \/>\n<meta name=\"twitter:image\" content=\"https:\/\/maviesanstabac.lu\/wp-content\/uploads\/2017\/06\/FondationCancer.jpg\" \/>\n<meta name=\"twitter:label1\" content=\"Gesch\u00e4tzte Lesezeit\" \/>\n\t<meta name=\"twitter:data1\" content=\"3\u00a0Minuten\" \/>\n<script type=\"application\/ld+json\" class=\"yoast-schema-graph\">{\"@context\":\"https:\/\/schema.org\",\"@graph\":[{\"@type\":\"WebPage\",\"@id\":\"https:\/\/maviesanstabac.lu\/de\/die-schaedlichen-auswirkungen-des-passivrauchens\/\",\"url\":\"https:\/\/maviesanstabac.lu\/de\/die-schaedlichen-auswirkungen-des-passivrauchens\/\",\"name\":\"Die sch\u00e4dlichen Auswirkungen des Passivrauchens\",\"isPartOf\":{\"@id\":\"https:\/\/maviesanstabac.lu\/de\/#website\"},\"primaryImageOfPage\":{\"@id\":\"https:\/\/maviesanstabac.lu\/de\/die-schaedlichen-auswirkungen-des-passivrauchens\/#primaryimage\"},\"image\":{\"@id\":\"https:\/\/maviesanstabac.lu\/de\/die-schaedlichen-auswirkungen-des-passivrauchens\/#primaryimage\"},\"thumbnailUrl\":\"https:\/\/maviesanstabac.lu\/wp-content\/uploads\/2017\/06\/FondationCancer.jpg\",\"datePublished\":\"2019-02-06T13:48:43+00:00\",\"dateModified\":\"2023-03-20T14:17:23+00:00\",\"description\":\"Durch die Mutter k\u00f6nnen Erwachsene, Kinder, aber auch Kleinkinder, Opfer des Passivrauchens werden und verschiedene Pathologien entwickeln.\",\"breadcrumb\":{\"@id\":\"https:\/\/maviesanstabac.lu\/de\/die-schaedlichen-auswirkungen-des-passivrauchens\/#breadcrumb\"},\"inLanguage\":\"de\",\"potentialAction\":[{\"@type\":\"ReadAction\",\"target\":[\"https:\/\/maviesanstabac.lu\/de\/die-schaedlichen-auswirkungen-des-passivrauchens\/\"]}]},{\"@type\":\"ImageObject\",\"inLanguage\":\"de\",\"@id\":\"https:\/\/maviesanstabac.lu\/de\/die-schaedlichen-auswirkungen-des-passivrauchens\/#primaryimage\",\"url\":\"https:\/\/maviesanstabac.lu\/wp-content\/uploads\/2017\/06\/FondationCancer.jpg\",\"contentUrl\":\"https:\/\/maviesanstabac.lu\/wp-content\/uploads\/2017\/06\/FondationCancer.jpg\",\"width\":991,\"height\":1200},{\"@type\":\"BreadcrumbList\",\"@id\":\"https:\/\/maviesanstabac.lu\/de\/die-schaedlichen-auswirkungen-des-passivrauchens\/#breadcrumb\",\"itemListElement\":[{\"@type\":\"ListItem\",\"position\":1,\"name\":\"Accueil\",\"item\":\"https:\/\/maviesanstabac.lu\/de\/\"},{\"@type\":\"ListItem\",\"position\":2,\"name\":\"Die sch\u00e4dlichen Auswirkungen des Passivrauchens\"}]},{\"@type\":\"WebSite\",\"@id\":\"https:\/\/maviesanstabac.lu\/de\/#website\",\"url\":\"https:\/\/maviesanstabac.lu\/de\/\",\"name\":\"ma vie sans tabac\",\"description\":\"Sans tabac pour une vie plus saine\",\"potentialAction\":[{\"@type\":\"SearchAction\",\"target\":{\"@type\":\"EntryPoint\",\"urlTemplate\":\"https:\/\/maviesanstabac.lu\/de\/?s={search_term_string}\"},\"query-input\":{\"@type\":\"PropertyValueSpecification\",\"valueRequired\":true,\"valueName\":\"search_term_string\"}}],\"inLanguage\":\"de\"}]}<\/script>\n<!-- \/ Yoast SEO plugin. -->","yoast_head_json":{"title":"Die sch\u00e4dlichen Auswirkungen des Passivrauchens","description":"Durch die Mutter k\u00f6nnen Erwachsene, Kinder, aber auch Kleinkinder, Opfer des Passivrauchens werden und verschiedene Pathologien entwickeln.","robots":{"index":"index","follow":"follow","max-snippet":"max-snippet:-1","max-image-preview":"max-image-preview:large","max-video-preview":"max-video-preview:-1"},"canonical":"https:\/\/maviesanstabac.lu\/de\/die-schaedlichen-auswirkungen-des-passivrauchens\/","og_locale":"de_DE","og_type":"article","og_title":"Die sch\u00e4dlichen Auswirkungen des Passivrauchens","og_description":"Durch die Mutter k\u00f6nnen Erwachsene, Kinder, aber auch Kleinkinder, Opfer des Passivrauchens werden und verschiedene Pathologien entwickeln.","og_url":"https:\/\/maviesanstabac.lu\/de\/die-schaedlichen-auswirkungen-des-passivrauchens\/","og_site_name":"ma vie sans tabac","article_modified_time":"2023-03-20T14:17:23+00:00","twitter_card":"summary_large_image","twitter_image":"https:\/\/maviesanstabac.lu\/wp-content\/uploads\/2017\/06\/FondationCancer.jpg","twitter_misc":{"Gesch\u00e4tzte Lesezeit":"3\u00a0Minuten"},"schema":{"@context":"https:\/\/schema.org","@graph":[{"@type":"WebPage","@id":"https:\/\/maviesanstabac.lu\/de\/die-schaedlichen-auswirkungen-des-passivrauchens\/","url":"https:\/\/maviesanstabac.lu\/de\/die-schaedlichen-auswirkungen-des-passivrauchens\/","name":"Die sch\u00e4dlichen Auswirkungen des Passivrauchens","isPartOf":{"@id":"https:\/\/maviesanstabac.lu\/de\/#website"},"primaryImageOfPage":{"@id":"https:\/\/maviesanstabac.lu\/de\/die-schaedlichen-auswirkungen-des-passivrauchens\/#primaryimage"},"image":{"@id":"https:\/\/maviesanstabac.lu\/de\/die-schaedlichen-auswirkungen-des-passivrauchens\/#primaryimage"},"thumbnailUrl":"https:\/\/maviesanstabac.lu\/wp-content\/uploads\/2017\/06\/FondationCancer.jpg","datePublished":"2019-02-06T13:48:43+00:00","dateModified":"2023-03-20T14:17:23+00:00","description":"Durch die Mutter k\u00f6nnen Erwachsene, Kinder, aber auch Kleinkinder, Opfer des Passivrauchens werden und verschiedene Pathologien entwickeln.","breadcrumb":{"@id":"https:\/\/maviesanstabac.lu\/de\/die-schaedlichen-auswirkungen-des-passivrauchens\/#breadcrumb"},"inLanguage":"de","potentialAction":[{"@type":"ReadAction","target":["https:\/\/maviesanstabac.lu\/de\/die-schaedlichen-auswirkungen-des-passivrauchens\/"]}]},{"@type":"ImageObject","inLanguage":"de","@id":"https:\/\/maviesanstabac.lu\/de\/die-schaedlichen-auswirkungen-des-passivrauchens\/#primaryimage","url":"https:\/\/maviesanstabac.lu\/wp-content\/uploads\/2017\/06\/FondationCancer.jpg","contentUrl":"https:\/\/maviesanstabac.lu\/wp-content\/uploads\/2017\/06\/FondationCancer.jpg","width":991,"height":1200},{"@type":"BreadcrumbList","@id":"https:\/\/maviesanstabac.lu\/de\/die-schaedlichen-auswirkungen-des-passivrauchens\/#breadcrumb","itemListElement":[{"@type":"ListItem","position":1,"name":"Accueil","item":"https:\/\/maviesanstabac.lu\/de\/"},{"@type":"ListItem","position":2,"name":"Die sch\u00e4dlichen Auswirkungen des Passivrauchens"}]},{"@type":"WebSite","@id":"https:\/\/maviesanstabac.lu\/de\/#website","url":"https:\/\/maviesanstabac.lu\/de\/","name":"ma vie sans tabac","description":"Sans tabac pour une vie plus saine","potentialAction":[{"@type":"SearchAction","target":{"@type":"EntryPoint","urlTemplate":"https:\/\/maviesanstabac.lu\/de\/?s={search_term_string}"},"query-input":{"@type":"PropertyValueSpecification","valueRequired":true,"valueName":"search_term_string"}}],"inLanguage":"de"}]}},"_links":{"self":[{"href":"https:\/\/maviesanstabac.lu\/de\/wp-json\/wp\/v2\/pages\/8939","targetHints":{"allow":["GET"]}}],"collection":[{"href":"https:\/\/maviesanstabac.lu\/de\/wp-json\/wp\/v2\/pages"}],"about":[{"href":"https:\/\/maviesanstabac.lu\/de\/wp-json\/wp\/v2\/types\/page"}],"author":[{"embeddable":true,"href":"https:\/\/maviesanstabac.lu\/de\/wp-json\/wp\/v2\/users\/1"}],"replies":[{"embeddable":true,"href":"https:\/\/maviesanstabac.lu\/de\/wp-json\/wp\/v2\/comments?post=8939"}],"version-history":[{"count":9,"href":"https:\/\/maviesanstabac.lu\/de\/wp-json\/wp\/v2\/pages\/8939\/revisions"}],"predecessor-version":[{"id":12142,"href":"https:\/\/maviesanstabac.lu\/de\/wp-json\/wp\/v2\/pages\/8939\/revisions\/12142"}],"wp:featuredmedia":[{"embeddable":true,"href":"https:\/\/maviesanstabac.lu\/de\/wp-json\/wp\/v2\/media\/3368"}],"wp:attachment":[{"href":"https:\/\/maviesanstabac.lu\/de\/wp-json\/wp\/v2\/media?parent=8939"}],"curies":[{"name":"wp","href":"https:\/\/api.w.org\/{rel}","templated":true}]}}