{"id":8960,"date":"2019-02-27T17:20:03","date_gmt":"2019-02-27T16:20:03","guid":{"rendered":"https:\/\/www.maviesanstabac.lu\/formen-des-tabakonsums\/la-shisha\/"},"modified":"2022-01-13T14:39:35","modified_gmt":"2022-01-13T13:39:35","slug":"shisha","status":"publish","type":"page","link":"https:\/\/maviesanstabac.lu\/de\/formen-des-tabakonsums\/shisha\/","title":{"rendered":"Shisha"},"content":{"rendered":"<div class=\"wpb-content-wrapper\"><p>[vc_row type=&#8221;vc_default&#8221; content_placement=&#8221;middle&#8221; margin_top=&#8221;-50&#8243; bg_type=&#8221;image&#8221; parallax_style=&#8221;vcpb-default&#8221; bg_image_new=&#8221;id^7982|url^http:\/\/www.maviesanstabac.lu\/wp-content\/uploads\/2019\/05\/head_int_modes-consommation_shiazo.jpg|caption^null|alt^null|title^head_int_modes-consommation_shiazo|description^null&#8221; bg_override=&#8221;ex-full&#8221; enable_overlay=&#8221;enable_overlay_value&#8221; overlay_pattern=&#8221;transperant&#8221; overlay_pattern_opacity=&#8221;100&#8243; overlay_pattern_size=&#8221;200&#8243; css=&#8221;.vc_custom_1557988604994{padding-top: 3% !important;padding-bottom: 0px !important;}&#8221; el_class=&#8221;internal-header&#8221;][vc_column][\/vc_column][\/vc_row][vc_row][vc_column css=&#8221;.vc_custom_1540631490734{padding-right: 40px !important;padding-left: 40px !important;}&#8221;]<div id=\"ultimate-heading-326369de2612741a1\" class=\"uvc-heading ult-adjust-bottom-margin ultimate-heading-326369de2612741a1 uvc-5735  uvc-heading-default-font-sizes\" data-hspacer=\"line_only\"  data-halign=\"center\" style=\"text-align:center\"><div class=\"uvc-main-heading ult-responsive\"  data-ultimate-target='.uvc-heading.ultimate-heading-326369de2612741a1 h2'  data-responsive-json-new='{\"font-size\":\"\",\"line-height\":\"\"}' ><h2 style=\"font-weight:bold;margin-bottom:7px;\">Shisha<\/h2><\/div><div class=\"uvc-heading-spacer line_only\" style=\"margin-top:15px;margin-bottom:25px;height:3px;\"><span class=\"uvc-headings-line\" style=\"border-style:solid;border-bottom-width:3px;border-color:#f20738;width:300px;\"><\/span><\/div><\/div>[vc_empty_space][vc_row_inner equal_height=&#8221;yes&#8221; gap=&#8221;10&#8243;][vc_column_inner width=&#8221;1\/2&#8243; css=&#8221;.vc_custom_1540217487922{padding-top: 0px !important;padding-bottom: 0px !important;}&#8221;][vc_column_text css=&#8221;.vc_custom_1590409744560{padding-right: 0px !important;padding-bottom: 20px !important;padding-left: 0px !important;}&#8221;]Shisha-Rauchen schadet der Gesundheit. Shisha-Tabak wird durch Pyrolyse bei niedrigen Temperaturen zersetzt; bei diesem Vorgang werden die dem Tabak beigef\u00fcgten Zucker- und Sirupzus\u00e4tze zu krebserregenden Substanzen umgewandelt, die die Schleimh\u00e4ute reizen, und es bilden sich Giftstoffe wie Acetaldehyd, Acrolein und Benzol in hohen Konzentrationen.<\/p>\n<p><strong>Shisha- und Zigarettenrauch enthalten dieselben sch\u00e4dlichen und krebserregenden Substanzen,<\/strong> so etwa Teer und Kohlenmonoxid. Bei einer Shisha-Session inhaliert ein Raucher etwa 125-mal so viel Rauch wie beim Rauchen einer Zigarette.<\/p>\n<p><strong>Das Wasser in der Shisha filtert die toxischen Substanzen nicht aus dem Rauch heraus,<\/strong> sondern k\u00fchlt ihn lediglich herunter, damit er sich leichter inhalieren l\u00e4sst. Der Rauch enth\u00e4lt unter anderem Schwermetalle, die der K\u00f6rper nicht abbauen kann, zum Beispiel Chrom, Nickel, Kobalt und Blei.<\/p>\n<p>Wenn man Shisha raucht, <strong>lagert sich Teer im Lungengewebe ab und beeintr\u00e4chtigt die Lungenfunktion.<\/strong> Auf manchen Tabakp\u00e4ckchen steht, dass sie keinen Teer enthalten. Und das stimmt bedingt auch, denn in dem Tabak im P\u00e4ckchen befindet sich tats\u00e4chlich kein Teer im eigentlichen Sinne. Der n\u00e4mlich entsteht erst durch Verbrennung bzw. Pyrolyse.[\/vc_column_text][vc_message style=&#8221;square&#8221; message_box_color=&#8221;danger&#8221; icon_fontawesome=&#8221;&#8221;]<\/p>\n<ul>\n<li><strong>Shisha-Rauchen beg\u00fcnstigt die \u00dcbertragung von Infektionskrankheiten.<\/strong> Wenn mehrere Personen sich ein Mundst\u00fcck teilen, kann es \u00fcber daran haftende Speichelreste zur \u00dcbertragung von Infektionskrankheiten wie Herpes, Gastritis (Magenschleimhautentz\u00fcndung), Hepatitis (Gelbsucht) und Tuberkulose kommen.<\/li>\n<li>In Luxemburg unterliegt das Shisha-Rauchen denselben Bestimmungen wie der Konsum von Zigaretten. <strong>Der Verkauf von Shisha-Tabak und E-Shishas an Jugendliche unter 18 Jahren ist verboten.<\/strong><\/li>\n<\/ul>\n<p>[\/vc_message][vc_column_text css=&#8221;.vc_custom_1590396611119{padding-right: 0px !important;padding-bottom: 20px !important;padding-left: 0px !important;}&#8221;]<strong>Shisha-Rauchen macht abh\u00e4ngig.<\/strong> Aufgrund der langen Dauer einer einzelnen Shisha-Session atmet ein Raucher dabei mehr Nikotin ein als beim Rauchen einer Zigarette. Und Nikotin bedeutet Abh\u00e4ngigkeit![\/vc_column_text][\/vc_column_inner][vc_column_inner width=&#8221;1\/2&#8243; css=&#8221;.vc_custom_1540217511840{padding-top: 0px !important;padding-bottom: 0px !important;}&#8221;][vc_single_image image=&#8221;8963&#8243; img_size=&#8221;full&#8221;][vc_column_text css=&#8221;.vc_custom_1590396640420{padding-right: 0px !important;padding-bottom: 20px !important;padding-left: 0px !important;}&#8221;]<\/p>\n<div class=\"et_pb_column et_pb_column_1_2 et_pb_column_31 et_pb_css_mix_blend_mode_passthrough\">\n<div class=\"et_pb_text et_pb_module et_pb_bg_layout_light et_pb_text_align_left et_pb_text_14\">\n<div class=\"et_pb_text_inner\">\n<p>Es gibt zwar <strong>nikotinfreien Shisha-Tabak,<\/strong> doch auch damit inhaliert man <strong>giftige und krebserregende Substanzen,<\/strong> die bei der Verbrennung des Tabaks und der Wasserpfeifenkohle entstehen. Das Rauchen von nikotinfreiem Tabak ist also ebenfalls sch\u00e4dlich f\u00fcr die Gesundheit.<\/p>\n<p><strong>Passivrauchen gibt es auch im Zusammenhang mit dem Shisha-Rauchen.<\/strong> Raucht man Shisha in einem abgeschlossenen Raum, schadet man durch die Freisetzung von Schadstoffen in die Luft der Gesundheit seiner N\u00e4chsten. Die Folgen k\u00f6nnen zum Beispiel Asthma, Lungen- und Herzkreislaufkrankheiten sein.<\/p>\n<p><strong>Und was ist eine E-Shisha?<\/strong> Eine E-, also elektrische Shisha ist ein Elektro-Verdampfer mit Mundst\u00fcck. Die farbenfrohen Ger\u00e4te sehen \u00e4hnlich aus wie ein Kugelschreiber. Darin bringt ein Akku eine Heizspirale zum Gl\u00fchen. Die Spirale ist mit einem mit Liquid getr\u00e4nkten Docht umwickelt. Dieses aromatisierte Liquid verdampft, und der entstehende Dampf wird \u00fcber das Mundst\u00fcck eingeatmet. Eine E-Shisha ist keine elektrisch betriebene Wasserpfeife, sondern eine Art E-Zigarette. Sie wird von der Tabakindustrie als Lifestyle-Produkt mit intensiven Aromen vermarktet, doch Vorsicht: Wie E-Zigaretten sind E-Shishas nicht harmlos.<\/p>\n<\/div>\n<\/div>\n<\/div>\n<p>[\/vc_column_text][vc_message style=&#8221;square&#8221; message_box_color=&#8221;danger&#8221; icon_fontawesome=&#8221;&#8221;]Wenn es um Shishas oder Wasserpfeifen geht, werden oft viele Legenden erz\u00e4hlt. Dann hei\u00dft es, eine Shisha sei aufgrund des Wassers viel ges\u00fcnder als Zigaretten. Oder jemand wirft ein, er habe mal geh\u00f6rt, in einer Shisha-Sitzung werde so viel Nikotin geraucht wie in zehn Schachteln Zigaretten.<\/p>\n<p>Diese \u201eFakten\u201c haben Sie auch schon geh\u00f6rt? Tja, leider geh\u00f6ren einige davon in die Kategorie \u201cGef\u00e4hrliches Halbwissen\u201d. <a href=\"https:\/\/www.maviesanstabac.lu\/de\/mythos-oder-fakt-2\/\" target=\"_blank\" rel=\"noopener\"><strong>Hier r\u00e4umen wir mit den gr\u00f6\u00dften Mythen auf<\/strong>.<\/a>[\/vc_message][\/vc_column_inner][\/vc_row_inner][\/vc_column][\/vc_row][vc_row][vc_column css=&#8221;.vc_custom_1540631490734{padding-right: 40px !important;padding-left: 40px !important;}&#8221;]<div id=\"ultimate-heading-87269de261274398\" class=\"uvc-heading ult-adjust-bottom-margin ultimate-heading-87269de261274398 uvc-1750 \" data-hspacer=\"line_only\"  data-halign=\"left\" style=\"text-align:left\"><div class=\"uvc-main-heading ult-responsive\"  data-ultimate-target='.uvc-heading.ultimate-heading-87269de261274398 h2'  data-responsive-json-new='{\"font-size\":\"desktop:22px;\",\"line-height\":\"desktop:32px;\"}' ><h2 style=\"font-weight:bold;color:#000000;margin-bottom:7px;\">Infomaterial<\/h2><\/div><div class=\"uvc-heading-spacer line_only\" style=\"margin-top:15px;margin-bottom:25px;height:3px;\"><span class=\"uvc-headings-line\" style=\"border-style:solid;border-bottom-width:3px;border-color:#f20738;width:300px;\"><\/span><\/div><\/div>[vc_empty_space][vc_row_inner equal_height=&#8221;yes&#8221; gap=&#8221;10&#8243;][vc_column_inner width=&#8221;1\/4&#8243; css=&#8221;.vc_custom_1540217487922{padding-top: 0px !important;padding-bottom: 0px !important;}&#8221;][vc_single_image image=&#8221;7716&#8243; img_size=&#8221;medium&#8221; onclick=&#8221;custom_link&#8221; link=&#8221;http:\/\/www.maviesanstabac.lu\/download\/den-insider-nr-66-fr\/&#8221;]<div class=\"standard-arrow list-divider bullet-top\"><ul>\n<li><a href=\"https:\/\/www.maviesanstabac.lu\/wp-content\/uploads\/2019\/05\/insider_66_WEB_FR.pdf\">Shisha: un \u00e9cran de fum\u00e9e auf Franz\u00f6sisch (PDF)<\/a><\/li>\n<\/ul>\n<\/div>[\/vc_column_inner][vc_column_inner width=&#8221;1\/4&#8243; css=&#8221;.vc_custom_1540217511840{padding-top: 0px !important;padding-bottom: 0px !important;}&#8221;][vc_single_image image=&#8221;7718&#8243; img_size=&#8221;medium&#8221; onclick=&#8221;custom_link&#8221; link=&#8221;http:\/\/www.maviesanstabac.lu\/download\/den-insider-nr-66-de\/&#8221;]<div class=\"standard-arrow list-divider bullet-top\"><ul>\n<li style=\"text-align: left;\"><a href=\"https:\/\/www.maviesanstabac.lu\/wp-content\/uploads\/2019\/05\/insider_66_WEB_DE.pdf\" rel=\"noopener noreferrer\">Shisha : Die s\u00fc\u00dfe Verf\u00fchrung auf Deutsch (PDF)<\/a><\/li>\n<\/ul>\n<\/div>[\/vc_column_inner][vc_column_inner width=&#8221;1\/4&#8243;][vc_single_image image=&#8221;10633&#8243; img_size=&#8221;medium&#8221;]<div class=\"standard-arrow list-divider bullet-top\"><ul>\n<li><a href=\"https:\/\/www.maviesanstabac.lu\/wp-content\/uploads\/2021\/09\/FondationCancer_Insider87_FR_web.pdf\">Shisha : Les risques cach\u00e9s de la fum\u00e9e parfum\u00e9e auf Franz\u00f6sisch (PDF)<\/a><\/li>\n<\/ul>\n<\/div>[\/vc_column_inner][vc_column_inner width=&#8221;1\/4&#8243;][vc_single_image image=&#8221;10635&#8243; img_size=&#8221;medium&#8221;]<div class=\"standard-arrow list-divider bullet-top\"><ul>\n<li><a href=\"https:\/\/www.maviesanstabac.lu\/wp-content\/uploads\/2021\/09\/FondationCancer_Insider87_DE_web.pdf\">Shisha: Die Gefahr hinter dem s\u00fc\u00dfen auch auf Deutsch (PDF)<\/a><\/li>\n<\/ul>\n<\/div>[\/vc_column_inner][\/vc_row_inner][vc_empty_space height=&#8221;40px&#8221;][\/vc_column][\/vc_row][vc_row type=&#8221;vc_default&#8221; full_width=&#8221;stretch_row&#8221; content_placement=&#8221;middle&#8221; parallax=&#8221;content-moving&#8221; parallax_image=&#8221;7952&#8243; enable_overlay=&#8221;enable_overlay_value&#8221; overlay_color=&#8221;#f20738&#8243; overlay_pattern=&#8221;transperant&#8221; overlay_pattern_opacity=&#8221;80&#8243; multi_color_overlay=&#8221;uvc-multi-color-bg&#8221; multi_color_overlay_opacity=&#8221;60&#8243; el_class=&#8221;accent-border-color&#8221;][vc_column]<div class=\"ult-spacer spacer-69de26127465f\" data-id=\"69de26127465f\" data-height=\"100\" data-height-mobile=\"0\" data-height-tab=\"0\" data-height-tab-portrait=\"0\" data-height-mobile-landscape=\"0\" style=\"clear:both;display:block;\"><\/div>[vc_row_inner css=&#8221;.vc_custom_1538554528820{border-radius: 2px !important;}&#8221;][vc_column_inner]<div id=\"ultimate-heading-466669de2612746ca\" class=\"uvc-heading ult-adjust-bottom-margin ultimate-heading-466669de2612746ca uvc-8658 accent-border-color uvc-heading-default-font-sizes\" data-hspacer=\"line_only\"  data-halign=\"left\" style=\"text-align:left\"><div class=\"uvc-main-heading ult-responsive\"  data-ultimate-target='.uvc-heading.ultimate-heading-466669de2612746ca h2'  data-responsive-json-new='{\"font-size\":\"\",\"line-height\":\"\"}' ><h2 style=\"font-weight:bold;color:#ffffff;margin-bottom:20px;\">E-Zigaretten<\/h2><\/div><div class=\"uvc-heading-spacer line_only\" style=\"margin-bottom:25px;height:3px;\"><span class=\"uvc-headings-line\" style=\"border-style:solid;border-bottom-width:3px;border-color:#ccc;width:300px;\"><\/span><\/div><\/div>[vc_column_text]<span style=\"color: #ffffff;\"><strong>Was ist besser: Zigaretten oder E-Zigaretten?<\/strong><\/span>[\/vc_column_text]<a href=\"https:\/\/www.maviesanstabac.lu\/de\/formen-des-tabakonsums\/e-zigaretten2\/\" class=\"btn-shortcode dt-btn-s dt-btn default-btn-color default-btn-hover-color default-btn-bg-color default-btn-bg-hover-color\" id=\"dt-btn-1\"><span>Mehr<\/span><\/a><div class=\"ult-spacer spacer-69de2612747dc\" data-id=\"69de2612747dc\" data-height=\"40\" data-height-mobile=\"20\" data-height-tab=\"20\" data-height-tab-portrait=\"20\" data-height-mobile-landscape=\"20\" style=\"clear:both;display:block;\"><\/div>[\/vc_column_inner][\/vc_row_inner]<div class=\"ult-spacer spacer-69de26127481c\" data-id=\"69de26127481c\" data-height=\"40\" data-height-mobile=\"20\" data-height-tab=\"20\" data-height-tab-portrait=\"20\" data-height-mobile-landscape=\"20\" style=\"clear:both;display:block;\"><\/div>[\/vc_column][\/vc_row][vc_row][vc_column][vc_empty_space height=&#8221;30px&#8221;][\/vc_column][\/vc_row]<\/p>\n<\/div>","protected":false},"excerpt":{"rendered":"<p>[vc_row type=&#8221;vc_default&#8221; content_placement=&#8221;middle&#8221; margin_top=&#8221;-50&#8243; bg_type=&#8221;image&#8221; parallax_style=&#8221;vcpb-default&#8221; bg_image_new=&#8221;id^7982|url^http:\/\/www.maviesanstabac.lu\/wp-content\/uploads\/2019\/05\/head_int_modes-consommation_shiazo.jpg|caption^null|alt^null|title^head_int_modes-consommation_shiazo|description^null&#8221; bg_override=&#8221;ex-full&#8221; enable_overlay=&#8221;enable_overlay_value&#8221; overlay_pattern=&#8221;transperant&#8221; overlay_pattern_opacity=&#8221;100&#8243; overlay_pattern_size=&#8221;200&#8243; css=&#8221;.vc_custom_1557988604994{padding-top: 3% !important;padding-bottom: 0px !important;}&#8221; el_class=&#8221;internal-header&#8221;][vc_column][\/vc_column][\/vc_row][vc_row][vc_column css=&#8221;.vc_custom_1540631490734{padding-right: 40px !important;padding-left: 40px !important;}&#8221;][vc_empty_space][vc_row_inner equal_height=&#8221;yes&#8221; gap=&#8221;10&#8243;][vc_column_inner width=&#8221;1\/2&#8243; css=&#8221;.vc_custom_1540217487922{padding-top: 0px !important;padding-bottom: 0px !important;}&#8221;][vc_column_text css=&#8221;.vc_custom_1590409744560{padding-right: 0px !important;padding-bottom: 20px !important;padding-left: 0px !important;}&#8221;]Shisha-Rauchen schadet der Gesundheit. Shisha-Tabak wird durch Pyrolyse bei niedrigen Temperaturen zersetzt; bei diesem Vorgang werden die dem&hellip;<\/p>\n","protected":false},"author":1,"featured_media":3368,"parent":8946,"menu_order":0,"comment_status":"closed","ping_status":"closed","template":"","meta":{"footnotes":""},"class_list":["post-8960","page","type-page","status-publish","has-post-thumbnail","hentry","description-off"],"yoast_head":"<!-- This site is optimized with the Yoast SEO plugin v27.0 - https:\/\/yoast.com\/product\/yoast-seo-wordpress\/ -->\n<title>Shisha - Ma vie sans tabac<\/title>\n<meta name=\"description\" content=\"Shisha-Rauchen schadet der Gesundheit. Shisha-Tabak wird durch Pyrolyse bei niedrigen Temperaturen zersetzt; bei diesem Vorgang werden die dem Tabak beigef\u00fcgten Zucker- und Sirupzus\u00e4tze zu krebserregenden Substanzen umgewandelt.\" \/>\n<meta name=\"robots\" content=\"index, follow, max-snippet:-1, max-image-preview:large, max-video-preview:-1\" \/>\n<link rel=\"canonical\" href=\"https:\/\/maviesanstabac.lu\/de\/formen-des-tabakonsums\/shisha\/\" \/>\n<meta property=\"og:locale\" content=\"de_DE\" \/>\n<meta property=\"og:type\" content=\"article\" \/>\n<meta property=\"og:title\" content=\"Shisha - Ma vie sans tabac\" \/>\n<meta property=\"og:description\" content=\"Shisha-Rauchen schadet der Gesundheit. Shisha-Tabak wird durch Pyrolyse bei niedrigen Temperaturen zersetzt; bei diesem Vorgang werden die dem Tabak beigef\u00fcgten Zucker- und Sirupzus\u00e4tze zu krebserregenden Substanzen umgewandelt.\" \/>\n<meta property=\"og:url\" content=\"https:\/\/maviesanstabac.lu\/de\/formen-des-tabakonsums\/shisha\/\" \/>\n<meta property=\"og:site_name\" content=\"ma vie sans tabac\" \/>\n<meta property=\"article:modified_time\" content=\"2022-01-13T13:39:35+00:00\" \/>\n<meta name=\"twitter:card\" content=\"summary_large_image\" \/>\n<meta name=\"twitter:image\" content=\"https:\/\/maviesanstabac.lu\/wp-content\/uploads\/2017\/06\/FondationCancer.jpg\" \/>\n<meta name=\"twitter:label1\" content=\"Gesch\u00e4tzte Lesezeit\" \/>\n\t<meta name=\"twitter:data1\" content=\"4\u00a0Minuten\" \/>\n<script type=\"application\/ld+json\" class=\"yoast-schema-graph\">{\"@context\":\"https:\/\/schema.org\",\"@graph\":[{\"@type\":\"WebPage\",\"@id\":\"https:\/\/maviesanstabac.lu\/de\/formen-des-tabakonsums\/shisha\/\",\"url\":\"https:\/\/maviesanstabac.lu\/de\/formen-des-tabakonsums\/shisha\/\",\"name\":\"Shisha - Ma vie sans tabac\",\"isPartOf\":{\"@id\":\"https:\/\/maviesanstabac.lu\/de\/#website\"},\"primaryImageOfPage\":{\"@id\":\"https:\/\/maviesanstabac.lu\/de\/formen-des-tabakonsums\/shisha\/#primaryimage\"},\"image\":{\"@id\":\"https:\/\/maviesanstabac.lu\/de\/formen-des-tabakonsums\/shisha\/#primaryimage\"},\"thumbnailUrl\":\"https:\/\/maviesanstabac.lu\/wp-content\/uploads\/2017\/06\/FondationCancer.jpg\",\"datePublished\":\"2019-02-27T16:20:03+00:00\",\"dateModified\":\"2022-01-13T13:39:35+00:00\",\"description\":\"Shisha-Rauchen schadet der Gesundheit. Shisha-Tabak wird durch Pyrolyse bei niedrigen Temperaturen zersetzt; bei diesem Vorgang werden die dem Tabak beigef\u00fcgten Zucker- und Sirupzus\u00e4tze zu krebserregenden Substanzen umgewandelt.\",\"breadcrumb\":{\"@id\":\"https:\/\/maviesanstabac.lu\/de\/formen-des-tabakonsums\/shisha\/#breadcrumb\"},\"inLanguage\":\"de\",\"potentialAction\":[{\"@type\":\"ReadAction\",\"target\":[\"https:\/\/maviesanstabac.lu\/de\/formen-des-tabakonsums\/shisha\/\"]}]},{\"@type\":\"ImageObject\",\"inLanguage\":\"de\",\"@id\":\"https:\/\/maviesanstabac.lu\/de\/formen-des-tabakonsums\/shisha\/#primaryimage\",\"url\":\"https:\/\/maviesanstabac.lu\/wp-content\/uploads\/2017\/06\/FondationCancer.jpg\",\"contentUrl\":\"https:\/\/maviesanstabac.lu\/wp-content\/uploads\/2017\/06\/FondationCancer.jpg\",\"width\":991,\"height\":1200},{\"@type\":\"BreadcrumbList\",\"@id\":\"https:\/\/maviesanstabac.lu\/de\/formen-des-tabakonsums\/shisha\/#breadcrumb\",\"itemListElement\":[{\"@type\":\"ListItem\",\"position\":1,\"name\":\"Accueil\",\"item\":\"https:\/\/maviesanstabac.lu\/de\/\"},{\"@type\":\"ListItem\",\"position\":2,\"name\":\"Formen des Tabakkonsums\",\"item\":\"https:\/\/maviesanstabac.lu\/de\/formen-des-tabakonsums\/\"},{\"@type\":\"ListItem\",\"position\":3,\"name\":\"Shisha\"}]},{\"@type\":\"WebSite\",\"@id\":\"https:\/\/maviesanstabac.lu\/de\/#website\",\"url\":\"https:\/\/maviesanstabac.lu\/de\/\",\"name\":\"ma vie sans tabac\",\"description\":\"Sans tabac pour une vie plus saine\",\"potentialAction\":[{\"@type\":\"SearchAction\",\"target\":{\"@type\":\"EntryPoint\",\"urlTemplate\":\"https:\/\/maviesanstabac.lu\/de\/?s={search_term_string}\"},\"query-input\":{\"@type\":\"PropertyValueSpecification\",\"valueRequired\":true,\"valueName\":\"search_term_string\"}}],\"inLanguage\":\"de\"}]}<\/script>\n<!-- \/ Yoast SEO plugin. -->","yoast_head_json":{"title":"Shisha - Ma vie sans tabac","description":"Shisha-Rauchen schadet der Gesundheit. Shisha-Tabak wird durch Pyrolyse bei niedrigen Temperaturen zersetzt; bei diesem Vorgang werden die dem Tabak beigef\u00fcgten Zucker- und Sirupzus\u00e4tze zu krebserregenden Substanzen umgewandelt.","robots":{"index":"index","follow":"follow","max-snippet":"max-snippet:-1","max-image-preview":"max-image-preview:large","max-video-preview":"max-video-preview:-1"},"canonical":"https:\/\/maviesanstabac.lu\/de\/formen-des-tabakonsums\/shisha\/","og_locale":"de_DE","og_type":"article","og_title":"Shisha - Ma vie sans tabac","og_description":"Shisha-Rauchen schadet der Gesundheit. Shisha-Tabak wird durch Pyrolyse bei niedrigen Temperaturen zersetzt; bei diesem Vorgang werden die dem Tabak beigef\u00fcgten Zucker- und Sirupzus\u00e4tze zu krebserregenden Substanzen umgewandelt.","og_url":"https:\/\/maviesanstabac.lu\/de\/formen-des-tabakonsums\/shisha\/","og_site_name":"ma vie sans tabac","article_modified_time":"2022-01-13T13:39:35+00:00","twitter_card":"summary_large_image","twitter_image":"https:\/\/maviesanstabac.lu\/wp-content\/uploads\/2017\/06\/FondationCancer.jpg","twitter_misc":{"Gesch\u00e4tzte Lesezeit":"4\u00a0Minuten"},"schema":{"@context":"https:\/\/schema.org","@graph":[{"@type":"WebPage","@id":"https:\/\/maviesanstabac.lu\/de\/formen-des-tabakonsums\/shisha\/","url":"https:\/\/maviesanstabac.lu\/de\/formen-des-tabakonsums\/shisha\/","name":"Shisha - Ma vie sans tabac","isPartOf":{"@id":"https:\/\/maviesanstabac.lu\/de\/#website"},"primaryImageOfPage":{"@id":"https:\/\/maviesanstabac.lu\/de\/formen-des-tabakonsums\/shisha\/#primaryimage"},"image":{"@id":"https:\/\/maviesanstabac.lu\/de\/formen-des-tabakonsums\/shisha\/#primaryimage"},"thumbnailUrl":"https:\/\/maviesanstabac.lu\/wp-content\/uploads\/2017\/06\/FondationCancer.jpg","datePublished":"2019-02-27T16:20:03+00:00","dateModified":"2022-01-13T13:39:35+00:00","description":"Shisha-Rauchen schadet der Gesundheit. Shisha-Tabak wird durch Pyrolyse bei niedrigen Temperaturen zersetzt; bei diesem Vorgang werden die dem Tabak beigef\u00fcgten Zucker- und Sirupzus\u00e4tze zu krebserregenden Substanzen umgewandelt.","breadcrumb":{"@id":"https:\/\/maviesanstabac.lu\/de\/formen-des-tabakonsums\/shisha\/#breadcrumb"},"inLanguage":"de","potentialAction":[{"@type":"ReadAction","target":["https:\/\/maviesanstabac.lu\/de\/formen-des-tabakonsums\/shisha\/"]}]},{"@type":"ImageObject","inLanguage":"de","@id":"https:\/\/maviesanstabac.lu\/de\/formen-des-tabakonsums\/shisha\/#primaryimage","url":"https:\/\/maviesanstabac.lu\/wp-content\/uploads\/2017\/06\/FondationCancer.jpg","contentUrl":"https:\/\/maviesanstabac.lu\/wp-content\/uploads\/2017\/06\/FondationCancer.jpg","width":991,"height":1200},{"@type":"BreadcrumbList","@id":"https:\/\/maviesanstabac.lu\/de\/formen-des-tabakonsums\/shisha\/#breadcrumb","itemListElement":[{"@type":"ListItem","position":1,"name":"Accueil","item":"https:\/\/maviesanstabac.lu\/de\/"},{"@type":"ListItem","position":2,"name":"Formen des Tabakkonsums","item":"https:\/\/maviesanstabac.lu\/de\/formen-des-tabakonsums\/"},{"@type":"ListItem","position":3,"name":"Shisha"}]},{"@type":"WebSite","@id":"https:\/\/maviesanstabac.lu\/de\/#website","url":"https:\/\/maviesanstabac.lu\/de\/","name":"ma vie sans tabac","description":"Sans tabac pour une vie plus saine","potentialAction":[{"@type":"SearchAction","target":{"@type":"EntryPoint","urlTemplate":"https:\/\/maviesanstabac.lu\/de\/?s={search_term_string}"},"query-input":{"@type":"PropertyValueSpecification","valueRequired":true,"valueName":"search_term_string"}}],"inLanguage":"de"}]}},"_links":{"self":[{"href":"https:\/\/maviesanstabac.lu\/de\/wp-json\/wp\/v2\/pages\/8960","targetHints":{"allow":["GET"]}}],"collection":[{"href":"https:\/\/maviesanstabac.lu\/de\/wp-json\/wp\/v2\/pages"}],"about":[{"href":"https:\/\/maviesanstabac.lu\/de\/wp-json\/wp\/v2\/types\/page"}],"author":[{"embeddable":true,"href":"https:\/\/maviesanstabac.lu\/de\/wp-json\/wp\/v2\/users\/1"}],"replies":[{"embeddable":true,"href":"https:\/\/maviesanstabac.lu\/de\/wp-json\/wp\/v2\/comments?post=8960"}],"version-history":[{"count":14,"href":"https:\/\/maviesanstabac.lu\/de\/wp-json\/wp\/v2\/pages\/8960\/revisions"}],"predecessor-version":[{"id":10853,"href":"https:\/\/maviesanstabac.lu\/de\/wp-json\/wp\/v2\/pages\/8960\/revisions\/10853"}],"up":[{"embeddable":true,"href":"https:\/\/maviesanstabac.lu\/de\/wp-json\/wp\/v2\/pages\/8946"}],"wp:featuredmedia":[{"embeddable":true,"href":"https:\/\/maviesanstabac.lu\/de\/wp-json\/wp\/v2\/media\/3368"}],"wp:attachment":[{"href":"https:\/\/maviesanstabac.lu\/de\/wp-json\/wp\/v2\/media?parent=8960"}],"curies":[{"name":"wp","href":"https:\/\/api.w.org\/{rel}","templated":true}]}}