{"id":8965,"date":"2019-02-27T13:43:12","date_gmt":"2019-02-27T12:43:12","guid":{"rendered":"https:\/\/www.maviesanstabac.lu\/formen-des-tabakonsums\/les-cigarettes\/"},"modified":"2023-03-20T15:19:12","modified_gmt":"2023-03-20T14:19:12","slug":"zigaretten","status":"publish","type":"page","link":"https:\/\/maviesanstabac.lu\/de\/formen-des-tabakonsums\/zigaretten\/","title":{"rendered":"Zigaretten"},"content":{"rendered":"<div class=\"wpb-content-wrapper\"><p>[vc_row type=&#8221;vc_default&#8221; content_placement=&#8221;middle&#8221; margin_top=&#8221;-50&#8243; bg_type=&#8221;image&#8221; parallax_style=&#8221;vcpb-default&#8221; bg_image_new=&#8221;id^7479|url^http:\/\/www.maviesanstabac.lu\/wp-content\/uploads\/2019\/02\/head-int-cigarettes.jpg|caption^null|alt^null|title^head-int-cigarettes|description^null&#8221; bg_override=&#8221;ex-full&#8221; enable_overlay=&#8221;enable_overlay_value&#8221; overlay_pattern=&#8221;transperant&#8221; overlay_pattern_opacity=&#8221;100&#8243; overlay_pattern_size=&#8221;200&#8243; css=&#8221;.vc_custom_1551282863114{padding-top: 3% !important;padding-bottom: 0px !important;}&#8221; el_class=&#8221;internal-header&#8221;][vc_column][\/vc_column][\/vc_row][vc_row][vc_column css=&#8221;.vc_custom_1540631490734{padding-right: 40px !important;padding-left: 40px !important;}&#8221;]<div id=\"ultimate-heading-86669de27beed511\" class=\"uvc-heading ult-adjust-bottom-margin ultimate-heading-86669de27beed511 uvc-9676  uvc-heading-default-font-sizes\" data-hspacer=\"line_only\"  data-halign=\"center\" style=\"text-align:center\"><div class=\"uvc-main-heading ult-responsive\"  data-ultimate-target='.uvc-heading.ultimate-heading-86669de27beed511 h2'  data-responsive-json-new='{\"font-size\":\"\",\"line-height\":\"\"}' ><h2 style=\"font-weight:bold;margin-bottom:7px;\">Zigaretten<\/h2><\/div><div class=\"uvc-heading-spacer line_only\" style=\"margin-top:15px;margin-bottom:25px;height:3px;\"><span class=\"uvc-headings-line\" style=\"border-style:solid;border-bottom-width:3px;border-color:#f20738;width:300px;\"><\/span><\/div><\/div>[vc_empty_space][vc_row_inner equal_height=&#8221;yes&#8221; gap=&#8221;10&#8243;][vc_column_inner width=&#8221;1\/2&#8243; css=&#8221;.vc_custom_1540217487922{padding-top: 0px !important;padding-bottom: 0px !important;}&#8221;]<div id=\"ultimate-heading-105469de27beed66b\" class=\"uvc-heading ult-adjust-bottom-margin ultimate-heading-105469de27beed66b uvc-301 \" data-hspacer=\"line_only\"  data-halign=\"left\" style=\"text-align:left\"><div class=\"uvc-main-heading ult-responsive\"  data-ultimate-target='.uvc-heading.ultimate-heading-105469de27beed66b h2'  data-responsive-json-new='{\"font-size\":\"desktop:22px;\",\"line-height\":\"desktop:32px;\"}' ><h2 style=\"font-weight:bold;color:#000000;margin-bottom:7px;\">Klassische Zigaretten<\/h2><\/div><div class=\"uvc-heading-spacer line_only\" style=\"margin-top:15px;margin-bottom:25px;height:3px;\"><span class=\"uvc-headings-line\" style=\"border-style:solid;border-bottom-width:3px;border-color:#f20738;width:70px;\"><\/span><\/div><\/div>[vc_single_image image=&#8221;8966&#8243; img_size=&#8221;full&#8221;][vc_column_text css=&#8221;.vc_custom_1590395618910{padding-right: 0px !important;padding-bottom: 20px !important;padding-left: 0px !important;}&#8221;]Die meisten Raucher rauchen industriell produzierte Zigaretten. Der Konsum von Zigaretten ist Ursache von Erkrankungen und funktionellen St\u00f6rungen an fast allen Organen.[\/vc_column_text]<a href=\"https:\/\/www.maviesanstabac.lu\/de\/die-schaedlichen-auswirkungen-des-tabakkonsums\/\" class=\"btn-shortcode dt-btn-s dt-btn default-btn-color default-btn-hover-color default-btn-bg-color default-btn-bg-hover-color\" id=\"dt-btn-1\"><span>Mehr \u00fcber die sch\u00e4dlichen Auswirkungen von Tabakkonsum erfahren<\/span><\/a>[\/vc_column_inner][vc_column_inner width=&#8221;1\/2&#8243; css=&#8221;.vc_custom_1540217511840{padding-top: 0px !important;padding-bottom: 0px !important;}&#8221;]<div id=\"ultimate-heading-759369de27beed802\" class=\"uvc-heading ult-adjust-bottom-margin ultimate-heading-759369de27beed802 uvc-9898 \" data-hspacer=\"line_only\"  data-halign=\"left\" style=\"text-align:left\"><div class=\"uvc-main-heading ult-responsive\"  data-ultimate-target='.uvc-heading.ultimate-heading-759369de27beed802 h2'  data-responsive-json-new='{\"font-size\":\"desktop:22px;\",\"line-height\":\"desktop:32px;\"}' ><h2 style=\"font-weight:bold;color:#000000;margin-bottom:7px;\">Selbstgedrehte Zigaretten<\/h2><\/div><div class=\"uvc-heading-spacer line_only\" style=\"margin-top:15px;margin-bottom:25px;height:3px;\"><span class=\"uvc-headings-line\" style=\"border-style:solid;border-bottom-width:3px;border-color:#f20738;width:70px;\"><\/span><\/div><\/div>[vc_single_image image=&#8221;8968&#8243; img_size=&#8221;full&#8221;][vc_column_text css=&#8221;.vc_custom_1679321949721{padding-right: 0px !important;padding-bottom: 20px !important;padding-left: 0px !important;}&#8221;]<strong>Drehtabak <\/strong>ist noch sch\u00e4dlicher f\u00fcr die Gesundheit als klassische Zigaretten. Manche Raucher ziehen Drehtabak nicht nur vor, weil er g\u00fcnstiger ist, sondern weil sie ihn \u2013 zu Unrecht \u2013 f\u00fcr weniger sch\u00e4dlich halten: Sie glauben, er sei \u201enat\u00fcrlicher\u201c.<\/p>\n<p>Dabei ist Drehtabak noch giftiger als <strong>industriell gefertigte Zigaretten.<\/strong> Eine selbstgedrehte Zigarette enth\u00e4lt <strong>drei- bis sechsmal<\/strong> mehr Nikotin, Teer und Kohlenstoff. Der genaue Wert h\u00e4ngt von der Art des Tabaks und den Bl\u00e4ttchen sowie davon ab, wie die Zigarette gedreht ist.<\/p>\n<p>Der Rauch einer klassischen Zigarette enth\u00e4lt <strong>7.000 chemische Substanzen,<\/strong> von denen mindestens 70 krebserregend sind. Beim Drehtabak setzt die Industrie noch weitere chemische Substanzen zu, um ein Verkleben zu verhindern.[\/vc_column_text][\/vc_column_inner][\/vc_row_inner]<div class=\"ult-spacer spacer-69de27beed89d\" data-id=\"69de27beed89d\" data-height=\"40\" data-height-mobile=\"20\" data-height-tab=\"20\" data-height-tab-portrait=\"20\" data-height-mobile-landscape=\"20\" style=\"clear:both;display:block;\"><\/div>[\/vc_column][\/vc_row][vc_row type=&#8221;vc_default&#8221; full_width=&#8221;stretch_row&#8221; content_placement=&#8221;middle&#8221; parallax=&#8221;content-moving&#8221; parallax_image=&#8221;7482&#8243; enable_overlay=&#8221;enable_overlay_value&#8221; overlay_color=&#8221;#f20738&#8243; overlay_pattern=&#8221;transperant&#8221; overlay_pattern_opacity=&#8221;80&#8243; multi_color_overlay=&#8221;uvc-multi-color-bg&#8221; multi_color_overlay_opacity=&#8221;60&#8243; el_class=&#8221;accent-border-color&#8221;][vc_column]<div class=\"ult-spacer spacer-69de27beed8f0\" data-id=\"69de27beed8f0\" data-height=\"100\" data-height-mobile=\"0\" data-height-tab=\"0\" data-height-tab-portrait=\"0\" data-height-mobile-landscape=\"0\" style=\"clear:both;display:block;\"><\/div>[vc_row_inner css=&#8221;.vc_custom_1538554528820{border-radius: 2px !important;}&#8221;][vc_column_inner]<div id=\"ultimate-heading-531069de27beed996\" class=\"uvc-heading ult-adjust-bottom-margin ultimate-heading-531069de27beed996 uvc-2546 accent-border-color uvc-heading-default-font-sizes\" data-hspacer=\"line_only\"  data-halign=\"left\" style=\"text-align:left\"><div class=\"uvc-main-heading ult-responsive\"  data-ultimate-target='.uvc-heading.ultimate-heading-531069de27beed996 h2'  data-responsive-json-new='{\"font-size\":\"\",\"line-height\":\"\"}' ><h2 style=\"font-weight:bold;color:#ffffff;margin-bottom:20px;\">Zigarre und Pfeife<\/h2><\/div><div class=\"uvc-heading-spacer line_only\" style=\"margin-bottom:25px;height:3px;\"><span class=\"uvc-headings-line\" style=\"border-style:solid;border-bottom-width:3px;border-color:#ccc;width:300px;\"><\/span><\/div><\/div>[vc_column_text]<span style=\"color: #ffffff;\"><strong>Viele Menschen glauben, dass Zigarre und Pfeife weniger gesundheitsgef\u00e4hrdend sind als Zigaretten.<\/strong><\/span>[\/vc_column_text]<a href=\"https:\/\/www.maviesanstabac.lu\/de\/formen-des-tabakonsums\/zigarre-und-pfeife\/\" class=\"btn-shortcode dt-btn-s dt-btn default-btn-color default-btn-hover-color default-btn-bg-color default-btn-bg-hover-color\" id=\"dt-btn-2\"><span>Mehr<\/span><\/a><div class=\"ult-spacer spacer-69de27beedaf5\" data-id=\"69de27beedaf5\" data-height=\"40\" data-height-mobile=\"20\" data-height-tab=\"20\" data-height-tab-portrait=\"20\" data-height-mobile-landscape=\"20\" style=\"clear:both;display:block;\"><\/div>[\/vc_column_inner][\/vc_row_inner]<div class=\"ult-spacer spacer-69de27beedb39\" data-id=\"69de27beedb39\" data-height=\"40\" data-height-mobile=\"20\" data-height-tab=\"20\" data-height-tab-portrait=\"20\" data-height-mobile-landscape=\"20\" style=\"clear:both;display:block;\"><\/div>[\/vc_column][\/vc_row][vc_row][vc_column][vc_empty_space height=&#8221;30px&#8221;][\/vc_column][\/vc_row]<\/p>\n<\/div>","protected":false},"excerpt":{"rendered":"<p>[vc_row type=&#8221;vc_default&#8221; content_placement=&#8221;middle&#8221; margin_top=&#8221;-50&#8243; bg_type=&#8221;image&#8221; parallax_style=&#8221;vcpb-default&#8221; bg_image_new=&#8221;id^7479|url^http:\/\/www.maviesanstabac.lu\/wp-content\/uploads\/2019\/02\/head-int-cigarettes.jpg|caption^null|alt^null|title^head-int-cigarettes|description^null&#8221; bg_override=&#8221;ex-full&#8221; enable_overlay=&#8221;enable_overlay_value&#8221; overlay_pattern=&#8221;transperant&#8221; overlay_pattern_opacity=&#8221;100&#8243; overlay_pattern_size=&#8221;200&#8243; css=&#8221;.vc_custom_1551282863114{padding-top: 3% !important;padding-bottom: 0px !important;}&#8221; el_class=&#8221;internal-header&#8221;][vc_column][\/vc_column][\/vc_row][vc_row][vc_column css=&#8221;.vc_custom_1540631490734{padding-right: 40px !important;padding-left: 40px !important;}&#8221;][vc_empty_space][vc_row_inner equal_height=&#8221;yes&#8221; gap=&#8221;10&#8243;][vc_column_inner width=&#8221;1\/2&#8243; css=&#8221;.vc_custom_1540217487922{padding-top: 0px !important;padding-bottom: 0px !important;}&#8221;][vc_single_image image=&#8221;8966&#8243; img_size=&#8221;full&#8221;][vc_column_text css=&#8221;.vc_custom_1590395618910{padding-right: 0px !important;padding-bottom: 20px !important;padding-left: 0px !important;}&#8221;]Die meisten Raucher rauchen industriell produzierte Zigaretten. Der Konsum von Zigaretten ist Ursache von Erkrankungen und&hellip;<\/p>\n","protected":false},"author":1,"featured_media":3368,"parent":8946,"menu_order":0,"comment_status":"closed","ping_status":"closed","template":"","meta":{"footnotes":""},"class_list":["post-8965","page","type-page","status-publish","has-post-thumbnail","hentry","description-off"],"yoast_head":"<!-- This site is optimized with the Yoast SEO plugin v27.0 - https:\/\/yoast.com\/product\/yoast-seo-wordpress\/ -->\n<title>Zigaretten - Ma vie sans tabac<\/title>\n<meta name=\"description\" content=\"Der Konsum von Zigaretten ist Ursache von Erkrankungen und funktionellen St\u00f6rungen an fast allen Organen.\" \/>\n<meta name=\"robots\" content=\"index, follow, max-snippet:-1, max-image-preview:large, max-video-preview:-1\" \/>\n<link rel=\"canonical\" href=\"https:\/\/maviesanstabac.lu\/de\/formen-des-tabakonsums\/zigaretten\/\" \/>\n<meta property=\"og:locale\" content=\"de_DE\" \/>\n<meta property=\"og:type\" content=\"article\" \/>\n<meta property=\"og:title\" content=\"Zigaretten - Ma vie sans tabac\" \/>\n<meta property=\"og:description\" content=\"Der Konsum von Zigaretten ist Ursache von Erkrankungen und funktionellen St\u00f6rungen an fast allen Organen.\" \/>\n<meta property=\"og:url\" content=\"https:\/\/maviesanstabac.lu\/de\/formen-des-tabakonsums\/zigaretten\/\" \/>\n<meta property=\"og:site_name\" content=\"ma vie sans tabac\" \/>\n<meta property=\"article:modified_time\" content=\"2023-03-20T14:19:12+00:00\" \/>\n<meta name=\"twitter:card\" content=\"summary_large_image\" \/>\n<meta name=\"twitter:image\" content=\"https:\/\/maviesanstabac.lu\/wp-content\/uploads\/2017\/06\/FondationCancer.jpg\" \/>\n<meta name=\"twitter:label1\" content=\"Gesch\u00e4tzte Lesezeit\" \/>\n\t<meta name=\"twitter:data1\" content=\"2\u00a0Minuten\" \/>\n<script type=\"application\/ld+json\" class=\"yoast-schema-graph\">{\"@context\":\"https:\/\/schema.org\",\"@graph\":[{\"@type\":\"WebPage\",\"@id\":\"https:\/\/maviesanstabac.lu\/de\/formen-des-tabakonsums\/zigaretten\/\",\"url\":\"https:\/\/maviesanstabac.lu\/de\/formen-des-tabakonsums\/zigaretten\/\",\"name\":\"Zigaretten - Ma vie sans tabac\",\"isPartOf\":{\"@id\":\"https:\/\/maviesanstabac.lu\/de\/#website\"},\"primaryImageOfPage\":{\"@id\":\"https:\/\/maviesanstabac.lu\/de\/formen-des-tabakonsums\/zigaretten\/#primaryimage\"},\"image\":{\"@id\":\"https:\/\/maviesanstabac.lu\/de\/formen-des-tabakonsums\/zigaretten\/#primaryimage\"},\"thumbnailUrl\":\"https:\/\/maviesanstabac.lu\/wp-content\/uploads\/2017\/06\/FondationCancer.jpg\",\"datePublished\":\"2019-02-27T12:43:12+00:00\",\"dateModified\":\"2023-03-20T14:19:12+00:00\",\"description\":\"Der Konsum von Zigaretten ist Ursache von Erkrankungen und funktionellen St\u00f6rungen an fast allen Organen.\",\"breadcrumb\":{\"@id\":\"https:\/\/maviesanstabac.lu\/de\/formen-des-tabakonsums\/zigaretten\/#breadcrumb\"},\"inLanguage\":\"de\",\"potentialAction\":[{\"@type\":\"ReadAction\",\"target\":[\"https:\/\/maviesanstabac.lu\/de\/formen-des-tabakonsums\/zigaretten\/\"]}]},{\"@type\":\"ImageObject\",\"inLanguage\":\"de\",\"@id\":\"https:\/\/maviesanstabac.lu\/de\/formen-des-tabakonsums\/zigaretten\/#primaryimage\",\"url\":\"https:\/\/maviesanstabac.lu\/wp-content\/uploads\/2017\/06\/FondationCancer.jpg\",\"contentUrl\":\"https:\/\/maviesanstabac.lu\/wp-content\/uploads\/2017\/06\/FondationCancer.jpg\",\"width\":991,\"height\":1200},{\"@type\":\"BreadcrumbList\",\"@id\":\"https:\/\/maviesanstabac.lu\/de\/formen-des-tabakonsums\/zigaretten\/#breadcrumb\",\"itemListElement\":[{\"@type\":\"ListItem\",\"position\":1,\"name\":\"Accueil\",\"item\":\"https:\/\/maviesanstabac.lu\/de\/\"},{\"@type\":\"ListItem\",\"position\":2,\"name\":\"Formen des Tabakkonsums\",\"item\":\"https:\/\/maviesanstabac.lu\/de\/formen-des-tabakonsums\/\"},{\"@type\":\"ListItem\",\"position\":3,\"name\":\"Zigaretten\"}]},{\"@type\":\"WebSite\",\"@id\":\"https:\/\/maviesanstabac.lu\/de\/#website\",\"url\":\"https:\/\/maviesanstabac.lu\/de\/\",\"name\":\"ma vie sans tabac\",\"description\":\"Sans tabac pour une vie plus saine\",\"potentialAction\":[{\"@type\":\"SearchAction\",\"target\":{\"@type\":\"EntryPoint\",\"urlTemplate\":\"https:\/\/maviesanstabac.lu\/de\/?s={search_term_string}\"},\"query-input\":{\"@type\":\"PropertyValueSpecification\",\"valueRequired\":true,\"valueName\":\"search_term_string\"}}],\"inLanguage\":\"de\"}]}<\/script>\n<!-- \/ Yoast SEO plugin. -->","yoast_head_json":{"title":"Zigaretten - Ma vie sans tabac","description":"Der Konsum von Zigaretten ist Ursache von Erkrankungen und funktionellen St\u00f6rungen an fast allen Organen.","robots":{"index":"index","follow":"follow","max-snippet":"max-snippet:-1","max-image-preview":"max-image-preview:large","max-video-preview":"max-video-preview:-1"},"canonical":"https:\/\/maviesanstabac.lu\/de\/formen-des-tabakonsums\/zigaretten\/","og_locale":"de_DE","og_type":"article","og_title":"Zigaretten - Ma vie sans tabac","og_description":"Der Konsum von Zigaretten ist Ursache von Erkrankungen und funktionellen St\u00f6rungen an fast allen Organen.","og_url":"https:\/\/maviesanstabac.lu\/de\/formen-des-tabakonsums\/zigaretten\/","og_site_name":"ma vie sans tabac","article_modified_time":"2023-03-20T14:19:12+00:00","twitter_card":"summary_large_image","twitter_image":"https:\/\/maviesanstabac.lu\/wp-content\/uploads\/2017\/06\/FondationCancer.jpg","twitter_misc":{"Gesch\u00e4tzte Lesezeit":"2\u00a0Minuten"},"schema":{"@context":"https:\/\/schema.org","@graph":[{"@type":"WebPage","@id":"https:\/\/maviesanstabac.lu\/de\/formen-des-tabakonsums\/zigaretten\/","url":"https:\/\/maviesanstabac.lu\/de\/formen-des-tabakonsums\/zigaretten\/","name":"Zigaretten - Ma vie sans tabac","isPartOf":{"@id":"https:\/\/maviesanstabac.lu\/de\/#website"},"primaryImageOfPage":{"@id":"https:\/\/maviesanstabac.lu\/de\/formen-des-tabakonsums\/zigaretten\/#primaryimage"},"image":{"@id":"https:\/\/maviesanstabac.lu\/de\/formen-des-tabakonsums\/zigaretten\/#primaryimage"},"thumbnailUrl":"https:\/\/maviesanstabac.lu\/wp-content\/uploads\/2017\/06\/FondationCancer.jpg","datePublished":"2019-02-27T12:43:12+00:00","dateModified":"2023-03-20T14:19:12+00:00","description":"Der Konsum von Zigaretten ist Ursache von Erkrankungen und funktionellen St\u00f6rungen an fast allen Organen.","breadcrumb":{"@id":"https:\/\/maviesanstabac.lu\/de\/formen-des-tabakonsums\/zigaretten\/#breadcrumb"},"inLanguage":"de","potentialAction":[{"@type":"ReadAction","target":["https:\/\/maviesanstabac.lu\/de\/formen-des-tabakonsums\/zigaretten\/"]}]},{"@type":"ImageObject","inLanguage":"de","@id":"https:\/\/maviesanstabac.lu\/de\/formen-des-tabakonsums\/zigaretten\/#primaryimage","url":"https:\/\/maviesanstabac.lu\/wp-content\/uploads\/2017\/06\/FondationCancer.jpg","contentUrl":"https:\/\/maviesanstabac.lu\/wp-content\/uploads\/2017\/06\/FondationCancer.jpg","width":991,"height":1200},{"@type":"BreadcrumbList","@id":"https:\/\/maviesanstabac.lu\/de\/formen-des-tabakonsums\/zigaretten\/#breadcrumb","itemListElement":[{"@type":"ListItem","position":1,"name":"Accueil","item":"https:\/\/maviesanstabac.lu\/de\/"},{"@type":"ListItem","position":2,"name":"Formen des Tabakkonsums","item":"https:\/\/maviesanstabac.lu\/de\/formen-des-tabakonsums\/"},{"@type":"ListItem","position":3,"name":"Zigaretten"}]},{"@type":"WebSite","@id":"https:\/\/maviesanstabac.lu\/de\/#website","url":"https:\/\/maviesanstabac.lu\/de\/","name":"ma vie sans tabac","description":"Sans tabac pour une vie plus saine","potentialAction":[{"@type":"SearchAction","target":{"@type":"EntryPoint","urlTemplate":"https:\/\/maviesanstabac.lu\/de\/?s={search_term_string}"},"query-input":{"@type":"PropertyValueSpecification","valueRequired":true,"valueName":"search_term_string"}}],"inLanguage":"de"}]}},"_links":{"self":[{"href":"https:\/\/maviesanstabac.lu\/de\/wp-json\/wp\/v2\/pages\/8965","targetHints":{"allow":["GET"]}}],"collection":[{"href":"https:\/\/maviesanstabac.lu\/de\/wp-json\/wp\/v2\/pages"}],"about":[{"href":"https:\/\/maviesanstabac.lu\/de\/wp-json\/wp\/v2\/types\/page"}],"author":[{"embeddable":true,"href":"https:\/\/maviesanstabac.lu\/de\/wp-json\/wp\/v2\/users\/1"}],"replies":[{"embeddable":true,"href":"https:\/\/maviesanstabac.lu\/de\/wp-json\/wp\/v2\/comments?post=8965"}],"version-history":[{"count":9,"href":"https:\/\/maviesanstabac.lu\/de\/wp-json\/wp\/v2\/pages\/8965\/revisions"}],"predecessor-version":[{"id":12144,"href":"https:\/\/maviesanstabac.lu\/de\/wp-json\/wp\/v2\/pages\/8965\/revisions\/12144"}],"up":[{"embeddable":true,"href":"https:\/\/maviesanstabac.lu\/de\/wp-json\/wp\/v2\/pages\/8946"}],"wp:featuredmedia":[{"embeddable":true,"href":"https:\/\/maviesanstabac.lu\/de\/wp-json\/wp\/v2\/media\/3368"}],"wp:attachment":[{"href":"https:\/\/maviesanstabac.lu\/de\/wp-json\/wp\/v2\/media?parent=8965"}],"curies":[{"name":"wp","href":"https:\/\/api.w.org\/{rel}","templated":true}]}}