{"id":8976,"date":"2019-02-27T17:15:40","date_gmt":"2019-02-27T16:15:40","guid":{"rendered":"https:\/\/www.maviesanstabac.lu\/formen-des-tabakonsums\/le-tabac-a-macher\/"},"modified":"2021-07-26T10:55:55","modified_gmt":"2021-07-26T08:55:55","slug":"kau-und-schnupftabak","status":"publish","type":"page","link":"https:\/\/maviesanstabac.lu\/de\/formen-des-tabakonsums\/kau-und-schnupftabak\/","title":{"rendered":"Kau- und Schnupftabak"},"content":{"rendered":"<div class=\"wpb-content-wrapper\"><p>[vc_row type=&#8221;vc_default&#8221; content_placement=&#8221;middle&#8221; margin_top=&#8221;-50&#8243; bg_type=&#8221;image&#8221; parallax_style=&#8221;vcpb-default&#8221; bg_image_new=&#8221;id^7948|url^http:\/\/www.maviesanstabac.lu\/wp-content\/uploads\/2019\/05\/head_int_modes-consommation_tabac-a-macher.jpg|caption^null|alt^null|title^head_int_modes-consommation_tabac-a-macher|description^null&#8221; bg_override=&#8221;ex-full&#8221; enable_overlay=&#8221;enable_overlay_value&#8221; overlay_pattern=&#8221;transperant&#8221; overlay_pattern_opacity=&#8221;100&#8243; overlay_pattern_size=&#8221;200&#8243; css=&#8221;.vc_custom_1557757517966{padding-top: 3% !important;padding-bottom: 0px !important;}&#8221; el_class=&#8221;internal-header&#8221;][vc_column][\/vc_column][\/vc_row][vc_row][vc_column css=&#8221;.vc_custom_1540631490734{padding-right: 40px !important;padding-left: 40px !important;}&#8221;]<div id=\"ultimate-heading-764369de28c4945c5\" class=\"uvc-heading ult-adjust-bottom-margin ultimate-heading-764369de28c4945c5 uvc-9498  uvc-heading-default-font-sizes\" data-hspacer=\"line_only\"  data-halign=\"center\" style=\"text-align:center\"><div class=\"uvc-main-heading ult-responsive\"  data-ultimate-target='.uvc-heading.ultimate-heading-764369de28c4945c5 h2'  data-responsive-json-new='{\"font-size\":\"\",\"line-height\":\"\"}' ><h2 style=\"font-weight:bold;margin-bottom:7px;\">Kau- und Schnupftabak<\/h2><\/div><div class=\"uvc-heading-spacer line_only\" style=\"margin-top:15px;margin-bottom:25px;height:3px;\"><span class=\"uvc-headings-line\" style=\"border-style:solid;border-bottom-width:3px;border-color:#f20738;width:300px;\"><\/span><\/div><\/div>[vc_empty_space][vc_row_inner equal_height=&#8221;yes&#8221; gap=&#8221;10&#8243;][vc_column_inner width=&#8221;1\/2&#8243; css=&#8221;.vc_custom_1540217487922{padding-top: 0px !important;padding-bottom: 0px !important;}&#8221;][vc_column_text css=&#8221;.vc_custom_1590396318411{padding-right: 0px !important;padding-bottom: 20px !important;padding-left: 0px !important;}&#8221;]<\/p>\n<div class=\"et_pb_column et_pb_column_1_2 et_pb_column_31 et_pb_css_mix_blend_mode_passthrough\">\n<div class=\"et_pb_text et_pb_module et_pb_bg_layout_light et_pb_text_align_left et_pb_text_14\">\n<div class=\"et_pb_text_inner\">\n<p><strong>Kau- und Schnupftabak<\/strong> werden, wie der Name schon sagt, nicht geraucht.<\/p>\n<ul>\n<li><strong>Kautabak<\/strong> besteht aus gepressten Bl\u00e4ttern, die man wie ein Kaugummi kaut.<\/li>\n<li><strong>Schnupftabak<\/strong> (Snuff) ist ein feines Pulver, das in kleinen Beutelchen verkauft wird. Eigentlich wird er durch die Nase geschnupft, doch die meisten Konsumenten kauen ihn.<\/li>\n<\/ul>\n<p>Doch egal, ob gepresste Bl\u00e4tter oder Pulver: Auch in diesen Darreichungsformen enth\u00e4lt Tabak Nikotin und macht <strong>abh\u00e4ngig. <\/strong>Die damit verbundenen Risiken sind geringer als die beim normalen Rauchen, weil der Konsum erfolgt, ohne dass der Tabak entz\u00fcndet wird. So entstehen weder Teer noch Kohlenmonoxid noch polyzyklische aromatische Kohlenwasserstoffe, die zu den gef\u00e4hrlichsten Schadstoffen in Tabakprodukten, die geraucht werden, geh\u00f6ren.<\/p>\n<p>Doch <strong>Tabak, der nicht geraucht wird, ist alles andere als harmlos.<\/strong> Neben \u00e4sthetischen Aspekten (unwiderruflich fleckige Z\u00e4hne) sind auch die Gefahren f\u00fcr die Gesundheit durchaus real: <strong>Das Zahnfleisch kann sich bis zum Knochen zur\u00fcckziehen,<\/strong> und es besteht <strong>ein erh\u00f6htes Risiko f\u00fcr Krebserkrankungen der Mundh\u00f6hle.<\/strong><\/p>\n<\/div>\n<\/div>\n<\/div>\n<p>[\/vc_column_text][\/vc_column_inner][vc_column_inner width=&#8221;1\/2&#8243; css=&#8221;.vc_custom_1540217511840{padding-top: 0px !important;padding-bottom: 0px !important;}&#8221;][vc_single_image image=&#8221;8979&#8243; img_size=&#8221;full&#8221;][\/vc_column_inner][\/vc_row_inner]<div class=\"ult-spacer spacer-69de28c4946a3\" data-id=\"69de28c4946a3\" data-height=\"40\" data-height-mobile=\"20\" data-height-tab=\"20\" data-height-tab-portrait=\"20\" data-height-mobile-landscape=\"20\" style=\"clear:both;display:block;\"><\/div>[\/vc_column][\/vc_row][vc_row type=&#8221;vc_default&#8221; full_width=&#8221;stretch_row&#8221; content_placement=&#8221;middle&#8221; parallax=&#8221;content-moving&#8221; parallax_image=&#8221;7982&#8243; enable_overlay=&#8221;enable_overlay_value&#8221; overlay_color=&#8221;#f20738&#8243; overlay_pattern=&#8221;transperant&#8221; overlay_pattern_opacity=&#8221;80&#8243; multi_color_overlay=&#8221;uvc-multi-color-bg&#8221; multi_color_overlay_opacity=&#8221;60&#8243; el_class=&#8221;accent-border-color&#8221;][vc_column]<div class=\"ult-spacer spacer-69de28c4946f3\" data-id=\"69de28c4946f3\" data-height=\"100\" data-height-mobile=\"0\" data-height-tab=\"0\" data-height-tab-portrait=\"0\" data-height-mobile-landscape=\"0\" style=\"clear:both;display:block;\"><\/div>[vc_row_inner css=&#8221;.vc_custom_1538554528820{border-radius: 2px !important;}&#8221;][vc_column_inner]<div id=\"ultimate-heading-826069de28c494776\" class=\"uvc-heading ult-adjust-bottom-margin ultimate-heading-826069de28c494776 uvc-4462 accent-border-color uvc-heading-default-font-sizes\" data-hspacer=\"line_only\"  data-halign=\"left\" style=\"text-align:left\"><div class=\"uvc-main-heading ult-responsive\"  data-ultimate-target='.uvc-heading.ultimate-heading-826069de28c494776 h2'  data-responsive-json-new='{\"font-size\":\"\",\"line-height\":\"\"}' ><h2 style=\"font-weight:bold;color:#ffffff;margin-bottom:20px;\">Shisha<\/h2><\/div><div class=\"uvc-heading-spacer line_only\" style=\"margin-bottom:25px;height:3px;\"><span class=\"uvc-headings-line\" style=\"border-style:solid;border-bottom-width:3px;border-color:#ccc;width:300px;\"><\/span><\/div><\/div>[vc_column_text]<span style=\"color: #ffffff;\"><strong>Die Risiken des Shisha-Rauchens werden im Allgemeinen untersch\u00e4tzt. Insbesondere Jugendliche halten Shishas f\u00fcr eine ungef\u00e4hrliche Alternative zu normalen Zigaretten.<\/strong><\/span>[\/vc_column_text]<a href=\"https:\/\/www.maviesanstabac.lu\/de\/formen-des-tabakonsums\/shisha\/\" class=\"btn-shortcode dt-btn-s dt-btn default-btn-color default-btn-hover-color default-btn-bg-color default-btn-bg-hover-color\" id=\"dt-btn-1\"><span>Mehr<\/span><\/a><div class=\"ult-spacer spacer-69de28c4948a4\" data-id=\"69de28c4948a4\" data-height=\"40\" data-height-mobile=\"20\" data-height-tab=\"20\" data-height-tab-portrait=\"20\" data-height-mobile-landscape=\"20\" style=\"clear:both;display:block;\"><\/div>[\/vc_column_inner][\/vc_row_inner]<div class=\"ult-spacer spacer-69de28c49490b\" data-id=\"69de28c49490b\" data-height=\"40\" data-height-mobile=\"20\" data-height-tab=\"20\" data-height-tab-portrait=\"20\" data-height-mobile-landscape=\"20\" style=\"clear:both;display:block;\"><\/div>[\/vc_column][\/vc_row][vc_row][vc_column][vc_empty_space height=&#8221;30px&#8221;][\/vc_column][\/vc_row]<\/p>\n<\/div>","protected":false},"excerpt":{"rendered":"<p>[vc_row type=&#8221;vc_default&#8221; content_placement=&#8221;middle&#8221; margin_top=&#8221;-50&#8243; bg_type=&#8221;image&#8221; parallax_style=&#8221;vcpb-default&#8221; bg_image_new=&#8221;id^7948|url^http:\/\/www.maviesanstabac.lu\/wp-content\/uploads\/2019\/05\/head_int_modes-consommation_tabac-a-macher.jpg|caption^null|alt^null|title^head_int_modes-consommation_tabac-a-macher|description^null&#8221; bg_override=&#8221;ex-full&#8221; enable_overlay=&#8221;enable_overlay_value&#8221; overlay_pattern=&#8221;transperant&#8221; overlay_pattern_opacity=&#8221;100&#8243; overlay_pattern_size=&#8221;200&#8243; css=&#8221;.vc_custom_1557757517966{padding-top: 3% !important;padding-bottom: 0px !important;}&#8221; el_class=&#8221;internal-header&#8221;][vc_column][\/vc_column][\/vc_row][vc_row][vc_column css=&#8221;.vc_custom_1540631490734{padding-right: 40px !important;padding-left: 40px !important;}&#8221;][vc_empty_space][vc_row_inner equal_height=&#8221;yes&#8221; gap=&#8221;10&#8243;][vc_column_inner width=&#8221;1\/2&#8243; css=&#8221;.vc_custom_1540217487922{padding-top: 0px !important;padding-bottom: 0px !important;}&#8221;][vc_column_text css=&#8221;.vc_custom_1590396318411{padding-right: 0px !important;padding-bottom: 20px !important;padding-left: 0px !important;}&#8221;] Kau- und Schnupftabak werden, wie der Name schon sagt, nicht geraucht. Kautabak besteht aus gepressten Bl\u00e4ttern, die&hellip;<\/p>\n","protected":false},"author":1,"featured_media":3368,"parent":8946,"menu_order":0,"comment_status":"closed","ping_status":"closed","template":"","meta":{"footnotes":""},"class_list":["post-8976","page","type-page","status-publish","has-post-thumbnail","hentry","description-off"],"yoast_head":"<!-- This site is optimized with the Yoast SEO plugin v27.0 - https:\/\/yoast.com\/product\/yoast-seo-wordpress\/ -->\n<title>Kau- und Schnupftabak - Ma vie sans tabac<\/title>\n<meta name=\"description\" content=\"Kau- und Schnupftabak werden, wie der Name schon sagt, nicht geraucht.\" \/>\n<meta name=\"robots\" content=\"index, follow, max-snippet:-1, max-image-preview:large, max-video-preview:-1\" \/>\n<link rel=\"canonical\" href=\"https:\/\/maviesanstabac.lu\/de\/formen-des-tabakonsums\/kau-und-schnupftabak\/\" \/>\n<meta property=\"og:locale\" content=\"de_DE\" \/>\n<meta property=\"og:type\" content=\"article\" \/>\n<meta property=\"og:title\" content=\"Kau- und Schnupftabak - Ma vie sans tabac\" \/>\n<meta property=\"og:description\" content=\"Kau- und Schnupftabak werden, wie der Name schon sagt, nicht geraucht.\" \/>\n<meta property=\"og:url\" content=\"https:\/\/maviesanstabac.lu\/de\/formen-des-tabakonsums\/kau-und-schnupftabak\/\" \/>\n<meta property=\"og:site_name\" content=\"ma vie sans tabac\" \/>\n<meta property=\"article:modified_time\" content=\"2021-07-26T08:55:55+00:00\" \/>\n<meta name=\"twitter:card\" content=\"summary_large_image\" \/>\n<meta name=\"twitter:image\" content=\"https:\/\/maviesanstabac.lu\/wp-content\/uploads\/2017\/06\/FondationCancer.jpg\" \/>\n<meta name=\"twitter:label1\" content=\"Gesch\u00e4tzte Lesezeit\" \/>\n\t<meta name=\"twitter:data1\" content=\"2\u00a0Minuten\" \/>\n<script type=\"application\/ld+json\" class=\"yoast-schema-graph\">{\"@context\":\"https:\/\/schema.org\",\"@graph\":[{\"@type\":\"WebPage\",\"@id\":\"https:\/\/maviesanstabac.lu\/de\/formen-des-tabakonsums\/kau-und-schnupftabak\/\",\"url\":\"https:\/\/maviesanstabac.lu\/de\/formen-des-tabakonsums\/kau-und-schnupftabak\/\",\"name\":\"Kau- und Schnupftabak - Ma vie sans tabac\",\"isPartOf\":{\"@id\":\"https:\/\/maviesanstabac.lu\/de\/#website\"},\"primaryImageOfPage\":{\"@id\":\"https:\/\/maviesanstabac.lu\/de\/formen-des-tabakonsums\/kau-und-schnupftabak\/#primaryimage\"},\"image\":{\"@id\":\"https:\/\/maviesanstabac.lu\/de\/formen-des-tabakonsums\/kau-und-schnupftabak\/#primaryimage\"},\"thumbnailUrl\":\"https:\/\/maviesanstabac.lu\/wp-content\/uploads\/2017\/06\/FondationCancer.jpg\",\"datePublished\":\"2019-02-27T16:15:40+00:00\",\"dateModified\":\"2021-07-26T08:55:55+00:00\",\"description\":\"Kau- und Schnupftabak werden, wie der Name schon sagt, nicht geraucht.\",\"breadcrumb\":{\"@id\":\"https:\/\/maviesanstabac.lu\/de\/formen-des-tabakonsums\/kau-und-schnupftabak\/#breadcrumb\"},\"inLanguage\":\"de\",\"potentialAction\":[{\"@type\":\"ReadAction\",\"target\":[\"https:\/\/maviesanstabac.lu\/de\/formen-des-tabakonsums\/kau-und-schnupftabak\/\"]}]},{\"@type\":\"ImageObject\",\"inLanguage\":\"de\",\"@id\":\"https:\/\/maviesanstabac.lu\/de\/formen-des-tabakonsums\/kau-und-schnupftabak\/#primaryimage\",\"url\":\"https:\/\/maviesanstabac.lu\/wp-content\/uploads\/2017\/06\/FondationCancer.jpg\",\"contentUrl\":\"https:\/\/maviesanstabac.lu\/wp-content\/uploads\/2017\/06\/FondationCancer.jpg\",\"width\":991,\"height\":1200},{\"@type\":\"BreadcrumbList\",\"@id\":\"https:\/\/maviesanstabac.lu\/de\/formen-des-tabakonsums\/kau-und-schnupftabak\/#breadcrumb\",\"itemListElement\":[{\"@type\":\"ListItem\",\"position\":1,\"name\":\"Accueil\",\"item\":\"https:\/\/maviesanstabac.lu\/de\/\"},{\"@type\":\"ListItem\",\"position\":2,\"name\":\"Formen des Tabakkonsums\",\"item\":\"https:\/\/maviesanstabac.lu\/de\/formen-des-tabakonsums\/\"},{\"@type\":\"ListItem\",\"position\":3,\"name\":\"Kau- und Schnupftabak\"}]},{\"@type\":\"WebSite\",\"@id\":\"https:\/\/maviesanstabac.lu\/de\/#website\",\"url\":\"https:\/\/maviesanstabac.lu\/de\/\",\"name\":\"ma vie sans tabac\",\"description\":\"Sans tabac pour une vie plus saine\",\"potentialAction\":[{\"@type\":\"SearchAction\",\"target\":{\"@type\":\"EntryPoint\",\"urlTemplate\":\"https:\/\/maviesanstabac.lu\/de\/?s={search_term_string}\"},\"query-input\":{\"@type\":\"PropertyValueSpecification\",\"valueRequired\":true,\"valueName\":\"search_term_string\"}}],\"inLanguage\":\"de\"}]}<\/script>\n<!-- \/ Yoast SEO plugin. -->","yoast_head_json":{"title":"Kau- und Schnupftabak - Ma vie sans tabac","description":"Kau- und Schnupftabak werden, wie der Name schon sagt, nicht geraucht.","robots":{"index":"index","follow":"follow","max-snippet":"max-snippet:-1","max-image-preview":"max-image-preview:large","max-video-preview":"max-video-preview:-1"},"canonical":"https:\/\/maviesanstabac.lu\/de\/formen-des-tabakonsums\/kau-und-schnupftabak\/","og_locale":"de_DE","og_type":"article","og_title":"Kau- und Schnupftabak - Ma vie sans tabac","og_description":"Kau- und Schnupftabak werden, wie der Name schon sagt, nicht geraucht.","og_url":"https:\/\/maviesanstabac.lu\/de\/formen-des-tabakonsums\/kau-und-schnupftabak\/","og_site_name":"ma vie sans tabac","article_modified_time":"2021-07-26T08:55:55+00:00","twitter_card":"summary_large_image","twitter_image":"https:\/\/maviesanstabac.lu\/wp-content\/uploads\/2017\/06\/FondationCancer.jpg","twitter_misc":{"Gesch\u00e4tzte Lesezeit":"2\u00a0Minuten"},"schema":{"@context":"https:\/\/schema.org","@graph":[{"@type":"WebPage","@id":"https:\/\/maviesanstabac.lu\/de\/formen-des-tabakonsums\/kau-und-schnupftabak\/","url":"https:\/\/maviesanstabac.lu\/de\/formen-des-tabakonsums\/kau-und-schnupftabak\/","name":"Kau- und Schnupftabak - Ma vie sans tabac","isPartOf":{"@id":"https:\/\/maviesanstabac.lu\/de\/#website"},"primaryImageOfPage":{"@id":"https:\/\/maviesanstabac.lu\/de\/formen-des-tabakonsums\/kau-und-schnupftabak\/#primaryimage"},"image":{"@id":"https:\/\/maviesanstabac.lu\/de\/formen-des-tabakonsums\/kau-und-schnupftabak\/#primaryimage"},"thumbnailUrl":"https:\/\/maviesanstabac.lu\/wp-content\/uploads\/2017\/06\/FondationCancer.jpg","datePublished":"2019-02-27T16:15:40+00:00","dateModified":"2021-07-26T08:55:55+00:00","description":"Kau- und Schnupftabak werden, wie der Name schon sagt, nicht geraucht.","breadcrumb":{"@id":"https:\/\/maviesanstabac.lu\/de\/formen-des-tabakonsums\/kau-und-schnupftabak\/#breadcrumb"},"inLanguage":"de","potentialAction":[{"@type":"ReadAction","target":["https:\/\/maviesanstabac.lu\/de\/formen-des-tabakonsums\/kau-und-schnupftabak\/"]}]},{"@type":"ImageObject","inLanguage":"de","@id":"https:\/\/maviesanstabac.lu\/de\/formen-des-tabakonsums\/kau-und-schnupftabak\/#primaryimage","url":"https:\/\/maviesanstabac.lu\/wp-content\/uploads\/2017\/06\/FondationCancer.jpg","contentUrl":"https:\/\/maviesanstabac.lu\/wp-content\/uploads\/2017\/06\/FondationCancer.jpg","width":991,"height":1200},{"@type":"BreadcrumbList","@id":"https:\/\/maviesanstabac.lu\/de\/formen-des-tabakonsums\/kau-und-schnupftabak\/#breadcrumb","itemListElement":[{"@type":"ListItem","position":1,"name":"Accueil","item":"https:\/\/maviesanstabac.lu\/de\/"},{"@type":"ListItem","position":2,"name":"Formen des Tabakkonsums","item":"https:\/\/maviesanstabac.lu\/de\/formen-des-tabakonsums\/"},{"@type":"ListItem","position":3,"name":"Kau- und Schnupftabak"}]},{"@type":"WebSite","@id":"https:\/\/maviesanstabac.lu\/de\/#website","url":"https:\/\/maviesanstabac.lu\/de\/","name":"ma vie sans tabac","description":"Sans tabac pour une vie plus saine","potentialAction":[{"@type":"SearchAction","target":{"@type":"EntryPoint","urlTemplate":"https:\/\/maviesanstabac.lu\/de\/?s={search_term_string}"},"query-input":{"@type":"PropertyValueSpecification","valueRequired":true,"valueName":"search_term_string"}}],"inLanguage":"de"}]}},"_links":{"self":[{"href":"https:\/\/maviesanstabac.lu\/de\/wp-json\/wp\/v2\/pages\/8976","targetHints":{"allow":["GET"]}}],"collection":[{"href":"https:\/\/maviesanstabac.lu\/de\/wp-json\/wp\/v2\/pages"}],"about":[{"href":"https:\/\/maviesanstabac.lu\/de\/wp-json\/wp\/v2\/types\/page"}],"author":[{"embeddable":true,"href":"https:\/\/maviesanstabac.lu\/de\/wp-json\/wp\/v2\/users\/1"}],"replies":[{"embeddable":true,"href":"https:\/\/maviesanstabac.lu\/de\/wp-json\/wp\/v2\/comments?post=8976"}],"version-history":[{"count":7,"href":"https:\/\/maviesanstabac.lu\/de\/wp-json\/wp\/v2\/pages\/8976\/revisions"}],"predecessor-version":[{"id":10501,"href":"https:\/\/maviesanstabac.lu\/de\/wp-json\/wp\/v2\/pages\/8976\/revisions\/10501"}],"up":[{"embeddable":true,"href":"https:\/\/maviesanstabac.lu\/de\/wp-json\/wp\/v2\/pages\/8946"}],"wp:featuredmedia":[{"embeddable":true,"href":"https:\/\/maviesanstabac.lu\/de\/wp-json\/wp\/v2\/media\/3368"}],"wp:attachment":[{"href":"https:\/\/maviesanstabac.lu\/de\/wp-json\/wp\/v2\/media?parent=8976"}],"curies":[{"name":"wp","href":"https:\/\/api.w.org\/{rel}","templated":true}]}}