{"id":8991,"date":"2019-02-27T17:44:49","date_gmt":"2019-02-27T16:44:49","guid":{"rendered":"https:\/\/www.maviesanstabac.lu\/formen-des-tabakonsums\/le-juul\/"},"modified":"2021-07-26T10:57:19","modified_gmt":"2021-07-26T08:57:19","slug":"juuls","status":"publish","type":"page","link":"https:\/\/maviesanstabac.lu\/de\/formen-des-tabakonsums\/juuls\/","title":{"rendered":"Juuls"},"content":{"rendered":"<div class=\"wpb-content-wrapper\"><p>[vc_row type=&#8221;vc_default&#8221; content_placement=&#8221;middle&#8221; margin_top=&#8221;-50&#8243; bg_type=&#8221;image&#8221; parallax_style=&#8221;vcpb-default&#8221; bg_image_new=&#8221;id^7954|url^http:\/\/www.maviesanstabac.lu\/wp-content\/uploads\/2019\/05\/head_int_modes-consommation_juul.jpg|caption^null|alt^null|title^head_int_modes-consommation_juul|description^null&#8221; bg_override=&#8221;ex-full&#8221; enable_overlay=&#8221;enable_overlay_value&#8221; overlay_pattern=&#8221;transperant&#8221; overlay_pattern_opacity=&#8221;100&#8243; overlay_pattern_size=&#8221;200&#8243; css=&#8221;.vc_custom_1557757644087{padding-top: 3% !important;padding-bottom: 0px !important;}&#8221; el_class=&#8221;internal-header&#8221;][vc_column][\/vc_column][\/vc_row][vc_row][vc_column css=&#8221;.vc_custom_1540631490734{padding-right: 40px !important;padding-left: 40px !important;}&#8221;]<div id=\"ultimate-heading-466569de2614496d8\" class=\"uvc-heading ult-adjust-bottom-margin ultimate-heading-466569de2614496d8 uvc-7361  uvc-heading-default-font-sizes\" data-hspacer=\"line_only\"  data-halign=\"center\" style=\"text-align:center\"><div class=\"uvc-main-heading ult-responsive\"  data-ultimate-target='.uvc-heading.ultimate-heading-466569de2614496d8 h2'  data-responsive-json-new='{\"font-size\":\"\",\"line-height\":\"\"}' ><h2 style=\"font-weight:bold;margin-bottom:7px;\">Juuls<\/h2><\/div><div class=\"uvc-heading-spacer line_only\" style=\"margin-top:15px;margin-bottom:25px;height:3px;\"><span class=\"uvc-headings-line\" style=\"border-style:solid;border-bottom-width:3px;border-color:#f20738;width:300px;\"><\/span><\/div><\/div>[vc_empty_space][vc_message style=&#8221;square&#8221; message_box_color=&#8221;danger&#8221; icon_fontawesome=&#8221;&#8221;]<strong>Der Verkauf von <em>Juuls<\/em> ist in Luxemburg gegenw\u00e4rtig verboten.<\/strong>[\/vc_message][vc_column_text css=&#8221;.vc_custom_1590398587951{padding-right: 0px !important;padding-bottom: 20px !important;padding-left: 0px !important;}&#8221;]<em>Juul<\/em> ist eine bei Kindern und Heranwachsenden in den USA beliebte E-Zigarettenmarke. <em>Juuls<\/em> sind klein, erinnern an USB-Sticks, sehen nach High-Tech aus und lassen sich leicht verstecken.[\/vc_column_text]<div id=\"ultimate-heading-872969de2614497cf\" class=\"uvc-heading ult-adjust-bottom-margin ultimate-heading-872969de2614497cf uvc-7671 \" data-hspacer=\"line_only\"  data-halign=\"left\" style=\"text-align:left\"><div class=\"uvc-main-heading ult-responsive\"  data-ultimate-target='.uvc-heading.ultimate-heading-872969de2614497cf h2'  data-responsive-json-new='{\"font-size\":\"desktop:22px;\",\"line-height\":\"desktop:32px;\"}' ><h2 style=\"font-weight:bold;color:#000000;margin-bottom:7px;\">Wie gef\u00e4hrlich sind Juuls f\u00fcr Kinder?<\/h2><\/div><div class=\"uvc-heading-spacer line_only\" style=\"margin-top:15px;margin-bottom:25px;height:3px;\"><span class=\"uvc-headings-line\" style=\"border-style:solid;border-bottom-width:3px;border-color:#f20738;width:70px;\"><\/span><\/div><\/div>[vc_row_inner equal_height=&#8221;yes&#8221; gap=&#8221;10&#8243;][vc_column_inner width=&#8221;1\/2&#8243; css=&#8221;.vc_custom_1540217487922{padding-top: 0px !important;padding-bottom: 0px !important;}&#8221;][vc_column_text css=&#8221;.vc_custom_1590398632650{padding-right: 0px !important;padding-bottom: 20px !important;padding-left: 0px !important;}&#8221;]<strong><em>Juuls<\/em><\/strong> geben deutlich mehr Nikotin ab als einige andere Arten von E-Zigaretten.<\/p>\n<p>Manche Kinder wissen \u00fcberhaupt nicht, dass Juuls <strong>Nikotin<\/strong> enthalten. Dabei konsumieren sie eine Droge, die abh\u00e4ngig macht und die Entwicklung ihres Gehirns beeintr\u00e4chtigen kann. Das Gehirn entwickelt sich noch bis zum Alter von zwanzig Jahren und sogar dar\u00fcber hinaus, sodass gesundheitliche Bedenken nicht nur bei Jugendlichen angezeigt sind, sondern auch bei jungen Erwachsenen.<\/p>\n<p>Es gibt inzwischen Kinder, die nikotinabh\u00e4ngig sind und <strong><em>Juuls<\/em><\/strong> nicht nur zum Vergn\u00fcgen konsumieren, sondern weil sie nicht anders k\u00f6nnen. F\u00fcr sie sind Juuls zu einer Sucht geworden.[\/vc_column_text][\/vc_column_inner][vc_column_inner width=&#8221;1\/2&#8243; css=&#8221;.vc_custom_1540217511840{padding-top: 0px !important;padding-bottom: 0px !important;}&#8221;][vc_single_image image=&#8221;7489&#8243; img_size=&#8221;full&#8221;][\/vc_column_inner][\/vc_row_inner]<div class=\"ult-spacer spacer-69de26144982c\" data-id=\"69de26144982c\" data-height=\"40\" data-height-mobile=\"20\" data-height-tab=\"20\" data-height-tab-portrait=\"20\" data-height-mobile-landscape=\"20\" style=\"clear:both;display:block;\"><\/div>[\/vc_column][\/vc_row][vc_row type=&#8221;vc_default&#8221; full_width=&#8221;stretch_row&#8221; content_placement=&#8221;middle&#8221; parallax=&#8221;content-moving&#8221; parallax_image=&#8221;7950&#8243; enable_overlay=&#8221;enable_overlay_value&#8221; overlay_color=&#8221;#6a288a&#8221; overlay_pattern=&#8221;transperant&#8221; overlay_pattern_opacity=&#8221;80&#8243; multi_color_overlay=&#8221;uvc-multi-color-bg&#8221; multi_color_overlay_opacity=&#8221;60&#8243; el_class=&#8221;accent-border-color&#8221;][vc_column]<div class=\"ult-spacer spacer-69de261449860\" data-id=\"69de261449860\" data-height=\"100\" data-height-mobile=\"0\" data-height-tab=\"0\" data-height-tab-portrait=\"0\" data-height-mobile-landscape=\"0\" style=\"clear:both;display:block;\"><\/div>[vc_row_inner css=&#8221;.vc_custom_1538554528820{border-radius: 2px !important;}&#8221;][vc_column_inner]<div id=\"ultimate-heading-41969de2614498a2\" class=\"uvc-heading ult-adjust-bottom-margin ultimate-heading-41969de2614498a2 uvc-6829 accent-border-color text-shadow uvc-heading-default-font-sizes\" data-hspacer=\"line_only\"  data-halign=\"left\" style=\"text-align:left\"><div class=\"uvc-main-heading ult-responsive\"  data-ultimate-target='.uvc-heading.ultimate-heading-41969de2614498a2 h2'  data-responsive-json-new='{\"font-size\":\"\",\"line-height\":\"\"}' ><h2 style=\"font-weight:bold;color:#ffffff;margin-bottom:20px;\">Shiazos<\/h2><\/div><div class=\"uvc-heading-spacer line_only\" style=\"margin-bottom:25px;height:3px;\"><span class=\"uvc-headings-line\" style=\"border-style:solid;border-bottom-width:3px;border-color:#ccc;width:300px;\"><\/span><\/div><\/div>[vc_column_text el_class=&#8221;text-shadow&#8221;]<span style=\"color: #ffffff;\"><strong>Shiazos sind kleine, aromatisierte Dampfsteine, die den Tabak in der Shisha ersetzen.<\/strong><\/span>[\/vc_column_text]<a href=\"https:\/\/www.maviesanstabac.lu\/de\/formen-des-tabakonsums\/shiazos\/\" class=\"btn-shortcode dt-btn-s dt-btn default-btn-color default-btn-hover-color default-btn-bg-color default-btn-bg-hover-color\" id=\"dt-btn-1\"><span>Mehr<\/span><\/a><div class=\"ult-spacer spacer-69de261449989\" data-id=\"69de261449989\" data-height=\"40\" data-height-mobile=\"20\" data-height-tab=\"20\" data-height-tab-portrait=\"20\" data-height-mobile-landscape=\"20\" style=\"clear:both;display:block;\"><\/div>[\/vc_column_inner][\/vc_row_inner]<div class=\"ult-spacer spacer-69de2614499d4\" data-id=\"69de2614499d4\" data-height=\"40\" data-height-mobile=\"0\" data-height-tab=\"0\" data-height-tab-portrait=\"0\" data-height-mobile-landscape=\"0\" style=\"clear:both;display:block;\"><\/div>[\/vc_column][\/vc_row][vc_row][vc_column][vc_empty_space height=&#8221;30px&#8221;][\/vc_column][\/vc_row]<\/p>\n<\/div>","protected":false},"excerpt":{"rendered":"<p>[vc_row type=&#8221;vc_default&#8221; content_placement=&#8221;middle&#8221; margin_top=&#8221;-50&#8243; bg_type=&#8221;image&#8221; parallax_style=&#8221;vcpb-default&#8221; bg_image_new=&#8221;id^7954|url^http:\/\/www.maviesanstabac.lu\/wp-content\/uploads\/2019\/05\/head_int_modes-consommation_juul.jpg|caption^null|alt^null|title^head_int_modes-consommation_juul|description^null&#8221; bg_override=&#8221;ex-full&#8221; enable_overlay=&#8221;enable_overlay_value&#8221; overlay_pattern=&#8221;transperant&#8221; overlay_pattern_opacity=&#8221;100&#8243; overlay_pattern_size=&#8221;200&#8243; css=&#8221;.vc_custom_1557757644087{padding-top: 3% !important;padding-bottom: 0px !important;}&#8221; el_class=&#8221;internal-header&#8221;][vc_column][\/vc_column][\/vc_row][vc_row][vc_column css=&#8221;.vc_custom_1540631490734{padding-right: 40px !important;padding-left: 40px !important;}&#8221;][vc_empty_space][vc_message style=&#8221;square&#8221; message_box_color=&#8221;danger&#8221; icon_fontawesome=&#8221;&#8221;]Der Verkauf von Juuls ist in Luxemburg gegenw\u00e4rtig verboten.[\/vc_message][vc_column_text css=&#8221;.vc_custom_1590398587951{padding-right: 0px !important;padding-bottom: 20px !important;padding-left: 0px !important;}&#8221;]Juul ist eine bei Kindern und Heranwachsenden in den USA beliebte E-Zigarettenmarke. Juuls sind klein,&hellip;<\/p>\n","protected":false},"author":1,"featured_media":3368,"parent":8946,"menu_order":0,"comment_status":"closed","ping_status":"closed","template":"","meta":{"footnotes":""},"class_list":["post-8991","page","type-page","status-publish","has-post-thumbnail","hentry","description-off"],"yoast_head":"<!-- This site is optimized with the Yoast SEO plugin v27.0 - https:\/\/yoast.com\/product\/yoast-seo-wordpress\/ -->\n<title>Juuls - Ma vie sans tabac<\/title>\n<meta name=\"description\" content=\"Juuls geben deutlich mehr Nikotin ab als einige andere Arten von E-Zigaretten.Manche Kinder wissen \u00fcberhaupt nicht, dass Juuls Nikotin enthalten.\" \/>\n<meta name=\"robots\" content=\"index, follow, max-snippet:-1, max-image-preview:large, max-video-preview:-1\" \/>\n<link rel=\"canonical\" href=\"https:\/\/maviesanstabac.lu\/de\/formen-des-tabakonsums\/juuls\/\" \/>\n<meta property=\"og:locale\" content=\"de_DE\" \/>\n<meta property=\"og:type\" content=\"article\" \/>\n<meta property=\"og:title\" content=\"Juuls - Ma vie sans tabac\" \/>\n<meta property=\"og:description\" content=\"Juuls geben deutlich mehr Nikotin ab als einige andere Arten von E-Zigaretten.Manche Kinder wissen \u00fcberhaupt nicht, dass Juuls Nikotin enthalten.\" \/>\n<meta property=\"og:url\" content=\"https:\/\/maviesanstabac.lu\/de\/formen-des-tabakonsums\/juuls\/\" \/>\n<meta property=\"og:site_name\" content=\"ma vie sans tabac\" \/>\n<meta property=\"article:modified_time\" content=\"2021-07-26T08:57:19+00:00\" \/>\n<meta name=\"twitter:card\" content=\"summary_large_image\" \/>\n<meta name=\"twitter:image\" content=\"https:\/\/maviesanstabac.lu\/wp-content\/uploads\/2017\/06\/FondationCancer.jpg\" \/>\n<meta name=\"twitter:label1\" content=\"Gesch\u00e4tzte Lesezeit\" \/>\n\t<meta name=\"twitter:data1\" content=\"2\u00a0Minuten\" \/>\n<script type=\"application\/ld+json\" class=\"yoast-schema-graph\">{\"@context\":\"https:\/\/schema.org\",\"@graph\":[{\"@type\":\"WebPage\",\"@id\":\"https:\/\/maviesanstabac.lu\/de\/formen-des-tabakonsums\/juuls\/\",\"url\":\"https:\/\/maviesanstabac.lu\/de\/formen-des-tabakonsums\/juuls\/\",\"name\":\"Juuls - Ma vie sans tabac\",\"isPartOf\":{\"@id\":\"https:\/\/maviesanstabac.lu\/de\/#website\"},\"primaryImageOfPage\":{\"@id\":\"https:\/\/maviesanstabac.lu\/de\/formen-des-tabakonsums\/juuls\/#primaryimage\"},\"image\":{\"@id\":\"https:\/\/maviesanstabac.lu\/de\/formen-des-tabakonsums\/juuls\/#primaryimage\"},\"thumbnailUrl\":\"https:\/\/maviesanstabac.lu\/wp-content\/uploads\/2017\/06\/FondationCancer.jpg\",\"datePublished\":\"2019-02-27T16:44:49+00:00\",\"dateModified\":\"2021-07-26T08:57:19+00:00\",\"description\":\"Juuls geben deutlich mehr Nikotin ab als einige andere Arten von E-Zigaretten.Manche Kinder wissen \u00fcberhaupt nicht, dass Juuls Nikotin enthalten.\",\"breadcrumb\":{\"@id\":\"https:\/\/maviesanstabac.lu\/de\/formen-des-tabakonsums\/juuls\/#breadcrumb\"},\"inLanguage\":\"de\",\"potentialAction\":[{\"@type\":\"ReadAction\",\"target\":[\"https:\/\/maviesanstabac.lu\/de\/formen-des-tabakonsums\/juuls\/\"]}]},{\"@type\":\"ImageObject\",\"inLanguage\":\"de\",\"@id\":\"https:\/\/maviesanstabac.lu\/de\/formen-des-tabakonsums\/juuls\/#primaryimage\",\"url\":\"https:\/\/maviesanstabac.lu\/wp-content\/uploads\/2017\/06\/FondationCancer.jpg\",\"contentUrl\":\"https:\/\/maviesanstabac.lu\/wp-content\/uploads\/2017\/06\/FondationCancer.jpg\",\"width\":991,\"height\":1200},{\"@type\":\"BreadcrumbList\",\"@id\":\"https:\/\/maviesanstabac.lu\/de\/formen-des-tabakonsums\/juuls\/#breadcrumb\",\"itemListElement\":[{\"@type\":\"ListItem\",\"position\":1,\"name\":\"Accueil\",\"item\":\"https:\/\/maviesanstabac.lu\/de\/\"},{\"@type\":\"ListItem\",\"position\":2,\"name\":\"Formen des Tabakkonsums\",\"item\":\"https:\/\/maviesanstabac.lu\/de\/formen-des-tabakonsums\/\"},{\"@type\":\"ListItem\",\"position\":3,\"name\":\"Juuls\"}]},{\"@type\":\"WebSite\",\"@id\":\"https:\/\/maviesanstabac.lu\/de\/#website\",\"url\":\"https:\/\/maviesanstabac.lu\/de\/\",\"name\":\"ma vie sans tabac\",\"description\":\"Sans tabac pour une vie plus saine\",\"potentialAction\":[{\"@type\":\"SearchAction\",\"target\":{\"@type\":\"EntryPoint\",\"urlTemplate\":\"https:\/\/maviesanstabac.lu\/de\/?s={search_term_string}\"},\"query-input\":{\"@type\":\"PropertyValueSpecification\",\"valueRequired\":true,\"valueName\":\"search_term_string\"}}],\"inLanguage\":\"de\"}]}<\/script>\n<!-- \/ Yoast SEO plugin. -->","yoast_head_json":{"title":"Juuls - Ma vie sans tabac","description":"Juuls geben deutlich mehr Nikotin ab als einige andere Arten von E-Zigaretten.Manche Kinder wissen \u00fcberhaupt nicht, dass Juuls Nikotin enthalten.","robots":{"index":"index","follow":"follow","max-snippet":"max-snippet:-1","max-image-preview":"max-image-preview:large","max-video-preview":"max-video-preview:-1"},"canonical":"https:\/\/maviesanstabac.lu\/de\/formen-des-tabakonsums\/juuls\/","og_locale":"de_DE","og_type":"article","og_title":"Juuls - Ma vie sans tabac","og_description":"Juuls geben deutlich mehr Nikotin ab als einige andere Arten von E-Zigaretten.Manche Kinder wissen \u00fcberhaupt nicht, dass Juuls Nikotin enthalten.","og_url":"https:\/\/maviesanstabac.lu\/de\/formen-des-tabakonsums\/juuls\/","og_site_name":"ma vie sans tabac","article_modified_time":"2021-07-26T08:57:19+00:00","twitter_card":"summary_large_image","twitter_image":"https:\/\/maviesanstabac.lu\/wp-content\/uploads\/2017\/06\/FondationCancer.jpg","twitter_misc":{"Gesch\u00e4tzte Lesezeit":"2\u00a0Minuten"},"schema":{"@context":"https:\/\/schema.org","@graph":[{"@type":"WebPage","@id":"https:\/\/maviesanstabac.lu\/de\/formen-des-tabakonsums\/juuls\/","url":"https:\/\/maviesanstabac.lu\/de\/formen-des-tabakonsums\/juuls\/","name":"Juuls - Ma vie sans tabac","isPartOf":{"@id":"https:\/\/maviesanstabac.lu\/de\/#website"},"primaryImageOfPage":{"@id":"https:\/\/maviesanstabac.lu\/de\/formen-des-tabakonsums\/juuls\/#primaryimage"},"image":{"@id":"https:\/\/maviesanstabac.lu\/de\/formen-des-tabakonsums\/juuls\/#primaryimage"},"thumbnailUrl":"https:\/\/maviesanstabac.lu\/wp-content\/uploads\/2017\/06\/FondationCancer.jpg","datePublished":"2019-02-27T16:44:49+00:00","dateModified":"2021-07-26T08:57:19+00:00","description":"Juuls geben deutlich mehr Nikotin ab als einige andere Arten von E-Zigaretten.Manche Kinder wissen \u00fcberhaupt nicht, dass Juuls Nikotin enthalten.","breadcrumb":{"@id":"https:\/\/maviesanstabac.lu\/de\/formen-des-tabakonsums\/juuls\/#breadcrumb"},"inLanguage":"de","potentialAction":[{"@type":"ReadAction","target":["https:\/\/maviesanstabac.lu\/de\/formen-des-tabakonsums\/juuls\/"]}]},{"@type":"ImageObject","inLanguage":"de","@id":"https:\/\/maviesanstabac.lu\/de\/formen-des-tabakonsums\/juuls\/#primaryimage","url":"https:\/\/maviesanstabac.lu\/wp-content\/uploads\/2017\/06\/FondationCancer.jpg","contentUrl":"https:\/\/maviesanstabac.lu\/wp-content\/uploads\/2017\/06\/FondationCancer.jpg","width":991,"height":1200},{"@type":"BreadcrumbList","@id":"https:\/\/maviesanstabac.lu\/de\/formen-des-tabakonsums\/juuls\/#breadcrumb","itemListElement":[{"@type":"ListItem","position":1,"name":"Accueil","item":"https:\/\/maviesanstabac.lu\/de\/"},{"@type":"ListItem","position":2,"name":"Formen des Tabakkonsums","item":"https:\/\/maviesanstabac.lu\/de\/formen-des-tabakonsums\/"},{"@type":"ListItem","position":3,"name":"Juuls"}]},{"@type":"WebSite","@id":"https:\/\/maviesanstabac.lu\/de\/#website","url":"https:\/\/maviesanstabac.lu\/de\/","name":"ma vie sans tabac","description":"Sans tabac pour une vie plus saine","potentialAction":[{"@type":"SearchAction","target":{"@type":"EntryPoint","urlTemplate":"https:\/\/maviesanstabac.lu\/de\/?s={search_term_string}"},"query-input":{"@type":"PropertyValueSpecification","valueRequired":true,"valueName":"search_term_string"}}],"inLanguage":"de"}]}},"_links":{"self":[{"href":"https:\/\/maviesanstabac.lu\/de\/wp-json\/wp\/v2\/pages\/8991","targetHints":{"allow":["GET"]}}],"collection":[{"href":"https:\/\/maviesanstabac.lu\/de\/wp-json\/wp\/v2\/pages"}],"about":[{"href":"https:\/\/maviesanstabac.lu\/de\/wp-json\/wp\/v2\/types\/page"}],"author":[{"embeddable":true,"href":"https:\/\/maviesanstabac.lu\/de\/wp-json\/wp\/v2\/users\/1"}],"replies":[{"embeddable":true,"href":"https:\/\/maviesanstabac.lu\/de\/wp-json\/wp\/v2\/comments?post=8991"}],"version-history":[{"count":7,"href":"https:\/\/maviesanstabac.lu\/de\/wp-json\/wp\/v2\/pages\/8991\/revisions"}],"predecessor-version":[{"id":10504,"href":"https:\/\/maviesanstabac.lu\/de\/wp-json\/wp\/v2\/pages\/8991\/revisions\/10504"}],"up":[{"embeddable":true,"href":"https:\/\/maviesanstabac.lu\/de\/wp-json\/wp\/v2\/pages\/8946"}],"wp:featuredmedia":[{"embeddable":true,"href":"https:\/\/maviesanstabac.lu\/de\/wp-json\/wp\/v2\/media\/3368"}],"wp:attachment":[{"href":"https:\/\/maviesanstabac.lu\/de\/wp-json\/wp\/v2\/media?parent=8991"}],"curies":[{"name":"wp","href":"https:\/\/api.w.org\/{rel}","templated":true}]}}