{"id":9011,"date":"2019-02-28T16:06:49","date_gmt":"2019-02-28T15:06:49","guid":{"rendered":"https:\/\/www.maviesanstabac.lu\/formen-des-tabakonsums\/le-cannabis\/"},"modified":"2023-12-13T08:46:19","modified_gmt":"2023-12-13T07:46:19","slug":"cannabis-marihuana-haschisch","status":"publish","type":"page","link":"https:\/\/maviesanstabac.lu\/de\/formen-des-tabakonsums\/cannabis-marihuana-haschisch\/","title":{"rendered":"Cannabis"},"content":{"rendered":"<div class=\"wpb-content-wrapper\"><p>[vc_row type=&#8221;vc_default&#8221; content_placement=&#8221;middle&#8221; margin_top=&#8221;-50&#8243; bg_type=&#8221;image&#8221; parallax_style=&#8221;vcpb-default&#8221; bg_image_new=&#8221;id^7958|url^http:\/\/www.maviesanstabac.lu\/wp-content\/uploads\/2019\/05\/head_int_modes-consommation_cannabis.jpg|caption^null|alt^null|title^head_int_modes-consommation_cannabis|description^null&#8221; bg_override=&#8221;ex-full&#8221; enable_overlay=&#8221;enable_overlay_value&#8221; overlay_pattern=&#8221;transperant&#8221; overlay_pattern_opacity=&#8221;100&#8243; overlay_pattern_size=&#8221;200&#8243; css=&#8221;.vc_custom_1557757705076{padding-top: 3% !important;padding-bottom: 0px !important;}&#8221; el_class=&#8221;internal-header&#8221;][vc_column][\/vc_column][\/vc_row][vc_row][vc_column css=&#8221;.vc_custom_1540631490734{padding-right: 40px !important;padding-left: 40px !important;}&#8221;]<div id=\"ultimate-heading-250469de2693663eb\" class=\"uvc-heading ult-adjust-bottom-margin ultimate-heading-250469de2693663eb uvc-7320  uvc-heading-default-font-sizes\" data-hspacer=\"line_only\"  data-halign=\"center\" style=\"text-align:center\"><div class=\"uvc-main-heading ult-responsive\"  data-ultimate-target='.uvc-heading.ultimate-heading-250469de2693663eb h2'  data-responsive-json-new='{\"font-size\":\"\",\"line-height\":\"\"}' ><h2 style=\"font-weight:bold;margin-bottom:7px;\">Cannabis (Marihuana, Haschisch)<\/h2><\/div><div class=\"uvc-heading-spacer line_only\" style=\"margin-top:15px;margin-bottom:25px;height:3px;\"><span class=\"uvc-headings-line\" style=\"border-style:solid;border-bottom-width:3px;border-color:#f20738;width:300px;\"><\/span><\/div><\/div>[vc_empty_space][vc_message style=&#8221;square&#8221; message_box_color=&#8221;danger&#8221; icon_fontawesome=&#8221;&#8221;]<strong>In Luxemburg sind Verkauf und Konsum von Cannabis gegenw\u00e4rtig nicht erlaubt.<\/strong>[\/vc_message][vc_row_inner equal_height=&#8221;yes&#8221; gap=&#8221;10&#8243;][vc_column_inner width=&#8221;1\/2&#8243; css=&#8221;.vc_custom_1540217487922{padding-top: 0px !important;padding-bottom: 0px !important;}&#8221;][vc_column_text css=&#8221;.vc_custom_1590399713902{padding-right: 0px !important;padding-bottom: 20px !important;padding-left: 0px !important;}&#8221;]Der aktive Wirkstoff in Cannabis ist <strong>THC<\/strong> oder <strong>Tetrahydrocannabinol.<\/strong> THC f\u00fchrt zu einer Freisetzung von Dopamin im Gehirn, was seine zahlreichen psychischen Wirkungen erkl\u00e4rt. Cannabis kann Zust\u00e4nde von Euphorie bis Schl\u00e4frigkeit verursachen.<\/p>\n<p>Cannabis wird meist in Kombination mit <strong>Tabak<\/strong> konsumiert. Der regelm\u00e4\u00dfige Konsum von Cannabis birgt nicht nur dieselben Risiken wie das Rauchen von Tabak (weil es damit vermischt wird), sondern auch Gefahren f\u00fcr die psychische Gesundheit.<\/p>\n<p>Eine kurzfristige Folge von Cannabiskonsum kann ein intensives Unbehagen, auch als \u201eschlechter Trip\u201c bezeichnet, sein. Langfristiger Cannabiskonsum kann Atemwegs- und Herzkreislauferkrankungen verursachen, au\u00dferdem Beeintr\u00e4chtigungen der Fruchtbarkeit. Auch Ged\u00e4chtnis- und Verhaltensst\u00f6rungen sind m\u00f6glich. Cannabiskonsum kann au\u00dferdem Beschwerden wie Angstzust\u00e4nde und Depressionen verst\u00e4rken. Im schlimmsten Fall kann es bei Personen mit entsprechender Pr\u00e4disposition sogar Ausl\u00f6ser schizophrener Episoden sein.[\/vc_column_text][\/vc_column_inner][vc_column_inner width=&#8221;1\/2&#8243; css=&#8221;.vc_custom_1540217511840{padding-top: 0px !important;padding-bottom: 0px !important;}&#8221;][vc_single_image image=&#8221;11541&#8243; img_size=&#8221;full&#8221;][\/vc_column_inner][\/vc_row_inner][\/vc_column][\/vc_row][vc_row][vc_column css=&#8221;.vc_custom_1540631490734{padding-right: 40px !important;padding-left: 40px !important;}&#8221;]<div id=\"ultimate-heading-121469de2693664c9\" class=\"uvc-heading ult-adjust-bottom-margin ultimate-heading-121469de2693664c9 uvc-6480 \" data-hspacer=\"line_only\"  data-halign=\"left\" style=\"text-align:left\"><div class=\"uvc-main-heading ult-responsive\"  data-ultimate-target='.uvc-heading.ultimate-heading-121469de2693664c9 h2'  data-responsive-json-new='{\"font-size\":\"desktop:22px;\",\"line-height\":\"desktop:32px;\"}' ><h2 style=\"font-weight:bold;color:#000000;margin-bottom:7px;\">Infomaterial<\/h2><\/div><div class=\"uvc-heading-spacer line_only\" style=\"margin-top:15px;margin-bottom:25px;height:3px;\"><span class=\"uvc-headings-line\" style=\"border-style:solid;border-bottom-width:3px;border-color:#f20738;width:300px;\"><\/span><\/div><\/div>[vc_empty_space][vc_row_inner equal_height=&#8221;yes&#8221; gap=&#8221;10&#8243;][vc_column_inner width=&#8221;1\/2&#8243; css=&#8221;.vc_custom_1540217487922{padding-top: 0px !important;padding-bottom: 0px !important;}&#8221;][vc_single_image image=&#8221;11595&#8243; img_size=&#8221;medium&#8221; onclick=&#8221;custom_link&#8221; link=&#8221;http:\/\/www.maviesanstabac.lu\/download\/den-insider-nr-77-fr\/&#8221;]<div class=\"standard-arrow list-divider bullet-top\"><ul>\n<li style=\"text-align: left;\"><a href=\"http:\/\/www.maviesanstabac.lu\/download\/den-insider-nr-77-fr\/\" rel=\"noopener noreferrer\">Qu&#8217;est-ce que le cannabis auf Franz\u00f6sisch (PDF)<\/a><\/li>\n<\/ul>\n<\/div>[\/vc_column_inner][vc_column_inner width=&#8221;1\/2&#8243; css=&#8221;.vc_custom_1540217511840{padding-top: 0px !important;padding-bottom: 0px !important;}&#8221;][vc_single_image image=&#8221;11593&#8243; img_size=&#8221;medium&#8221; onclick=&#8221;custom_link&#8221; link=&#8221;http:\/\/www.maviesanstabac.lu\/download\/den-insider-nr-77-de\/&#8221;]<div class=\"standard-arrow list-divider bullet-top\"><ul>\n<li style=\"text-align: left;\"><a href=\"http:\/\/www.maviesanstabac.lu\/download\/den-insider-nr-77-de\/\" rel=\"noopener noreferrer\">Was in Cannabis steckt auf Deutsch (PDF)<\/a><\/li>\n<\/ul>\n<\/div>[\/vc_column_inner][\/vc_row_inner][vc_empty_space height=&#8221;40px&#8221;][\/vc_column][\/vc_row][vc_row type=&#8221;vc_default&#8221; full_width=&#8221;stretch_row&#8221; equal_height=&#8221;yes&#8221; content_placement=&#8221;middle&#8221; bg_type=&#8221;bg_color&#8221; bg_color_value=&#8221;#eeeeee&#8221;][vc_column][vc_row_inner content_placement=&#8221;middle&#8221;][vc_column_inner width=&#8221;1\/3&#8243;][vc_single_image image=&#8221;12609&#8243; img_size=&#8221;medium&#8221; alignment=&#8221;center&#8221; style=&#8221;vc_box_circle&#8221;][\/vc_column_inner][vc_column_inner width=&#8221;1\/3&#8243;][vc_column_text css=&#8221;.vc_custom_1605769889516{padding-bottom: 0px !important;}&#8221;]<\/p>\n<h4 class=\"p1\"><span style=\"color: #f20738;\">\u201eMit der Unterst\u00fctzung eines Gesundheitsexperten k\u00f6nnen sich die Chancen auf eine erfolgreiche Tabakentw\u00f6hnung verdoppeln\u201d<br \/>\n<\/span><\/h4>\n<p>[\/vc_column_text][\/vc_column_inner][vc_column_inner width=&#8221;1\/3&#8243;][vc_column_text css=&#8221;.vc_custom_1702453563518{padding-bottom: 0px !important;}&#8221;]<\/p>\n<div class=\"et_pb_team_member_description\">\n<h5 style=\"text-align: center;\">Lex Schaul<\/h5>\n<p class=\"et_pb_member_position\" style=\"text-align: center;\"><strong><span style=\"color: #cc0033;\">KOSTENLOSE BERATUNG<br \/>\n<\/span><\/strong><\/p>\n<p class=\"social_icons\" style=\"text-align: center;\"><i class=\"fas fa-envelope\"><\/i><span style=\"text-align: center;\"> <span style=\"color: #333333;\"><a style=\"color: #333333;\" href=\"mailto:prevention@cancer.lu\">prevention{AT}cancer.lu<\/a><\/span><\/span><\/p>\n<p class=\"social_icons\" style=\"text-align: center;\"><i class=\"fas fa-phone\"><\/i><span style=\"text-align: center;\"> <span style=\"color: #333333;\">(+352) 45 30 331<\/span><\/span><\/p>\n<\/div>\n<p>[\/vc_column_text][\/vc_column_inner][\/vc_row_inner][\/vc_column][\/vc_row][vc_row][vc_column][vc_empty_space height=&#8221;30px&#8221;][\/vc_column][\/vc_row]<\/p>\n<\/div>","protected":false},"excerpt":{"rendered":"<p>[vc_row type=&#8221;vc_default&#8221; content_placement=&#8221;middle&#8221; margin_top=&#8221;-50&#8243; bg_type=&#8221;image&#8221; parallax_style=&#8221;vcpb-default&#8221; bg_image_new=&#8221;id^7958|url^http:\/\/www.maviesanstabac.lu\/wp-content\/uploads\/2019\/05\/head_int_modes-consommation_cannabis.jpg|caption^null|alt^null|title^head_int_modes-consommation_cannabis|description^null&#8221; bg_override=&#8221;ex-full&#8221; enable_overlay=&#8221;enable_overlay_value&#8221; overlay_pattern=&#8221;transperant&#8221; overlay_pattern_opacity=&#8221;100&#8243; overlay_pattern_size=&#8221;200&#8243; css=&#8221;.vc_custom_1557757705076{padding-top: 3% !important;padding-bottom: 0px !important;}&#8221; el_class=&#8221;internal-header&#8221;][vc_column][\/vc_column][\/vc_row][vc_row][vc_column css=&#8221;.vc_custom_1540631490734{padding-right: 40px !important;padding-left: 40px !important;}&#8221;][vc_empty_space][vc_message style=&#8221;square&#8221; message_box_color=&#8221;danger&#8221; icon_fontawesome=&#8221;&#8221;]In Luxemburg sind Verkauf und Konsum von Cannabis gegenw\u00e4rtig nicht erlaubt.[\/vc_message][vc_row_inner equal_height=&#8221;yes&#8221; gap=&#8221;10&#8243;][vc_column_inner width=&#8221;1\/2&#8243; css=&#8221;.vc_custom_1540217487922{padding-top: 0px !important;padding-bottom: 0px !important;}&#8221;][vc_column_text css=&#8221;.vc_custom_1590399713902{padding-right: 0px !important;padding-bottom: 20px !important;padding-left: 0px !important;}&#8221;]Der aktive Wirkstoff in Cannabis&hellip;<\/p>\n","protected":false},"author":1,"featured_media":3368,"parent":8946,"menu_order":0,"comment_status":"closed","ping_status":"closed","template":"","meta":{"footnotes":""},"class_list":["post-9011","page","type-page","status-publish","has-post-thumbnail","hentry","description-off"],"yoast_head":"<!-- This site is optimized with the Yoast SEO plugin v27.0 - https:\/\/yoast.com\/product\/yoast-seo-wordpress\/ -->\n<title>Cannabis - Ma vie sans tabac<\/title>\n<meta name=\"description\" content=\"Cannabis wird meist in Kombination mit Tabak konsumiert. Der regelm\u00e4\u00dfige Konsum von Cannabis birgt nicht nur dieselben Risiken wie das Rauchen von Tabak, sondern auch Gefahren f\u00fcr die psychische Gesundheit.\" \/>\n<meta name=\"robots\" content=\"index, follow, max-snippet:-1, max-image-preview:large, max-video-preview:-1\" \/>\n<link rel=\"canonical\" href=\"https:\/\/maviesanstabac.lu\/de\/formen-des-tabakonsums\/cannabis-marihuana-haschisch\/\" \/>\n<meta property=\"og:locale\" content=\"de_DE\" \/>\n<meta property=\"og:type\" content=\"article\" \/>\n<meta property=\"og:title\" content=\"Cannabis - Ma vie sans tabac\" \/>\n<meta property=\"og:description\" content=\"Cannabis wird meist in Kombination mit Tabak konsumiert. Der regelm\u00e4\u00dfige Konsum von Cannabis birgt nicht nur dieselben Risiken wie das Rauchen von Tabak, sondern auch Gefahren f\u00fcr die psychische Gesundheit.\" \/>\n<meta property=\"og:url\" content=\"https:\/\/maviesanstabac.lu\/de\/formen-des-tabakonsums\/cannabis-marihuana-haschisch\/\" \/>\n<meta property=\"og:site_name\" content=\"ma vie sans tabac\" \/>\n<meta property=\"article:modified_time\" content=\"2023-12-13T07:46:19+00:00\" \/>\n<meta name=\"twitter:card\" content=\"summary_large_image\" \/>\n<meta name=\"twitter:image\" content=\"https:\/\/maviesanstabac.lu\/wp-content\/uploads\/2017\/06\/FondationCancer.jpg\" \/>\n<meta name=\"twitter:label1\" content=\"Gesch\u00e4tzte Lesezeit\" \/>\n\t<meta name=\"twitter:data1\" content=\"2\u00a0Minuten\" \/>\n<script type=\"application\/ld+json\" class=\"yoast-schema-graph\">{\"@context\":\"https:\/\/schema.org\",\"@graph\":[{\"@type\":\"WebPage\",\"@id\":\"https:\/\/maviesanstabac.lu\/de\/formen-des-tabakonsums\/cannabis-marihuana-haschisch\/\",\"url\":\"https:\/\/maviesanstabac.lu\/de\/formen-des-tabakonsums\/cannabis-marihuana-haschisch\/\",\"name\":\"Cannabis - Ma vie sans tabac\",\"isPartOf\":{\"@id\":\"https:\/\/maviesanstabac.lu\/de\/#website\"},\"primaryImageOfPage\":{\"@id\":\"https:\/\/maviesanstabac.lu\/de\/formen-des-tabakonsums\/cannabis-marihuana-haschisch\/#primaryimage\"},\"image\":{\"@id\":\"https:\/\/maviesanstabac.lu\/de\/formen-des-tabakonsums\/cannabis-marihuana-haschisch\/#primaryimage\"},\"thumbnailUrl\":\"https:\/\/maviesanstabac.lu\/wp-content\/uploads\/2017\/06\/FondationCancer.jpg\",\"datePublished\":\"2019-02-28T15:06:49+00:00\",\"dateModified\":\"2023-12-13T07:46:19+00:00\",\"description\":\"Cannabis wird meist in Kombination mit Tabak konsumiert. Der regelm\u00e4\u00dfige Konsum von Cannabis birgt nicht nur dieselben Risiken wie das Rauchen von Tabak, sondern auch Gefahren f\u00fcr die psychische Gesundheit.\",\"breadcrumb\":{\"@id\":\"https:\/\/maviesanstabac.lu\/de\/formen-des-tabakonsums\/cannabis-marihuana-haschisch\/#breadcrumb\"},\"inLanguage\":\"de\",\"potentialAction\":[{\"@type\":\"ReadAction\",\"target\":[\"https:\/\/maviesanstabac.lu\/de\/formen-des-tabakonsums\/cannabis-marihuana-haschisch\/\"]}]},{\"@type\":\"ImageObject\",\"inLanguage\":\"de\",\"@id\":\"https:\/\/maviesanstabac.lu\/de\/formen-des-tabakonsums\/cannabis-marihuana-haschisch\/#primaryimage\",\"url\":\"https:\/\/maviesanstabac.lu\/wp-content\/uploads\/2017\/06\/FondationCancer.jpg\",\"contentUrl\":\"https:\/\/maviesanstabac.lu\/wp-content\/uploads\/2017\/06\/FondationCancer.jpg\",\"width\":991,\"height\":1200},{\"@type\":\"BreadcrumbList\",\"@id\":\"https:\/\/maviesanstabac.lu\/de\/formen-des-tabakonsums\/cannabis-marihuana-haschisch\/#breadcrumb\",\"itemListElement\":[{\"@type\":\"ListItem\",\"position\":1,\"name\":\"Accueil\",\"item\":\"https:\/\/maviesanstabac.lu\/de\/\"},{\"@type\":\"ListItem\",\"position\":2,\"name\":\"Formen des Tabakkonsums\",\"item\":\"https:\/\/maviesanstabac.lu\/de\/formen-des-tabakonsums\/\"},{\"@type\":\"ListItem\",\"position\":3,\"name\":\"Cannabis\"}]},{\"@type\":\"WebSite\",\"@id\":\"https:\/\/maviesanstabac.lu\/de\/#website\",\"url\":\"https:\/\/maviesanstabac.lu\/de\/\",\"name\":\"ma vie sans tabac\",\"description\":\"Sans tabac pour une vie plus saine\",\"potentialAction\":[{\"@type\":\"SearchAction\",\"target\":{\"@type\":\"EntryPoint\",\"urlTemplate\":\"https:\/\/maviesanstabac.lu\/de\/?s={search_term_string}\"},\"query-input\":{\"@type\":\"PropertyValueSpecification\",\"valueRequired\":true,\"valueName\":\"search_term_string\"}}],\"inLanguage\":\"de\"}]}<\/script>\n<!-- \/ Yoast SEO plugin. -->","yoast_head_json":{"title":"Cannabis - Ma vie sans tabac","description":"Cannabis wird meist in Kombination mit Tabak konsumiert. Der regelm\u00e4\u00dfige Konsum von Cannabis birgt nicht nur dieselben Risiken wie das Rauchen von Tabak, sondern auch Gefahren f\u00fcr die psychische Gesundheit.","robots":{"index":"index","follow":"follow","max-snippet":"max-snippet:-1","max-image-preview":"max-image-preview:large","max-video-preview":"max-video-preview:-1"},"canonical":"https:\/\/maviesanstabac.lu\/de\/formen-des-tabakonsums\/cannabis-marihuana-haschisch\/","og_locale":"de_DE","og_type":"article","og_title":"Cannabis - Ma vie sans tabac","og_description":"Cannabis wird meist in Kombination mit Tabak konsumiert. Der regelm\u00e4\u00dfige Konsum von Cannabis birgt nicht nur dieselben Risiken wie das Rauchen von Tabak, sondern auch Gefahren f\u00fcr die psychische Gesundheit.","og_url":"https:\/\/maviesanstabac.lu\/de\/formen-des-tabakonsums\/cannabis-marihuana-haschisch\/","og_site_name":"ma vie sans tabac","article_modified_time":"2023-12-13T07:46:19+00:00","twitter_card":"summary_large_image","twitter_image":"https:\/\/maviesanstabac.lu\/wp-content\/uploads\/2017\/06\/FondationCancer.jpg","twitter_misc":{"Gesch\u00e4tzte Lesezeit":"2\u00a0Minuten"},"schema":{"@context":"https:\/\/schema.org","@graph":[{"@type":"WebPage","@id":"https:\/\/maviesanstabac.lu\/de\/formen-des-tabakonsums\/cannabis-marihuana-haschisch\/","url":"https:\/\/maviesanstabac.lu\/de\/formen-des-tabakonsums\/cannabis-marihuana-haschisch\/","name":"Cannabis - Ma vie sans tabac","isPartOf":{"@id":"https:\/\/maviesanstabac.lu\/de\/#website"},"primaryImageOfPage":{"@id":"https:\/\/maviesanstabac.lu\/de\/formen-des-tabakonsums\/cannabis-marihuana-haschisch\/#primaryimage"},"image":{"@id":"https:\/\/maviesanstabac.lu\/de\/formen-des-tabakonsums\/cannabis-marihuana-haschisch\/#primaryimage"},"thumbnailUrl":"https:\/\/maviesanstabac.lu\/wp-content\/uploads\/2017\/06\/FondationCancer.jpg","datePublished":"2019-02-28T15:06:49+00:00","dateModified":"2023-12-13T07:46:19+00:00","description":"Cannabis wird meist in Kombination mit Tabak konsumiert. Der regelm\u00e4\u00dfige Konsum von Cannabis birgt nicht nur dieselben Risiken wie das Rauchen von Tabak, sondern auch Gefahren f\u00fcr die psychische Gesundheit.","breadcrumb":{"@id":"https:\/\/maviesanstabac.lu\/de\/formen-des-tabakonsums\/cannabis-marihuana-haschisch\/#breadcrumb"},"inLanguage":"de","potentialAction":[{"@type":"ReadAction","target":["https:\/\/maviesanstabac.lu\/de\/formen-des-tabakonsums\/cannabis-marihuana-haschisch\/"]}]},{"@type":"ImageObject","inLanguage":"de","@id":"https:\/\/maviesanstabac.lu\/de\/formen-des-tabakonsums\/cannabis-marihuana-haschisch\/#primaryimage","url":"https:\/\/maviesanstabac.lu\/wp-content\/uploads\/2017\/06\/FondationCancer.jpg","contentUrl":"https:\/\/maviesanstabac.lu\/wp-content\/uploads\/2017\/06\/FondationCancer.jpg","width":991,"height":1200},{"@type":"BreadcrumbList","@id":"https:\/\/maviesanstabac.lu\/de\/formen-des-tabakonsums\/cannabis-marihuana-haschisch\/#breadcrumb","itemListElement":[{"@type":"ListItem","position":1,"name":"Accueil","item":"https:\/\/maviesanstabac.lu\/de\/"},{"@type":"ListItem","position":2,"name":"Formen des Tabakkonsums","item":"https:\/\/maviesanstabac.lu\/de\/formen-des-tabakonsums\/"},{"@type":"ListItem","position":3,"name":"Cannabis"}]},{"@type":"WebSite","@id":"https:\/\/maviesanstabac.lu\/de\/#website","url":"https:\/\/maviesanstabac.lu\/de\/","name":"ma vie sans tabac","description":"Sans tabac pour une vie plus saine","potentialAction":[{"@type":"SearchAction","target":{"@type":"EntryPoint","urlTemplate":"https:\/\/maviesanstabac.lu\/de\/?s={search_term_string}"},"query-input":{"@type":"PropertyValueSpecification","valueRequired":true,"valueName":"search_term_string"}}],"inLanguage":"de"}]}},"_links":{"self":[{"href":"https:\/\/maviesanstabac.lu\/de\/wp-json\/wp\/v2\/pages\/9011","targetHints":{"allow":["GET"]}}],"collection":[{"href":"https:\/\/maviesanstabac.lu\/de\/wp-json\/wp\/v2\/pages"}],"about":[{"href":"https:\/\/maviesanstabac.lu\/de\/wp-json\/wp\/v2\/types\/page"}],"author":[{"embeddable":true,"href":"https:\/\/maviesanstabac.lu\/de\/wp-json\/wp\/v2\/users\/1"}],"replies":[{"embeddable":true,"href":"https:\/\/maviesanstabac.lu\/de\/wp-json\/wp\/v2\/comments?post=9011"}],"version-history":[{"count":11,"href":"https:\/\/maviesanstabac.lu\/de\/wp-json\/wp\/v2\/pages\/9011\/revisions"}],"predecessor-version":[{"id":12716,"href":"https:\/\/maviesanstabac.lu\/de\/wp-json\/wp\/v2\/pages\/9011\/revisions\/12716"}],"up":[{"embeddable":true,"href":"https:\/\/maviesanstabac.lu\/de\/wp-json\/wp\/v2\/pages\/8946"}],"wp:featuredmedia":[{"embeddable":true,"href":"https:\/\/maviesanstabac.lu\/de\/wp-json\/wp\/v2\/media\/3368"}],"wp:attachment":[{"href":"https:\/\/maviesanstabac.lu\/de\/wp-json\/wp\/v2\/media?parent=9011"}],"curies":[{"name":"wp","href":"https:\/\/api.w.org\/{rel}","templated":true}]}}