{"id":9216,"date":"2018-09-11T15:32:30","date_gmt":"2018-09-11T13:32:30","guid":{"rendered":"https:\/\/www.maviesanstabac.lu\/conditions-utilisation\/"},"modified":"2023-01-17T09:40:25","modified_gmt":"2023-01-17T08:40:25","slug":"nutzungsbedingungen-2-2","status":"publish","type":"page","link":"https:\/\/maviesanstabac.lu\/de\/nutzungsbedingungen-2-2\/","title":{"rendered":"Nutzungsbedingungen"},"content":{"rendered":"<div class=\"wpb-content-wrapper\"><p>[vc_row type=&#8221;vc_default&#8221; content_placement=&#8221;middle&#8221; margin_top=&#8221;-50&#8243; bg_type=&#8221;image&#8221; parallax_style=&#8221;vcpb-vz-jquery&#8221; bg_image_new=&#8221;id^4174|url^http:\/\/www.maviesanstabac.lu\/wp-content\/uploads\/2018\/09\/head_protection-1.jpg|caption^null|alt^null|title^head_protection|description^null&#8221; bg_image_repeat=&#8221;no-repeat&#8221; bg_override=&#8221;ex-full&#8221; enable_overlay=&#8221;enable_overlay_value&#8221; overlay_pattern=&#8221;transperant&#8221; overlay_pattern_opacity=&#8221;100&#8243; css=&#8221;.vc_custom_1540541074589{padding-top: 3% !important;padding-bottom: 0px !important;background-color: #000000 !important;}&#8221; el_class=&#8221;internal-header&#8221;][vc_column][\/vc_column][\/vc_row][vc_row type=&#8221;vc_default&#8221; margin_top=&#8221;0&#8243; margin_bottom=&#8221;-35&#8243; css=&#8221;.vc_custom_1495807861863{margin-top: 10px !important;margin-bottom: 10px !important;}&#8221;][vc_column offset=&#8221;vc_col-lg-12 vc_col-md-12 vc_col-xs-12&#8243; css=&#8221;.vc_custom_1540635168506{padding-right: 40px !important;padding-bottom: 50px !important;padding-left: 40px !important;}&#8221;]<div id=\"ultimate-heading-713369de25e7906c6\" class=\"uvc-heading ult-adjust-bottom-margin ultimate-heading-713369de25e7906c6 uvc-393 accent-border-color uvc-heading-default-font-sizes\" data-hspacer=\"line_only\"  data-halign=\"center\" style=\"text-align:center\"><div class=\"uvc-main-heading ult-responsive\"  data-ultimate-target='.uvc-heading.ultimate-heading-713369de25e7906c6 h2'  data-responsive-json-new='{\"font-size\":\"\",\"line-height\":\"\"}' ><h2 style=\"font-weight:bold;margin-bottom:20px;\">Nutzungsbedingungen<\/h2><\/div><div class=\"uvc-heading-spacer line_only\" style=\"margin-top:15px;margin-bottom:25px;height:3px;\"><span class=\"uvc-headings-line\" style=\"border-style:solid;border-bottom-width:3px;border-color:#f02738;width:300px;\"><\/span><\/div><\/div>[vc_row_inner][vc_column_inner width=&#8221;1\/2&#8243;][vc_column_text css=&#8221;.vc_custom_1673944821419{padding-bottom: 0px !important;}&#8221;]<\/p>\n<div class=\"et_pb_column et_pb_column_1_2 et_pb_column_2 et_pb_css_mix_blend_mode_passthrough\">\n<div class=\"et_pb_text et_pb_module et_pb_bg_layout_light et_pb_text_align_left et_pb_text_0\">\n<div class=\"et_pb_text_inner\">\n<p>Diese Website wird von der Fondation Cancer, Route d\u2019Arlon 209, L-1150 Luxemburg betrieben. R.C.S. Luxemburg G25<\/p>\n<p>Auf der Website finden Sie allgemeine Informationen \u00fcber die Fondation Cancer und ihre Aktivit\u00e4ten. Diese Informationen sollen zur Aufkl\u00e4rung der \u00d6ffentlichkeit beitragen und k\u00f6nnen in keinem Fall das Verh\u00e4ltnis des Patienten\/Besuchers der Website zu einem Mediziner oder Psychologen ersetzen. Die Fondation Cancer \u00fcbernimmt keine Haftung f\u00fcr die Informationen, die lediglich von hinweisendem Charakter sind.<\/p>\n<p>Es kann nicht ausgeschlossen werden, dass die Informationen fehlerhaft, unvollst\u00e4ndig oder veraltet sind. Auch wenn die Informationen auf dieser Website mehr oder weniger regelm\u00e4\u00dfig \u00fcberarbeitet und aktualisiert werden, \u00fcbernimmt die Fondation Cancer keine Gew\u00e4hr f\u00fcr die Aktualit\u00e4t, Richtigkeit, Vollst\u00e4ndigkeit oder Qualit\u00e4t der bereitgestellten Informationen, und sie \u00fcbernimmt keine Haftung f\u00fcr Sch\u00e4den, die durch den Zugriff auf die Website oder durch deren Nutzung verursacht werden.<\/p>\n<p>Die Website der Fondation Cancer enth\u00e4lt Links auf andere Websites. Bitte beachten Sie folgende Hinweise:<\/p>\n<ul>\n<li>Wir \u00fcbernehmen keine Haftung f\u00fcr die Inhalte der verlinkten Websites noch f\u00fcr die Verlinkungen, die diese Websites unter Umst\u00e4nden enthalten k\u00f6nnen, ebenso wenig f\u00fcr \u00c4nderungen oder Aktualisierungen der verlinkten Seiten.<\/li>\n<li>Die Verlinkung auf eine Website stellt keine Bewerbung oder Empfehlung dieser Website oder der dort bereitgestellten Informationen oder Dienstleistungen dar.<\/li>\n<li>Wir \u00fcbernehmen keine Garantie f\u00fcr die Vertraulichkeit und Sicherheit der Daten, die Sie an andere Websites \u00fcbermitteln.<\/li>\n<\/ul>\n<p>Wir \u00fcberpr\u00fcfen regelm\u00e4\u00dfig, ob die Links zu den von uns verlinkten Seiten funktionieren. Bitte z\u00f6gern Sie nicht, uns zu benachrichtigen, wenn Sie feststellen, dass ein Link defekt ist.<\/p>\n<\/div>\n<\/div>\n<\/div>\n<p>[\/vc_column_text][\/vc_column_inner][vc_column_inner width=&#8221;1\/2&#8243;][vc_column_text css=&#8221;.vc_custom_1590645712706{padding-bottom: 0px !important;}&#8221;]Die Fondation Cancer \u00fcbernimmt keine Haftung f\u00fcr eventuelle Sch\u00e4den an der IT-Ausstattung der Nutzer*innen ihrer Website. Sie schlie\u00dft jegliche Haftung aufgrund eines \u2013 auch vor\u00fcbergehenden \u2013 Ausfalls ihrer Website aus.<\/p>\n<p>Die Nutzer*innen der Website der Fondation Cancer sind nicht befugt, die Website der Fondation Cancer ohne vorhergehende schriftliche Einverst\u00e4ndniserkl\u00e4rung der Fondation Cancer auf ihrer Website zu verlinken.<\/p>\n<p>Die Website der Fondation Cancer sowie alle Namen, Bezeichnungen, Rubriken, Bilder und Fotos sowie ganz allgemein alle Materialien und Dokumente, die sich auf der Website befinden, sind exklusives Eigentum der Fondation Cancer (es sei denn, es wird eine andere Quelle angegeben). Jede Reproduktion, auch in Teilen, in jeder Sprache ist ohne vorhergehende schriftliche Einverst\u00e4ndniserkl\u00e4rung der Fondation Cancer untersagt.[\/vc_column_text][\/vc_column_inner][\/vc_row_inner][\/vc_column][\/vc_row][vc_row margin_bottom=&#8221;100px&#8221;][vc_column]<div id=\"ultimate-heading-19669de25e7907c0\" class=\"uvc-heading ult-adjust-bottom-margin ultimate-heading-19669de25e7907c0 uvc-1874 accent-border-color uvc-heading-default-font-sizes\" data-hspacer=\"line_only\"  data-halign=\"center\" style=\"text-align:center\"><div class=\"uvc-main-heading ult-responsive\"  data-ultimate-target='.uvc-heading.ultimate-heading-19669de25e7907c0 h2'  data-responsive-json-new='{\"font-size\":\"\",\"line-height\":\"\"}' ><h2 style=\"font-weight:bold;margin-bottom:20px;\">Cookie-Nutzung<\/h2><\/div><div class=\"uvc-heading-spacer line_only\" style=\"margin-top:15px;margin-bottom:25px;height:3px;\"><span class=\"uvc-headings-line\" style=\"border-style:solid;border-bottom-width:3px;border-color:#6a288a;width:300px;\"><\/span><\/div><\/div>[vc_raw_js]JTNDc2NyaXB0JTIwaWQlM0QlMjJDb29raWVEZWNsYXJhdGlvbiUyMiUyMHNyYyUzRCUyMmh0dHBzJTNBJTJGJTJGY29uc2VudC5jb29raWVib3QuY29tJTJGN2I0Zjg0M2ItYWRmMi00Nzc0LWE0ZTktNGUwODIzMjRiNThiJTJGY2QuanMlMjIlMjB0eXBlJTNEJTIydGV4dCUyRmphdmFzY3JpcHQlMjIlMjBhc3luYyUzRSUzQyUyRnNjcmlwdCUzRQ==[\/vc_raw_js][\/vc_column][\/vc_row][vc_row][vc_column][vc_empty_space][\/vc_column][\/vc_row]<\/p>\n<\/div>","protected":false},"excerpt":{"rendered":"<p>[vc_row type=&#8221;vc_default&#8221; content_placement=&#8221;middle&#8221; margin_top=&#8221;-50&#8243; bg_type=&#8221;image&#8221; parallax_style=&#8221;vcpb-vz-jquery&#8221; bg_image_new=&#8221;id^4174|url^http:\/\/www.maviesanstabac.lu\/wp-content\/uploads\/2018\/09\/head_protection-1.jpg|caption^null|alt^null|title^head_protection|description^null&#8221; bg_image_repeat=&#8221;no-repeat&#8221; bg_override=&#8221;ex-full&#8221; enable_overlay=&#8221;enable_overlay_value&#8221; overlay_pattern=&#8221;transperant&#8221; overlay_pattern_opacity=&#8221;100&#8243; css=&#8221;.vc_custom_1540541074589{padding-top: 3% !important;padding-bottom: 0px !important;background-color: #000000 !important;}&#8221; el_class=&#8221;internal-header&#8221;][vc_column][\/vc_column][\/vc_row][vc_row type=&#8221;vc_default&#8221; margin_top=&#8221;0&#8243; margin_bottom=&#8221;-35&#8243; css=&#8221;.vc_custom_1495807861863{margin-top: 10px !important;margin-bottom: 10px !important;}&#8221;][vc_column offset=&#8221;vc_col-lg-12 vc_col-md-12 vc_col-xs-12&#8243; css=&#8221;.vc_custom_1540635168506{padding-right: 40px !important;padding-bottom: 50px !important;padding-left: 40px !important;}&#8221;][vc_row_inner][vc_column_inner width=&#8221;1\/2&#8243;][vc_column_text css=&#8221;.vc_custom_1673944821419{padding-bottom: 0px !important;}&#8221;] Diese Website wird von der Fondation Cancer, Route d\u2019Arlon 209, L-1150 Luxemburg betrieben.&hellip;<\/p>\n","protected":false},"author":1,"featured_media":3368,"parent":0,"menu_order":0,"comment_status":"closed","ping_status":"closed","template":"","meta":{"footnotes":""},"class_list":["post-9216","page","type-page","status-publish","has-post-thumbnail","hentry","description-off"],"yoast_head":"<!-- This site is optimized with the Yoast SEO plugin v27.0 - https:\/\/yoast.com\/product\/yoast-seo-wordpress\/ -->\n<title>Nutzungsbedingungen - Ma vie sans tabac<\/title>\n<meta name=\"description\" content=\"Diese Website wird von der Fondation Cancer betrieben. Auf der Website finden Sie allgemeine Informationen \u00fcber die Fondation Cancer und ihre Aktivit\u00e4ten.\" \/>\n<meta name=\"robots\" content=\"index, follow, max-snippet:-1, max-image-preview:large, max-video-preview:-1\" \/>\n<link rel=\"canonical\" href=\"https:\/\/maviesanstabac.lu\/de\/nutzungsbedingungen-2-2\/\" \/>\n<meta property=\"og:locale\" content=\"de_DE\" \/>\n<meta property=\"og:type\" content=\"article\" \/>\n<meta property=\"og:title\" content=\"Nutzungsbedingungen - Ma vie sans tabac\" \/>\n<meta property=\"og:description\" content=\"Diese Website wird von der Fondation Cancer betrieben. Auf der Website finden Sie allgemeine Informationen \u00fcber die Fondation Cancer und ihre Aktivit\u00e4ten.\" \/>\n<meta property=\"og:url\" content=\"https:\/\/maviesanstabac.lu\/de\/nutzungsbedingungen-2-2\/\" \/>\n<meta property=\"og:site_name\" content=\"ma vie sans tabac\" \/>\n<meta property=\"article:modified_time\" content=\"2023-01-17T08:40:25+00:00\" \/>\n<meta property=\"og:image\" content=\"https:\/\/maviesanstabac.lu\/wp-content\/uploads\/2017\/06\/FondationCancer.jpg\" \/>\n\t<meta property=\"og:image:width\" content=\"991\" \/>\n\t<meta property=\"og:image:height\" content=\"1200\" \/>\n\t<meta property=\"og:image:type\" content=\"image\/jpeg\" \/>\n<meta name=\"twitter:card\" content=\"summary_large_image\" \/>\n<meta name=\"twitter:label1\" content=\"Gesch\u00e4tzte Lesezeit\" \/>\n\t<meta name=\"twitter:data1\" content=\"3\u00a0Minuten\" \/>\n<script type=\"application\/ld+json\" class=\"yoast-schema-graph\">{\"@context\":\"https:\/\/schema.org\",\"@graph\":[{\"@type\":\"WebPage\",\"@id\":\"https:\/\/maviesanstabac.lu\/de\/nutzungsbedingungen-2-2\/\",\"url\":\"https:\/\/maviesanstabac.lu\/de\/nutzungsbedingungen-2-2\/\",\"name\":\"Nutzungsbedingungen - Ma vie sans tabac\",\"isPartOf\":{\"@id\":\"https:\/\/maviesanstabac.lu\/de\/#website\"},\"primaryImageOfPage\":{\"@id\":\"https:\/\/maviesanstabac.lu\/de\/nutzungsbedingungen-2-2\/#primaryimage\"},\"image\":{\"@id\":\"https:\/\/maviesanstabac.lu\/de\/nutzungsbedingungen-2-2\/#primaryimage\"},\"thumbnailUrl\":\"https:\/\/maviesanstabac.lu\/wp-content\/uploads\/2017\/06\/FondationCancer.jpg\",\"datePublished\":\"2018-09-11T13:32:30+00:00\",\"dateModified\":\"2023-01-17T08:40:25+00:00\",\"description\":\"Diese Website wird von der Fondation Cancer betrieben. Auf der Website finden Sie allgemeine Informationen \u00fcber die Fondation Cancer und ihre Aktivit\u00e4ten.\",\"breadcrumb\":{\"@id\":\"https:\/\/maviesanstabac.lu\/de\/nutzungsbedingungen-2-2\/#breadcrumb\"},\"inLanguage\":\"de\",\"potentialAction\":[{\"@type\":\"ReadAction\",\"target\":[\"https:\/\/maviesanstabac.lu\/de\/nutzungsbedingungen-2-2\/\"]}]},{\"@type\":\"ImageObject\",\"inLanguage\":\"de\",\"@id\":\"https:\/\/maviesanstabac.lu\/de\/nutzungsbedingungen-2-2\/#primaryimage\",\"url\":\"https:\/\/maviesanstabac.lu\/wp-content\/uploads\/2017\/06\/FondationCancer.jpg\",\"contentUrl\":\"https:\/\/maviesanstabac.lu\/wp-content\/uploads\/2017\/06\/FondationCancer.jpg\",\"width\":991,\"height\":1200},{\"@type\":\"BreadcrumbList\",\"@id\":\"https:\/\/maviesanstabac.lu\/de\/nutzungsbedingungen-2-2\/#breadcrumb\",\"itemListElement\":[{\"@type\":\"ListItem\",\"position\":1,\"name\":\"Accueil\",\"item\":\"https:\/\/maviesanstabac.lu\/de\/\"},{\"@type\":\"ListItem\",\"position\":2,\"name\":\"Nutzungsbedingungen\"}]},{\"@type\":\"WebSite\",\"@id\":\"https:\/\/maviesanstabac.lu\/de\/#website\",\"url\":\"https:\/\/maviesanstabac.lu\/de\/\",\"name\":\"ma vie sans tabac\",\"description\":\"Sans tabac pour une vie plus saine\",\"potentialAction\":[{\"@type\":\"SearchAction\",\"target\":{\"@type\":\"EntryPoint\",\"urlTemplate\":\"https:\/\/maviesanstabac.lu\/de\/?s={search_term_string}\"},\"query-input\":{\"@type\":\"PropertyValueSpecification\",\"valueRequired\":true,\"valueName\":\"search_term_string\"}}],\"inLanguage\":\"de\"}]}<\/script>\n<!-- \/ Yoast SEO plugin. -->","yoast_head_json":{"title":"Nutzungsbedingungen - Ma vie sans tabac","description":"Diese Website wird von der Fondation Cancer betrieben. Auf der Website finden Sie allgemeine Informationen \u00fcber die Fondation Cancer und ihre Aktivit\u00e4ten.","robots":{"index":"index","follow":"follow","max-snippet":"max-snippet:-1","max-image-preview":"max-image-preview:large","max-video-preview":"max-video-preview:-1"},"canonical":"https:\/\/maviesanstabac.lu\/de\/nutzungsbedingungen-2-2\/","og_locale":"de_DE","og_type":"article","og_title":"Nutzungsbedingungen - Ma vie sans tabac","og_description":"Diese Website wird von der Fondation Cancer betrieben. Auf der Website finden Sie allgemeine Informationen \u00fcber die Fondation Cancer und ihre Aktivit\u00e4ten.","og_url":"https:\/\/maviesanstabac.lu\/de\/nutzungsbedingungen-2-2\/","og_site_name":"ma vie sans tabac","article_modified_time":"2023-01-17T08:40:25+00:00","og_image":[{"width":991,"height":1200,"url":"https:\/\/maviesanstabac.lu\/wp-content\/uploads\/2017\/06\/FondationCancer.jpg","type":"image\/jpeg"}],"twitter_card":"summary_large_image","twitter_misc":{"Gesch\u00e4tzte Lesezeit":"3\u00a0Minuten"},"schema":{"@context":"https:\/\/schema.org","@graph":[{"@type":"WebPage","@id":"https:\/\/maviesanstabac.lu\/de\/nutzungsbedingungen-2-2\/","url":"https:\/\/maviesanstabac.lu\/de\/nutzungsbedingungen-2-2\/","name":"Nutzungsbedingungen - Ma vie sans tabac","isPartOf":{"@id":"https:\/\/maviesanstabac.lu\/de\/#website"},"primaryImageOfPage":{"@id":"https:\/\/maviesanstabac.lu\/de\/nutzungsbedingungen-2-2\/#primaryimage"},"image":{"@id":"https:\/\/maviesanstabac.lu\/de\/nutzungsbedingungen-2-2\/#primaryimage"},"thumbnailUrl":"https:\/\/maviesanstabac.lu\/wp-content\/uploads\/2017\/06\/FondationCancer.jpg","datePublished":"2018-09-11T13:32:30+00:00","dateModified":"2023-01-17T08:40:25+00:00","description":"Diese Website wird von der Fondation Cancer betrieben. Auf der Website finden Sie allgemeine Informationen \u00fcber die Fondation Cancer und ihre Aktivit\u00e4ten.","breadcrumb":{"@id":"https:\/\/maviesanstabac.lu\/de\/nutzungsbedingungen-2-2\/#breadcrumb"},"inLanguage":"de","potentialAction":[{"@type":"ReadAction","target":["https:\/\/maviesanstabac.lu\/de\/nutzungsbedingungen-2-2\/"]}]},{"@type":"ImageObject","inLanguage":"de","@id":"https:\/\/maviesanstabac.lu\/de\/nutzungsbedingungen-2-2\/#primaryimage","url":"https:\/\/maviesanstabac.lu\/wp-content\/uploads\/2017\/06\/FondationCancer.jpg","contentUrl":"https:\/\/maviesanstabac.lu\/wp-content\/uploads\/2017\/06\/FondationCancer.jpg","width":991,"height":1200},{"@type":"BreadcrumbList","@id":"https:\/\/maviesanstabac.lu\/de\/nutzungsbedingungen-2-2\/#breadcrumb","itemListElement":[{"@type":"ListItem","position":1,"name":"Accueil","item":"https:\/\/maviesanstabac.lu\/de\/"},{"@type":"ListItem","position":2,"name":"Nutzungsbedingungen"}]},{"@type":"WebSite","@id":"https:\/\/maviesanstabac.lu\/de\/#website","url":"https:\/\/maviesanstabac.lu\/de\/","name":"ma vie sans tabac","description":"Sans tabac pour une vie plus saine","potentialAction":[{"@type":"SearchAction","target":{"@type":"EntryPoint","urlTemplate":"https:\/\/maviesanstabac.lu\/de\/?s={search_term_string}"},"query-input":{"@type":"PropertyValueSpecification","valueRequired":true,"valueName":"search_term_string"}}],"inLanguage":"de"}]}},"_links":{"self":[{"href":"https:\/\/maviesanstabac.lu\/de\/wp-json\/wp\/v2\/pages\/9216","targetHints":{"allow":["GET"]}}],"collection":[{"href":"https:\/\/maviesanstabac.lu\/de\/wp-json\/wp\/v2\/pages"}],"about":[{"href":"https:\/\/maviesanstabac.lu\/de\/wp-json\/wp\/v2\/types\/page"}],"author":[{"embeddable":true,"href":"https:\/\/maviesanstabac.lu\/de\/wp-json\/wp\/v2\/users\/1"}],"replies":[{"embeddable":true,"href":"https:\/\/maviesanstabac.lu\/de\/wp-json\/wp\/v2\/comments?post=9216"}],"version-history":[{"count":14,"href":"https:\/\/maviesanstabac.lu\/de\/wp-json\/wp\/v2\/pages\/9216\/revisions"}],"predecessor-version":[{"id":11991,"href":"https:\/\/maviesanstabac.lu\/de\/wp-json\/wp\/v2\/pages\/9216\/revisions\/11991"}],"wp:featuredmedia":[{"embeddable":true,"href":"https:\/\/maviesanstabac.lu\/de\/wp-json\/wp\/v2\/media\/3368"}],"wp:attachment":[{"href":"https:\/\/maviesanstabac.lu\/de\/wp-json\/wp\/v2\/media?parent=9216"}],"curies":[{"name":"wp","href":"https:\/\/api.w.org\/{rel}","templated":true}]}}