{"id":9391,"date":"2020-10-06T08:36:31","date_gmt":"2020-10-06T06:36:31","guid":{"rendered":"https:\/\/www.maviesanstabac.lu\/?page_id=9391"},"modified":"2020-10-06T12:05:55","modified_gmt":"2020-10-06T10:05:55","slug":"hoeheres-risiko-fuer-rauchende","status":"publish","type":"page","link":"https:\/\/maviesanstabac.lu\/de\/hoeheres-risiko-fuer-rauchende\/","title":{"rendered":"Coronavirus: H\u00f6heres Risiko f\u00fcr Rauchende?"},"content":{"rendered":"<div class=\"wpb-content-wrapper\"><p>[vc_row type=&#8221;vc_default&#8221; content_placement=&#8221;middle&#8221; margin_top=&#8221;-50&#8243; bg_type=&#8221;image&#8221; parallax_style=&#8221;vcpb-default&#8221; bg_image_new=&#8221;id^8627|url^https:\/\/www.maviesanstabac.lu\/wp-content\/uploads\/2020\/04\/slider_confinement-bon-moment-pour-arreter-de-fumer.jpg|caption^null|alt^null|title^slider_confinement-bon-moment-pour-arreter-de-fumer|description^null&#8221; bg_override=&#8221;ex-full&#8221; enable_overlay=&#8221;enable_overlay_value&#8221; overlay_pattern=&#8221;transperant&#8221; overlay_pattern_opacity=&#8221;100&#8243; overlay_pattern_size=&#8221;200&#8243; css=&#8221;.vc_custom_1591883698839{padding-top: 3% !important;padding-bottom: 0px !important;}&#8221; el_class=&#8221;internal-header&#8221;][vc_column][\/vc_column][\/vc_row][vc_row][vc_column css=&#8221;.vc_custom_1540631490734{padding-right: 40px !important;padding-left: 40px !important;}&#8221;][vc_empty_space]<div id=\"ultimate-heading-133769e9f822a9623\" class=\"uvc-heading ult-adjust-bottom-margin ultimate-heading-133769e9f822a9623 uvc-2289  uvc-heading-default-font-sizes\" data-hspacer=\"line_only\"  data-halign=\"center\" style=\"text-align:center\"><div class=\"uvc-main-heading ult-responsive\"  data-ultimate-target='.uvc-heading.ultimate-heading-133769e9f822a9623 h2'  data-responsive-json-new='{\"font-size\":\"\",\"line-height\":\"\"}' ><h2 style=\"font-weight:bold;margin-bottom:7px;\">Coronavirus: H\u00f6heres Risiko f\u00fcr Rauchende?<\/h2><\/div><div class=\"uvc-heading-spacer line_only\" style=\"margin-top:15px;margin-bottom:25px;height:3px;\"><span class=\"uvc-headings-line\" style=\"border-style:solid;border-bottom-width:3px;border-color:#f20738;width:750px;\"><\/span><\/div><\/div>[vc_empty_space]<div id=\"ultimate-heading-83369e9f822a9723\" class=\"uvc-heading ult-adjust-bottom-margin ultimate-heading-83369e9f822a9723 uvc-7473 \" data-hspacer=\"line_only\"  data-halign=\"left\" style=\"text-align:left\"><div class=\"uvc-main-heading ult-responsive\"  data-ultimate-target='.uvc-heading.ultimate-heading-83369e9f822a9723 h2'  data-responsive-json-new='{\"font-size\":\"desktop:22px;\",\"line-height\":\"desktop:32px;\"}' ><h2 style=\"font-weight:bold;margin-bottom:7px;\">Infizieren sich Rauchende leichter mit dem Virus?<\/h2><\/div><div class=\"uvc-heading-spacer line_only\" style=\"margin-top:15px;margin-bottom:25px;height:3px;\"><span class=\"uvc-headings-line\" style=\"border-style:solid;border-bottom-width:3px;border-color:#f20738;width:70px;\"><\/span><\/div><\/div>[vc_empty_space][vc_column_text]<\/p>\n<p>Bekannt ist, dass das bei anderen Infektionskrankheiten der Lunge der Fall ist, etwa bei der saisonalen Grippe, Tuberkulose, der von Pneumokokken verursachten Lungenentz\u00fcndung oder der Legion\u00e4rskrankheit. Was das Coronavirus angeht, so fehlen entsprechende Nachweise. Man kann darum noch nicht mit Sicherheit sagen, dass Rauchende sich leichter mit dem Coronavirus infizieren als Menschen, die nicht rauchen.\u201c<\/p>\n<p>[\/vc_column_text]<div id=\"ultimate-heading-991669e9f822a980b\" class=\"uvc-heading ult-adjust-bottom-margin ultimate-heading-991669e9f822a980b uvc-8347 \" data-hspacer=\"line_only\"  data-halign=\"left\" style=\"text-align:left\"><div class=\"uvc-main-heading ult-responsive\"  data-ultimate-target='.uvc-heading.ultimate-heading-991669e9f822a980b h2'  data-responsive-json-new='{\"font-size\":\"desktop:22px;\",\"line-height\":\"desktop:32px;\"}' ><h2 style=\"font-weight:bold;margin-bottom:7px;\">Ist die Gefahr von Komplikationen bei Rauchenden h\u00f6her?<\/h2><\/div><div class=\"uvc-heading-spacer line_only\" style=\"margin-top:15px;margin-bottom:25px;height:3px;\"><span class=\"uvc-headings-line\" style=\"border-style:solid;border-bottom-width:3px;border-color:#f20738;width:70px;\"><\/span><\/div><\/div>[vc_empty_space][vc_column_text]<\/p>\n<p><strong>Das ist sehr wahrscheinlich, <\/strong>aber die entsprechenden Mechanismen werden gegenw\u00e4rtig noch untersucht. Was sicher ist, ist, dass Menschen, die an einer Herz-Kreislauf-Erkrankung, einer Lungenerkrankung oder Diabetes leiden, mit h\u00f6herer Wahrscheinlichkeit an einer schwereren Form von COVID-19 erkranken. Und bei zwei von diesen drei Erkrankungen besteht ein Zusammenhang mit dem Konsum von Tabak.<\/p>\n<p>Au\u00dferdem ist bekannt, dass die <strong>Abwehrmechanismen der Bronchien<\/strong> durch Tabak beeintr\u00e4chtigt werden, und eben diese Mechanismen bieten einen wirkungsvollen Schutz gegen andere Virusinfektionen wie etwa die Grippe. Man kann also vermuten, dass sie im Fall von COVID-19 eine \u00e4hnliche Wirkung haben.<\/p>\n<p>Ebenfalls wei\u00df man seit Langem, dass <strong>der Konsum von Tabak die Flimmerh\u00e4rchen in den Atemwegen sch\u00e4digt.<\/strong> Mit ihren Bewegungen bef\u00f6rdern die Flimmerh\u00e4rchen Bakterien, aber auch Staub, Viren und Schleim aus den Atemwegen. Kommen sie mit Rauch in Ber\u00fchrung, erstarren sie und werden besch\u00e4digt, und der wertvolle Schutzmechanismus kommt zum Erliegen.<\/p>\n<p>[\/vc_column_text]<div id=\"ultimate-heading-734869e9f822a98cc\" class=\"uvc-heading ult-adjust-bottom-margin ultimate-heading-734869e9f822a98cc uvc-4612 \" data-hspacer=\"line_only\"  data-halign=\"left\" style=\"text-align:left\"><div class=\"uvc-main-heading ult-responsive\"  data-ultimate-target='.uvc-heading.ultimate-heading-734869e9f822a98cc h2'  data-responsive-json-new='{\"font-size\":\"desktop:22px;\",\"line-height\":\"desktop:32px;\"}' ><h2 style=\"font-weight:bold;margin-bottom:7px;\">M\u00fcssen Rauchende also noch vorschichtiger sein?<\/h2><\/div><div class=\"uvc-heading-spacer line_only\" style=\"margin-top:15px;margin-bottom:25px;height:3px;\"><span class=\"uvc-headings-line\" style=\"border-style:solid;border-bottom-width:3px;border-color:#f20738;width:70px;\"><\/span><\/div><\/div>[vc_empty_space][vc_column_text]<\/p>\n<p><strong>Alle m\u00fcssen extrem vorsichtig sein<\/strong>. Jeder sollte die offiziellen Verhaltensregeln der Gesundheitsbeh\u00f6rden beachten (Handhygiene, Einschr\u00e4nkung der Sozialkontakte usw.).<\/p>\n<p><strong>Waschen Sie sich gut die H\u00e4nde, <\/strong>bevor Sie sich eine Zigarette anz\u00fcnden und zum Mund f\u00fchren. <strong>Au\u00dferdem sollten Sie darauf verzichten, Zigaretten, Joints und Shishas mit anderen zu teilen<\/strong> \u2013 auch wenn sie gesund sind.\u201c<\/p>\n<p>Nur zu Erinnerung: Das Coronavirus wird vor allem \u00fcber die Atemwege (Speicheltr\u00f6pfchen) \u00fcbertragen. Au\u00dferdem kann man sich anstecken, wenn man einen infizierten Gegenstand anfasst und danach mit den H\u00e4nden das Gesicht ber\u00fchrt. Das Virus kann au\u00dferdem einige Stunden oder sogar Tage auf Gegenst\u00e4nden, Oberfl\u00e4chen usw. \u00fcberleben.<\/p>\n<p>[\/vc_column_text]<div id=\"ultimate-heading-777669e9f822a9990\" class=\"uvc-heading ult-adjust-bottom-margin ultimate-heading-777669e9f822a9990 uvc-835 \" data-hspacer=\"line_only\"  data-halign=\"left\" style=\"text-align:left\"><div class=\"uvc-main-heading ult-responsive\"  data-ultimate-target='.uvc-heading.ultimate-heading-777669e9f822a9990 h2'  data-responsive-json-new='{\"font-size\":\"desktop:22px;\",\"line-height\":\"desktop:32px;\"}' ><h2 style=\"font-weight:bold;margin-bottom:7px;\">Ist es sinnvoll, jetzt mit dem Rauchen aufzuh\u00f6ren?<\/h2><\/div><div class=\"uvc-heading-spacer line_only\" style=\"margin-top:15px;margin-bottom:25px;height:3px;\"><span class=\"uvc-headings-line\" style=\"border-style:solid;border-bottom-width:3px;border-color:#f20738;width:70px;\"><\/span><\/div><\/div>[vc_empty_space][vc_column_text]Auf jeden Fall! Der Verzicht aufs Rauchen sollte Teil der Pr\u00e4ventionsma\u00dfnahmen sein. Sie tragen sich mit dem Gedanken, das Rauchen aufzugeben? Dann ist jetzt ein guter Zeitpunkt, es zu probieren. Es ist im \u00dcbrigen immer eine gute Idee, das Rauchen aufzugeben, um sich gegen die Komplikationen zu wappnen, die es bei vielen Krankheiten verursacht.<\/p>\n<p><strong>Doch es gibt auch gute Nachrichten! <\/strong>Sobald man seine letzte Zigarette geraucht hat, wird in den Lungen <strong>ein Reinigungssystem<\/strong> in Gang gesetzt. Das sorgt daf\u00fcr, dass Sie sich bei einer Infektion der Atemwege schneller erholen. <strong>Es kann sein, dass Sie ein wenig husten m\u00fcssen und dass dabei Schleim auftritt:<\/strong> Das ist normal und bedeutet nicht, dass Sie sich mit dem Virus infiziert haben. Denken Sie daran, in die Armbeuge zu husten, und beachten Sie die aktuellen Hygieneregeln. Wenn der Husten nicht weggeht oder schlimmer wird und Sie Fieber bekommen, sollten Sie auf jeden Fall Ihren Arzt konsultieren.<\/p>\n<p>F\u00fcr Rauchende besteht auch ein erh\u00f6htes Risiko f\u00fcr andere Gesundheitsprobleme, die vom Schlaganfall bis zum Reflux (Sodbrennen) reichen. Das Rauchen aufzugeben ist in der aktuellen Krisensituation au\u00dferdem eine solidarische Geste, die dazu beitr\u00e4gt, dass die Krankenh\u00e4user und das medizinische Personal nicht \u00fcberlastet werden.<\/p>\n<p><em>(Dr. Anne Boucquiau von der belgischen Krebstiftung)<\/em>[\/vc_column_text][vc_empty_space]<div id=\"ultimate-heading-562169e9f822a9a21\" class=\"uvc-heading ult-adjust-bottom-margin ultimate-heading-562169e9f822a9a21 uvc-3238 \" data-hspacer=\"line_only\"  data-halign=\"left\" style=\"text-align:left\"><div class=\"uvc-main-heading ult-responsive\"  data-ultimate-target='.uvc-heading.ultimate-heading-562169e9f822a9a21 h2'  data-responsive-json-new='{\"font-size\":\"desktop:22px;\",\"line-height\":\"desktop:32px;\"}' ><h2 style=\"font-weight:bold;margin-bottom:7px;\">Alle wichtigen Informationen<\/h2><\/div><div class=\"uvc-heading-spacer line_only\" style=\"margin-top:15px;margin-bottom:25px;height:3px;\"><span class=\"uvc-headings-line\" style=\"border-style:solid;border-bottom-width:3px;border-color:#f20738;width:70px;\"><\/span><\/div><\/div>[vc_column_text]<\/p>\n<ul>\n<li><a href=\"https:\/\/www.maviesanstabac.lu\/coronavirus-und-rauchen\/\">Coronavirus und Rauchen<\/a><\/li>\n<li><a href=\"https:\/\/www.maviesanstabac.lu\/lockerung-der-kontaktbeschraenkung\/\">Lockerung der Kontaktbeschr\u00e4nkungen, R\u00fcckkehr an den Arbeitsplatz, Mund-Nasen-Schutz \u2026 und rauchen?<\/a><\/li>\n<li><a href=\"https:\/\/www.maviesanstabac.lu\/sich-und-sein-umfeld-schuetzen\/\">Rauchen im Lockdown: So sch\u00fctzen Sie sich und Ihr Umfeld<\/a><\/li>\n<li><a href=\"https:\/\/www.maviesanstabac.lu\/lockdown-so-regulieren-sie-ihren-tabakkonsum\/\">Lockdown: So regulieren Sie Ihren Tabakkonsum<\/a><\/li>\n<li><a href=\"https:\/\/www.maviesanstabac.lu\/nikotin-gegen-coronavirus\/\">Kann man sich mit Nikotin gegen das neuartige Coronavirus sch\u00fctzen?<\/a><\/li>\n<li><a href=\"https:\/\/www.maviesanstabac.lu\/coronavirus-durch-rauch-uebertragabar\/\">Kann das Coronavirus durch Rauch \u00fcbertragen werden?<\/a><\/li>\n<\/ul>\n<p>[\/vc_column_text][vc_column_text]<\/p>\n<p><em>Quelle: Wir bedanken uns bei der belgischen Krebsstiftung <a href=\"http:\/\/tabacstop.be\">Fondation belge contre le Cancer<\/a>, nach deren Vorlage dieser Text entstanden ist.<\/em><\/p>\n<p>[\/vc_column_text][vc_empty_space]<div id=\"ultimate-heading-114069e9f822a9ab3\" class=\"uvc-heading ult-adjust-bottom-margin ultimate-heading-114069e9f822a9ab3 uvc-8500 \" data-hspacer=\"line_only\"  data-halign=\"left\" style=\"text-align:left\"><div class=\"uvc-main-heading ult-responsive\"  data-ultimate-target='.uvc-heading.ultimate-heading-114069e9f822a9ab3 h2'  data-responsive-json-new='{\"font-size\":\"desktop:22px;\",\"line-height\":\"desktop:32px;\"}' ><h2 style=\"font-weight:bold;margin-bottom:7px;\">Hilfe beim Rauchstopp?<\/h2><\/div><div class=\"uvc-heading-spacer line_only\" style=\"margin-top:15px;margin-bottom:25px;height:3px;\"><span class=\"uvc-headings-line\" style=\"border-style:solid;border-bottom-width:3px;border-color:#f20738;width:70px;\"><\/span><\/div><\/div>[vc_empty_space][vc_column_text]<\/p>\n<p><strong>Die Fondation Cancer hilft Ihnen, die Methode zu finden, die am besten zu Ihnen passt. Sie erreichen uns kostenlos unter der Nummer 45\u00a030\u00a0331.<\/strong><\/p>\n<p>[\/vc_column_text][vc_empty_space height=&#8221;50px&#8221;][\/vc_column][\/vc_row][vc_row][vc_column][\/vc_column][\/vc_row][vc_row][vc_column][vc_empty_space height=&#8221;30px&#8221;][\/vc_column][\/vc_row]<\/p>\n<\/div>","protected":false},"excerpt":{"rendered":"<p>[vc_row type=&#8221;vc_default&#8221; content_placement=&#8221;middle&#8221; margin_top=&#8221;-50&#8243; bg_type=&#8221;image&#8221; parallax_style=&#8221;vcpb-default&#8221; bg_image_new=&#8221;id^8627|url^https:\/\/www.maviesanstabac.lu\/wp-content\/uploads\/2020\/04\/slider_confinement-bon-moment-pour-arreter-de-fumer.jpg|caption^null|alt^null|title^slider_confinement-bon-moment-pour-arreter-de-fumer|description^null&#8221; bg_override=&#8221;ex-full&#8221; enable_overlay=&#8221;enable_overlay_value&#8221; overlay_pattern=&#8221;transperant&#8221; overlay_pattern_opacity=&#8221;100&#8243; overlay_pattern_size=&#8221;200&#8243; css=&#8221;.vc_custom_1591883698839{padding-top: 3% !important;padding-bottom: 0px !important;}&#8221; el_class=&#8221;internal-header&#8221;][vc_column][\/vc_column][\/vc_row][vc_row][vc_column css=&#8221;.vc_custom_1540631490734{padding-right: 40px !important;padding-left: 40px !important;}&#8221;][vc_empty_space][vc_empty_space][vc_empty_space][vc_column_text] Bekannt ist, dass das bei anderen Infektionskrankheiten der Lunge der Fall ist, etwa bei der saisonalen Grippe, Tuberkulose, der von Pneumokokken verursachten Lungenentz\u00fcndung oder der Legion\u00e4rskrankheit. Was das Coronavirus angeht, so fehlen&hellip;<\/p>\n","protected":false},"author":1,"featured_media":3368,"parent":0,"menu_order":0,"comment_status":"closed","ping_status":"closed","template":"","meta":{"footnotes":""},"class_list":["post-9391","page","type-page","status-publish","has-post-thumbnail","hentry","description-off"],"yoast_head":"<!-- This site is optimized with the Yoast SEO plugin v27.0 - https:\/\/yoast.com\/product\/yoast-seo-wordpress\/ -->\n<title>Lockerung der Kontaktbeschr\u00e4nkungen, R\u00fcckkehr an den Arbeitsplatz, Mund-Nasen-Schutz \u2026<\/title>\n<meta name=\"description\" content=\"Seit den Lockerungen der Ausgangs- und Kontaktbeschr\u00e4nkungen k\u00f6nnen einige von uns wieder zur Arbeit gehen \u2013 und dazu manchmal auch die \u00f6ffentlichen Verkehrsmittel nutzen. Das bedeutet auch, f\u00fcr l\u00e4ngere Zeitabschnitte auf Zigaretten zu verzichten\" \/>\n<meta name=\"robots\" content=\"index, follow, max-snippet:-1, max-image-preview:large, max-video-preview:-1\" \/>\n<link rel=\"canonical\" href=\"https:\/\/maviesanstabac.lu\/de\/hoeheres-risiko-fuer-rauchende\/\" \/>\n<meta property=\"og:locale\" content=\"de_DE\" \/>\n<meta property=\"og:type\" content=\"article\" \/>\n<meta property=\"og:title\" content=\"Lockerung der Kontaktbeschr\u00e4nkungen, R\u00fcckkehr an den Arbeitsplatz, Mund-Nasen-Schutz \u2026\" \/>\n<meta property=\"og:description\" content=\"Seit den Lockerungen der Ausgangs- und Kontaktbeschr\u00e4nkungen k\u00f6nnen einige von uns wieder zur Arbeit gehen \u2013 und dazu manchmal auch die \u00f6ffentlichen Verkehrsmittel nutzen. Das bedeutet auch, f\u00fcr l\u00e4ngere Zeitabschnitte auf Zigaretten zu verzichten\" \/>\n<meta property=\"og:url\" content=\"https:\/\/maviesanstabac.lu\/de\/hoeheres-risiko-fuer-rauchende\/\" \/>\n<meta property=\"og:site_name\" content=\"ma vie sans tabac\" \/>\n<meta property=\"article:modified_time\" content=\"2020-10-06T10:05:55+00:00\" \/>\n<meta name=\"twitter:card\" content=\"summary_large_image\" \/>\n<meta name=\"twitter:image\" content=\"https:\/\/maviesanstabac.lu\/wp-content\/uploads\/2017\/06\/FondationCancer.jpg\" \/>\n<meta name=\"twitter:label1\" content=\"Gesch\u00e4tzte Lesezeit\" \/>\n\t<meta name=\"twitter:data1\" content=\"6\u00a0Minuten\" \/>\n<script type=\"application\/ld+json\" class=\"yoast-schema-graph\">{\"@context\":\"https:\/\/schema.org\",\"@graph\":[{\"@type\":\"WebPage\",\"@id\":\"https:\/\/maviesanstabac.lu\/de\/hoeheres-risiko-fuer-rauchende\/\",\"url\":\"https:\/\/maviesanstabac.lu\/de\/hoeheres-risiko-fuer-rauchende\/\",\"name\":\"Lockerung der Kontaktbeschr\u00e4nkungen, R\u00fcckkehr an den Arbeitsplatz, Mund-Nasen-Schutz \u2026\",\"isPartOf\":{\"@id\":\"https:\/\/maviesanstabac.lu\/de\/#website\"},\"primaryImageOfPage\":{\"@id\":\"https:\/\/maviesanstabac.lu\/de\/hoeheres-risiko-fuer-rauchende\/#primaryimage\"},\"image\":{\"@id\":\"https:\/\/maviesanstabac.lu\/de\/hoeheres-risiko-fuer-rauchende\/#primaryimage\"},\"thumbnailUrl\":\"https:\/\/maviesanstabac.lu\/wp-content\/uploads\/2017\/06\/FondationCancer.jpg\",\"datePublished\":\"2020-10-06T06:36:31+00:00\",\"dateModified\":\"2020-10-06T10:05:55+00:00\",\"description\":\"Seit den Lockerungen der Ausgangs- und Kontaktbeschr\u00e4nkungen k\u00f6nnen einige von uns wieder zur Arbeit gehen \u2013 und dazu manchmal auch die \u00f6ffentlichen Verkehrsmittel nutzen. Das bedeutet auch, f\u00fcr l\u00e4ngere Zeitabschnitte auf Zigaretten zu verzichten\",\"breadcrumb\":{\"@id\":\"https:\/\/maviesanstabac.lu\/de\/hoeheres-risiko-fuer-rauchende\/#breadcrumb\"},\"inLanguage\":\"de\",\"potentialAction\":[{\"@type\":\"ReadAction\",\"target\":[\"https:\/\/maviesanstabac.lu\/de\/hoeheres-risiko-fuer-rauchende\/\"]}]},{\"@type\":\"ImageObject\",\"inLanguage\":\"de\",\"@id\":\"https:\/\/maviesanstabac.lu\/de\/hoeheres-risiko-fuer-rauchende\/#primaryimage\",\"url\":\"https:\/\/maviesanstabac.lu\/wp-content\/uploads\/2017\/06\/FondationCancer.jpg\",\"contentUrl\":\"https:\/\/maviesanstabac.lu\/wp-content\/uploads\/2017\/06\/FondationCancer.jpg\",\"width\":991,\"height\":1200},{\"@type\":\"BreadcrumbList\",\"@id\":\"https:\/\/maviesanstabac.lu\/de\/hoeheres-risiko-fuer-rauchende\/#breadcrumb\",\"itemListElement\":[{\"@type\":\"ListItem\",\"position\":1,\"name\":\"Accueil\",\"item\":\"https:\/\/maviesanstabac.lu\/de\/\"},{\"@type\":\"ListItem\",\"position\":2,\"name\":\"Coronavirus: H\u00f6heres Risiko f\u00fcr Rauchende?\"}]},{\"@type\":\"WebSite\",\"@id\":\"https:\/\/maviesanstabac.lu\/de\/#website\",\"url\":\"https:\/\/maviesanstabac.lu\/de\/\",\"name\":\"ma vie sans tabac\",\"description\":\"Sans tabac pour une vie plus saine\",\"potentialAction\":[{\"@type\":\"SearchAction\",\"target\":{\"@type\":\"EntryPoint\",\"urlTemplate\":\"https:\/\/maviesanstabac.lu\/de\/?s={search_term_string}\"},\"query-input\":{\"@type\":\"PropertyValueSpecification\",\"valueRequired\":true,\"valueName\":\"search_term_string\"}}],\"inLanguage\":\"de\"}]}<\/script>\n<!-- \/ Yoast SEO plugin. -->","yoast_head_json":{"title":"Lockerung der Kontaktbeschr\u00e4nkungen, R\u00fcckkehr an den Arbeitsplatz, Mund-Nasen-Schutz \u2026","description":"Seit den Lockerungen der Ausgangs- und Kontaktbeschr\u00e4nkungen k\u00f6nnen einige von uns wieder zur Arbeit gehen \u2013 und dazu manchmal auch die \u00f6ffentlichen Verkehrsmittel nutzen. Das bedeutet auch, f\u00fcr l\u00e4ngere Zeitabschnitte auf Zigaretten zu verzichten","robots":{"index":"index","follow":"follow","max-snippet":"max-snippet:-1","max-image-preview":"max-image-preview:large","max-video-preview":"max-video-preview:-1"},"canonical":"https:\/\/maviesanstabac.lu\/de\/hoeheres-risiko-fuer-rauchende\/","og_locale":"de_DE","og_type":"article","og_title":"Lockerung der Kontaktbeschr\u00e4nkungen, R\u00fcckkehr an den Arbeitsplatz, Mund-Nasen-Schutz \u2026","og_description":"Seit den Lockerungen der Ausgangs- und Kontaktbeschr\u00e4nkungen k\u00f6nnen einige von uns wieder zur Arbeit gehen \u2013 und dazu manchmal auch die \u00f6ffentlichen Verkehrsmittel nutzen. Das bedeutet auch, f\u00fcr l\u00e4ngere Zeitabschnitte auf Zigaretten zu verzichten","og_url":"https:\/\/maviesanstabac.lu\/de\/hoeheres-risiko-fuer-rauchende\/","og_site_name":"ma vie sans tabac","article_modified_time":"2020-10-06T10:05:55+00:00","twitter_card":"summary_large_image","twitter_image":"https:\/\/maviesanstabac.lu\/wp-content\/uploads\/2017\/06\/FondationCancer.jpg","twitter_misc":{"Gesch\u00e4tzte Lesezeit":"6\u00a0Minuten"},"schema":{"@context":"https:\/\/schema.org","@graph":[{"@type":"WebPage","@id":"https:\/\/maviesanstabac.lu\/de\/hoeheres-risiko-fuer-rauchende\/","url":"https:\/\/maviesanstabac.lu\/de\/hoeheres-risiko-fuer-rauchende\/","name":"Lockerung der Kontaktbeschr\u00e4nkungen, R\u00fcckkehr an den Arbeitsplatz, Mund-Nasen-Schutz \u2026","isPartOf":{"@id":"https:\/\/maviesanstabac.lu\/de\/#website"},"primaryImageOfPage":{"@id":"https:\/\/maviesanstabac.lu\/de\/hoeheres-risiko-fuer-rauchende\/#primaryimage"},"image":{"@id":"https:\/\/maviesanstabac.lu\/de\/hoeheres-risiko-fuer-rauchende\/#primaryimage"},"thumbnailUrl":"https:\/\/maviesanstabac.lu\/wp-content\/uploads\/2017\/06\/FondationCancer.jpg","datePublished":"2020-10-06T06:36:31+00:00","dateModified":"2020-10-06T10:05:55+00:00","description":"Seit den Lockerungen der Ausgangs- und Kontaktbeschr\u00e4nkungen k\u00f6nnen einige von uns wieder zur Arbeit gehen \u2013 und dazu manchmal auch die \u00f6ffentlichen Verkehrsmittel nutzen. Das bedeutet auch, f\u00fcr l\u00e4ngere Zeitabschnitte auf Zigaretten zu verzichten","breadcrumb":{"@id":"https:\/\/maviesanstabac.lu\/de\/hoeheres-risiko-fuer-rauchende\/#breadcrumb"},"inLanguage":"de","potentialAction":[{"@type":"ReadAction","target":["https:\/\/maviesanstabac.lu\/de\/hoeheres-risiko-fuer-rauchende\/"]}]},{"@type":"ImageObject","inLanguage":"de","@id":"https:\/\/maviesanstabac.lu\/de\/hoeheres-risiko-fuer-rauchende\/#primaryimage","url":"https:\/\/maviesanstabac.lu\/wp-content\/uploads\/2017\/06\/FondationCancer.jpg","contentUrl":"https:\/\/maviesanstabac.lu\/wp-content\/uploads\/2017\/06\/FondationCancer.jpg","width":991,"height":1200},{"@type":"BreadcrumbList","@id":"https:\/\/maviesanstabac.lu\/de\/hoeheres-risiko-fuer-rauchende\/#breadcrumb","itemListElement":[{"@type":"ListItem","position":1,"name":"Accueil","item":"https:\/\/maviesanstabac.lu\/de\/"},{"@type":"ListItem","position":2,"name":"Coronavirus: H\u00f6heres Risiko f\u00fcr Rauchende?"}]},{"@type":"WebSite","@id":"https:\/\/maviesanstabac.lu\/de\/#website","url":"https:\/\/maviesanstabac.lu\/de\/","name":"ma vie sans tabac","description":"Sans tabac pour une vie plus saine","potentialAction":[{"@type":"SearchAction","target":{"@type":"EntryPoint","urlTemplate":"https:\/\/maviesanstabac.lu\/de\/?s={search_term_string}"},"query-input":{"@type":"PropertyValueSpecification","valueRequired":true,"valueName":"search_term_string"}}],"inLanguage":"de"}]}},"_links":{"self":[{"href":"https:\/\/maviesanstabac.lu\/de\/wp-json\/wp\/v2\/pages\/9391","targetHints":{"allow":["GET"]}}],"collection":[{"href":"https:\/\/maviesanstabac.lu\/de\/wp-json\/wp\/v2\/pages"}],"about":[{"href":"https:\/\/maviesanstabac.lu\/de\/wp-json\/wp\/v2\/types\/page"}],"author":[{"embeddable":true,"href":"https:\/\/maviesanstabac.lu\/de\/wp-json\/wp\/v2\/users\/1"}],"replies":[{"embeddable":true,"href":"https:\/\/maviesanstabac.lu\/de\/wp-json\/wp\/v2\/comments?post=9391"}],"version-history":[{"count":10,"href":"https:\/\/maviesanstabac.lu\/de\/wp-json\/wp\/v2\/pages\/9391\/revisions"}],"predecessor-version":[{"id":10128,"href":"https:\/\/maviesanstabac.lu\/de\/wp-json\/wp\/v2\/pages\/9391\/revisions\/10128"}],"wp:featuredmedia":[{"embeddable":true,"href":"https:\/\/maviesanstabac.lu\/de\/wp-json\/wp\/v2\/media\/3368"}],"wp:attachment":[{"href":"https:\/\/maviesanstabac.lu\/de\/wp-json\/wp\/v2\/media?parent=9391"}],"curies":[{"name":"wp","href":"https:\/\/api.w.org\/{rel}","templated":true}]}}