{"id":9399,"date":"2020-07-30T14:27:19","date_gmt":"2020-07-30T12:27:19","guid":{"rendered":"https:\/\/www.maviesanstabac.lu\/?page_id=9399"},"modified":"2022-09-06T10:49:14","modified_gmt":"2022-09-06T08:49:14","slug":"erfahrungsberichte-2","status":"publish","type":"page","link":"https:\/\/maviesanstabac.lu\/de\/erfahrungsberichte-2\/","title":{"rendered":"L\u00e9a, Alex, Philippe und Dejan haben mit dem Rauchen aufgeh\u00f6rt. Auch Sie k\u00f6nnen es schaffen!"},"content":{"rendered":"<div class=\"wpb-content-wrapper\"><p>[vc_row type=&#8221;vc_default&#8221; content_placement=&#8221;middle&#8221; margin_top=&#8221;-50&#8243; bg_type=&#8221;image&#8221; parallax_style=&#8221;vcpb-default&#8221; bg_image_new=&#8221;id^9073|url^https:\/\/www.maviesanstabac.lu\/wp-content\/uploads\/2020\/05\/mvst6-slider.jpg|caption^null|alt^null|title^mvst6-slider|description^null&#8221; bg_override=&#8221;ex-full&#8221; enable_overlay=&#8221;enable_overlay_value&#8221; overlay_pattern=&#8221;transperant&#8221; overlay_pattern_opacity=&#8221;100&#8243; overlay_pattern_size=&#8221;200&#8243; css=&#8221;.vc_custom_1590501045480{padding-top: 3% !important;padding-bottom: 0px !important;}&#8221; el_class=&#8221;internal-header&#8221;][vc_column][\/vc_column][\/vc_row][vc_row][vc_column css=&#8221;.vc_custom_1540631490734{padding-right: 40px !important;padding-left: 40px !important;}&#8221;][vc_empty_space]<div id=\"ultimate-heading-63669de264e057fb\" class=\"uvc-heading ult-adjust-bottom-margin ultimate-heading-63669de264e057fb uvc-7568  uvc-heading-default-font-sizes\" data-hspacer=\"line_only\"  data-halign=\"center\" style=\"text-align:center\"><div class=\"uvc-main-heading ult-responsive\"  data-ultimate-target='.uvc-heading.ultimate-heading-63669de264e057fb h2'  data-responsive-json-new='{\"font-size\":\"\",\"line-height\":\"\"}' ><h2 style=\"font-weight:bold;margin-bottom:7px;\">L\u00e9a, Alex, Philippe und Dejan haben mit dem Rauchen aufgeh\u00f6rt. Auch Sie k\u00f6nnen es schaffen!<\/h2><\/div><div class=\"uvc-heading-spacer line_only\" style=\"margin-top:15px;margin-bottom:25px;height:3px;\"><span class=\"uvc-headings-line\" style=\"border-style:solid;border-bottom-width:3px;border-color:#f20738;width:750px;\"><\/span><\/div><\/div>[vc_empty_space][vc_column_text]<strong>Anl\u00e4sslich des <em>Weltnichtrauchertages<\/em> am 31. Mai interviewte die Fondation Cancer vier ehemalige Raucher &#8211; Philippe, Alex, L\u00e9a und Dejan &#8211; die \u00fcber ihren Weg bis zur Raucherentw\u00f6hnung sprechen und damit hoffen, diejenigen zu inspirieren, die z\u00f6gern, den Schritt zu wagen.<\/strong>[\/vc_column_text][\/vc_column][\/vc_row][vc_row][vc_column width=&#8221;1\/6&#8243; css=&#8221;.vc_custom_1540631490734{padding-right: 40px !important;padding-left: 40px !important;}&#8221;][\/vc_column][vc_column width=&#8221;2\/3&#8243;][vc_video link=&#8221;https:\/\/youtu.be\/RbUTDFUcuhU&#8221; align=&#8221;center&#8221;][\/vc_column][vc_column width=&#8221;1\/6&#8243;][\/vc_column][\/vc_row][vc_row][vc_column css=&#8221;.vc_custom_1540631490734{padding-right: 40px !important;padding-left: 40px !important;}&#8221;]<div id=\"ultimate-heading-600869de264e0593d\" class=\"uvc-heading ult-adjust-bottom-margin ultimate-heading-600869de264e0593d uvc-9692 accent-border-color\" data-hspacer=\"line_only\"  data-halign=\"left\" style=\"text-align:left\"><div class=\"uvc-main-heading ult-responsive\"  data-ultimate-target='.uvc-heading.ultimate-heading-600869de264e0593d h2'  data-responsive-json-new='{\"font-size\":\"desktop:22px;\",\"line-height\":\"desktop:32px;\"}' ><h2 style=\"font-weight:bold;\">Die Erfahrungsberichte<\/h2><\/div><div class=\"uvc-heading-spacer line_only\" style=\"topheight:3px;\"><span class=\"uvc-headings-line\" style=\"border-style:solid;border-bottom-width:3px;border-color:#ccc;width:140px;\"><\/span><\/div><\/div>[vc_empty_space][\/vc_column][\/vc_row][vc_row][vc_column width=&#8221;1\/2&#8243; css=&#8221;.vc_custom_1540631490734{padding-right: 40px !important;padding-left: 40px !important;}&#8221;][vc_video link=&#8221;https:\/\/www.youtube.com\/watch?v=4C9gOOfmYxQ&#8221; align=&#8221;center&#8221;][vc_column_text]<strong>Philippe, 30, Nichtraucher seit 2 Jahren<\/strong>[\/vc_column_text][vc_column_text]<em>Als ich anfing, als Lehrer im Bildungssektor zu arbeiten, wollte ich ein Vorbild f\u00fcr meine zuk\u00fcnftigen Sch\u00fcler sein. [\u2026] Ich habe \u00fcber Nacht mit dem Rauchen aufgeh\u00f6rt. [\u2026] Man muss nur stark bleiben und durchhalten.<\/em>[\/vc_column_text][\/vc_column][vc_column width=&#8221;1\/2&#8243;][vc_video link=&#8221;https:\/\/www.youtube.com\/watch?v=8tmVfz37WX8&#8243; el_width=&#8221;90&#8243; align=&#8221;center&#8221;][vc_column_text]<strong>L\u00e9a, 21, Nichtraucherin seit 5-6 Monaten<\/strong>[\/vc_column_text][vc_column_text]<em>Ich habe vor etwa 5-6 Monaten mit dem Rauchen aufgeh\u00f6rt [\u2026] Es wurde mir auf einmal klar, ja, ich muss heute noch aufh\u00f6ren. [\u2026] Also kaufte ich mir zun\u00e4chst eine elektronische Zigarette [\u2026] aber ich merkte schnell, dass sie mir eigentlich nicht half. [\u2026] Es erfordert viel Mut, viel Motivation, aber man kann es schaffen, wenn man es wirklich schaffen will.<\/em>[\/vc_column_text][\/vc_column][\/vc_row][vc_row][vc_column width=&#8221;1\/2&#8243; css=&#8221;.vc_custom_1540631490734{padding-right: 40px !important;padding-left: 40px !important;}&#8221;][vc_video link=&#8221;https:\/\/www.youtube.com\/watch?v=eVYWr6fzzeI&#8221; align=&#8221;center&#8221;][vc_column_text]<strong>Alex, 34, Nichtraucher seit 2-einhalb Jahren<\/strong>[\/vc_column_text][vc_column_text]<em>Ich habe vor zweieinhalb Jahren mit dem Rauchen aufgeh\u00f6rt, und meine Motivation war, dass ich diese Sucht wirklich beenden wollte [&#8230;] Ich habe dank der elektronischen Zigarette aufgeh\u00f6rt zu rauchen, oder sagen wir, ich habe die Raucherentw\u00f6hnung damit angefangen, und es hat mir sehr geholfen. [\u2026] Wer mit dem Rauchen aufh\u00f6ren will, muss bereit sein, es zu tun, daran glauben und alles daf\u00fcr tun.<\/em>[\/vc_column_text][\/vc_column][vc_column width=&#8221;1\/2&#8243;][vc_video link=&#8221;https:\/\/www.youtube.com\/watch?v=ltR3LNHKvqU&#8221; el_width=&#8221;90&#8243; align=&#8221;center&#8221;][vc_column_text]<strong>Dejan, 52, Nichtraucher seit 3 Monaten<\/strong>[\/vc_column_text][vc_column_text]<em>Ich habe dieses Jahr am 23. Februar mit dem Rauchen aufgeh\u00f6rt [\u2026] Es war relativ einfach f\u00fcr mich. Ich beschloss, es mit Hilfe von Nikotinpflastern zu versuchen[&#8230;] Tats\u00e4chlich war es nicht so schwierig, mit dem Rauchen aufzuh\u00f6ren, wie ich es mir vorgestellt hatte. [\u2026] Glauben Sie mir, Sie werden im Gegenzug nur Gutes erhalten. Die Raucherentw\u00f6hnung hat in vielerlei Hinsichten viele Vorteile. [\u2026]<\/em>[\/vc_column_text][\/vc_column][\/vc_row][vc_row type=&#8221;vc_default&#8221; bg_type=&#8221;image&#8221; parallax_style=&#8221;vcpb-default&#8221; bg_image_new=&#8221;id^11219|url^https:\/\/www.maviesanstabac.lu\/wp-content\/uploads\/2022\/09\/iStock-1052047866-scaled.jpg|caption^broken cigarette with the word stop. stop smoking concept closeup|alt^null|title^broken cigarette with the word stop. stop smoking concept closeup|description^null&#8221; bg_override=&#8221;full&#8221;][vc_column][vc_empty_space][vc_column_text]<span style=\"color: #000000;\">Diese Erfahrungsberichte zeigen, dass es nicht nur <strong>eine<\/strong> Methode gibt um mit dem Rauchen aufzuh\u00f6ren, sondern dass es darauf ankommt, dass jeder f\u00fcr sich den richtigen Zeitpunkt und die passende Methode findet.<\/span><\/p>\n<p><span style=\"color: #000000;\"><strong>Die Fondation Cancer begleitet Raucher durch <span style=\"color: #000000;\">kostenlose,<\/span> pers\u00f6nliche Beratungen &#8211; per Telefon, Videokonferenz oder vor Ort in den R\u00e4umlichkeiten der Fondation Cancer.<\/strong><\/span><\/p>\n<h4 style=\"text-align: center;\"><strong><span style=\"color: #000000;\">Wollen auch Sie mit dem Rauchen aufh\u00f6ren?<\/span><br \/>\n<\/strong><\/h4>\n<p>[\/vc_column_text]<div class=\"text-centered\"><a href=\"https:\/\/www.maviesanstabac.lu\/de\/kontakt\/\" class=\"btn-shortcode dt-btn-s dt-btn default-btn-color default-btn-hover-color default-btn-bg-color default-btn-bg-hover-color\" id=\"dt-btn-1\"><span>Kontaktieren Sie uns<\/span><\/a><\/div>[vc_empty_space][\/vc_column][\/vc_row][vc_row][vc_column][\/vc_column][\/vc_row][vc_row type=&#8221;vc_default&#8221; full_width=&#8221;stretch_row&#8221; content_placement=&#8221;middle&#8221; parallax=&#8221;content-moving&#8221; parallax_image=&#8221;11200&#8243; enable_overlay=&#8221;enable_overlay_value&#8221; overlay_color=&#8221;#f20738&#8243; overlay_pattern=&#8221;transperant&#8221; overlay_pattern_opacity=&#8221;80&#8243; multi_color_overlay=&#8221;uvc-multi-color-bg&#8221; multi_color_overlay_opacity=&#8221;60&#8243; el_class=&#8221;accent-border-color&#8221;][vc_column]<div class=\"ult-spacer spacer-69de264e05a70\" data-id=\"69de264e05a70\" data-height=\"100\" data-height-mobile=\"0\" data-height-tab=\"0\" data-height-tab-portrait=\"0\" data-height-mobile-landscape=\"0\" style=\"clear:both;display:block;\"><\/div>[vc_row_inner css=&#8221;.vc_custom_1538554528820{border-radius: 2px !important;}&#8221;][vc_column_inner]<div id=\"ultimate-heading-193669de264e05aee\" class=\"uvc-heading ult-adjust-bottom-margin ultimate-heading-193669de264e05aee uvc-6608 accent-border-color uvc-heading-default-font-sizes\" data-hspacer=\"line_only\"  data-halign=\"left\" style=\"text-align:left\"><div class=\"uvc-main-heading ult-responsive\"  data-ultimate-target='.uvc-heading.ultimate-heading-193669de264e05aee h2'  data-responsive-json-new='{\"font-size\":\"\",\"line-height\":\"\"}' ><h2 style=\"font-weight:bold;color:#ffffff;margin-bottom:20px;\">Mit dem Rauchen aufh\u00f6ren? Sie k\u00f6nnen es schaffen!<\/h2><\/div><div class=\"uvc-heading-spacer line_only\" style=\"margin-bottom:25px;height:3px;\"><span class=\"uvc-headings-line\" style=\"border-style:solid;border-bottom-width:3px;border-color:#ccc;width:300px;\"><\/span><\/div><\/div>[vc_column_text]<strong><span style=\"color: #ffffff;\">Unsere Fachkraft f\u00fcr \u00f6ffentliches Gesundheitswesen, kann Ihnen dabei helfen, mit dem Rauchen aufzuh\u00f6ren.<\/span><\/strong>[\/vc_column_text]<a href=\"https:\/\/www.maviesanstabac.lu\/de\/kontakt\/\" class=\"btn-shortcode dt-btn-s dt-btn default-btn-color default-btn-hover-color default-btn-bg-color default-btn-bg-hover-color\" target=\"_blank\" id=\"dt-btn-2\" rel=\"noopener\"><span>Kontaktieren Sie uns<\/span><\/a><div class=\"ult-spacer spacer-69de264e05bfc\" data-id=\"69de264e05bfc\" data-height=\"40\" data-height-mobile=\"20\" data-height-tab=\"20\" data-height-tab-portrait=\"20\" data-height-mobile-landscape=\"20\" style=\"clear:both;display:block;\"><\/div>[\/vc_column_inner][\/vc_row_inner]<div class=\"ult-spacer spacer-69de264e05c46\" data-id=\"69de264e05c46\" data-height=\"40\" data-height-mobile=\"20\" data-height-tab=\"20\" data-height-tab-portrait=\"20\" data-height-mobile-landscape=\"20\" style=\"clear:both;display:block;\"><\/div>[\/vc_column][\/vc_row][vc_row][vc_column][vc_empty_space height=&#8221;30px&#8221;][\/vc_column][\/vc_row]<\/p>\n<\/div>","protected":false},"excerpt":{"rendered":"<p>[vc_row type=&#8221;vc_default&#8221; content_placement=&#8221;middle&#8221; margin_top=&#8221;-50&#8243; bg_type=&#8221;image&#8221; parallax_style=&#8221;vcpb-default&#8221; bg_image_new=&#8221;id^9073|url^https:\/\/www.maviesanstabac.lu\/wp-content\/uploads\/2020\/05\/mvst6-slider.jpg|caption^null|alt^null|title^mvst6-slider|description^null&#8221; bg_override=&#8221;ex-full&#8221; enable_overlay=&#8221;enable_overlay_value&#8221; overlay_pattern=&#8221;transperant&#8221; overlay_pattern_opacity=&#8221;100&#8243; overlay_pattern_size=&#8221;200&#8243; css=&#8221;.vc_custom_1590501045480{padding-top: 3% !important;padding-bottom: 0px !important;}&#8221; el_class=&#8221;internal-header&#8221;][vc_column][\/vc_column][\/vc_row][vc_row][vc_column css=&#8221;.vc_custom_1540631490734{padding-right: 40px !important;padding-left: 40px !important;}&#8221;][vc_empty_space][vc_empty_space][vc_column_text]Anl\u00e4sslich des Weltnichtrauchertages am 31. Mai interviewte die Fondation Cancer vier ehemalige Raucher &#8211; Philippe, Alex, L\u00e9a und Dejan &#8211; die \u00fcber ihren Weg bis zur Raucherentw\u00f6hnung sprechen und damit hoffen, diejenigen zu&hellip;<\/p>\n","protected":false},"author":1,"featured_media":3368,"parent":0,"menu_order":0,"comment_status":"closed","ping_status":"closed","template":"","meta":{"footnotes":""},"class_list":["post-9399","page","type-page","status-publish","has-post-thumbnail","hentry","description-off"],"yoast_head":"<!-- This site is optimized with the Yoast SEO plugin v27.0 - https:\/\/yoast.com\/product\/yoast-seo-wordpress\/ -->\n<title>L\u00e9a, Alex, Philippe und Dejan haben mit dem Rauchen aufgeh\u00f6rt. Auch Sie k\u00f6nnen es schaffen!<\/title>\n<meta name=\"description\" content=\"Weltnichtrauchertag - Entdecken Sie die Erfahrungsberichte von philippe, Alex, L\u00e9a und Dejan die \u00fcber ihren Weg bis hin zu Raucherentw\u00f6hnung berichten.\" \/>\n<meta name=\"robots\" content=\"index, follow, max-snippet:-1, max-image-preview:large, max-video-preview:-1\" \/>\n<link rel=\"canonical\" href=\"https:\/\/maviesanstabac.lu\/de\/erfahrungsberichte-2\/\" \/>\n<meta property=\"og:locale\" content=\"de_DE\" \/>\n<meta property=\"og:type\" content=\"article\" \/>\n<meta property=\"og:title\" content=\"L\u00e9a, Alex, Philippe und Dejan haben mit dem Rauchen aufgeh\u00f6rt. Auch Sie k\u00f6nnen es schaffen!\" \/>\n<meta property=\"og:description\" content=\"Weltnichtrauchertag - Entdecken Sie die Erfahrungsberichte von philippe, Alex, L\u00e9a und Dejan die \u00fcber ihren Weg bis hin zu Raucherentw\u00f6hnung berichten.\" \/>\n<meta property=\"og:url\" content=\"https:\/\/maviesanstabac.lu\/de\/erfahrungsberichte-2\/\" \/>\n<meta property=\"og:site_name\" content=\"ma vie sans tabac\" \/>\n<meta property=\"article:modified_time\" content=\"2022-09-06T08:49:14+00:00\" \/>\n<meta name=\"twitter:card\" content=\"summary_large_image\" \/>\n<meta name=\"twitter:image\" content=\"https:\/\/maviesanstabac.lu\/wp-content\/uploads\/2017\/06\/FondationCancer.jpg\" \/>\n<meta name=\"twitter:label1\" content=\"Gesch\u00e4tzte Lesezeit\" \/>\n\t<meta name=\"twitter:data1\" content=\"3\u00a0Minuten\" \/>\n<script type=\"application\/ld+json\" class=\"yoast-schema-graph\">{\"@context\":\"https:\/\/schema.org\",\"@graph\":[{\"@type\":\"WebPage\",\"@id\":\"https:\/\/maviesanstabac.lu\/de\/erfahrungsberichte-2\/\",\"url\":\"https:\/\/maviesanstabac.lu\/de\/erfahrungsberichte-2\/\",\"name\":\"L\u00e9a, Alex, Philippe und Dejan haben mit dem Rauchen aufgeh\u00f6rt. Auch Sie k\u00f6nnen es schaffen!\",\"isPartOf\":{\"@id\":\"https:\/\/maviesanstabac.lu\/de\/#website\"},\"primaryImageOfPage\":{\"@id\":\"https:\/\/maviesanstabac.lu\/de\/erfahrungsberichte-2\/#primaryimage\"},\"image\":{\"@id\":\"https:\/\/maviesanstabac.lu\/de\/erfahrungsberichte-2\/#primaryimage\"},\"thumbnailUrl\":\"https:\/\/maviesanstabac.lu\/wp-content\/uploads\/2017\/06\/FondationCancer.jpg\",\"datePublished\":\"2020-07-30T12:27:19+00:00\",\"dateModified\":\"2022-09-06T08:49:14+00:00\",\"description\":\"Weltnichtrauchertag - Entdecken Sie die Erfahrungsberichte von philippe, Alex, L\u00e9a und Dejan die \u00fcber ihren Weg bis hin zu Raucherentw\u00f6hnung berichten.\",\"breadcrumb\":{\"@id\":\"https:\/\/maviesanstabac.lu\/de\/erfahrungsberichte-2\/#breadcrumb\"},\"inLanguage\":\"de\",\"potentialAction\":[{\"@type\":\"ReadAction\",\"target\":[\"https:\/\/maviesanstabac.lu\/de\/erfahrungsberichte-2\/\"]}]},{\"@type\":\"ImageObject\",\"inLanguage\":\"de\",\"@id\":\"https:\/\/maviesanstabac.lu\/de\/erfahrungsberichte-2\/#primaryimage\",\"url\":\"https:\/\/maviesanstabac.lu\/wp-content\/uploads\/2017\/06\/FondationCancer.jpg\",\"contentUrl\":\"https:\/\/maviesanstabac.lu\/wp-content\/uploads\/2017\/06\/FondationCancer.jpg\",\"width\":991,\"height\":1200},{\"@type\":\"BreadcrumbList\",\"@id\":\"https:\/\/maviesanstabac.lu\/de\/erfahrungsberichte-2\/#breadcrumb\",\"itemListElement\":[{\"@type\":\"ListItem\",\"position\":1,\"name\":\"Accueil\",\"item\":\"https:\/\/maviesanstabac.lu\/de\/\"},{\"@type\":\"ListItem\",\"position\":2,\"name\":\"L\u00e9a, Alex, Philippe und Dejan haben mit dem Rauchen aufgeh\u00f6rt. Auch Sie k\u00f6nnen es schaffen!\"}]},{\"@type\":\"WebSite\",\"@id\":\"https:\/\/maviesanstabac.lu\/de\/#website\",\"url\":\"https:\/\/maviesanstabac.lu\/de\/\",\"name\":\"ma vie sans tabac\",\"description\":\"Sans tabac pour une vie plus saine\",\"potentialAction\":[{\"@type\":\"SearchAction\",\"target\":{\"@type\":\"EntryPoint\",\"urlTemplate\":\"https:\/\/maviesanstabac.lu\/de\/?s={search_term_string}\"},\"query-input\":{\"@type\":\"PropertyValueSpecification\",\"valueRequired\":true,\"valueName\":\"search_term_string\"}}],\"inLanguage\":\"de\"}]}<\/script>\n<!-- \/ Yoast SEO plugin. -->","yoast_head_json":{"title":"L\u00e9a, Alex, Philippe und Dejan haben mit dem Rauchen aufgeh\u00f6rt. Auch Sie k\u00f6nnen es schaffen!","description":"Weltnichtrauchertag - Entdecken Sie die Erfahrungsberichte von philippe, Alex, L\u00e9a und Dejan die \u00fcber ihren Weg bis hin zu Raucherentw\u00f6hnung berichten.","robots":{"index":"index","follow":"follow","max-snippet":"max-snippet:-1","max-image-preview":"max-image-preview:large","max-video-preview":"max-video-preview:-1"},"canonical":"https:\/\/maviesanstabac.lu\/de\/erfahrungsberichte-2\/","og_locale":"de_DE","og_type":"article","og_title":"L\u00e9a, Alex, Philippe und Dejan haben mit dem Rauchen aufgeh\u00f6rt. Auch Sie k\u00f6nnen es schaffen!","og_description":"Weltnichtrauchertag - Entdecken Sie die Erfahrungsberichte von philippe, Alex, L\u00e9a und Dejan die \u00fcber ihren Weg bis hin zu Raucherentw\u00f6hnung berichten.","og_url":"https:\/\/maviesanstabac.lu\/de\/erfahrungsberichte-2\/","og_site_name":"ma vie sans tabac","article_modified_time":"2022-09-06T08:49:14+00:00","twitter_card":"summary_large_image","twitter_image":"https:\/\/maviesanstabac.lu\/wp-content\/uploads\/2017\/06\/FondationCancer.jpg","twitter_misc":{"Gesch\u00e4tzte Lesezeit":"3\u00a0Minuten"},"schema":{"@context":"https:\/\/schema.org","@graph":[{"@type":"WebPage","@id":"https:\/\/maviesanstabac.lu\/de\/erfahrungsberichte-2\/","url":"https:\/\/maviesanstabac.lu\/de\/erfahrungsberichte-2\/","name":"L\u00e9a, Alex, Philippe und Dejan haben mit dem Rauchen aufgeh\u00f6rt. Auch Sie k\u00f6nnen es schaffen!","isPartOf":{"@id":"https:\/\/maviesanstabac.lu\/de\/#website"},"primaryImageOfPage":{"@id":"https:\/\/maviesanstabac.lu\/de\/erfahrungsberichte-2\/#primaryimage"},"image":{"@id":"https:\/\/maviesanstabac.lu\/de\/erfahrungsberichte-2\/#primaryimage"},"thumbnailUrl":"https:\/\/maviesanstabac.lu\/wp-content\/uploads\/2017\/06\/FondationCancer.jpg","datePublished":"2020-07-30T12:27:19+00:00","dateModified":"2022-09-06T08:49:14+00:00","description":"Weltnichtrauchertag - Entdecken Sie die Erfahrungsberichte von philippe, Alex, L\u00e9a und Dejan die \u00fcber ihren Weg bis hin zu Raucherentw\u00f6hnung berichten.","breadcrumb":{"@id":"https:\/\/maviesanstabac.lu\/de\/erfahrungsberichte-2\/#breadcrumb"},"inLanguage":"de","potentialAction":[{"@type":"ReadAction","target":["https:\/\/maviesanstabac.lu\/de\/erfahrungsberichte-2\/"]}]},{"@type":"ImageObject","inLanguage":"de","@id":"https:\/\/maviesanstabac.lu\/de\/erfahrungsberichte-2\/#primaryimage","url":"https:\/\/maviesanstabac.lu\/wp-content\/uploads\/2017\/06\/FondationCancer.jpg","contentUrl":"https:\/\/maviesanstabac.lu\/wp-content\/uploads\/2017\/06\/FondationCancer.jpg","width":991,"height":1200},{"@type":"BreadcrumbList","@id":"https:\/\/maviesanstabac.lu\/de\/erfahrungsberichte-2\/#breadcrumb","itemListElement":[{"@type":"ListItem","position":1,"name":"Accueil","item":"https:\/\/maviesanstabac.lu\/de\/"},{"@type":"ListItem","position":2,"name":"L\u00e9a, Alex, Philippe und Dejan haben mit dem Rauchen aufgeh\u00f6rt. Auch Sie k\u00f6nnen es schaffen!"}]},{"@type":"WebSite","@id":"https:\/\/maviesanstabac.lu\/de\/#website","url":"https:\/\/maviesanstabac.lu\/de\/","name":"ma vie sans tabac","description":"Sans tabac pour une vie plus saine","potentialAction":[{"@type":"SearchAction","target":{"@type":"EntryPoint","urlTemplate":"https:\/\/maviesanstabac.lu\/de\/?s={search_term_string}"},"query-input":{"@type":"PropertyValueSpecification","valueRequired":true,"valueName":"search_term_string"}}],"inLanguage":"de"}]}},"_links":{"self":[{"href":"https:\/\/maviesanstabac.lu\/de\/wp-json\/wp\/v2\/pages\/9399","targetHints":{"allow":["GET"]}}],"collection":[{"href":"https:\/\/maviesanstabac.lu\/de\/wp-json\/wp\/v2\/pages"}],"about":[{"href":"https:\/\/maviesanstabac.lu\/de\/wp-json\/wp\/v2\/types\/page"}],"author":[{"embeddable":true,"href":"https:\/\/maviesanstabac.lu\/de\/wp-json\/wp\/v2\/users\/1"}],"replies":[{"embeddable":true,"href":"https:\/\/maviesanstabac.lu\/de\/wp-json\/wp\/v2\/comments?post=9399"}],"version-history":[{"count":10,"href":"https:\/\/maviesanstabac.lu\/de\/wp-json\/wp\/v2\/pages\/9399\/revisions"}],"predecessor-version":[{"id":11225,"href":"https:\/\/maviesanstabac.lu\/de\/wp-json\/wp\/v2\/pages\/9399\/revisions\/11225"}],"wp:featuredmedia":[{"embeddable":true,"href":"https:\/\/maviesanstabac.lu\/de\/wp-json\/wp\/v2\/media\/3368"}],"wp:attachment":[{"href":"https:\/\/maviesanstabac.lu\/de\/wp-json\/wp\/v2\/media?parent=9399"}],"curies":[{"name":"wp","href":"https:\/\/api.w.org\/{rel}","templated":true}]}}