{"id":9751,"date":"2020-09-17T13:58:31","date_gmt":"2020-09-17T11:58:31","guid":{"rendered":"https:\/\/www.maviesanstabac.lu\/?page_id=9751"},"modified":"2023-09-04T09:11:05","modified_gmt":"2023-09-04T07:11:05","slug":"unsere-forderungen","status":"publish","type":"page","link":"https:\/\/maviesanstabac.lu\/de\/unsere-forderungen\/","title":{"rendered":"Unsere Forderungen"},"content":{"rendered":"<div class=\"wpb-content-wrapper\"><p>[vc_row type=&#8221;vc_default&#8221; content_placement=&#8221;middle&#8221; margin_top=&#8221;-50&#8243; bg_type=&#8221;image&#8221; parallax_style=&#8221;vcpb-default&#8221; bg_image_new=&#8221;id^9724|url^https:\/\/www.maviesanstabac.lu\/wp-content\/uploads\/2020\/09\/head_int_nos-revendications.png|caption^null|alt^null|title^head_int_nos-revendications|description^null&#8221; bg_override=&#8221;ex-full&#8221; enable_overlay=&#8221;enable_overlay_value&#8221; overlay_pattern=&#8221;transperant&#8221; overlay_pattern_opacity=&#8221;100&#8243; overlay_pattern_size=&#8221;200&#8243; css=&#8221;.vc_custom_1600326801348{padding-top: 3% !important;padding-bottom: 0px !important;}&#8221; el_class=&#8221;internal-header&#8221;][vc_column][vc_row_inner][vc_column_inner][\/vc_column_inner][\/vc_row_inner][\/vc_column][\/vc_row][vc_row][vc_column css=&#8221;.vc_custom_1540631490734{padding-right: 40px !important;padding-left: 40px !important;}&#8221;]<div id=\"ultimate-heading-478469ded2ae05fc5\" class=\"uvc-heading ult-adjust-bottom-margin ultimate-heading-478469ded2ae05fc5 uvc-8236  uvc-heading-default-font-sizes\" data-hspacer=\"line_only\"  data-halign=\"center\" style=\"text-align:center\"><div class=\"uvc-main-heading ult-responsive\"  data-ultimate-target='.uvc-heading.ultimate-heading-478469ded2ae05fc5 h2'  data-responsive-json-new='{\"font-size\":\"\",\"line-height\":\"\"}' ><h2 style=\"font-weight:bold;margin-bottom:7px;\">Unsere Forderungen<\/h2><\/div><div class=\"uvc-heading-spacer line_only\" style=\"margin-top:15px;margin-bottom:25px;height:3px;\"><span class=\"uvc-headings-line\" style=\"border-style:solid;border-bottom-width:3px;border-color:#f20738;width:300px;\"><\/span><\/div><\/div>[vc_empty_space][vc_column_text]<\/p>\n<h4 style=\"text-align: center;\"><span style=\"color: #f20738;\">Die Fondation Cancer setzt sich f\u00fcr eine tabakfreie Generation ein<\/span><\/h4>\n<p>[\/vc_column_text][vc_empty_space][vc_single_image image=&#8221;9797&#8243; img_size=&#8221;200&#215;200&#8243; alignment=&#8221;center&#8221;][vc_row_inner][vc_column_inner width=&#8221;1\/4&#8243;][vc_empty_space][\/vc_column_inner][vc_column_inner width=&#8221;1\/2&#8243;][vc_column_text css=&#8221;.vc_custom_1693811462181{padding-right: 0px !important;padding-bottom: 20px !important;padding-left: 0px !important;}&#8221;]Die Fondation Cancer fordert die politischen Parteien auf, ihren Diskurs \u00fcber Rauchen, ein Problem der \u00f6ffentlichen Gesundheit, zu erweitern und die Ziele der Strategie <a href=\"https:\/\/www.generationsanstabac.lu\/de\" target=\"_blank\" rel=\"noopener\">\u201eG\u00e9n\u00e9ration Sans Tabac\u201c<\/a> in das Programm ihrer Partei zu integrieren, um:<\/p>\n<ul>\n<li><span class=\"jCAhz ChMk0b\"><span class=\"ryNqvb\">den Kindern und Jugendlichen von heute zu erm\u00f6glichen, in einer tabakfreien Umgebung aufzuwachsen und bis 2040 zur ersten tabakfreien Generation zu werden;<\/span><\/span><\/li>\n<li><span class=\"jCAhz ChMk0b\"><span class=\"ryNqvb\">die Bev\u00f6lkerung nicht dem Rauchen auszusetzen;<\/span><\/span><\/li>\n<li><span class=\"jCAhz ChMk0b\"><span class=\"ryNqvb\">bis 2040 weniger als 5 %\u00a0 Raucher zu erreichen<\/span><\/span><\/li>\n<\/ul>\n<p>[\/vc_column_text][vc_column_text css=&#8221;.vc_custom_1693810372578{padding-right: 0px !important;padding-bottom: 20px !important;padding-left: 0px !important;}&#8221;]<strong>Die Fondation Cancer schl\u00e4gt Alarm<br \/>\n<\/strong><br \/>\nDamit unsere Kinder in einer Welt ohne Tabak aufwachsen k\u00f6nnen und Jugendliche erst gar nicht mit dem Rauchen beginnen, besteht dringender Handlungsbedarf:<\/p>\n<ol>\n<li>Ab 2024 j\u00e4hrlich signifikante Erh\u00f6hungen des Preises f\u00fcr Tabak und verwandte Produkte um mindestens 10 %<\/li>\n<li>Angleichung von Steuern und Verbrauchssteuern auf alle Tabakwaren und verwandte Produkte wie E-Zigaretten und alle Produkte, die Nikotin enthalten<\/li>\n<li>Rauchverbot im Auto in Gegenwart von Minderj\u00e4hrigen<\/li>\n<li>Rauchverbot in Fahrzeugen in Gegenwart von nicht rauchenden Personen (gilt auch f\u00fcr von mehreren Personen genutzte Dienstfahrzeugen)<\/li>\n<li>Verbot der sichtbaren Pr\u00e4sentation von Tabakerzeugnissen und verwandten Produkten an den Verkaufsstellen<\/li>\n<li>Generelles Verbot von Marketing, Werbung und Verkaufsf\u00f6rderung, auch an den Verkaufsstellen<\/li>\n<li>Abschaffung von Zigarettenautomaten<br \/>\n&#8211; im \u00f6ffentlichen Raum und<br \/>\n&#8211; im halb-\u00f6ffentlichen Raum (Restaurants, Caf\u00e9s)<\/li>\n<li>Einf\u00fchrung eines Lizenzsystems f\u00fcr den Verkauf von Tabakwaren<\/li>\n<li>Einf\u00fchrung eines gesetzlichen Rauchverbots am Arbeitsplatz<\/li>\n<li>Rauchverbot an offenen und geschlossenen Sportst\u00e4tten<\/li>\n<li>Rauchverbot in den gemeinschaftlich genutzten Bereichen von Gemeinschaftseigentum<\/li>\n<li>Unterst\u00fctzung beim Rauchstopp f\u00fcr alle Patienten (entsprechende Begleitung f\u00fcr jede Person, die im Krankenhaus behandelt wird)<\/li>\n<\/ol>\n<p>[\/vc_column_text][\/vc_column_inner][vc_column_inner width=&#8221;1\/4&#8243;][\/vc_column_inner][\/vc_row_inner][\/vc_column][\/vc_row][vc_row][vc_column][\/vc_column][\/vc_row][vc_row][vc_column][\/vc_column][\/vc_row][vc_row][vc_column][\/vc_column][\/vc_row]<\/p>\n<\/div>","protected":false},"excerpt":{"rendered":"<p>[vc_row type=&#8221;vc_default&#8221; content_placement=&#8221;middle&#8221; margin_top=&#8221;-50&#8243; bg_type=&#8221;image&#8221; parallax_style=&#8221;vcpb-default&#8221; bg_image_new=&#8221;id^9724|url^https:\/\/www.maviesanstabac.lu\/wp-content\/uploads\/2020\/09\/head_int_nos-revendications.png|caption^null|alt^null|title^head_int_nos-revendications|description^null&#8221; bg_override=&#8221;ex-full&#8221; enable_overlay=&#8221;enable_overlay_value&#8221; overlay_pattern=&#8221;transperant&#8221; overlay_pattern_opacity=&#8221;100&#8243; overlay_pattern_size=&#8221;200&#8243; css=&#8221;.vc_custom_1600326801348{padding-top: 3% !important;padding-bottom: 0px !important;}&#8221; el_class=&#8221;internal-header&#8221;][vc_column][vc_row_inner][vc_column_inner][\/vc_column_inner][\/vc_row_inner][\/vc_column][\/vc_row][vc_row][vc_column css=&#8221;.vc_custom_1540631490734{padding-right: 40px !important;padding-left: 40px !important;}&#8221;][vc_empty_space][vc_column_text] Die Fondation Cancer setzt sich f\u00fcr eine tabakfreie Generation ein [\/vc_column_text][vc_empty_space][vc_single_image image=&#8221;9797&#8243; img_size=&#8221;200&#215;200&#8243; alignment=&#8221;center&#8221;][vc_row_inner][vc_column_inner width=&#8221;1\/4&#8243;][vc_empty_space][\/vc_column_inner][vc_column_inner width=&#8221;1\/2&#8243;][vc_column_text css=&#8221;.vc_custom_1693811462181{padding-right: 0px !important;padding-bottom: 20px !important;padding-left: 0px !important;}&#8221;]Die Fondation Cancer fordert die politischen Parteien auf, ihren Diskurs&hellip;<\/p>\n","protected":false},"author":1,"featured_media":3368,"parent":0,"menu_order":0,"comment_status":"closed","ping_status":"closed","template":"","meta":{"footnotes":""},"class_list":["post-9751","page","type-page","status-publish","has-post-thumbnail","hentry","description-off"],"yoast_head":"<!-- This site is optimized with the Yoast SEO plugin v27.0 - https:\/\/yoast.com\/product\/yoast-seo-wordpress\/ -->\n<title>Unsere Forderungen - ma vie sans tabac<\/title>\n<meta name=\"description\" content=\"In den letzten Jahren\u00a0ist die Zahl der Raucher in uxemburg wieder angestiegen und scheint nicht an Schwung zu verlieren. Angesichts der Unt\u00e4tigkeit der \u00f6ffentlichen Beh\u00f6rden bleibt der Fondation Cancer nichts anderes \u00fcbrig als\u00a04 Forderungen\u00a0zu stellen:\" \/>\n<meta name=\"robots\" content=\"index, follow, max-snippet:-1, max-image-preview:large, max-video-preview:-1\" \/>\n<link rel=\"canonical\" href=\"https:\/\/maviesanstabac.lu\/de\/unsere-forderungen\/\" \/>\n<meta property=\"og:locale\" content=\"de_DE\" \/>\n<meta property=\"og:type\" content=\"article\" \/>\n<meta property=\"og:title\" content=\"Unsere Forderungen - ma vie sans tabac\" \/>\n<meta property=\"og:description\" content=\"In den letzten Jahren\u00a0ist die Zahl der Raucher in uxemburg wieder angestiegen und scheint nicht an Schwung zu verlieren. Angesichts der Unt\u00e4tigkeit der \u00f6ffentlichen Beh\u00f6rden bleibt der Fondation Cancer nichts anderes \u00fcbrig als\u00a04 Forderungen\u00a0zu stellen:\" \/>\n<meta property=\"og:url\" content=\"https:\/\/maviesanstabac.lu\/de\/unsere-forderungen\/\" \/>\n<meta property=\"og:site_name\" content=\"ma vie sans tabac\" \/>\n<meta property=\"article:modified_time\" content=\"2023-09-04T07:11:05+00:00\" \/>\n<meta property=\"og:image\" content=\"https:\/\/maviesanstabac.lu\/wp-content\/uploads\/2020\/09\/head_int_nos-revendications.png\" \/>\n\t<meta property=\"og:image:width\" content=\"2560\" \/>\n\t<meta property=\"og:image:height\" content=\"1000\" \/>\n\t<meta property=\"og:image:type\" content=\"image\/png\" \/>\n<meta name=\"twitter:card\" content=\"summary_large_image\" \/>\n<meta name=\"twitter:label1\" content=\"Gesch\u00e4tzte Lesezeit\" \/>\n\t<meta name=\"twitter:data1\" content=\"2\u00a0Minuten\" \/>\n<script type=\"application\/ld+json\" class=\"yoast-schema-graph\">{\"@context\":\"https:\/\/schema.org\",\"@graph\":[{\"@type\":\"WebPage\",\"@id\":\"https:\/\/maviesanstabac.lu\/de\/unsere-forderungen\/\",\"url\":\"https:\/\/maviesanstabac.lu\/de\/unsere-forderungen\/\",\"name\":\"Unsere Forderungen - ma vie sans tabac\",\"isPartOf\":{\"@id\":\"https:\/\/maviesanstabac.lu\/de\/#website\"},\"primaryImageOfPage\":{\"@id\":\"https:\/\/maviesanstabac.lu\/de\/unsere-forderungen\/#primaryimage\"},\"image\":{\"@id\":\"https:\/\/maviesanstabac.lu\/de\/unsere-forderungen\/#primaryimage\"},\"thumbnailUrl\":\"https:\/\/maviesanstabac.lu\/wp-content\/uploads\/2017\/06\/FondationCancer.jpg\",\"datePublished\":\"2020-09-17T11:58:31+00:00\",\"dateModified\":\"2023-09-04T07:11:05+00:00\",\"description\":\"In den letzten Jahren\u00a0ist die Zahl der Raucher in uxemburg wieder angestiegen und scheint nicht an Schwung zu verlieren. Angesichts der Unt\u00e4tigkeit der \u00f6ffentlichen Beh\u00f6rden bleibt der Fondation Cancer nichts anderes \u00fcbrig als\u00a04 Forderungen\u00a0zu stellen:\",\"breadcrumb\":{\"@id\":\"https:\/\/maviesanstabac.lu\/de\/unsere-forderungen\/#breadcrumb\"},\"inLanguage\":\"de\",\"potentialAction\":[{\"@type\":\"ReadAction\",\"target\":[\"https:\/\/maviesanstabac.lu\/de\/unsere-forderungen\/\"]}]},{\"@type\":\"ImageObject\",\"inLanguage\":\"de\",\"@id\":\"https:\/\/maviesanstabac.lu\/de\/unsere-forderungen\/#primaryimage\",\"url\":\"https:\/\/maviesanstabac.lu\/wp-content\/uploads\/2017\/06\/FondationCancer.jpg\",\"contentUrl\":\"https:\/\/maviesanstabac.lu\/wp-content\/uploads\/2017\/06\/FondationCancer.jpg\",\"width\":991,\"height\":1200},{\"@type\":\"BreadcrumbList\",\"@id\":\"https:\/\/maviesanstabac.lu\/de\/unsere-forderungen\/#breadcrumb\",\"itemListElement\":[{\"@type\":\"ListItem\",\"position\":1,\"name\":\"Accueil\",\"item\":\"https:\/\/maviesanstabac.lu\/de\/\"},{\"@type\":\"ListItem\",\"position\":2,\"name\":\"Unsere Forderungen\"}]},{\"@type\":\"WebSite\",\"@id\":\"https:\/\/maviesanstabac.lu\/de\/#website\",\"url\":\"https:\/\/maviesanstabac.lu\/de\/\",\"name\":\"ma vie sans tabac\",\"description\":\"Sans tabac pour une vie plus saine\",\"potentialAction\":[{\"@type\":\"SearchAction\",\"target\":{\"@type\":\"EntryPoint\",\"urlTemplate\":\"https:\/\/maviesanstabac.lu\/de\/?s={search_term_string}\"},\"query-input\":{\"@type\":\"PropertyValueSpecification\",\"valueRequired\":true,\"valueName\":\"search_term_string\"}}],\"inLanguage\":\"de\"}]}<\/script>\n<!-- \/ Yoast SEO plugin. -->","yoast_head_json":{"title":"Unsere Forderungen - ma vie sans tabac","description":"In den letzten Jahren\u00a0ist die Zahl der Raucher in uxemburg wieder angestiegen und scheint nicht an Schwung zu verlieren. Angesichts der Unt\u00e4tigkeit der \u00f6ffentlichen Beh\u00f6rden bleibt der Fondation Cancer nichts anderes \u00fcbrig als\u00a04 Forderungen\u00a0zu stellen:","robots":{"index":"index","follow":"follow","max-snippet":"max-snippet:-1","max-image-preview":"max-image-preview:large","max-video-preview":"max-video-preview:-1"},"canonical":"https:\/\/maviesanstabac.lu\/de\/unsere-forderungen\/","og_locale":"de_DE","og_type":"article","og_title":"Unsere Forderungen - ma vie sans tabac","og_description":"In den letzten Jahren\u00a0ist die Zahl der Raucher in uxemburg wieder angestiegen und scheint nicht an Schwung zu verlieren. Angesichts der Unt\u00e4tigkeit der \u00f6ffentlichen Beh\u00f6rden bleibt der Fondation Cancer nichts anderes \u00fcbrig als\u00a04 Forderungen\u00a0zu stellen:","og_url":"https:\/\/maviesanstabac.lu\/de\/unsere-forderungen\/","og_site_name":"ma vie sans tabac","article_modified_time":"2023-09-04T07:11:05+00:00","og_image":[{"width":2560,"height":1000,"url":"https:\/\/maviesanstabac.lu\/wp-content\/uploads\/2020\/09\/head_int_nos-revendications.png","type":"image\/png"}],"twitter_card":"summary_large_image","twitter_misc":{"Gesch\u00e4tzte Lesezeit":"2\u00a0Minuten"},"schema":{"@context":"https:\/\/schema.org","@graph":[{"@type":"WebPage","@id":"https:\/\/maviesanstabac.lu\/de\/unsere-forderungen\/","url":"https:\/\/maviesanstabac.lu\/de\/unsere-forderungen\/","name":"Unsere Forderungen - ma vie sans tabac","isPartOf":{"@id":"https:\/\/maviesanstabac.lu\/de\/#website"},"primaryImageOfPage":{"@id":"https:\/\/maviesanstabac.lu\/de\/unsere-forderungen\/#primaryimage"},"image":{"@id":"https:\/\/maviesanstabac.lu\/de\/unsere-forderungen\/#primaryimage"},"thumbnailUrl":"https:\/\/maviesanstabac.lu\/wp-content\/uploads\/2017\/06\/FondationCancer.jpg","datePublished":"2020-09-17T11:58:31+00:00","dateModified":"2023-09-04T07:11:05+00:00","description":"In den letzten Jahren\u00a0ist die Zahl der Raucher in uxemburg wieder angestiegen und scheint nicht an Schwung zu verlieren. Angesichts der Unt\u00e4tigkeit der \u00f6ffentlichen Beh\u00f6rden bleibt der Fondation Cancer nichts anderes \u00fcbrig als\u00a04 Forderungen\u00a0zu stellen:","breadcrumb":{"@id":"https:\/\/maviesanstabac.lu\/de\/unsere-forderungen\/#breadcrumb"},"inLanguage":"de","potentialAction":[{"@type":"ReadAction","target":["https:\/\/maviesanstabac.lu\/de\/unsere-forderungen\/"]}]},{"@type":"ImageObject","inLanguage":"de","@id":"https:\/\/maviesanstabac.lu\/de\/unsere-forderungen\/#primaryimage","url":"https:\/\/maviesanstabac.lu\/wp-content\/uploads\/2017\/06\/FondationCancer.jpg","contentUrl":"https:\/\/maviesanstabac.lu\/wp-content\/uploads\/2017\/06\/FondationCancer.jpg","width":991,"height":1200},{"@type":"BreadcrumbList","@id":"https:\/\/maviesanstabac.lu\/de\/unsere-forderungen\/#breadcrumb","itemListElement":[{"@type":"ListItem","position":1,"name":"Accueil","item":"https:\/\/maviesanstabac.lu\/de\/"},{"@type":"ListItem","position":2,"name":"Unsere Forderungen"}]},{"@type":"WebSite","@id":"https:\/\/maviesanstabac.lu\/de\/#website","url":"https:\/\/maviesanstabac.lu\/de\/","name":"ma vie sans tabac","description":"Sans tabac pour une vie plus saine","potentialAction":[{"@type":"SearchAction","target":{"@type":"EntryPoint","urlTemplate":"https:\/\/maviesanstabac.lu\/de\/?s={search_term_string}"},"query-input":{"@type":"PropertyValueSpecification","valueRequired":true,"valueName":"search_term_string"}}],"inLanguage":"de"}]}},"_links":{"self":[{"href":"https:\/\/maviesanstabac.lu\/de\/wp-json\/wp\/v2\/pages\/9751","targetHints":{"allow":["GET"]}}],"collection":[{"href":"https:\/\/maviesanstabac.lu\/de\/wp-json\/wp\/v2\/pages"}],"about":[{"href":"https:\/\/maviesanstabac.lu\/de\/wp-json\/wp\/v2\/types\/page"}],"author":[{"embeddable":true,"href":"https:\/\/maviesanstabac.lu\/de\/wp-json\/wp\/v2\/users\/1"}],"replies":[{"embeddable":true,"href":"https:\/\/maviesanstabac.lu\/de\/wp-json\/wp\/v2\/comments?post=9751"}],"version-history":[{"count":24,"href":"https:\/\/maviesanstabac.lu\/de\/wp-json\/wp\/v2\/pages\/9751\/revisions"}],"predecessor-version":[{"id":12457,"href":"https:\/\/maviesanstabac.lu\/de\/wp-json\/wp\/v2\/pages\/9751\/revisions\/12457"}],"wp:featuredmedia":[{"embeddable":true,"href":"https:\/\/maviesanstabac.lu\/de\/wp-json\/wp\/v2\/media\/3368"}],"wp:attachment":[{"href":"https:\/\/maviesanstabac.lu\/de\/wp-json\/wp\/v2\/media?parent=9751"}],"curies":[{"name":"wp","href":"https:\/\/api.w.org\/{rel}","templated":true}]}}